{"id":4913,"date":"2021-07-09T12:37:18","date_gmt":"2021-07-09T10:37:18","guid":{"rendered":"https:\/\/semmelweis.hu\/mental\/?page_id=4913"},"modified":"2024-10-07T11:41:50","modified_gmt":"2024-10-07T09:41:50","slug":"horvathne-varga-erika","status":"publish","type":"page","link":"https:\/\/semmelweis.hu\/mental\/az-intezet\/munkatarsak\/horvathne-varga-erika\/","title":{"rendered":"Horv\u00e1thn\u00e9 Varga Erika"},"content":{"rendered":"<div id=\"GroupWiseSection_1625808959000_varga.erika4@public.semmelweis-univ.hu_DD4F70010F490000B4706F6437396132_\" class=\"GroupWiseMessageBody active\">\n<div>\u00a0<\/div>\n<div>\n<table style=\"border: 1px solid #dfe3e6;width: 753.32px;text-align: left;color: #1e2326;text-transform: none;letter-spacing: normal;font-family: 'PT serif', serif;font-size: 18px;font-style: normal;font-weight: 400;margin-bottom: 1rem;border-collapse: collapse;background-color: #ffffff\" border=\"0\" width=\"100%\" cellspacing=\"5\" cellpadding=\"5\">\n<tbody>\n<tr>\n<td>\n<p><strong>Beoszt\u00e1s<\/strong><\/p>\n<\/td>\n<td>\n<p>adminisztrat\u00edv asszisztens, oktat\u00e1sszervez\u0151<\/p>\n<\/td>\n<\/tr>\n<tr>\n<td><strong>Egyetemi mell\u00e9k:<\/strong><\/td>\n<td>+36 1 459-1500 \/ <strong>56523<\/strong><\/td>\n<\/tr>\n<tr>\n<td><strong>E-mail:<\/strong><\/td>\n<td class=\"propvalue\">varga.erika4@semmelweis.hu<\/td>\n<\/tr>\n<\/tbody>\n<\/table>\n<\/div>\n<\/div>\n","protected":false},"excerpt":{"rendered":"<p>\u00a0<\/p>\n<p>Beoszt\u00e1s<\/p>\n<p>adminisztrat\u00edv asszisztens, oktat\u00e1sszervez\u0151<\/p>\n<p>Egyetemi mell\u00e9k:<br \/>\n+36 1 459-1500 \/ 56523<\/p>\n<p>E-mail:<br \/>\nvarga.erika4@semmelweis.hu<\/p>\n","protected":false},"author":101898,"featured_media":0,"parent":19,"menu_order":0,"comment_status":"closed","ping_status":"closed","template":"","meta":{"_acf_changed":false,"footnotes":""},"categories":[],"tags":[],"class_list":["post-4913","page","type-page","status-publish","hentry"],"acf":[],"_links":{"self":[{"href":"https:\/\/semmelweis.hu\/mental\/wp-json\/wp\/v2\/pages\/4913","targetHints":{"allow":["GET"]}}],"collection":[{"href":"https:\/\/semmelweis.hu\/mental\/wp-json\/wp\/v2\/pages"}],"about":[{"href":"https:\/\/semmelweis.hu\/mental\/wp-json\/wp\/v2\/types\/page"}],"author":[{"embeddable":true,"href":"https:\/\/semmelweis.hu\/mental\/wp-json\/wp\/v2\/users\/101898"}],"replies":[{"embeddable":true,"href":"https:\/\/semmelweis.hu\/mental\/wp-json\/wp\/v2\/comments?post=4913"}],"version-history":[{"count":7,"href":"https:\/\/semmelweis.hu\/mental\/wp-json\/wp\/v2\/pages\/4913\/revisions"}],"predecessor-version":[{"id":6453,"href":"https:\/\/semmelweis.hu\/mental\/wp-json\/wp\/v2\/pages\/4913\/revisions\/6453"}],"up":[{"embeddable":true,"href":"https:\/\/semmelweis.hu\/mental\/wp-json\/wp\/v2\/pages\/19"}],"wp:attachment":[{"href":"https:\/\/semmelweis.hu\/mental\/wp-json\/wp\/v2\/media?parent=4913"}],"wp:term":[{"taxonomy":"category","embeddable":true,"href":"https:\/\/semmelweis.hu\/mental\/wp-json\/wp\/v2\/categories?post=4913"},{"taxonomy":"post_tag","embeddable":true,"href":"https:\/\/semmelweis.hu\/mental\/wp-json\/wp\/v2\/tags?post=4913"}],"curies":[{"name":"wp","href":"https:\/\/api.w.org\/{rel}","templated":true}]}}