{"id":4904,"date":"2021-07-05T23:29:53","date_gmt":"2021-07-05T21:29:53","guid":{"rendered":"https:\/\/semmelweis.hu\/mental\/?page_id=4904"},"modified":"2025-11-20T16:49:10","modified_gmt":"2025-11-20T15:49:10","slug":"legfontosabb-publikaciok","status":"publish","type":"page","link":"https:\/\/semmelweis.hu\/mental\/kutatas-fejlesztes\/legfontosabb-publikaciok\/","title":{"rendered":"Legfontosabb publik\u00e1ci\u00f3k"},"content":{"rendered":"<p><strong>V\u00e1logat\u00e1s az Int\u00e9zet munkat\u00e1rsainak \u00e9s szerz\u0151t\u00e1rsaiknak legfontosabb Q1-Q4 foly\u00f3irat publik\u00e1ci\u00f3ib\u00f3l <\/strong><\/p>\n<p><strong>(2016-2024)<\/strong><\/p>\n<p>Albert, F., David, B., Hajdu, G., &amp; Huszti, \u00c9. (2020). Egocentric Contact Networks of Older Adults: Featuring Quantity, Strength and Function of Ties [Article]. Sociological Quarterly. <a href=\"https:\/\/doi.org\/10.1080\/00380253.2020.1787111\" target=\"_blank\" rel=\"noopener\">https:\/\/doi.org\/10.1080\/00380253.2020.1787111<\/a><\/p>\n<p>Albert, F., D\u00e1vid, B., Kmetty, Z., Krist\u00f3f, L., R\u00f3bert, P., &amp; Szab\u00f3, A. (2018). Mapping the post-communist class structure findings from a new multidimensional Hungarian class survey [Article]. East European Politics and Societies, 32(3), 544-565. <a href=\"https:\/\/doi.org\/10.1177\/0888325417739954\" target=\"_blank\" rel=\"noopener\">https:\/\/doi.org\/10.1177\/0888325417739954<\/a><\/p>\n<p>Albert, F., &amp; Hajdu, G. (2020). Association between poverty indicators and social relations [Article]. Journal of Poverty and Social Justice, 28(3), 401-423. <a href=\"https:\/\/doi.org\/10.1332\/175982720X15966472176159\" target=\"_blank\" rel=\"noopener\">https:\/\/doi.org\/10.1332\/175982720X15966472176159<\/a><\/p>\n<p>Albert, F., Koltai, J., &amp; David, B. (2021). The increasing importance of friends: Changes in core discussion network composition in post-communist Hungary between 1997 \u2013 2015 [Article]. Social Networks, 66, 139-145. <a href=\"https:\/\/doi.org\/10.1016\/j.socnet.2021.02.005\" target=\"_blank\" rel=\"noopener\">https:\/\/doi.org\/10.1016\/j.socnet.2021.02.005<\/a><\/p>\n<p>Assabiny, A., Otohal, J., Ocsovszky, Zs., Nagy, A. F., Papp-Zipernovszky, O., D\u00e9nes, F., Becker, D., Merkely, B., Pethesn\u00e9 D\u00e1vid, B., Sax, B. (2024). Feln\u0151tt sz\u00edvtranszplant\u00e1lt betegeket c\u00e9lz\u00f3 sorst\u00e1rsi mentorprogramok. ORVOSI HETILAP, 165(10), 379-384. <a href=\"https:\/\/doi.org\/10.1556\/650.2024.32977\" target=\"_blank\" rel=\"noopener\">https:\/\/doi.org\/10.1556\/650.2024.32977<\/a><\/p>\n<p>Bagyura, M., Leleszi-Tr\u00f3bert AM., Sz\u00e9man Zs. (2023). A gondoz\u00e1s hat\u00e1sa a csal\u00e1di gondoz\u00f3k \u00e9rzelmi j\u00f3ll\u00e9t\u00e9re \u00e9s eg\u00e9szs\u00e9g\u00e9re: \u00c1llapotfelm\u00e9r\u00e9s a COPE Index alapj\u00e1n. ORVOSI HETILAP, 164 (40), 1583-1591. <a href=\"https:\/\/doi.org\/10.1556\/650.2023.32863\" target=\"_blank\" rel=\"noopener\">https:\/\/doi.org\/10.1556\/650.2023.32863<\/a><\/p>\n<p>Beny\u00f3, Z., Clementi, E., Cremers, S., D\u00e1vid, B., Guzik, T., Heusch, G., Jarvis, M., Orhan, K., Seifert, R., T\u00edm\u00e1r, J., Ungvari, Z., Ferdinandy, P. (2024). Scientific integrity in the era of predatory journals: Insights from an editors in chief symposium. BRITISH JOURNAL OF PHARMACOLOGY, 181(15), 2387-2390. <a href=\"https:\/\/doi.org\/10.1111\/bph.16480\" target=\"_blank\" rel=\"noopener\">https:\/\/doi.org\/10.1111\/bph.16480<\/a>.<\/p>\n<p>B\u00f3n\u00e9, V. (2018). Grandparenting: Created by evolution revised by history: Still in use today [Article]. European Journal of Mental Health, 13(1), 82-105. https:\/\/doi.org\/10.5708\/EJMH.13.2018.1.7<\/p>\n<p>Brys, Z., Albert, F., P\u00e9nzes, M. (2022). A COVID\u201319 elleni olt\u00f3anyagot elutas\u00edt\u00f3k az akt\u00edv kor\u00fa feln\u0151tt magyar lakoss\u00e1g k\u00f6r\u00e9ben 2021 december\u00e9ben. ORVOSI HETILAP, 163(29), 1135-1143. https:\/\/doi.org\/10.1556\/650.2022.32531<\/p>\n<p>Danis, I., Bone, V., Hegedus, R., Pilinszki, A., Szabo, T., &amp; David, B. (2020). INFANCY IN 21ST CENTURY HUNGARY &#8211; A PROJECT INTRODUCTION Policy, Theoretical and Methodological Framework and Objectives of the First National Representative Parent Survey on Infant and Early Childhood Mental Health [Article]. European Journal of Mental Health, 15(2), 111-144. <a href=\"https:\/\/doi.org\/10.5708\/ejmh.15.2020.2.3\" target=\"_blank\" rel=\"noopener\">https:\/\/doi.org\/10.5708\/ejmh.15.2020.2.3<\/a><\/p>\n<p>D\u00e1vid, B., Huszti, E., Barna, I., &amp; Fu, Y. C. (2016). Egocentric contact networks in comparison: Taiwan and Hungary [Article]. Social Networks, 44, 253-265. https:\/\/doi.org\/10.1016\/j.socnet.2015.10.001<\/p>\n<p>D\u00e1vid, B. (2022). Foreword from the Editor-in-Chief An issue dedicated to COVID-19 research in Europe and beyond in the renewed European Journal of Mental Health. EUROPEAN JOURNAL OF MENTAL HEALTH, 17(2), 7-8. <a href=\"https:\/\/doi.org\/10.5708\/EJMH.17.2022.2.2\" target=\"_blank\" rel=\"noopener\">https:\/\/doi.org\/10.5708\/EJMH.17.2022.2.2<\/a><\/p>\n<p>Dupont, K., Gervai, J., Danis, I., T\u00f3th, I., Koren, R., T\u00f6r\u00f6k, Sz. (2022) Factor Structure, Psychometric Properties, and Validation of the Hungarian Version of the Experiences in Close Relationships Revised (ECR-R-HU) Questionnaire in a Nationally Representative Community Sample. Journal of Personality Assessment, 104(6), 747-758. <a href=\"https:\/\/doi.org\/10.1080\/00223891.2021.2019054\" target=\"_blank\" rel=\"noopener\">https:\/\/doi.org\/10.1080\/00223891.2021.2019054<\/a><\/p>\n<p>Dupont, K., Gervai, J., T\u00f3th, I., T\u00f6r\u00f6k, Sz., Danis, I. (2024). Development and Validation of the Hungarian Short ECR-R in a Large Nationally Representative Study and a Large Community Study of Mothers Raising Young Children. European Journal of Mental Health,19, e0027. 1-21. <a href=\"https:\/\/doi.org\/10.5708\/EJMH.19.2024.0027\" target=\"_blank\" rel=\"noopener\">https:\/\/doi.org\/10.5708\/EJMH.19.2024.0027<\/a><\/p>\n<p>Gubucz-P\u00e1lfalvi, S., Kurimay, T., Danis, I. (2023). Az \u00e1rtalmas gyermekkori \u00e9lm\u00e9nyek \u00e9s a feln\u0151ttkori alkoholf\u00fcgg\u0151s\u00e9g k\u00f6z\u00f6tti \u00f6sszef\u00fcgg\u00e9sek. Orvosi Hetilap, 164(41), 1628\u20131636. <a href=\"https:\/\/doi.org\/10.1556\/650.2023.32865\" target=\"_blank\" rel=\"noopener\">https:\/\/doi.org\/10.1556\/650.2023.32865<\/a><\/p>\n<p>Gubucz-P\u00e1lfalvi, S., Kurimay, T., Danis, I. (2024). Szenved\u00e9lybetegek traumainform\u00e1lt ell\u00e1t\u00e1sa : Indokolts\u00e1g, elm\u00e9leti h\u00e1tt\u00e9r \u00e9s nemzetk\u00f6zi kitekint\u00e9s. Orvosi Hetilap, 165(50): 1975-1984. <a href=\"https:\/\/doi.org\/10.1556\/650.2024.33188\" target=\"_blank\" rel=\"noopener\">https:\/\/doi.org\/10.1556\/650.2024.33188<\/a><\/p>\n<p>Gul\u00e1csi, \u00c1., Scheuring, N., Stadler, J., Siba, M., Danis, I. (2023). A szenzoros \u00e9telelutas\u00edt\u00e1s a kora gyermekkori ev\u00e9szavarok korszer\u0171 megk\u00f6zel\u00edt\u00e9s\u00e9nek t\u00fckr\u00e9ben. Orvosi Hetilap, 164(45), 1767\u20131777. <a href=\"https:\/\/doi.org\/10.1556\/650.2023.32872\" target=\"_blank\" rel=\"noopener\">https:\/\/doi.org\/10.1556\/650.2023.32872<\/a><\/p>\n<p>Gul\u00e1csi, \u00c1., Scheuring, N., Danis, I. (2024). Tudom\u00e1nyos bizony\u00edt\u00e9kok a szenzoros feldolgoz\u00e1si zavarr\u00f3l \u2013 Mit \u00e9s mi\u00e9rt is \u00e9rdemes tudni err\u0151l egy gyermekgy\u00f3gy\u00e1sznak? Gyermekgy\u00f3gy\u00e1szat, 75(2), 83-88.<\/p>\n<p>Huszti, \u00c9., Albert, F., Nagy, I., Csizmady, A., D\u00e1vid, B. (2021). When Spatial Dimension Matters: Comparing Personal Network Characteristics in Different Segregated Areas. SOCIAL INCLUSION, 9(4), 375\u2013387. <a href=\"https:\/\/doi.org\/10.17645\/si.v9i4.4520\" target=\"_blank\" rel=\"noopener\">https:\/\/doi.org\/10.17645\/si.v9i4.4520<\/a><\/p>\n<p>In\u00e1ncsi, T., Pilinszki, A., Pa\u00e1l, T., &amp; L\u00e1ng, A. (2018). Perceptions of close relationship through the Machiavellians\u00b4 dark glasses: Negativity, distrust, self-protection against risk and dissatisfaction. Europe&#8217;s Journal of Psychology, 14(4), 806-830.<\/p>\n<p>Ittz\u00e9s, G., Sipos-Bielochradszky, B., B\u00e9res, O., &amp; Pilinszki, A. (2017). Salvation and Religiosity: The Predictive Strength and Limitations of a Rokeach Value Survey Item. European Journal of Mental Health, 12(1), 3-24. <a href=\"https:\/\/doi.org\/10.5708\/EJMH.12.2017.1.1\" target=\"_blank\" rel=\"noopener\">https:\/\/doi.org\/10.5708\/EJMH.12.2017.1.1<\/a><\/p>\n<p>J\u00e1ki, Z., Ittz\u00e9s, A., Kiri, E. A., Sallay, V., K\u0151v\u00e1ri, M., &amp; Tomcs\u00e1nyi, T. (2019). Hungarian psychotherapists\u2019 experiences of the cooperation with spiritual directors and pastoral counselors a qualitative study [Article]. European Journal of Mental Health, 14(1), 78-108. <a href=\"https:\/\/doi.org\/10.5708\/EJMH.14.2019.1.5\" target=\"_blank\" rel=\"noopener\">https:\/\/doi.org\/10.5708\/EJMH.14.2019.1.5<\/a><\/p>\n<p>J\u00e1ray, M., Siba, B. (2024). The Eagle\u2019s Nest Effect in the Pastoral Career. STUDIA UNIVERSITATIS BABES-BOLYAI THEOLOGIA REFORMATA TRANSYLVANICA, 69(1), 351-373. <a href=\"https:\/\/doi.org\/10.24193\/subbtref.69.1.19\" target=\"_blank\" rel=\"noopener\">https:\/\/doi.org\/10.24193\/subbtref.69.1.19<\/a><\/p>\n<p>Jo\u00f3b, M. (2024). Az egyh\u00e1zi kollabor\u00e1ci\u00f3 feldolgoz\u00e1s\u00e1nak saj\u00e1toss\u00e1gai \u00e9s neh\u00e9zs\u00e9gei. Studia Universitatis Babe\u015f-Bolyai, Theologia Reformata Transylvanica, 69(1), 280-303. <a href=\"https:\/\/doi.org\/10.24193\/subbtref.69.1.16\" target=\"_blank\" rel=\"noopener\">https:\/\/doi.org\/10.24193\/subbtref.69.1.16<\/a><\/p>\n<p>Jo\u00f3b, M. (2024). The Transgenerational Effects of Church Collaboration under the Communist-Socialist Regime. Theological Quarterly, 84 (1), 105-115. <a href=\"https:\/\/doi.org\/10.34291\/BV2024\/01\/Joob\" target=\"_blank\" rel=\"noopener\">https:\/\/doi.org\/10.34291\/BV2024\/01\/Joob<\/a><\/p>\n<p>Kmetty, Z., Tardos, R., Albert, F., &amp; D\u00e1vid, B. (2018). Mapping social milieus and cohesion patterns between 1997 and 2014. Exploiting the potential of the occupational position generator [Article]. Social Networks, 55, 116-129. <a href=\"https:\/\/doi.org\/10.1016\/j.socnet.2018.05.007\" target=\"_blank\" rel=\"noopener\">https:\/\/doi.org\/10.1016\/j.socnet.2018.05.007<\/a><\/p>\n<p>Komolafe C., Luk\u00e1cs J \u00c1., D\u00e1vid B. (2024). Roma undergraduates\u2019 partner selection and social embeddedness. INTERCULTURAL EDUCATION 35(6), 635-650. <a href=\"https:\/\/doi.org\/10.1080\/14675986.2024.2411100\" target=\"_blank\" rel=\"noopener\">https:\/\/doi.org\/10.1080\/14675986.2024.2411100<\/a><\/p>\n<p>Koren, R., Woolley, S. R., Danis, I., &amp; T\u00f6r\u00f6k, S. (2021a). Measuring the Effectiveness of the Emotionally Focused Therapy Externship Training in Hungary done through Translation [Article]. Journal of Marital and Family Therapy, 47(1), 166-182. https:\/\/doi.org\/10.1111\/jmft.12443<\/p>\n<p>Koren, R., Woolley, S. R., Danis, I., &amp; T\u00f6r\u00f6k, S. (2022). Training therapists in emotionally focused therapy: A longitudinal and cross-sectional analysis. JOURNAL OF MARITAL AND FAMILY THERAPY, 48(3), 709-725. https:\/\/doi.org\/10.1111\/jmft.12495<\/p>\n<p>Kosty\u00e1l L\u00c1, Sz\u00e9man Z, Alm\u00e1si VE, Fabbietti P, Quattrini S, Socci M, Gagliardi C. (<span style=\"font-size: 1rem\">2022) <\/span><span style=\"font-size: 1rem\">The Impact of COVID-19 on the Health and Experience of the Carers of Older Family Members Living with Dementia: An Italian\u2013Hungarian Comparative Study. International Journal of Environmental Research and Public Health; 19(9):5329. https:\/\/doi.org\/10.3390\/ijerph19095329<\/span><\/p>\n<p>Kosty\u00e1l, L.\u00c1.; Sz\u00e9man, Z.; Alm\u00e1si, V.E.; Fabbietti, P.; Quattrini, S.; Socci, M.; Lamura, G.; Gagliardi, C. Impact of the COVID-19 Pandemic on Family Carers of Older People Living with Dementia in Italy and Hungary. Sustainability 2021, 13, 7107.\u00a0https:\/\/doi.org\/10.3390\/su13137107<\/p>\n<p>Kosty\u00e1l, L. \u00c1., Sz\u00e9man, Zs., Alm\u00e1si, V.E., Fabbietti, P., Quattrini, S., Socci, M., Gagliardi, C. (2022). The Impact of COVID-19 on the Health and Experience of the Carers of Family Members Living with Dementia: An Italian\u2013Hungarian Comparative Study. INTERNATIONAL JOURNAL OF ENVIRONMENTAL RESEARCH AND PUBLIC HEALTH, 19(9):5329. https:\/\/doi.org\/10.3390\/ijerph19095329<\/p>\n<p>Leleszi-Tr\u00f3bert, A., Bagyura, M., Sz\u00e9man, Zs. (2022). Id\u0151sell\u00e1t\u00e1s \u00e9s a csal\u00e1di gondoz\u00f3k terhel\u00e9se a COVID-19 j\u00e1rv\u00e1ny els\u0151 hull\u00e1ma idej\u00e9n.\u00a0 Orvosi Hetilap, 163(42), 1654-1662. https:\/\/doi.org\/10.1556\/650.2022.32596<\/p>\n<p>Luk\u00e1cs J, \u00c1., D\u00e1vid, B. (2019). Roma Undergraduates\u2019 Personal Network in the Process of College Transition. A Social Capital Approach [Article]. Research in Higher Education, 60(1), 64-82. https:\/\/doi.org\/10.1007\/s11162-018-9503-5<\/p>\n<p>Luk\u00e1cs, J. \u00c1., D\u00e1vid, B. (2022). Connecting for success: Egocentric network types among underrepresented minority students at college. SOCIAL NETWORKS, 72, 35-43. https:\/\/doi.org\/10.1016\/j.socnet.2022.09.002.<\/p>\n<p>Luk\u00e1cs, J. \u00c1., Szab\u00f3, T., Huszti, \u00c9., Komolafe, C., Ember, Zs., D\u00e1vid, B. (2022). The role of colleges for advanced studies in Roma undergraduates\u2019 adjustment to college in Hungary from a social network perspective. INTERCULTURAL EDUCATION, https:\/\/doi.org\/10.1080\/14675986.2022.2144051<\/p>\n<p>Matera, C., Papp, Zs. K., Paradisi, M., Pieri, Ch., Catling, J., Nerini, A. (2024). Assessing perception of mattering in a cross-cultural university context: validity and reliability of the Italian and Hungarian versions of the University Mattering Scale (UM-S). FRONTIERS IN PSYCHOLOGY, 15, Paper: 1502661. https:\/\/doi.org\/10.3389\/fpsyg.2024.1502661<\/p>\n<p>Napravszky, N., Gul\u00e1csi, \u00c1., Alkonyi, M., Danis, I. (2024). Alv\u00e1szavarok kora gyermekkorban kr\u00f3nikus szomatikus \u00e1llapotok \u00e9s atipikus fejl\u0151d\u00e9s eset\u00e9n \u2013 k\u00fcl\u00f6n\u00f6s tekintettel a Down-szindr\u00f3m\u00e1ra. Orvosi Hetilap, 165(36), 1411-1422. https:\/\/doi.org\/10.1556\/650.2024.33041<\/p>\n<p>N\u00e9meth, T., V\u00e1rady, E., Danis, I., Scheuring, N., &amp; Szab\u00f3, L. (2017). T\u00e1pl\u00e1l\u00e1s \u00e9s t\u00e1pl\u00e1lkoz\u00e1s csecsem\u0151- \u00e9s kisgyermekkorban I. r\u00e9sz \u2013 Szoptat\u00e1si mutat\u00f3k az Eg\u00e9szs\u00e9ges ut\u00f3dok\u00e9rt projekt nagymint\u00e1s kutat\u00e1s\u00e1ban. LAM Lege Artis Medicinae, 27(10-12), 406-417.<\/p>\n<p>N\u00e9meth, T., V\u00e1rady, E., Danis, I., Scheuring, N., &amp; Szab\u00f3, L. (2018a). T\u00e1pl\u00e1l\u00e1s \u00e9s t\u00e1pl\u00e1lkoz\u00e1s csecsem\u0151- \u00e9s kisgyermekkorban II. r\u00e9sz \u2013 Szoptat\u00e1s, hozz\u00e1t\u00e1pl\u00e1l\u00e1s \u00e9s elv\u00e1laszt(\u00f3d)\u00e1s az Eg\u00e9szs\u00e9ges Ut\u00f3dok\u00e9rt projekt nagymint\u00e1s kutat\u00e1s\u00e1ban. LAM Lege Artis Medicinae, 28(6-7), 313-323.<\/p>\n<p>N\u00e9meth, T., V\u00e1rady, E., Danis, I., Scheuring, N., &amp; Szab\u00f3, L. (2018b). T\u00e1pl\u00e1l\u00e1s \u00e9s t\u00e1pl\u00e1lkoz\u00e1s csecsem\u0151- \u00e9s kisgyermekkorban III. r\u00e9sz. Az \u00f6n\u00e1ll\u00f3 t\u00e1pl\u00e1lkoz\u00e1s alakul\u00e1sa az Eg\u00e9szs\u00e9ges Ut\u00f3dok\u00e9rt projekt nagymint\u00e1s kutat\u00e1s\u00e1ban. LAM Lege Artis Medicinae, 28(8-9), 383-389.<\/p>\n<p>Papp, Zs. K., Somogyi, B., Wilson, C., T\u00f6r\u00f6k, Sz. (2021). Health Acceptance through Camp. Mixed-Method Data from a Central-European Therapeutic Recreational Based Camp for Seriously Ill Children. European Journal of Mental Health, 16(2), 120-145. https:\/\/doi.org\/10.5708\/EJMH.16.2021.2.6<\/p>\n<p>Papp, Zs., Somogyi, B., Wilson, C., T\u00f6r\u00f6k, Sz. (2023) Acquiring Life Skills at Therapeutic Recreational based Camp among Hungarian Youth. Children and Youth Services Review, 150(C), 106999. https:\/\/doi.org\/10.1016\/j.childyouth.2023.106999<\/p>\n<p>Papp Zs, T\u00f6r\u00f6k Sz, Szentes A, Hossz\u00fa D, K\u00f6k\u00f6nyei Gy. (2024). Parent-child agreement on health-related quality of life: the role of perceived consequences of the child\u2019s chronic illness. PSYCHOLOGY AND HEALTH, 39(2):233-251. https:\/\/doi.org\/10.1080\/08870446.2022.2057496.<\/p>\n<p>Patyan, L., Golubeva, \u0415. Y., Szeman, Z., &amp; \u0422robert, \u041c. A. (2020). Risks of social exclusion in the interaction of the state and the family in the elderly care system [Article]. Ekologiya Cheloveka (Human Ecology), 2020(1), 42-49. https:\/\/doi.org\/10.33396\/1728-0869-2020-1-42-49<\/p>\n<p>Pilinszki, A., Asztalos, B., Danis, I., Jo\u00f3b, M., T\u00e9senyi, T., T\u00f6r\u00f6k, G. (2022). The Multifactorial Background of Helping Professionals\u2019 Vital Exhaustion and Subjective Well-Being During the First Wave of COVID-19 in Hungary: A Cross-Sectional Study. European Journal Of Mental Health, 17(2), 104-117.\u00a0 https:\/\/doi.org\/10.5708\/EJMH.17.2022.2.11<\/p>\n<p>Pilinszki, A., Gyetvai, A. (2021). K\u00f6z\u00f6s sz\u00fcl\u0151s\u00e9g a v\u00e1l\u00e1s ut\u00e1n: szakirodalmi \u00e1ttekint\u00e9s. MENT\u00c1LHIGI\u00c9N\u00c9 \u00c9S PSZICHOSZOMATIKA, 22(3), 229-260. https:\/\/doi.org\/10.1556\/0406.22.2021.007<\/p>\n<p>Putnam, S. P., Sehic, E., French, B., Gartstein, M.A., Lira Luttges, B. and 489 Members of the Global Temperament Project (2024). The Global Temperament Project: Parent-Reported Temperament in Infants, Toddlers and Children from 59 Nations. Developmental Psychology, 60(5), 916-941. (Danis, Ildik\u00f3: Kollabor\u00e1ci\u00f3s k\u00f6zrem\u0171k\u00f6d\u0151) https:\/\/doi.org\/10.1037\/dev0001732.\u00a0<\/p>\n<p>Scheuring, N., Danis, I., Papp, E., Benedek, P., N\u00e9meth, T., Gul\u00e1csi, \u00c1., Szab\u00f3, L. (2021). Recognizing Early Regulation Disorders in Pediatric Care: The For Healthy Offspring Project. Medical Science Monitor, 27, e930214. https:\/\/doi.org\/10.12659\/MSM.930214<\/p>\n<p>Scheuring, N., Danis, I., Gervai, J., Gul\u00e1csi, \u00c1., \u00c1goston, O., Siba, M., Stadler, J., Bal\u00e1zs, K., Egyed, K., Kecskem\u00e9ti, J., Holl\u00f3si, L. E., Szab\u00f3, L. (2022). A Koragyermekkori Ev\u00e9s-alv\u00e1szavar Ambulancia ell\u00e1t\u00e1si modellj\u00e9t k\u00eds\u00e9r\u0151 tudom\u00e1nyos nyomon k\u00f6vet\u00e9s m\u00f3dszertana. Lege Artis Medicinae, 32(11-12), 501-511. https:\/\/doi.org\/10.33616\/lam.32.0501<\/p>\n<p>Scheuring, N., Danis, I., Gervai, J., Gul\u00e1csi, \u00c1., \u00c1goston, O., Siba, M., Stadler, J., Bal\u00e1zs, K., Egyed, K., Sz\u00f6ll\u0151si, \u00c1., Kecskem\u00e9ti, J., Holl\u00f3si, L. E., Szab\u00f3, L. (2023). A Koragyermekkori Ev\u00e9s-Alv\u00e1szavar Ambulancia ell\u00e1t\u00e1si modellj\u00e9t k\u00eds\u00e9r\u0151 tudom\u00e1nyos nyomon k\u00f6vet\u00e9s els\u0151 le\u00edr\u00f3 eredm\u00e9nyei. Lege Artis Medicinae, 33(5), 277-287. https:\/\/doi.org\/10.33616\/lam.33.0277<\/p>\n<p>Scheuring, N., Gul\u00e1csi, \u00c1., \u00c1goston, O., Siba, M., Stadler, J., Bal\u00e1zs, K., Egyed, K., Kecskem\u00e9ti, J., Holl\u00f3si, L. E., Danis, I., Gervai, J., Szab\u00f3, L. (2022). A Koragyermekkori Ev\u00e9s-alv\u00e1szavar Ambulancia klinikai protokollja. Lege Artis Medicinae, 32(6\u20137), 265\u2013277. https:\/\/doi.org\/10.33616\/lam.32.021<\/p>\n<p>Stefkovics, \u00c1., Albert, F., Ligeti, A. S., D\u00e1vid, B., Rudas, Sz., Koltai, J. (2024). Vaccination homophily in ego contact networks during the COVID-19 pandemic. SCIENTIFIC REPORTS, 14, Paper: 15515. | https:\/\/doi.org\/10.1038\/s41598-024-65986-2<\/p>\n<p>Szab\u00f3, T., Sus\u00e1nszky, \u00c9., Luk\u00e1cs, J. \u00c1., Danis, I., D\u00e1vid, B. (2023). Az Etnikai Csoportok Identit\u00e1sa K\u00e9rd\u0151\u00edv (MEIM-H) valid\u00e1l\u00e1sa \u00e9s pszichometriai jellemz\u0151i magyarorsz\u00e1gi roma mint\u00e1n. Ment\u00e1lhigi\u00e9n\u00e9 \u00e9s Pszichoszomatika, 24(1), 24-42. https:\/\/doi.org\/10.1556\/0406.2023.00005<\/p>\n<p>Sz\u00e9man, Z., &amp; Tr\u00f3bert, A. M. (2017). Social innovation in the provision of services in long-term care [Article]. European Journal of Mental Health, 12(2), 204-217. https:\/\/doi.org\/10.5708\/EJMH.12.2017.2.5<\/p>\n<p>Szentes, A., Er\u0151s, N., Kekecs, Z., Jakab, Z., T\u00f6r\u00f6k, S., Schuler, D., Hauser, P., &amp; Garami, M. (2018). Cognitive deficits and psychopathological symptoms among children with medulloblastoma [Article]. European Journal of Cancer Care, 27(6), Article e12912. https:\/\/doi.org\/10.1111\/ecc.12912<\/p>\n<p>Szentes, A., K\u00f6k\u00f6nyei, G., B\u00e9k\u00e9si, A., Bokr\u00e9t\u00e1s, I., &amp; T\u00f6r\u00f6k, S. (2018). Differences in illness perception between children with cancer and other chronic diseases and their parents [Article]. Clinical Child Psychology and Psychiatry, 23(3), 365-380. https:\/\/doi.org\/10.1177\/1359104517731899<\/p>\n<p>Ungv\u00e1ry, R., Ittz\u00e9s, A., B\u00f3n\u00e9, V., &amp; T\u00f6r\u00f6k, S. (2021) Psychometric properties of the original and short Hungarian version of the Iowa infant feeding attitude scale. International Breastfeeding Journal, 16(1), 54. https:\/\/doi.org\/10.1186\/s13006-021-00403-2<\/p>\n<p>Tomcs\u00e1nyi, T., Sallay, V., J\u00e1ki, Z., T\u00f6r\u00f6k, P., Szab\u00f3, T., Ittz\u00e9s, A., Cs\u00e1ky-Pallavicini, K., Kiri, E. A., Horv\u00e1th-Szab\u00f3, K., &amp; Martos, T. (2017). Spirituality in Psychotherapy [Review]. Archive for the Psychology of Religion, 39(3), 235-262. https:\/\/doi.org\/10.1163\/15736121-12341340<\/p>\n<p>T\u00f6r\u00f6k, G. P., Asztalos, B., Jo\u00f3b, M., T\u00e9senyi, T., Danis, I., Pilinszki, A. (2022). Seg\u00edt\u0151 foglalkoz\u00e1s\u00fa szakemberek j\u00f3ll\u00e9te a COVID-19 j\u00e1rv\u00e1ny els\u0151 hull\u00e1m\u00e1ban \u2013 A vit\u00e1lis kimer\u00fclts\u00e9g t\u00f6bbt\u00e9nyez\u0151s vizsg\u00e1lata. Ment\u00e1lhigi\u00e9n\u00e9 \u00e9s Pszichoszomatika, 23(1), 1-32. https:\/\/doi.org\/10.1556\/0406.23.2022.004<\/p>\n<p>Tr\u00f3bert Anett, M. (2016). A Life in the Service of Mental Health (Ittz\u00e9s, G., ed. (2013) Cura mentis \u2013 salus populi: Ment\u00e1lhigi\u00e9n\u00e9 a t\u00e1rsadalom szolg\u00e1lat\u00e1ban: \u00dcnnepi k\u00f6tet Tomcs\u00e1nyi Teod\u00f3ra 70. sz\u00fclet\u00e9snapj\u00e1ra: Festschrift f\u00fcr Tomcs\u00e1nyi Teod\u00f3ra zum 70. Geburtstag). European Journal of Mental Health, 11(1-2), 157-160. https:\/\/doi.org\/10.5708\/EJMH.11.2016.1-2.Rev.2<\/p>\n<p>Tr\u00f3bert Anett, M., &amp; Sz\u00e9m\u00e1n, Z. (2018). H\u00e1ziorvosok \u00e9s id\u0151sell\u00e1t\u00e1s egy k\u00e9rd\u0151\u00edves kutat\u00e1s t\u00fckr\u00e9ben. Orvosi Hetilap, 159(8), 312-319. https:\/\/doi.org\/10.1556\/650.2018.30959<\/p>\n<p>V\u00f6lgyi, B., F\u00fcz\u00e9r, K., Albert, F., Er\u00e1t, D. (2024). The role of digital status in adult child\u2013parent relationships in European comparative perspective. FAMILIES RELATIONSHIPS AND SOCIETIES, 13(2), 233\u2013252. https:\/\/doi.org\/10.1332\/20467435Y2024D000000026<\/p>\n<p>W. Ungvary, R., Mik\u00f3-Barath, E., &amp; Kiss, E. (2018). Mastitis \u00e9s szoptat\u00e1s. Lege Artis Medicinae, 2018(11-12), 513-522.<\/p>\n","protected":false},"excerpt":{"rendered":"<p>V\u00e1logat\u00e1s az Int\u00e9zet munkat\u00e1rsainak \u00e9s szerz\u0151t\u00e1rsaiknak legfontosabb Q1-Q4 foly\u00f3irat publik\u00e1ci\u00f3ib\u00f3l (2016-2024) Albert, F., David, B., Hajdu, G., &amp; Huszti, \u00c9. (2020). Egocentric Contact Networks of Older Adults: Featuring Quantity, Strength and Function of Ties [Article]. Sociological Quarterly. <a href=\"https:\/\/doi.org\/10.1080\/00380253.2020.1787111\" target=\"_blank\" rel=\"noopener\">https:\/\/doi.org\/10.1080\/00380253.2020.1787111<\/a> Albert, F., D\u00e1vid, B., Kmetty, Z., Krist\u00f3f, L., R\u00f3bert, P., &amp; Szab\u00f3, A. (2018). Mapping the post-communist class &hellip;<\/p>\n","protected":false},"author":101569,"featured_media":0,"parent":20,"menu_order":3,"comment_status":"closed","ping_status":"closed","template":"","meta":{"_acf_changed":false,"footnotes":""},"categories":[],"tags":[],"class_list":["post-4904","page","type-page","status-publish","hentry"],"acf":[],"_links":{"self":[{"href":"https:\/\/semmelweis.hu\/mental\/wp-json\/wp\/v2\/pages\/4904","targetHints":{"allow":["GET"]}}],"collection":[{"href":"https:\/\/semmelweis.hu\/mental\/wp-json\/wp\/v2\/pages"}],"about":[{"href":"https:\/\/semmelweis.hu\/mental\/wp-json\/wp\/v2\/types\/page"}],"author":[{"embeddable":true,"href":"https:\/\/semmelweis.hu\/mental\/wp-json\/wp\/v2\/users\/101569"}],"replies":[{"embeddable":true,"href":"https:\/\/semmelweis.hu\/mental\/wp-json\/wp\/v2\/comments?post=4904"}],"version-history":[{"count":10,"href":"https:\/\/semmelweis.hu\/mental\/wp-json\/wp\/v2\/pages\/4904\/revisions"}],"predecessor-version":[{"id":8283,"href":"https:\/\/semmelweis.hu\/mental\/wp-json\/wp\/v2\/pages\/4904\/revisions\/8283"}],"up":[{"embeddable":true,"href":"https:\/\/semmelweis.hu\/mental\/wp-json\/wp\/v2\/pages\/20"}],"wp:attachment":[{"href":"https:\/\/semmelweis.hu\/mental\/wp-json\/wp\/v2\/media?parent=4904"}],"wp:term":[{"taxonomy":"category","embeddable":true,"href":"https:\/\/semmelweis.hu\/mental\/wp-json\/wp\/v2\/categories?post=4904"},{"taxonomy":"post_tag","embeddable":true,"href":"https:\/\/semmelweis.hu\/mental\/wp-json\/wp\/v2\/tags?post=4904"}],"curies":[{"name":"wp","href":"https:\/\/api.w.org\/{rel}","templated":true}]}}