{"id":4857,"date":"2021-07-05T18:12:12","date_gmt":"2021-07-05T16:12:12","guid":{"rendered":"https:\/\/semmelweis.hu\/mental\/?page_id=4857"},"modified":"2024-10-07T12:08:59","modified_gmt":"2024-10-07T10:08:59","slug":"dr-szabolcs-torok-phd","status":"publish","type":"page","link":"https:\/\/semmelweis.hu\/mental\/en\/home\/teaching-and-research-staff\/dr-szabolcs-torok-phd\/","title":{"rendered":"Dr. Szabolcs T\u00d6R\u00d6K, PhD"},"content":{"rendered":"<figure id=\"attachment_889\" aria-describedby=\"caption-attachment-889\" style=\"width: 99px\" class=\"wp-caption alignnone\"><img loading=\"lazy\" decoding=\"async\" class=\"wp-image-889 size-full\" src=\"https:\/\/semmelweis.hu\/mental\/files\/2018\/06\/Trk-Szabolcs-99x133.jpg\" alt=\"\" width=\"99\" height=\"133\" \/><figcaption id=\"caption-attachment-889\" class=\"wp-caption-text\">Dr. Szabolcs T\u00f6r\u00f6k<\/figcaption><\/figure>\n<table style=\"width: 100%\" width=\"100%\">\n<tbody>\n<tr>\n<td style=\"width: 22%\" width=\"22%\">\n<p><strong>Position <\/strong><\/p>\n<\/td>\n<td style=\"width: 77%\" width=\"77%\">\n<p>associate professor<\/p>\n<\/td>\n<\/tr>\n<tr>\n<td style=\"width: 22%\" width=\"22%\">\n<p><strong>Telephone and university extension<\/strong><\/p>\n<\/td>\n<td style=\"width: 77%\" width=\"375\">06-1-459-1500 \/\u00a0<strong>56543<\/strong><\/td>\n<\/tr>\n<tr>\n<td style=\"width: 22%\" width=\"22%\">\n<p><strong>E-mail:<\/strong>\u00a0<\/p>\n<\/td>\n<td style=\"height: 41px;width: 77%\"><span id=\"cloak20004\">torok.szabolcs@semmelweis.hu<\/span>\u00a0<\/td>\n<\/tr>\n<tr>\n<td style=\"width: 22%\" width=\"22%\">\n<p><strong>Qualifications<\/strong><\/p>\n<\/td>\n<td style=\"width: 77%\" width=\"433\">\n<p>pediatrician (2001)\u00a0<\/p>\n<p>psychotherapist (2014),<\/p>\n<p>couple and family therapist (2013)<\/p>\n<\/td>\n<\/tr>\n<tr>\n<td style=\"width: 22%\" width=\"22%\">\n<p><strong>Doctoral degree<\/strong><\/p>\n<\/td>\n<td style=\"width: 77%\" width=\"433\">Semmelweis University School of Doctoral Studies (2006)<\/td>\n<\/tr>\n<tr>\n<td style=\"width: 22%\" width=\"22%\">\n<p><strong>List of Publications<\/strong>\u00a0\u00a0<\/p>\n<\/td>\n<td style=\"width: 77%\" width=\"77%\">\n<p><a href=\"https:\/\/m2.mtmt.hu\/gui2\/?type=authors&amp;mode=browse&amp;sel=10002194&amp;view=simpleList\" target=\"_blank\" rel=\"noopener noreferrer\">Hungarian Scientific Bibliography<\/a><\/p>\n<\/td>\n<\/tr>\n<tr>\n<td style=\"width: 22%\" width=\"22%\">\n<p><strong>Researchgate, ORCID<\/strong><\/p>\n<\/td>\n<td style=\"width: 77%\" width=\"433\">ORCID: 0000-0003-4653-1707 ResearchGate: https:\/\/www.researchgate.net\/profile\/Szabolcs_Toeroek<\/td>\n<\/tr>\n<tr>\n<td style=\"width: 22%\" width=\"22%\">\n<p><strong>Memberships and activities<\/strong><\/p>\n<\/td>\n<td style=\"width: 77%\" width=\"433\">\n<p>Hungarian Family Therapy Association,<\/p>\n<p>Hungarian Foundation of Emotionally Focused Therapy (chair),<\/p>\n<p>Hungarian Academy of Sciences General Assembly,<\/p>\n<p>International Centre for Excellence in Emotionally Focused Therapy<\/p>\n<\/td>\n<\/tr>\n<tr>\n<td style=\"width: 22%\" width=\"22%\">\n<p><strong>Professional and research interest<\/strong><\/p>\n<\/td>\n<td style=\"width: 77%\" width=\"433\">\n<p>Implementation of Systemic Theory in helping interventions.<\/p>\n<p>Theory and practice of Emotionally Focused Couple Therapy (EFCT).<\/p>\n<p>Psychosocial rehabilitation of children living with chronic conditions.\u00a0\u00a0<\/p>\n<\/td>\n<\/tr>\n<tr>\n<td style=\"width: 22%\" width=\"22%\">\n<p><strong>Current research<\/strong>\u00a0\u00a0<\/p>\n<\/td>\n<td style=\"width: 77%\" width=\"433\">\n<p>Effectiveness of the Emotionally Focused Therapy training on participating therapists.<\/p>\n<p>Outcome effectiveness of Hold Me Tight and Healing Hearts Together psychoeducational programs for couples.<\/p>\n<p>Psychometric properties of the Experiences in Close Relationships &#8211; Revised (ECR-R) scale.<\/p>\n<p>Effects of therapeutic recreational camping programs for children living with chronic diseases and for their families.\u00a0<\/p>\n<\/td>\n<\/tr>\n<tr>\n<td style=\"width: 22%\" width=\"22%\">\n<p><strong>Other professional interest<\/strong><\/p>\n<\/td>\n<td style=\"width: 77%\" width=\"433\">As an ICEEFT accredited EFT therapist and EFT supervisor-in-training I am providing supervision for marriage and family therapists working with couples and using EFT. I am one of the founders and board members of Bator Tabor (Camp Courage, member of SeriousFun Children&#8217;s Network) Foundation that is providing therapeutic recreational programs for children with chronic conditions.\u00a0<\/td>\n<\/tr>\n<tr>\n<td style=\"width: 22%\" width=\"22%\">\n<p><strong>Main publications<\/strong><\/p>\n<\/td>\n<td style=\"width: 77%\" width=\"77%\">\n<p>Koren, R\u00e9ka; Woolley, Scott, R.; Danis, Ildik\u00f3; T\u00f6r\u00f6k, Szabolcs: Measuring the Effectiveness of the Emotionally Focused Therapy Externship Training in Hungary done through Translation. Journal of Marital and Family Therapy. 2021 Jan; 47(1): 166\u2013182. https:\/\/doi.org\/10.1111\/jmft.12443<\/p>\n<p>Koren, R\u00e9ka; Woolley, Scott, R.; Danis, Ildik\u00f3; T\u00f6r\u00f6k, Szabolcs: Training therapists in emotionally focused therapy: A longitudinal and cross\u2010sectional analysis. Journal of Marital and Family Therapy. Published online on 11 March 2021. https:\/\/doi.org\/10.1111\/jmft.12495<\/p>\n<p>T\u00f6r\u00f6k, Szabolcs; K\u00f6k\u00f6nyei, Gy\u00f6ngyi; K\u00e1rolyi, Lilla; Ittz\u00e9s, Andr\u00e1s; Tomcs\u00e1nyi, Teod\u00f3ra: Outcome Effectiveness of Therapeutic Recreation Camping Programme for Adolescents Living with Cancer and Diabetes. Journal of Adolescent Health. 2006. 39(3):445-447. https:\/\/doi.org\/10.1016\/j.jadohealth.2005.12.018<\/p>\n<\/td>\n<\/tr>\n<\/tbody>\n<\/table>\n","protected":false},"excerpt":{"rendered":"<p>Position associate professor Telephone and university extension 06-1-459-1500 \/\u00a056543 E-mail:\u00a0 torok.szabolcs@semmelweis.hu\u00a0 Qualifications pediatrician (2001)\u00a0 psychotherapist (2014), couple and family therapist (2013) Doctoral degree Semmelweis University School of Doctoral Studies (2006) List of Publications\u00a0\u00a0 <a href=\"https:\/\/m2.mtmt.hu\/gui2\/?type=authors&amp;mode=browse&amp;sel=10002194&amp;view=simpleList\" target=\"_blank\" rel=\"noopener noreferrer\">Hungarian Scientific Bibliography<\/a> Researchgate, ORCID ORCID: 0000-0003-4653-1707 ResearchGate: https:\/\/www.researchgate.net\/profile\/Szabolcs_Toeroek Memberships and activities Hungarian Family Therapy Association, Hungarian Foundation of Emotionally Focused Therapy (chair), Hungarian Academy &hellip;<\/p>\n","protected":false},"author":101898,"featured_media":0,"parent":43,"menu_order":33,"comment_status":"closed","ping_status":"closed","template":"","meta":{"_acf_changed":false,"footnotes":""},"categories":[],"tags":[],"class_list":["post-4857","page","type-page","status-publish","hentry"],"acf":[],"_links":{"self":[{"href":"https:\/\/semmelweis.hu\/mental\/wp-json\/wp\/v2\/pages\/4857","targetHints":{"allow":["GET"]}}],"collection":[{"href":"https:\/\/semmelweis.hu\/mental\/wp-json\/wp\/v2\/pages"}],"about":[{"href":"https:\/\/semmelweis.hu\/mental\/wp-json\/wp\/v2\/types\/page"}],"author":[{"embeddable":true,"href":"https:\/\/semmelweis.hu\/mental\/wp-json\/wp\/v2\/users\/101898"}],"replies":[{"embeddable":true,"href":"https:\/\/semmelweis.hu\/mental\/wp-json\/wp\/v2\/comments?post=4857"}],"version-history":[{"count":5,"href":"https:\/\/semmelweis.hu\/mental\/wp-json\/wp\/v2\/pages\/4857\/revisions"}],"predecessor-version":[{"id":6791,"href":"https:\/\/semmelweis.hu\/mental\/wp-json\/wp\/v2\/pages\/4857\/revisions\/6791"}],"up":[{"embeddable":true,"href":"https:\/\/semmelweis.hu\/mental\/wp-json\/wp\/v2\/pages\/43"}],"wp:attachment":[{"href":"https:\/\/semmelweis.hu\/mental\/wp-json\/wp\/v2\/media?parent=4857"}],"wp:term":[{"taxonomy":"category","embeddable":true,"href":"https:\/\/semmelweis.hu\/mental\/wp-json\/wp\/v2\/categories?post=4857"},{"taxonomy":"post_tag","embeddable":true,"href":"https:\/\/semmelweis.hu\/mental\/wp-json\/wp\/v2\/tags?post=4857"}],"curies":[{"name":"wp","href":"https:\/\/api.w.org\/{rel}","templated":true}]}}