{"id":4852,"date":"2021-07-05T17:58:14","date_gmt":"2021-07-05T15:58:14","guid":{"rendered":"https:\/\/semmelweis.hu\/mental\/?page_id=4852"},"modified":"2024-10-07T12:08:36","modified_gmt":"2024-10-07T10:08:36","slug":"timea-somosine-tesenyi-phd","status":"publish","type":"page","link":"https:\/\/semmelweis.hu\/mental\/en\/home\/teaching-and-research-staff\/timea-somosine-tesenyi-phd\/","title":{"rendered":"T\u00edmea SOMOSIN\u00c9 T\u00c9SENYI, PhD"},"content":{"rendered":"<figure id=\"attachment_891\" aria-describedby=\"caption-attachment-891\" style=\"width: 100px\" class=\"wp-caption alignnone\"><img loading=\"lazy\" decoding=\"async\" class=\"wp-image-891 size-full\" src=\"https:\/\/semmelweis.hu\/mental\/files\/2018\/06\/Tsenyi-Timi-100x133.jpg\" alt=\"\" width=\"100\" height=\"133\" \/><figcaption id=\"caption-attachment-891\" class=\"wp-caption-text\">Dr. T\u00edmea T\u00e9senyi Somosin\u00e9<\/figcaption><\/figure>\n<table style=\"width: 100%\" width=\"100%\">\n<tbody>\n<tr>\n<td style=\"width: 22%\" width=\"22%\">\n<p><strong>Position <\/strong><\/p>\n<\/td>\n<td style=\"width: 77%\" width=\"77%\">\n<p>assistant professor<\/p>\n<\/td>\n<\/tr>\n<tr>\n<td style=\"width: 22%\" width=\"22%\">\n<p><strong>Telephone:<\/strong><\/p>\n<\/td>\n<td style=\"height: 41px;width: 77%\">06-1-266-0878<\/td>\n<\/tr>\n<tr>\n<td style=\"width: 22%\" width=\"22%\">\n<p><strong>Fax:<\/strong><\/p>\n<\/td>\n<td style=\"height: 41px;width: 77%\">06-1-214-5685<\/td>\n<\/tr>\n<tr>\n<td style=\"width: 22%\" width=\"22%\">\n<p><strong>University extension:<\/strong><\/p>\n<\/td>\n<td style=\"height: 71px;width: 77%\">56530<\/td>\n<\/tr>\n<tr>\n<td style=\"width: 22%\" width=\"22%\">\n<p><strong>E-mail:<\/strong>\u00a0<\/p>\n<\/td>\n<td style=\"height: 64px;width: 77%\"><span id=\"cloak27295\">tesenyi.timea@semmelweis.hu\u00a0<\/span><\/td>\n<\/tr>\n<tr>\n<td style=\"width: 22%\" width=\"22%\">\n<p><strong>Qualifications<\/strong><\/p>\n<\/td>\n<td style=\"width: 77%\" width=\"433\">\n<p>MSc in Mathematics, MA in German Translation of Mathematics,<\/p>\n<p>BA Religion Teacher,<\/p>\n<p>Mental Health Expert,<\/p>\n<p>Clinical Chaplain,<\/p>\n<p>Psychodrama instructor<\/p>\n<\/td>\n<\/tr>\n<tr>\n<td style=\"width: 22%\" width=\"22%\">\n<p><strong>Doctoral degree<\/strong><\/p>\n<\/td>\n<td style=\"width: 77%\" width=\"433\">Ph.D. in Social policy<\/td>\n<\/tr>\n<tr>\n<td style=\"width: 22%\" width=\"22%\">\n<p><strong>List of Publications<\/strong>\u00a0\u00a0<\/p>\n<\/td>\n<td style=\"width: 77%\" width=\"77%\">\n<p><a href=\"https:\/\/m2.mtmt.hu\/gui2\/?type=authors&amp;mode=browse&amp;sel=authors10022456\" target=\"_blank\" rel=\"noopener noreferrer\">Hungarian Scientific Bibliography<\/a><\/p>\n<\/td>\n<\/tr>\n<tr>\n<td style=\"width: 22%\" width=\"22%\">\n<p><strong>Researchgate, ORCID<\/strong><\/p>\n<\/td>\n<td style=\"width: 77%\" width=\"433\">0000-0003-2436-2500<\/td>\n<\/tr>\n<tr>\n<td style=\"width: 22%\" width=\"22%\">\n<p><strong>Memberships and activities<\/strong><\/p>\n<\/td>\n<td style=\"width: 77%\" width=\"433\">\n<p>Antropos Ment\u00e1lhigi\u00e9n\u00e9s Egyes\u00fclet (chairman),<\/p>\n<p>Hungarian Association of Pastoral Psychology\u00a0 (member)<\/p>\n<p>Hungarian Psychodrama Association (member)<\/p>\n<p>Dial\u00f3gus (P\u00e1rbesz\u00e9d) Foundation\u00a0 (member)<\/p>\n<p>School Foundation of the Hungarian Charity Services of the order of Malta\u00a0 (member of Board of Trustees)<\/p>\n<\/td>\n<\/tr>\n<tr>\n<td style=\"width: 22%\" width=\"22%\">\n<p><strong>Professional and research interest<\/strong><\/p>\n<\/td>\n<td style=\"width: 77%\" width=\"433\">\n<p>Physical and mental health,<\/p>\n<p>Clinical pastoral care,<\/p>\n<p>Burnout<\/p>\n<\/td>\n<\/tr>\n<tr>\n<td style=\"width: 22%\" width=\"22%\">\n<p><strong>Current research<\/strong>\u00a0\u00a0<\/p>\n<\/td>\n<td style=\"width: 77%\" width=\"433\">\n<p>Our training courses&#8217; effect of Self-Compassion;\u00a0<\/p>\n<p>The multifactorial background of helping professionals\u2019 vital exhaustion and subjective well-being during COVID-19<\/p>\n<\/td>\n<\/tr>\n<tr>\n<td style=\"width: 22%\" width=\"22%\">\n<p><strong>Other professional interest<\/strong><\/p>\n<\/td>\n<td style=\"width: 77%\" width=\"77%\">\n<p>&nbsp;<\/p>\n<\/td>\n<\/tr>\n<tr>\n<td style=\"width: 22%\" width=\"22%\">\n<p><strong>Main publications<\/strong><\/p>\n<\/td>\n<td style=\"width: 77%\" width=\"77%\">\n<p>T\u00e9senyi, T; Luk\u00e1cs, \u00c1; J\u00e1ray, M; Luk\u00e1cs, G. (2017): Kapcsolath\u00e1l\u00f3zati kutat\u00e1s magyarorsz\u00e1gi k\u00f3rh\u00e1zi lelkigondoz\u00f3k k\u00f6r\u00e9ben. In: <em>Embert\u00e1rs,<\/em>\u00a02017 : 1 pp. 5-22.\u00a0<\/p>\n<p>T\u00e9senyi, T. (2016): Magyarorsz\u00e1gi lelkigondoz\u00f3 szolg\u00e1latok h\u00e1l\u00f3zatos egy\u00fcttm\u0171k\u00f6d\u00e9s\u00e9nek lehet\u0151s\u00e9gei \u00e9s kih\u00edv\u00e1sai In: Karlovitz, J., T. (szerk.) <em>T\u00e1rsadalom, kultur\u00e1lis h\u00e1tt\u00e9r, gazdas\u00e1g<\/em> : IV. IRI T\u00e1rsadalomtudom\u00e1nyi Konferencia<br \/>Kom\u00e1rno, Szlov\u00e1kia: International Research Institute, (2016) pp. 307-314. , 9 p. 3.<\/p>\n<p>T\u00e9senyi, T: A modern k\u00f3rh\u00e1zi lelkigondoz\u00f3i szeml\u00e9let kialakul\u00e1sa. In: <em>Cura mentis &#8211; Salus populi: Ment\u00e1lhigi\u00e9n\u00e9 a t\u00e1rsadalom szolg\u00e1lat\u00e1ban<\/em>, SE MHI, 2013. 4.<\/p>\n<p>T\u00f6r\u00f6k, G; Tomcs\u00e1nyi, T; Ittz\u00e9s, A; Martos, T; Semsey, G.; Szab\u00f3, T; T\u00e9senyi, T <span style=\"font-family: inherit;font-size: inherit\">(2012)<\/span><span style=\"font-family: inherit;font-size: inherit\">: Ein \u00f6kumenisches Modell der Weiterbildung in Seelsorge: Geschichte und Ergebnisse de Evaluationsforschung der Weiterbildung. <\/span><em style=\"font-family: inherit;font-size: inherit\">European Journal of Mental Health<\/em><span style=\"font-family: inherit;font-size: inherit\"> 7 : 1 pp. 24-56., 33 p.\u00a0 5.<\/span><\/p>\n<p>Semsey, G. (szerk.); T\u00e9senyi, T. (szerk.); Pilinszki, Attila (szerk.) <span style=\"font-family: inherit;font-size: inherit\">(2012)<\/span><span style=\"font-family: inherit;font-size: inherit\">:<\/span><em style=\"font-family: inherit;font-size: inherit\"> Seg\u00edt\u0151 tal\u00e1lkoz\u00e1sok ment\u00e1lhigi\u00e9n\u00e9s szeml\u00e9letben: Esetgy\u0171jtem\u00e9ny.<\/em><span style=\"font-family: inherit;font-size: inherit\"> Budapest, P\u00e1rbesz\u00e9d (Dial\u00f3gus) Alap\u00edtv\u00e1ny, Semmelweis Egyetem Ment\u00e1lhigi\u00e9n\u00e9 Int\u00e9zet, 192 p.<\/span><\/p>\n<\/td>\n<\/tr>\n<\/tbody>\n<\/table>\n","protected":false},"excerpt":{"rendered":"<p>Position assistant professor Telephone: 06-1-266-0878 Fax: 06-1-214-5685 University extension: 56530 E-mail:\u00a0 tesenyi.timea@semmelweis.hu\u00a0 Qualifications MSc in Mathematics, MA in German Translation of Mathematics, BA Religion Teacher, Mental Health Expert, Clinical Chaplain, Psychodrama instructor Doctoral degree Ph.D. in Social policy List of Publications\u00a0\u00a0 <a href=\"https:\/\/m2.mtmt.hu\/gui2\/?type=authors&amp;mode=browse&amp;sel=authors10022456\" target=\"_blank\" rel=\"noopener noreferrer\">Hungarian Scientific Bibliography<\/a> Researchgate, ORCID 0000-0003-2436-2500 Memberships and activities Antropos Ment\u00e1lhigi\u00e9n\u00e9s Egyes\u00fclet (chairman), Hungarian Association of Pastoral &hellip;<\/p>\n","protected":false},"author":101898,"featured_media":0,"parent":43,"menu_order":28,"comment_status":"closed","ping_status":"closed","template":"","meta":{"_acf_changed":false,"footnotes":""},"categories":[],"tags":[],"class_list":["post-4852","page","type-page","status-publish","hentry"],"acf":[],"_links":{"self":[{"href":"https:\/\/semmelweis.hu\/mental\/wp-json\/wp\/v2\/pages\/4852","targetHints":{"allow":["GET"]}}],"collection":[{"href":"https:\/\/semmelweis.hu\/mental\/wp-json\/wp\/v2\/pages"}],"about":[{"href":"https:\/\/semmelweis.hu\/mental\/wp-json\/wp\/v2\/types\/page"}],"author":[{"embeddable":true,"href":"https:\/\/semmelweis.hu\/mental\/wp-json\/wp\/v2\/users\/101898"}],"replies":[{"embeddable":true,"href":"https:\/\/semmelweis.hu\/mental\/wp-json\/wp\/v2\/comments?post=4852"}],"version-history":[{"count":5,"href":"https:\/\/semmelweis.hu\/mental\/wp-json\/wp\/v2\/pages\/4852\/revisions"}],"predecessor-version":[{"id":6790,"href":"https:\/\/semmelweis.hu\/mental\/wp-json\/wp\/v2\/pages\/4852\/revisions\/6790"}],"up":[{"embeddable":true,"href":"https:\/\/semmelweis.hu\/mental\/wp-json\/wp\/v2\/pages\/43"}],"wp:attachment":[{"href":"https:\/\/semmelweis.hu\/mental\/wp-json\/wp\/v2\/media?parent=4852"}],"wp:term":[{"taxonomy":"category","embeddable":true,"href":"https:\/\/semmelweis.hu\/mental\/wp-json\/wp\/v2\/categories?post=4852"},{"taxonomy":"post_tag","embeddable":true,"href":"https:\/\/semmelweis.hu\/mental\/wp-json\/wp\/v2\/tags?post=4852"}],"curies":[{"name":"wp","href":"https:\/\/api.w.org\/{rel}","templated":true}]}}