{"id":4833,"date":"2021-07-05T17:21:20","date_gmt":"2021-07-05T15:21:20","guid":{"rendered":"https:\/\/semmelweis.hu\/mental\/?page_id=4833"},"modified":"2024-10-07T12:05:31","modified_gmt":"2024-10-07T10:05:31","slug":"veronika-bone-phd","status":"publish","type":"page","link":"https:\/\/semmelweis.hu\/mental\/en\/home\/teaching-and-research-staff\/veronika-bone-phd\/","title":{"rendered":"Veronika B\u00d3N\u00c9, PhD"},"content":{"rendered":"<p><img loading=\"lazy\" decoding=\"async\" class=\"alignnone size-full wp-image-670\" src=\"https:\/\/semmelweis.hu\/mental\/files\/2018\/06\/Bone_Veronika-150x160.jpg\" alt=\"\" width=\"150\" height=\"160\" \/><\/p>\n<table style=\"width: 100%\" width=\"100%\">\n<tbody>\n<tr>\n<td style=\"width: 22%\" width=\"22%\">\n<p><strong>Position <\/strong><\/p>\n<\/td>\n<td style=\"width: 77%\" width=\"77%\">\n<p>research fellow<\/p>\n<\/td>\n<\/tr>\n<tr>\n<td style=\"width: 22%\" width=\"22%\">\n<p><strong>Telephone:<\/strong><\/p>\n<\/td>\n<td style=\"width: 77%\" width=\"386\">06 20 6632397<\/td>\n<\/tr>\n<tr>\n<td style=\"width: 22%\" width=\"22%\">\n<p><strong>Fax:<\/strong><\/p>\n<\/td>\n<td style=\"width: 77%\">\u00a0<\/td>\n<\/tr>\n<tr>\n<td style=\"width: 22%\" width=\"22%\">\n<p><strong>University extension:<\/strong><\/p>\n<\/td>\n<td style=\"width: 77%\">56548<\/td>\n<\/tr>\n<tr>\n<td style=\"width: 22%\" width=\"22%\">\n<p><strong>E-mail:<\/strong>\u00a0<\/p>\n<\/td>\n<td style=\"width: 77%\">\n<p>\u00a0<span id=\"cloak8189\">bone.veronika@semmelweis.hu<\/span><\/p>\n<\/td>\n<\/tr>\n<tr>\n<td style=\"width: 22%\" width=\"22%\">\n<p><strong>Qualifications<\/strong><\/p>\n<\/td>\n<td style=\"width: 77%\" width=\"433\">sociologist<\/td>\n<\/tr>\n<tr>\n<td style=\"width: 22%\" width=\"22%\">\n<p><strong>Doctoral degree<\/strong><\/p>\n<\/td>\n<td style=\"width: 77%\">sociological sciences (2020)<\/td>\n<\/tr>\n<tr>\n<td style=\"width: 22%\" width=\"22%\">\n<p><strong>List of Publications<\/strong>\u00a0\u00a0<\/p>\n<\/td>\n<td style=\"width: 77%\"><a href=\"https:\/\/m2.mtmt.hu\/gui2\/?type=authors&amp;mode=browse&amp;sel=10044190\" target=\"_blank\" rel=\"noopener noreferrer\">Hungarian Scientific Bibliography<\/a> 10044190<\/td>\n<\/tr>\n<tr>\n<td style=\"width: 22%\" width=\"22%\">\n<p><strong>Researchgate, ORCID<\/strong><\/p>\n<\/td>\n<td style=\"width: 77%\"><a href=\"https:\/\/m2.mtmt.hu\/api\/author\/10044190\">0000-0001-6300-7726, U-3367-2017<\/a><\/td>\n<\/tr>\n<tr>\n<td style=\"width: 22%\" width=\"22%\">\n<p><strong>Memberships and activities<\/strong><\/p>\n<\/td>\n<td style=\"width: 77%\">member of the Hungarian National Breastfeeding Committee<\/td>\n<\/tr>\n<tr>\n<td style=\"width: 22%\" width=\"22%\">\n<p><strong>Professional and research interest<\/strong><\/p>\n<\/td>\n<td style=\"width: 77%\">\n<p>sociology of health,<\/p>\n<p>sociology of the family<\/p>\n<\/td>\n<\/tr>\n<tr>\n<td style=\"width: 22%\" width=\"22%\">\n<p><strong>Current research<\/strong>\u00a0\u00a0<\/p>\n<\/td>\n<td style=\"width: 77%\">\n<p>The effects of grandparents on fertility decisions,<\/p>\n<p>Self-compassion among helping professionals;<\/p>\n<p>Baby-friendly Hospital Survey;\u00a0<\/p>\n<\/td>\n<\/tr>\n<tr>\n<td style=\"width: 22%\" width=\"22%\">\n<p><strong>Other professional interest<\/strong><\/p>\n<\/td>\n<td style=\"width: 77%\" width=\"77%\">\u00a0<\/td>\n<\/tr>\n<tr>\n<td style=\"width: 22%\" width=\"22%\">\n<p><strong>Main publications<\/strong><\/p>\n<\/td>\n<td style=\"width: 77%\" width=\"77%\">\n<p>Danis, I., B\u00f3n\u00e9, V., Heged\u00fcs, R., Pilinszki, A., Szab\u00f3, T, D\u00e1vid, B. Infancy in 21st Century Hungary;<\/p>\n<p>B\u00f3n\u00e9, V. &#8216;Grandparenting: Created by Evolution Revised by History: Still in Use Today&#8217;;<\/p>\n<p>Ittz\u00e9s, A., Martos, T., B\u00f3n\u00e9, V., D\u00e1vid, B. El\u00e9gedetts\u00e9get \u00e9s hangulatot m\u00e9r\u0151 egyt\u00e9teles sk\u00e1l\u00e1k haszn\u00e1lhat\u00f3s\u00e1ga j\u00f3ll\u00e9tre vonatkoz\u00f3 vizsg\u00e1latokban<\/p>\n<\/td>\n<\/tr>\n<\/tbody>\n<\/table>\n","protected":false},"excerpt":{"rendered":"<p>Position research fellow Telephone: 06 20 6632397 Fax: \u00a0 University extension: 56548 E-mail:\u00a0 \u00a0bone.veronika@semmelweis.hu Qualifications sociologist Doctoral degree sociological sciences (2020) List of Publications\u00a0\u00a0 <a href=\"https:\/\/m2.mtmt.hu\/gui2\/?type=authors&amp;mode=browse&amp;sel=10044190\" target=\"_blank\" rel=\"noopener noreferrer\">Hungarian Scientific Bibliography<\/a> 10044190 Researchgate, ORCID <a href=\"https:\/\/m2.mtmt.hu\/api\/author\/10044190\">0000-0001-6300-7726, U-3367-2017<\/a> Memberships and activities member of the Hungarian National Breastfeeding Committee Professional and research interest sociology of health, sociology of the family Current research\u00a0\u00a0 The effects of grandparents on &hellip;<\/p>\n","protected":false},"author":101898,"featured_media":0,"parent":43,"menu_order":8,"comment_status":"closed","ping_status":"closed","template":"","meta":{"_acf_changed":false,"footnotes":""},"categories":[],"tags":[],"class_list":["post-4833","page","type-page","status-publish","hentry"],"acf":[],"_links":{"self":[{"href":"https:\/\/semmelweis.hu\/mental\/wp-json\/wp\/v2\/pages\/4833","targetHints":{"allow":["GET"]}}],"collection":[{"href":"https:\/\/semmelweis.hu\/mental\/wp-json\/wp\/v2\/pages"}],"about":[{"href":"https:\/\/semmelweis.hu\/mental\/wp-json\/wp\/v2\/types\/page"}],"author":[{"embeddable":true,"href":"https:\/\/semmelweis.hu\/mental\/wp-json\/wp\/v2\/users\/101898"}],"replies":[{"embeddable":true,"href":"https:\/\/semmelweis.hu\/mental\/wp-json\/wp\/v2\/comments?post=4833"}],"version-history":[{"count":4,"href":"https:\/\/semmelweis.hu\/mental\/wp-json\/wp\/v2\/pages\/4833\/revisions"}],"predecessor-version":[{"id":6784,"href":"https:\/\/semmelweis.hu\/mental\/wp-json\/wp\/v2\/pages\/4833\/revisions\/6784"}],"up":[{"embeddable":true,"href":"https:\/\/semmelweis.hu\/mental\/wp-json\/wp\/v2\/pages\/43"}],"wp:attachment":[{"href":"https:\/\/semmelweis.hu\/mental\/wp-json\/wp\/v2\/media?parent=4833"}],"wp:term":[{"taxonomy":"category","embeddable":true,"href":"https:\/\/semmelweis.hu\/mental\/wp-json\/wp\/v2\/categories?post=4833"},{"taxonomy":"post_tag","embeddable":true,"href":"https:\/\/semmelweis.hu\/mental\/wp-json\/wp\/v2\/tags?post=4833"}],"curies":[{"name":"wp","href":"https:\/\/api.w.org\/{rel}","templated":true}]}}