{"id":4823,"date":"2021-07-05T16:47:57","date_gmt":"2021-07-05T14:47:57","guid":{"rendered":"https:\/\/semmelweis.hu\/mental\/?page_id=4823"},"modified":"2024-10-07T12:05:06","modified_gmt":"2024-10-07T10:05:06","slug":"bernadett-asztalos-phd","status":"publish","type":"page","link":"https:\/\/semmelweis.hu\/mental\/en\/home\/teaching-and-research-staff\/bernadett-asztalos-phd\/","title":{"rendered":"Bernadett ASZTALOS, PhD"},"content":{"rendered":"<table style=\"width: 100%\" width=\"100%\">\n<tbody>\n<tr>\n<td style=\"width: 22%\" width=\"22%\">\n<p><strong>Position <\/strong><\/p>\n<\/td>\n<td style=\"width: 77%\" width=\"77%\">\n<p>assistant professor<\/p>\n<\/td>\n<\/tr>\n<tr>\n<td style=\"width: 22%\" width=\"22%\">\n<p><strong>Phone and university extension:<\/strong><\/p>\n<\/td>\n<td style=\"width: 77%\">+36 1 459-1500 \/ <strong>56540<\/strong><\/td>\n<\/tr>\n<tr>\n<td style=\"width: 22%\" width=\"22%\">\n<p><strong>E-mail:<\/strong>\u00a0<\/p>\n<\/td>\n<td style=\"width: 77%\">\n<p><span id=\"cloak39891\">asztalos.bernadett@semmelweis.hu<\/span>\u00a0<\/p>\n<\/td>\n<\/tr>\n<tr>\n<td style=\"width: 22%\" width=\"22%\">\n<p><strong>Qualifications<\/strong><\/p>\n<\/td>\n<td style=\"width: 77%\" width=\"433\">\n<p>teacher of history,<\/p>\n<p>sociologist,<\/p>\n<p>teacher of religion,<\/p>\n<p>spiritual counselor,<\/p>\n<p>mental health expert<\/p>\n<\/td>\n<\/tr>\n<tr>\n<td style=\"width: 22%\" width=\"22%\">\n<p><strong>Doctoral degree<\/strong><\/p>\n<\/td>\n<td style=\"width: 77%\" width=\"433\">2011: P\u00e1zm\u00e1ny P\u00e9ter Catholic University, Faculty of Humanities and Social Sciences, Doctoral School of History PhD<\/td>\n<\/tr>\n<tr>\n<td style=\"width: 22%\" width=\"22%\">\n<p><strong>List of Publications<\/strong>\u00a0\u00a0<\/p>\n<\/td>\n<td style=\"width: 77%\" width=\"77%\">\n<p><a href=\"https:\/\/m2.mtmt.hu\/gui2\/?type=authors&amp;mode=browse&amp;sel=10044294\" target=\"_blank\" rel=\"noopener noreferrer\">Hungarian Scientific Bibliography<\/a>\u00a0<\/p>\n<\/td>\n<\/tr>\n<tr>\n<td style=\"width: 22%\" width=\"22%\">\n<p><strong>Researchgate, ORCID<\/strong><\/p>\n<\/td>\n<td style=\"width: 77%\" width=\"433\">U-2931-2017,0000-0002-1533-3743<\/td>\n<\/tr>\n<tr>\n<td style=\"width: 22%\" width=\"22%\">\n<p><strong>Memberships and activities<\/strong><\/p>\n<\/td>\n<td style=\"width: 77%\" width=\"433\">\n<p>Antropos Mental Hygiene Association,<\/p>\n<p>Hungarian Associaton of Pastoral Psychology,<\/p>\n<p>Hungarian Sociological Association,<\/p>\n<p>Young Religion and Value Sociologists,<\/p>\n<p>Ecumenical Association of\u00a0 Spiritual Hospital Counsellor<\/p>\n<\/td>\n<\/tr>\n<tr>\n<td style=\"width: 22%\" width=\"22%\">\n<p><strong>Professional and research interest<\/strong><\/p>\n<\/td>\n<td style=\"width: 77%\" width=\"433\">pastoral counselling, mentalhygiene, social work, active ageing, project management, burn-out, self-compassion, well-being of helping professionals, spirituality<\/td>\n<\/tr>\n<tr>\n<td style=\"width: 22%\" width=\"22%\">\n<p><strong>Current research<\/strong>\u00a0\u00a0<\/p>\n<\/td>\n<td style=\"width: 77%\" width=\"433\">\n<p>burn-out, self-compassion, active aging;<\/p>\n<p>Self-compassion among helping professionals<\/p>\n<\/td>\n<\/tr>\n<tr>\n<td style=\"width: 22%\" width=\"22%\">\n<p><strong>Other professional interest<\/strong><\/p>\n<\/td>\n<td style=\"width: 77%\" width=\"433\">early modern lifestyle and medicine<\/td>\n<\/tr>\n<tr>\n<td style=\"width: 22%\" width=\"22%\">\n<p><strong>Main publications<\/strong><\/p>\n<\/td>\n<td style=\"width: 77%\" width=\"77%\">\n<p>&nbsp;<\/p>\n<\/td>\n<\/tr>\n<\/tbody>\n<\/table>\n","protected":false},"excerpt":{"rendered":"<p>Position assistant professor Phone and university extension: +36 1 459-1500 \/ 56540 E-mail:\u00a0 asztalos.bernadett@semmelweis.hu\u00a0 Qualifications teacher of history, sociologist, teacher of religion, spiritual counselor, mental health expert Doctoral degree 2011: P\u00e1zm\u00e1ny P\u00e9ter Catholic University, Faculty of Humanities and Social Sciences, Doctoral School of History PhD List of Publications\u00a0\u00a0 <a href=\"https:\/\/m2.mtmt.hu\/gui2\/?type=authors&amp;mode=browse&amp;sel=10044294\" target=\"_blank\" rel=\"noopener noreferrer\">Hungarian Scientific Bibliography<\/a> \u00a0 Researchgate, ORCID U-2931-2017,0000-0002-1533-3743 Memberships and activities &hellip;<\/p>\n","protected":false},"author":101898,"featured_media":0,"parent":43,"menu_order":7,"comment_status":"closed","ping_status":"closed","template":"","meta":{"_acf_changed":false,"footnotes":""},"categories":[],"tags":[],"class_list":["post-4823","page","type-page","status-publish","hentry"],"acf":[],"_links":{"self":[{"href":"https:\/\/semmelweis.hu\/mental\/wp-json\/wp\/v2\/pages\/4823","targetHints":{"allow":["GET"]}}],"collection":[{"href":"https:\/\/semmelweis.hu\/mental\/wp-json\/wp\/v2\/pages"}],"about":[{"href":"https:\/\/semmelweis.hu\/mental\/wp-json\/wp\/v2\/types\/page"}],"author":[{"embeddable":true,"href":"https:\/\/semmelweis.hu\/mental\/wp-json\/wp\/v2\/users\/101898"}],"replies":[{"embeddable":true,"href":"https:\/\/semmelweis.hu\/mental\/wp-json\/wp\/v2\/comments?post=4823"}],"version-history":[{"count":4,"href":"https:\/\/semmelweis.hu\/mental\/wp-json\/wp\/v2\/pages\/4823\/revisions"}],"predecessor-version":[{"id":6783,"href":"https:\/\/semmelweis.hu\/mental\/wp-json\/wp\/v2\/pages\/4823\/revisions\/6783"}],"up":[{"embeddable":true,"href":"https:\/\/semmelweis.hu\/mental\/wp-json\/wp\/v2\/pages\/43"}],"wp:attachment":[{"href":"https:\/\/semmelweis.hu\/mental\/wp-json\/wp\/v2\/media?parent=4823"}],"wp:term":[{"taxonomy":"category","embeddable":true,"href":"https:\/\/semmelweis.hu\/mental\/wp-json\/wp\/v2\/categories?post=4823"},{"taxonomy":"post_tag","embeddable":true,"href":"https:\/\/semmelweis.hu\/mental\/wp-json\/wp\/v2\/tags?post=4823"}],"curies":[{"name":"wp","href":"https:\/\/api.w.org\/{rel}","templated":true}]}}