{"id":4727,"date":"2021-06-30T14:25:05","date_gmt":"2021-06-30T12:25:05","guid":{"rendered":"https:\/\/semmelweis.hu\/mental\/?page_id=4727"},"modified":"2024-10-07T12:04:16","modified_gmt":"2024-10-07T10:04:16","slug":"teodora-tomcsanyi-phd","status":"publish","type":"page","link":"https:\/\/semmelweis.hu\/mental\/en\/home\/teaching-and-research-staff\/teodora-tomcsanyi-phd\/","title":{"rendered":"Teod\u00f3ra TOMCS\u00c1NYI, PhD"},"content":{"rendered":"<p><img loading=\"lazy\" decoding=\"async\" class=\"alignnone wp-image-696 size-full\" src=\"https:\/\/semmelweis.hu\/mental\/files\/2018\/06\/Dra-100x133.jpg\" alt=\"Tomcs\u00e1nyi Teod\u00f3ra\" width=\"100\" height=\"133\" \/><\/p>\n<table style=\"width: 100%\" width=\"100%\">\n<tbody>\n<tr>\n<td style=\"width: 22%\" width=\"22%\">\n<p><strong>Position <\/strong><\/p>\n<\/td>\n<td style=\"width: 77%\" width=\"77%\">\n<p>Professor Emerita<\/p>\n<\/td>\n<\/tr>\n<tr>\n<td style=\"width: 22%\" width=\"22%\">\n<p><strong>Telephone and university extesion<\/strong><\/p>\n<\/td>\n<td style=\"width: 77%\">06-1-266-0878\/<strong> 56571<\/strong><\/td>\n<\/tr>\n<tr>\n<td style=\"width: 22%\" width=\"22%\">\n<p><strong>E-mail:<\/strong>\u00a0<\/p>\n<\/td>\n<td style=\"width: 77%\"><span id=\"cloak4421\"><a href=\"mailto:tomcsanyi.teodora@public.semmelweis-univ.hu\">tomcsanyi.teodora@public.semmelweis-univ.hu<\/a><\/span><\/td>\n<\/tr>\n<tr>\n<td style=\"width: 22%\" width=\"22%\">\n<p><strong>Qualifications<\/strong><\/p>\n<\/td>\n<td style=\"width: 77%\" width=\"77%\">\n<p>Clinical psychologist<\/p>\n<p>Biology teacher<\/p>\n<p>Mental health professional<\/p>\n<p>psychoanalyst, group psychoanalyst, psychodrama psychotherapist (Moreno Institut \u00dcberlingen), trainer and supervisor in family therapy and psychodrama\u00a0<\/p>\n<\/td>\n<\/tr>\n<tr>\n<td style=\"width: 22%\" width=\"22%\">\n<p><strong>Doctoral degree<\/strong><\/p>\n<\/td>\n<td style=\"width: 77%\" width=\"77%\">\n<p>Candidate of Psychological Sciences, habilitation in Pedagogy<\/p>\n<\/td>\n<\/tr>\n<tr>\n<td style=\"width: 22%\" width=\"22%\">\n<p><strong>List of Publications<\/strong>\u00a0\u00a0<\/p>\n<\/td>\n<td style=\"width: 77%\" width=\"77%\">\n<p>\u00a0<a href=\"http:\/\/vm.mtmt.hu\/\/search\/slist.php?lang=0&amp;AuthorID=10002033\" target=\"_blank\" rel=\"noopener noreferrer\">Magyar Tudom\u00e1nyos M\u0171vek T\u00e1ra<\/a><\/p>\n<\/td>\n<\/tr>\n<tr>\n<td style=\"width: 22%\" width=\"22%\">\n<p><strong>Researchgate, ORCID<\/strong><\/p>\n<\/td>\n<td style=\"width: 77%\" width=\"77%\">\n<p>&nbsp;<\/p>\n<\/td>\n<\/tr>\n<tr>\n<td style=\"width: 22%\" width=\"22%\">\n<p><strong>Memberships and activities<\/strong><\/p>\n<\/td>\n<td style=\"width: 77%\" width=\"77%\">\n<p>Hungarian Psychodrama Association<\/p>\n<p>Hungarian Family Therapy Association<\/p>\n<p>Hungarian Association in Pastoral Psychology\u00a0<\/p>\n<\/td>\n<\/tr>\n<tr>\n<td style=\"width: 22%\" width=\"22%\">\n<p><strong>Professional and research interest<\/strong><\/p>\n<\/td>\n<td style=\"width: 77%\" width=\"77%\">\n<p>Mental Health in a historical and intercultural context<\/p>\n<p>effectiveness of educational programs for adults<\/p>\n<p>spiritualty and society\u00a0<\/p>\n<\/td>\n<\/tr>\n<tr>\n<td style=\"width: 22%\" width=\"22%\">\n<p><strong>Current research<\/strong>\u00a0\u00a0<\/p>\n<\/td>\n<td style=\"width: 77%\" width=\"77%\">\n<p>Spirituality among helping occupation<\/p>\n<\/td>\n<\/tr>\n<tr>\n<td style=\"width: 22%\" width=\"22%\">\n<p><strong>Other professional interest<\/strong><\/p>\n<\/td>\n<td style=\"width: 77%\" width=\"77%\">\n<p>psychotherapist and clinical psychologist<\/p>\n<p>since 1987- founder, developer, and teacher at Institute of Mental Health<\/p>\n<p>since 2001 &#8211; founder and supervisor at the doctoral school of the Institute of Mental Health<\/p>\n<p>since 2006 &#8211; founder and editor in chief of the European Journal of Mental health\u00a0<\/p>\n<\/td>\n<\/tr>\n<tr>\n<td style=\"width: 22%\" width=\"22%\">\n<p><strong>Main publications<\/strong><\/p>\n<\/td>\n<td style=\"width: 77%\" width=\"77%\">\n<p>&nbsp;<\/p>\n<\/td>\n<\/tr>\n<\/tbody>\n<\/table>\n<p>&nbsp;<\/p>\n","protected":false},"excerpt":{"rendered":"<p>Position Professor Emerita Telephone and university extesion 06-1-266-0878\/ 56571 E-mail:\u00a0 <a href=\"mailto:tomcsanyi.teodora@public.semmelweis-univ.hu\">tomcsanyi.teodora@public.semmelweis-univ.hu<\/a> Qualifications Clinical psychologist Biology teacher Mental health professional psychoanalyst, group psychoanalyst, psychodrama psychotherapist (Moreno Institut \u00dcberlingen), trainer and supervisor in family therapy and psychodrama\u00a0 Doctoral degree Candidate of Psychological Sciences, habilitation in Pedagogy List of Publications\u00a0\u00a0 \u00a0 <a href=\"http:\/\/vm.mtmt.hu\/\/search\/slist.php?lang=0&amp;AuthorID=10002033\" target=\"_blank\" rel=\"noopener noreferrer\">Magyar Tudom\u00e1nyos M\u0171vek T\u00e1ra<\/a> Researchgate, ORCID &nbsp; Memberships and activities Hungarian Psychodrama &hellip;<\/p>\n","protected":false},"author":101898,"featured_media":0,"parent":43,"menu_order":4,"comment_status":"closed","ping_status":"closed","template":"","meta":{"_acf_changed":false,"footnotes":""},"categories":[],"tags":[],"class_list":["post-4727","page","type-page","status-publish","hentry"],"acf":[],"_links":{"self":[{"href":"https:\/\/semmelweis.hu\/mental\/wp-json\/wp\/v2\/pages\/4727","targetHints":{"allow":["GET"]}}],"collection":[{"href":"https:\/\/semmelweis.hu\/mental\/wp-json\/wp\/v2\/pages"}],"about":[{"href":"https:\/\/semmelweis.hu\/mental\/wp-json\/wp\/v2\/types\/page"}],"author":[{"embeddable":true,"href":"https:\/\/semmelweis.hu\/mental\/wp-json\/wp\/v2\/users\/101898"}],"replies":[{"embeddable":true,"href":"https:\/\/semmelweis.hu\/mental\/wp-json\/wp\/v2\/comments?post=4727"}],"version-history":[{"count":3,"href":"https:\/\/semmelweis.hu\/mental\/wp-json\/wp\/v2\/pages\/4727\/revisions"}],"predecessor-version":[{"id":5108,"href":"https:\/\/semmelweis.hu\/mental\/wp-json\/wp\/v2\/pages\/4727\/revisions\/5108"}],"up":[{"embeddable":true,"href":"https:\/\/semmelweis.hu\/mental\/wp-json\/wp\/v2\/pages\/43"}],"wp:attachment":[{"href":"https:\/\/semmelweis.hu\/mental\/wp-json\/wp\/v2\/media?parent=4727"}],"wp:term":[{"taxonomy":"category","embeddable":true,"href":"https:\/\/semmelweis.hu\/mental\/wp-json\/wp\/v2\/categories?post=4727"},{"taxonomy":"post_tag","embeddable":true,"href":"https:\/\/semmelweis.hu\/mental\/wp-json\/wp\/v2\/tags?post=4727"}],"curies":[{"name":"wp","href":"https:\/\/api.w.org\/{rel}","templated":true}]}}