{"id":4723,"date":"2021-06-30T14:06:42","date_gmt":"2021-06-30T12:06:42","guid":{"rendered":"https:\/\/semmelweis.hu\/mental\/?page_id=4723"},"modified":"2024-10-07T12:03:08","modified_gmt":"2024-10-07T10:03:08","slug":"gabor-torok","status":"publish","type":"page","link":"https:\/\/semmelweis.hu\/mental\/en\/home\/teaching-and-research-staff\/gabor-torok\/","title":{"rendered":"G\u00e1bor T\u00f6r\u00f6k, PhD"},"content":{"rendered":"<p><img loading=\"lazy\" decoding=\"async\" class=\"alignnone size-full wp-image-887\" src=\"https:\/\/semmelweis.hu\/mental\/files\/2018\/06\/Trk-Gbor2-100x133.jpg\" alt=\"\" width=\"100\" height=\"133\" \/><\/p>\n<table style=\"width: 100%;height: 1178px\" width=\"100%\">\n<tbody>\n<tr style=\"height: 48px\">\n<td style=\"width: 22%;height: 48px\" width=\"22%\">\n<p><strong>Position <\/strong><\/p>\n<\/td>\n<td style=\"width: 77.7424%;height: 48px\" width=\"433\">assistant professor; deputy director<\/td>\n<\/tr>\n<tr style=\"height: 48px\">\n<td style=\"width: 22%;height: 48px\" width=\"22%\">\n<p><strong>Telephone:<\/strong><\/p>\n<\/td>\n<td style=\"width: 77.7424%\" width=\"412\">+3620660389<\/td>\n<\/tr>\n<tr style=\"height: 75px\">\n<td style=\"width: 22%;height: 75px\" width=\"22%\">\n<p><strong>University extension:<\/strong><\/p>\n<\/td>\n<td style=\"width: 77.7424%\" width=\"412\">06-1-266-0878\/ <strong>56 532<\/strong><\/td>\n<\/tr>\n<tr style=\"height: 48px\">\n<td style=\"width: 22%;height: 48px\" width=\"22%\">\n<p><strong>E-mail:<\/strong>\u00a0<\/p>\n<\/td>\n<td style=\"width: 77.7424%\" width=\"412\">torok.gabor@semmelweis.hu<\/td>\n<\/tr>\n<tr style=\"height: 219px\">\n<td style=\"width: 22%;height: 219px\" width=\"22%\">\n<p><strong>Qualifications<\/strong><\/p>\n<\/td>\n<td style=\"width: 77.7424%;height: 219px\" width=\"433\">Catholic faith teacher, 1998 (P\u00e1zm\u00e1ny P\u00e9ter Catholic University, Budapest)<br \/>Teacher of Hungarian Language and Literature, 2002 (E\u00f6tv\u00f6s L\u00f3r\u00e1nd University, Budapest)<br \/>Sports and Youth pastoral care, 2008 (Semmelweis University, Budapest)<br \/>Psychodrama leader, 2011 (Hungarian Psychodrama Association, Budapest)<\/td>\n<\/tr>\n<tr style=\"height: 59px\">\n<td style=\"width: 22%;height: 59px\" width=\"22%\">\n<p><strong>Doctoral degree<\/strong><\/p>\n<\/td>\n<td style=\"width: 77.7424%;height: 59px\" width=\"433\">Sociology, 2014 (Semmelweis University, Doctoral School of Mental Health Sciences, Budapest)<\/td>\n<\/tr>\n<tr style=\"height: 75px\">\n<td style=\"width: 22%;height: 75px\" width=\"22%\">\n<p><strong>List of Publications<\/strong>\u00a0\u00a0<\/p>\n<\/td>\n<td style=\"width: 77.7424%;height: 75px\" width=\"77%\">\n<p><a href=\"https:\/\/lib.semmelweis.hu\/publications\/author\/10022683\" target=\"_blank\" rel=\"noopener noreferrer\">Semmelweis University Central Library author profile\u00a0<\/a><\/p>\n<\/td>\n<\/tr>\n<tr style=\"height: 75px\">\n<td style=\"width: 22%;height: 75px\" width=\"22%\">\n<p><strong>Researchgate, ORCID<\/strong><\/p>\n<\/td>\n<td style=\"width: 77.7424%;height: 75px\" width=\"412\">0000-0001-8512-6320<\/td>\n<\/tr>\n<tr style=\"height: 111px\">\n<td style=\"width: 22%;height: 111px\" width=\"22%\">\n<p><strong>Memberships and activities<\/strong><\/p>\n<\/td>\n<td style=\"width: 77.7424%;height: 111px\" width=\"433\">Member of the Hungarian Society of Pastoral Psychology since 2003, president of the society since 2014<br \/>Member of the Hungarian Psychodrama Association, since 2005<br \/>Member of the editorial board of &#8216;Embert\u00e1rs&#8217; Journal, since 2003<\/td>\n<\/tr>\n<tr style=\"height: 84px\">\n<td style=\"width: 22%;height: 84px\" width=\"22%\">\n<p><strong>Professional and research interest<\/strong><\/p>\n<\/td>\n<td style=\"width: 77.7424%;height: 84px\" width=\"433\">pastoral care, supportive relationships, psychodrama, well-being of support professionals, impact and effectiveness studies in support activities and education,<\/td>\n<\/tr>\n<tr style=\"height: 111px\">\n<td style=\"width: 22%;height: 111px\" width=\"22%\">\n<p><strong>Current research<\/strong>\u00a0\u00a0<\/p>\n<\/td>\n<td style=\"width: 77.7424%;height: 111px\" width=\"433\">Impact assessment of mental health support relationships 2020-; Examination of the well-being and changed life situation of helping professionals in the COVID-19 epidemic in Hungary 2020-;<\/td>\n<\/tr>\n<tr style=\"height: 102px\">\n<td style=\"width: 22%;height: 102px\" width=\"22%\">\n<p><strong>Other professional interest<\/strong><\/p>\n<\/td>\n<td style=\"width: 77.7424%;height: 102px\" width=\"433\">application of psychodrama in individual setting, self-knowledge, and spirituality<\/td>\n<\/tr>\n<tr style=\"height: 75px\">\n<td style=\"width: 22%;height: 75px\" width=\"22%\">\n<p><strong>Main publications<\/strong><\/p>\n<\/td>\n<td style=\"width: 77.7424%;height: 75px\" width=\"77%\">\n<p>T\u00f6r\u00f6k, G\u00e1bor P\u00e1l; Marlok, Zsuzsa; Martos, Tam\u00e1s (2016) Lehets\u00e9ges-e az \u00f6nszuperv\u00edzi\u00f3?: Az \u00f6nszuperv\u00edzi\u00f3 m\u00f3dszer\u00e9nek \u00e9s seg\u00edt\u0151k k\u00f6r\u00e9ben v\u00e9gzett hat\u00e9konys\u00e1gvizsg\u00e1lat\u00e1nak bemutat\u00e1sa, PSZICHOTER\u00c1PIA 25 : 3 pp. 211-221. , 11 p.<\/p>\n<p>T\u00f6r\u00f6k, G\u00e1bor P\u00e1l; Tomcs\u00e1nyi, Teod\u00f3ra.; Ittz\u00e9s, Andr\u00e1s; Martos, Tam\u00e1s; Semsey, G\u00e1bor.; Szab\u00f3, T\u00fcnde; Tes\u00e9nyi, T\u00edmea. (2011): Ein \u00f6kumenisches Modell der Weiterbildung in Seelsorge: Geschichte und Ergebnisse der Evaluationsforschung der Weiterbildung, , EJMH Vol 7 Issue 1, 24\u201356;<\/p>\n<p>Tomcs\u00e1nyi, Teod\u00f3ra ; T\u00f6r\u00f6k, G\u00e1bor P\u00e1l ; Cs\u00e1ky-Pallavicini, Roger ; Ittz\u00e9s, Andr\u00e1s ; Sallay, Viola; Martos, Tam\u00e1s; T\u00f6r\u00f6k, P\u00e9ter; Ittz\u00e9s, G\u00e1bor (2013) An Ecumenical, Interdisciplinary, and Integrating Specialization Program in Pastoral Counseling in East Central Europe. In: JOURNAL OF PSYCHOLOGY AND THEOLOGY 41 : 1 pp. 62-77. , 16 p. (2013)<\/p>\n<\/td>\n<\/tr>\n<\/tbody>\n<\/table>\n<p>&nbsp;<\/p>\n","protected":false},"excerpt":{"rendered":"<p>Position assistant professor; deputy director Telephone: +3620660389 University extension: 06-1-266-0878\/ 56 532 E-mail:\u00a0 torok.gabor@semmelweis.hu Qualifications Catholic faith teacher, 1998 (P\u00e1zm\u00e1ny P\u00e9ter Catholic University, Budapest)Teacher of Hungarian Language and Literature, 2002 (E\u00f6tv\u00f6s L\u00f3r\u00e1nd University, Budapest)Sports and Youth pastoral care, 2008 (Semmelweis University, Budapest)Psychodrama leader, 2011 (Hungarian Psychodrama Association, Budapest) Doctoral degree Sociology, 2014 (Semmelweis University, Doctoral &hellip;<\/p>\n","protected":false},"author":101898,"featured_media":0,"parent":43,"menu_order":3,"comment_status":"closed","ping_status":"closed","template":"","meta":{"_acf_changed":false,"footnotes":""},"categories":[],"tags":[],"class_list":["post-4723","page","type-page","status-publish","hentry"],"acf":[],"_links":{"self":[{"href":"https:\/\/semmelweis.hu\/mental\/wp-json\/wp\/v2\/pages\/4723","targetHints":{"allow":["GET"]}}],"collection":[{"href":"https:\/\/semmelweis.hu\/mental\/wp-json\/wp\/v2\/pages"}],"about":[{"href":"https:\/\/semmelweis.hu\/mental\/wp-json\/wp\/v2\/types\/page"}],"author":[{"embeddable":true,"href":"https:\/\/semmelweis.hu\/mental\/wp-json\/wp\/v2\/users\/101898"}],"replies":[{"embeddable":true,"href":"https:\/\/semmelweis.hu\/mental\/wp-json\/wp\/v2\/comments?post=4723"}],"version-history":[{"count":6,"href":"https:\/\/semmelweis.hu\/mental\/wp-json\/wp\/v2\/pages\/4723\/revisions"}],"predecessor-version":[{"id":6781,"href":"https:\/\/semmelweis.hu\/mental\/wp-json\/wp\/v2\/pages\/4723\/revisions\/6781"}],"up":[{"embeddable":true,"href":"https:\/\/semmelweis.hu\/mental\/wp-json\/wp\/v2\/pages\/43"}],"wp:attachment":[{"href":"https:\/\/semmelweis.hu\/mental\/wp-json\/wp\/v2\/media?parent=4723"}],"wp:term":[{"taxonomy":"category","embeddable":true,"href":"https:\/\/semmelweis.hu\/mental\/wp-json\/wp\/v2\/categories?post=4723"},{"taxonomy":"post_tag","embeddable":true,"href":"https:\/\/semmelweis.hu\/mental\/wp-json\/wp\/v2\/tags?post=4723"}],"curies":[{"name":"wp","href":"https:\/\/api.w.org\/{rel}","templated":true}]}}