{"id":4718,"date":"2021-06-30T14:00:35","date_gmt":"2021-06-30T12:00:35","guid":{"rendered":"https:\/\/semmelweis.hu\/mental\/?page_id=4718"},"modified":"2024-10-07T12:07:27","modified_gmt":"2024-10-07T10:07:27","slug":"zsuzsanna-jaki","status":"publish","type":"page","link":"https:\/\/semmelweis.hu\/mental\/en\/home\/teaching-and-research-staff\/zsuzsanna-jaki\/","title":{"rendered":"Zsuzsanna J\u00e1ki, PhD"},"content":{"rendered":"<p><img loading=\"lazy\" decoding=\"async\" class=\"alignnone  wp-image-4335\" src=\"https:\/\/semmelweis.hu\/mental\/files\/2021\/02\/J\u00e1ki_Zsuzsanna-300x200.png\" alt=\"\" width=\"213\" height=\"142\" srcset=\"https:\/\/semmelweis.hu\/mental\/files\/2021\/02\/J\u00e1ki_Zsuzsanna-300x200.png 300w, https:\/\/semmelweis.hu\/mental\/files\/2021\/02\/J\u00e1ki_Zsuzsanna-1024x684.png 1024w, https:\/\/semmelweis.hu\/mental\/files\/2021\/02\/J\u00e1ki_Zsuzsanna-768x513.png 768w, https:\/\/semmelweis.hu\/mental\/files\/2021\/02\/J\u00e1ki_Zsuzsanna-1536x1025.png 1536w, https:\/\/semmelweis.hu\/mental\/files\/2021\/02\/J\u00e1ki_Zsuzsanna-2048x1367.png 2048w, https:\/\/semmelweis.hu\/mental\/files\/2021\/02\/J\u00e1ki_Zsuzsanna-753x503.png 753w, https:\/\/semmelweis.hu\/mental\/files\/2021\/02\/J\u00e1ki_Zsuzsanna-203x135.png 203w\" sizes=\"auto, (max-width: 213px) 100vw, 213px\" \/><\/p>\n<table style=\"width: 100%;height: 1589px\" width=\"100%\">\n<tbody>\n<tr style=\"height: 43px\">\n<td style=\"width: 22%;height: 43px\" width=\"22%\">\n<p><strong>Position <\/strong><\/p>\n<\/td>\n<td style=\"width: 77%;height: 43px\" width=\"77%\">\n<p>assistant professor<\/p>\n<\/td>\n<\/tr>\n<tr style=\"height: 43px\">\n<td style=\"width: 22%;height: 43px\" width=\"22%\">\n<p><strong>Telephone and university extension<\/strong><\/p>\n<\/td>\n<td style=\"width: 77%;height: 43px\">06-1-459-1500 \/<strong>56532<\/strong><\/td>\n<\/tr>\n<tr style=\"height: 51px\">\n<td style=\"width: 22%;height: 51px\" width=\"22%\">\n<p><strong>E-mail:<\/strong>\u00a0<\/p>\n<\/td>\n<td style=\"width: 77%;height: 51px\">\n<p>jaki.zsuzsa@semmelweis.hu<\/p>\n<\/td>\n<\/tr>\n<tr style=\"height: 43px\">\n<td style=\"width: 22%;height: 43px\" width=\"22%\">\n<p><strong>Qualifications<\/strong><\/p>\n<\/td>\n<td style=\"width: 77%;height: 43px\" width=\"77%\">\n<p>clinical psychologist, catholic faith teacher<\/p>\n<\/td>\n<\/tr>\n<tr style=\"height: 131px\">\n<td style=\"width: 22%;height: 131px\" width=\"22%\">\n<p><strong>Doctoral degree<\/strong><\/p>\n<\/td>\n<td style=\"width: 77%;height: 131px\" width=\"77%\">\n<p>Ph.D. in sociology, 2020, Semmelweis University<\/p>\n<p>The Appearance of Spirituality in the Training and in the Professional Relations of Psychotherapists, and in their Cooperation with Spiritual Directors.<\/p>\n<\/td>\n<\/tr>\n<tr style=\"height: 67px\">\n<td style=\"width: 22%;height: 67px\" width=\"22%\">\n<p><strong>List of Publications<\/strong>\u00a0<\/p>\n<\/td>\n<td style=\"width: 77%;height: 67px\" width=\"375\"><a href=\"https:\/\/m2.mtmt.hu\/gui2\/?type=authors&amp;mode=browse&amp;sel=10044185&amp;view=simpleList\" target=\"_blank\" rel=\"noopener noreferrer\">Hungarian Scientific Bibliography\u00a0<\/a><\/td>\n<\/tr>\n<tr style=\"height: 67px\">\n<td style=\"width: 22%;height: 67px\" width=\"22%\">\n<p><strong>Researchgate, ORCID<\/strong><\/p>\n<\/td>\n<td style=\"width: 77%;height: 67px\" width=\"77%\">\n<p>ORCID: 0000-0001-6405-1219\u00a0<\/p>\n<p>Researcher ID: 2917856<\/p>\n<\/td>\n<\/tr>\n<tr style=\"height: 67px\">\n<td style=\"width: 22%;height: 67px\" width=\"22%\">\n<p><strong>Memberships and activities<\/strong><\/p>\n<\/td>\n<td style=\"width: 77%;height: 67px\" width=\"77%\">\n<p>Hungarian Chamber of Medicine<\/p>\n<\/td>\n<\/tr>\n<tr style=\"height: 91px\">\n<td style=\"width: 22%;height: 94px\" width=\"22%\">\n<p><strong>Professional and research interest<\/strong><\/p>\n<\/td>\n<td style=\"width: 77%;height: 94px\" width=\"77%\">\n<p>psychology of religion<\/p>\n<p>assessment of mental health supporting relationships<\/p>\n<\/td>\n<\/tr>\n<tr style=\"height: 67px\">\n<td style=\"width: 22%;height: 67px\" width=\"22%\">\n<p><strong>Current research<\/strong>\u00a0\u00a0<\/p>\n<\/td>\n<td style=\"width: 77%;height: 67px\" width=\"77%\">\n<p>outcome effectiveness of mental health supporting relationships<\/p>\n<\/td>\n<\/tr>\n<tr style=\"height: 91px\">\n<td style=\"width: 22%;height: 91px\" width=\"22%\">\n<p><strong>Other professional interest<\/strong><\/p>\n<\/td>\n<td style=\"width: 77%;height: 91px\" width=\"77%\">\n<p>&nbsp;<\/p>\n<\/td>\n<\/tr>\n<tr style=\"height: 715px\">\n<td style=\"width: 22%;height: 715px\" width=\"22%\">\n<p><strong>Main publications<\/strong><\/p>\n<\/td>\n<td style=\"width: 77%;height: 715px\" width=\"77%\">\n<p>J\u00e1ki, Zsuzsanna ; Tomcs\u00e1nyi, Teod\u00f3ra ; Kiri, Edit ; Sallay, Viola ; Ittz\u00e9s, Andr\u00e1s (2019): A spiritualit\u00e1s megjelen\u00e9se a pszichoterapeut\u00e1k k\u00f6z\u00f6tti szakmai kapcsolatokban &#8211; egy hazai kvalitat\u00edv kutat\u00e1s eredm\u00e9nyei [The appearance of spirituality in the professional relations of psychotherapists \u2013 outcomes of a Hungarian qualitative study] IN: PSZICHOTER\u00c1PIA 28 : 2 pp. 106-116.,11 p.\u00a0<\/p>\n<p>J\u00e1ki, Zsuzsanna; Ittz\u00e9s, Andr\u00e1s; Kiri A., Edith ; Sallay, Viola; K\u0151v\u00e1ri, Magdolna; Tomcs\u00e1nyi, Teod\u00f3ra (2019): Hungarian psychotherapists\u2019 experiences of the cooperation with spiritual directors and pastoral counselors.: A Qualitative Study IN: EUROPEAN JOURNAL OF MENTAL HEALTH 14: 1 pp.78-108., 31p.<\/p>\n<p>Tomcs\u00e1nyi, Teod\u00f3ra; Sallay, Viola; J\u00e1ki, Zsuzsanna; T\u00f6r\u00f6k, P\u00e9ter; Szab\u00f3, T\u00fcnde; Ittz\u00e9s, Andr\u00e1s; Cs\u00e1ky-<br \/>Pallavicini, Krisztina; Kiri, Edith A ; Horv\u00e1th-Szab\u00f3, Katalin; Martos, Tam\u00e1s et al. (2017) Spirituality in Psychotherapy. An Analysis of Hungarian Psychoterapists\u2019 Experiences \u2013 A Grounded Theory Study. IN: ARCHIVE FOR THE PSYCHOLOGY OF RELIGION-ARCHIV FUR RELIGIONSPSYCHOLOGIE 39 : 3 pp. 235-262. , 28 p.<\/p>\n<p>J\u00e1ki Zs, Tomcs\u00e1nyi T, Ittz\u00e9s A. (2016): Spiritualit\u00e1s, vall\u00e1s \u00e9s pszichoterapeuta k\u00e9pz\u00e9s: mit, mi\u00e9rt, hogyan? [Spirituality, religion and psychotherapeutic training: what, why, how?] In: PSZICHOTER\u00c1PIA, 2016: 25 (4), 291-300.<\/p>\n<\/td>\n<\/tr>\n<\/tbody>\n<\/table>\n<p>&nbsp;<\/p>\n","protected":false},"excerpt":{"rendered":"<p>Position assistant professor Telephone and university extension 06-1-459-1500 \/56532 E-mail:\u00a0 jaki.zsuzsa@semmelweis.hu Qualifications clinical psychologist, catholic faith teacher Doctoral degree Ph.D. in sociology, 2020, Semmelweis University The Appearance of Spirituality in the Training and in the Professional Relations of Psychotherapists, and in their Cooperation with Spiritual Directors. List of Publications\u00a0 <a href=\"https:\/\/m2.mtmt.hu\/gui2\/?type=authors&amp;mode=browse&amp;sel=10044185&amp;view=simpleList\" target=\"_blank\" rel=\"noopener noreferrer\">Hungarian Scientific Bibliography\u00a0<\/a> Researchgate, ORCID ORCID: 0000-0001-6405-1219\u00a0 Researcher ID: &hellip;<\/p>\n","protected":false},"author":101898,"featured_media":0,"parent":43,"menu_order":17,"comment_status":"closed","ping_status":"closed","template":"","meta":{"_acf_changed":false,"footnotes":""},"categories":[],"tags":[],"class_list":["post-4718","page","type-page","status-publish","hentry"],"acf":[],"_links":{"self":[{"href":"https:\/\/semmelweis.hu\/mental\/wp-json\/wp\/v2\/pages\/4718","targetHints":{"allow":["GET"]}}],"collection":[{"href":"https:\/\/semmelweis.hu\/mental\/wp-json\/wp\/v2\/pages"}],"about":[{"href":"https:\/\/semmelweis.hu\/mental\/wp-json\/wp\/v2\/types\/page"}],"author":[{"embeddable":true,"href":"https:\/\/semmelweis.hu\/mental\/wp-json\/wp\/v2\/users\/101898"}],"replies":[{"embeddable":true,"href":"https:\/\/semmelweis.hu\/mental\/wp-json\/wp\/v2\/comments?post=4718"}],"version-history":[{"count":6,"href":"https:\/\/semmelweis.hu\/mental\/wp-json\/wp\/v2\/pages\/4718\/revisions"}],"predecessor-version":[{"id":6786,"href":"https:\/\/semmelweis.hu\/mental\/wp-json\/wp\/v2\/pages\/4718\/revisions\/6786"}],"up":[{"embeddable":true,"href":"https:\/\/semmelweis.hu\/mental\/wp-json\/wp\/v2\/pages\/43"}],"wp:attachment":[{"href":"https:\/\/semmelweis.hu\/mental\/wp-json\/wp\/v2\/media?parent=4718"}],"wp:term":[{"taxonomy":"category","embeddable":true,"href":"https:\/\/semmelweis.hu\/mental\/wp-json\/wp\/v2\/categories?post=4718"},{"taxonomy":"post_tag","embeddable":true,"href":"https:\/\/semmelweis.hu\/mental\/wp-json\/wp\/v2\/tags?post=4718"}],"curies":[{"name":"wp","href":"https:\/\/api.w.org\/{rel}","templated":true}]}}