{"id":4678,"date":"2021-06-30T11:16:56","date_gmt":"2021-06-30T09:16:56","guid":{"rendered":"https:\/\/semmelweis.hu\/mental\/?page_id=4678"},"modified":"2021-06-30T11:16:56","modified_gmt":"2021-06-30T09:16:56","slug":"mentalhigienes-csaladtudomanyi-es-csaladterapias-mesterkepzes","status":"publish","type":"page","link":"https:\/\/semmelweis.hu\/mental\/mesterkepzesek\/lezarult-kepzesek\/mentalhigienes-csaladtudomanyi-es-csaladterapias-mesterkepzes\/","title":{"rendered":"Ment\u00e1lhigi\u00e9n\u00e9s csal\u00e1dtudom\u00e1nyi \u00e9s csal\u00e1dter\u00e1pi\u00e1s mesterk\u00e9pz\u00e9s"},"content":{"rendered":"<p>A Semmelweis Egyetem Eg\u00e9szs\u00e9g\u00fcgyi K\u00f6zszolg\u00e1lati Kar Ment\u00e1lhigi\u00e9n\u00e9 Int\u00e9zete \u00e1ltal alap\u00edtott \u00e9s a 38\/2014. (IV. 30.) EMMI rendelet 19. \u00a7 (4), 14. mell\u00e9klet r\u00e9v\u00e9n meghirdetett \u201eMent\u00e1lhigi\u00e9n\u00e9s csal\u00e1dtudom\u00e1nyi \u00e9s csal\u00e1dter\u00e1pi\u00e1s mesterk\u00e9pz\u00e9si szak\u201d k\u00e9t \u00e9vfolyamon val\u00f3sult meg az SE EKK Ment\u00e1lhigi\u00e9n\u00e9 Int\u00e9zet szervez\u00e9s\u00e9ben: 2015 szeptember \u00e9s 2017 j\u00faniusa (els\u0151 \u00e9vfolyam), valamint 2018 febru\u00e1rja \u00e9s 2020 janu\u00e1rja (m\u00e1sodik \u00e9vfolyam) k\u00f6z\u00f6tt.<\/p>\n<p>A k\u00e9pz\u00e9sben szerezhet\u0151 v\u00e9gzetts\u00e9g: okleveles ment\u00e1lhigi\u00e9n\u00e9s csal\u00e1dtudom\u00e1nyi \u00e9s csal\u00e1dter\u00e1pi\u00e1s szakember.<\/p>\n<p>A szak elnevez\u00e9se \u00e9s tartalma m\u00f3dos\u00edt\u00e1sra ker\u00fclt a 2020. \u00e9vben, melynek keret\u00e9ben a kor\u00e1bbi szak 139\/2015. (VI. 9.) Korm. rendelet (a tov\u00e1bbiakban: Korm. rendelet) 2020. szeptember 1-jei hat\u00e1llyal t\u00f6rt\u00e9nt m\u00f3dos\u00edt\u00e1sa \u00e9rtelm\u00e9ben a \u201eMent\u00e1lhigi\u00e9n\u00e9s csal\u00e1dtudom\u00e1nyi \u00e9s csal\u00e1dter\u00e1pi\u00e1s mesterk\u00e9pz\u00e9si szak\u201d kiker\u00fclt a fels\u0151oktat\u00e1si k\u00e9pes\u00edt\u00e9si jegyz\u00e9kb\u0151l.<\/p>\n<p>A Semmelweis Egyetem Eg\u00e9szs\u00e9g\u00fcgyi K\u00f6zszolg\u00e1lati Kar Ment\u00e1lhigi\u00e9n\u00e9 Int\u00e9zete 2021 szeptember\u00e9t\u0151l \u201eInterdiszciplin\u00e1ris csal\u00e1dtudom\u00e1nyi mesterk\u00e9pz\u00e9si szak\u201d n\u00e9ven ind\u00edtja \u00faj, t\u00e1rsadalomtudom\u00e1nyi besorol\u00e1s\u00fa k\u00e9pz\u00e9s\u00e9t. Ez ut\u00f3bbi szakr\u00f3l b\u0151vebb inform\u00e1ci\u00f3<a href=\"https:\/\/semmelweis.hu\/mental\/mesterkepzesek\/interdiszciplinaris-csaladtudomany\/\" target=\"_blank\" rel=\"noopener noreferrer\"> itt<\/a> tal\u00e1lhat\u00f3.<\/p>\n<p>&nbsp;<\/p>\n","protected":false},"excerpt":{"rendered":"<p>A Semmelweis Egyetem Eg\u00e9szs\u00e9g\u00fcgyi K\u00f6zszolg\u00e1lati Kar Ment\u00e1lhigi\u00e9n\u00e9 Int\u00e9zete \u00e1ltal alap\u00edtott \u00e9s a 38\/2014. (IV. 30.) EMMI rendelet 19. \u00a7 (4), 14. mell\u00e9klet r\u00e9v\u00e9n meghirdetett \u201eMent\u00e1lhigi\u00e9n\u00e9s csal\u00e1dtudom\u00e1nyi \u00e9s csal\u00e1dter\u00e1pi\u00e1s mesterk\u00e9pz\u00e9si szak\u201d k\u00e9t \u00e9vfolyamon val\u00f3sult meg az SE EKK Ment\u00e1lhigi\u00e9n\u00e9 Int\u00e9zet szervez\u00e9s\u00e9ben: 2015 szeptember \u00e9s 2017 j\u00faniusa (els\u0151 \u00e9vfolyam), valamint 2018 febru\u00e1rja \u00e9s 2020 janu\u00e1rja (m\u00e1sodik \u00e9vfolyam) &hellip;<\/p>\n","protected":false},"author":101898,"featured_media":0,"parent":4553,"menu_order":0,"comment_status":"closed","ping_status":"closed","template":"","meta":{"_acf_changed":false,"footnotes":""},"categories":[],"tags":[],"class_list":["post-4678","page","type-page","status-publish","hentry"],"acf":[],"_links":{"self":[{"href":"https:\/\/semmelweis.hu\/mental\/wp-json\/wp\/v2\/pages\/4678","targetHints":{"allow":["GET"]}}],"collection":[{"href":"https:\/\/semmelweis.hu\/mental\/wp-json\/wp\/v2\/pages"}],"about":[{"href":"https:\/\/semmelweis.hu\/mental\/wp-json\/wp\/v2\/types\/page"}],"author":[{"embeddable":true,"href":"https:\/\/semmelweis.hu\/mental\/wp-json\/wp\/v2\/users\/101898"}],"replies":[{"embeddable":true,"href":"https:\/\/semmelweis.hu\/mental\/wp-json\/wp\/v2\/comments?post=4678"}],"version-history":[{"count":1,"href":"https:\/\/semmelweis.hu\/mental\/wp-json\/wp\/v2\/pages\/4678\/revisions"}],"predecessor-version":[{"id":4679,"href":"https:\/\/semmelweis.hu\/mental\/wp-json\/wp\/v2\/pages\/4678\/revisions\/4679"}],"up":[{"embeddable":true,"href":"https:\/\/semmelweis.hu\/mental\/wp-json\/wp\/v2\/pages\/4553"}],"wp:attachment":[{"href":"https:\/\/semmelweis.hu\/mental\/wp-json\/wp\/v2\/media?parent=4678"}],"wp:term":[{"taxonomy":"category","embeddable":true,"href":"https:\/\/semmelweis.hu\/mental\/wp-json\/wp\/v2\/categories?post=4678"},{"taxonomy":"post_tag","embeddable":true,"href":"https:\/\/semmelweis.hu\/mental\/wp-json\/wp\/v2\/tags?post=4678"}],"curies":[{"name":"wp","href":"https:\/\/api.w.org\/{rel}","templated":true}]}}