{"id":4669,"date":"2021-06-28T15:57:11","date_gmt":"2021-06-28T13:57:11","guid":{"rendered":"https:\/\/semmelweis.hu\/mental\/?page_id=4669"},"modified":"2026-02-20T16:02:30","modified_gmt":"2026-02-20T15:02:30","slug":"kontaktszemelyek","status":"publish","type":"page","link":"https:\/\/semmelweis.hu\/mental\/szakiranyu-kepzesek\/csalad-lelkigondozo-tovabbkepzes\/kontaktszemelyek\/","title":{"rendered":"Kontaktszem\u00e9lyek"},"content":{"rendered":"<h6><strong>H\u00e1zass\u00e1g- \u00e9s csal\u00e1d-lelkigondoz\u00f3 szakir\u00e1ny\u00fa tov\u00e1bbk\u00e9pz\u00e9si szak\u00a0<\/strong><\/h6>\n<p><strong>Dr. Szab\u00f3-J\u00e1ki Zsuzsanna<\/strong> &#8211; k\u00e9pz\u00e9sfelel\u0151s<\/p>\n<p>E-mail:\u00a0<span style=\"color: #3366ff\"><a href=\"mailto:jaki.zsuzsa@semmelweis.hu\" target=\"_blank\" rel=\"noopener\"><span style=\"text-decoration: none\">jaki.zsuzsa@semmelweis.hu<\/span><\/a><\/span><\/p>\n<p>Tel.: +36\/1\/459-1500 \/mell\u00e9k: 56532\u00a0<\/p>\n<p><strong>Dr. J\u00e1ray M\u00e1rton<\/strong> &#8211; helyettes k\u00e9pz\u00e9sfelel\u0151s<\/p>\n<p>E-mail: <span style=\"color: #3366ff\"><a href=\"mailto:jaray.marton@semmelweis.hu\" target=\"_blank\" rel=\"noopener\">jaray.marton@semmelweis.hu<\/a><\/span><\/p>\n<p>Tel: +36\/1\/ 459-1500 \/ mell\u00e9k: 56535<\/p>\n<p><strong>Dr. T\u00f6r\u00f6k G\u00e1bor &#8211; <\/strong>oktat\u00f3<\/p>\n<p>E-mail:<span style=\"color: #3366ff\"><span style=\"text-decoration: none\"> <a href=\"mailto:torok.gabor@semmelweis.hu\" target=\"_blank\" rel=\"noopener\">torok.gabor@semmelweis.hu<\/a><\/span><\/span><\/p>\n<p>Tel.: +36\/1\/459-1500 \/mell\u00e9k: 56532\u00a0<\/p>\n<p><strong>Dr. Jo\u00f3b M\u00e1t\u00e9 &#8211; <\/strong>oktat\u00f3<\/p>\n<p>E-mail:<span style=\"color: #3366ff\">\u00a0<a href=\"mailto:joob.mate@semmelweis.hu\" target=\"_blank\" rel=\"noopener\"><span style=\"text-decoration: none\">joob.mate@semmelweis.hu<\/span><\/a><\/span><\/p>\n<p>Tel.: +36\/1\/459-1500 \/mell\u00e9k: 56531\u00a0<\/p>\n<p><strong>Fogarasi Katalin Krisztina<\/strong> &#8211; oktat\u00e1sszervez\u0151<\/p>\n<p>Email: <a href=\"mailto:fogarasi.katalin.krisztina@semmelweis.hu\" target=\"_blank\" rel=\"noopener\">fogarasi.katalin.krisztina@semmelweis.hu<\/a><\/p>\n<p>Tel.: <span data-olk-copy-source=\"MessageBody\">+36 20 6632398<\/span><\/p>\n<p><strong>Kormos Zsuzsa &#8211; <\/strong>tanulm\u00e1nyi \u00fcgyint\u00e9z\u0151<\/p>\n<p>E-mail: <span style=\"color: #000000\"><a href=\"mailto:csatari.aniko@semmelweis.hu\" target=\"_blank\" rel=\"noopener\"><strong>kormos.zsuzsanna@semmelweis.hu<\/strong><\/a><\/span><\/p>\n<p>Tel.: +36 20 6701032<\/p>\n<hr \/>\n<p><strong>Tov\u00e1bbi inform\u00e1ci\u00f3k a h\u00e1zass\u00e1g- \u00e9s csal\u00e1d-lelkigondoz\u00f3 szakir\u00e1ny\u00fa tov\u00e1bbk\u00e9pz\u00e9si szakr\u00f3l<\/strong><\/p>\n<ul class=\"children\" style=\"list-style-type: square\">\n<li class=\"page_item page-item-4634 current_page_item\"><a href=\"https:\/\/semmelweis.hu\/mental\/szakiranyu-kepzesek\/csalad-lelkigondozo-tovabbkepzes\/a-kepzes-bemutatasa\/\" target=\"_blank\" rel=\"noopener\">A k\u00e9pz\u00e9s bemutat\u00e1sa<\/a><\/li>\n<li class=\"page_item page-item-4642\"><a href=\"https:\/\/semmelweis.hu\/mental\/szakiranyu-kepzesek\/csalad-lelkigondozo-tovabbkepzes\/tanulmanyi-program\/\" target=\"_blank\" rel=\"noopener\">Tanulm\u00e1nyi program<\/a><\/li>\n<li class=\"page_item page-item-4661\"><a href=\"https:\/\/semmelweis.hu\/mental\/szakiranyu-kepzesek\/csalad-lelkigondozo-tovabbkepzes\/felvetel-a-kepzesre\/\" target=\"_blank\" rel=\"noopener\">Felv\u00e9tel a k\u00e9pz\u00e9sre<\/a><\/li>\n<\/ul>\n","protected":false},"excerpt":{"rendered":"<p>H\u00e1zass\u00e1g- \u00e9s csal\u00e1d-lelkigondoz\u00f3 szakir\u00e1ny\u00fa tov\u00e1bbk\u00e9pz\u00e9si szak\u00a0 Dr. Szab\u00f3-J\u00e1ki Zsuzsanna &#8211; k\u00e9pz\u00e9sfelel\u0151s E-mail:\u00a0 <a href=\"mailto:jaki.zsuzsa@semmelweis.hu\" target=\"_blank\" rel=\"noopener\">jaki.zsuzsa@semmelweis.hu<\/a> Tel.: +36\/1\/459-1500 \/mell\u00e9k: 56532\u00a0 Dr. J\u00e1ray M\u00e1rton &#8211; helyettes k\u00e9pz\u00e9sfelel\u0151s E-mail: <a href=\"mailto:jaray.marton@semmelweis.hu\" target=\"_blank\" rel=\"noopener\">jaray.marton@semmelweis.hu<\/a> Tel: +36\/1\/ 459-1500 \/ mell\u00e9k: 56535 Dr. T\u00f6r\u00f6k G\u00e1bor &#8211; oktat\u00f3 E-mail: <a href=\"mailto:torok.gabor@semmelweis.hu\" target=\"_blank\" rel=\"noopener\">torok.gabor@semmelweis.hu<\/a> Tel.: +36\/1\/459-1500 \/mell\u00e9k: 56532\u00a0 Dr. Jo\u00f3b M\u00e1t\u00e9 &#8211; oktat\u00f3 E-mail:\u00a0 <a href=\"mailto:joob.mate@semmelweis.hu\" target=\"_blank\" rel=\"noopener\">joob.mate@semmelweis.hu<\/a> Tel.: +36\/1\/459-1500 \/mell\u00e9k: 56531\u00a0 Fogarasi Katalin Krisztina &#8211; oktat\u00e1sszervez\u0151 Email: &hellip;<\/p>\n","protected":false},"author":101898,"featured_media":0,"parent":4629,"menu_order":4,"comment_status":"closed","ping_status":"closed","template":"","meta":{"_acf_changed":false,"footnotes":""},"categories":[],"tags":[],"class_list":["post-4669","page","type-page","status-publish","hentry"],"acf":[],"_links":{"self":[{"href":"https:\/\/semmelweis.hu\/mental\/wp-json\/wp\/v2\/pages\/4669","targetHints":{"allow":["GET"]}}],"collection":[{"href":"https:\/\/semmelweis.hu\/mental\/wp-json\/wp\/v2\/pages"}],"about":[{"href":"https:\/\/semmelweis.hu\/mental\/wp-json\/wp\/v2\/types\/page"}],"author":[{"embeddable":true,"href":"https:\/\/semmelweis.hu\/mental\/wp-json\/wp\/v2\/users\/101898"}],"replies":[{"embeddable":true,"href":"https:\/\/semmelweis.hu\/mental\/wp-json\/wp\/v2\/comments?post=4669"}],"version-history":[{"count":11,"href":"https:\/\/semmelweis.hu\/mental\/wp-json\/wp\/v2\/pages\/4669\/revisions"}],"predecessor-version":[{"id":9048,"href":"https:\/\/semmelweis.hu\/mental\/wp-json\/wp\/v2\/pages\/4669\/revisions\/9048"}],"up":[{"embeddable":true,"href":"https:\/\/semmelweis.hu\/mental\/wp-json\/wp\/v2\/pages\/4629"}],"wp:attachment":[{"href":"https:\/\/semmelweis.hu\/mental\/wp-json\/wp\/v2\/media?parent=4669"}],"wp:term":[{"taxonomy":"category","embeddable":true,"href":"https:\/\/semmelweis.hu\/mental\/wp-json\/wp\/v2\/categories?post=4669"},{"taxonomy":"post_tag","embeddable":true,"href":"https:\/\/semmelweis.hu\/mental\/wp-json\/wp\/v2\/tags?post=4669"}],"curies":[{"name":"wp","href":"https:\/\/api.w.org\/{rel}","templated":true}]}}