{"id":4642,"date":"2021-06-21T16:10:55","date_gmt":"2021-06-21T14:10:55","guid":{"rendered":"https:\/\/semmelweis.hu\/mental\/?page_id=4642"},"modified":"2025-12-04T15:08:39","modified_gmt":"2025-12-04T14:08:39","slug":"tanulmanyi-program","status":"publish","type":"page","link":"https:\/\/semmelweis.hu\/mental\/szakiranyu-kepzesek\/csalad-lelkigondozo-tovabbkepzes\/tanulmanyi-program\/","title":{"rendered":"Tanulm\u00e1nyi program"},"content":{"rendered":"<h6 style=\"text-align: justify\"><strong>A ment\u00e1lhigi\u00e9n\u00e9s h\u00e1zass\u00e1g- \u00e9s csal\u00e1d-lelkigondoz\u00f3 szakir\u00e1ny\u00fa tov\u00e1bbk\u00e9pz\u00e9si szak tanterve \u00e9s tant\u00e1rgyi programja<\/strong><\/h6>\n<p style=\"margin-top: 0cm;background: white;text-align: justify\"><span style=\"font-size: 15.0pt;color: #1e2326\">A Ment\u00e1lhigi\u00e9n\u00e9s H\u00e1zass\u00e1g- \u00e9s Csal\u00e1d-lelkigondoz\u00f3 Szakir\u00e1ny\u00fa Tov\u00e1bbk\u00e9pz\u00e9si Szak\u00a0<strong>2024-2026-os \u00e9vfolyam\u00e1nak elfogadott tanterve \u00e9s tant\u00e1rgyi programja<\/strong> let\u00f6lthet\u0151 innen: <strong><a href=\"https:\/\/semmelweis.hu\/mental\/files\/2024\/09\/SE_EKK_MHI_Hazassaglelkigondozo_tanulmanyi-tajekoztato_2024_2026_KT.pdf\" target=\"_blank\" rel=\"noopener\">Tanulmanyi Tajekoztato<\/a><\/strong><\/span><\/p>\n<p style=\"margin-top: 0cm;background: white;text-align: justify\"><span style=\"font-size: 15.0pt;color: #1e2326\">A dokumentum t\u00e1j\u00e9koztat\u00e1st ny\u00fajt a tanulm\u00e1nyi program r\u00e9szleteir\u0151l: az egyes st\u00fadiumokr\u00f3l \u00e9s azok tartalm\u00e1r\u00f3l; a k\u00f6vetelm\u00e9nyekr\u0151l, a jelenl\u00e9ti k\u00f6telezetts\u00e9gekr\u0151l \u00e9s m\u00e1s fontos tanulm\u00e1nyi k\u00e9rd\u00e9sekr\u0151l.\u00a0<\/span><\/p>\n<p style=\"margin-top: 0cm;background: white;text-align: justify\"><span style=\"font-size: 15.0pt;color: #1e2326\"><strong>Az adott f\u00e9l\u00e9vi tant\u00e1rgyak szakirodalmaira, pontos k\u00f6vetelm\u00e9nyeire \u00e9s t\u00e9telsoraira vonatkoz\u00f3 inform\u00e1ci\u00f3kr\u00f3l a jelenlegi hallgat\u00f3ink mindig az aktu\u00e1lis f\u00e9l\u00e9v eleji h\u00edrlev\u00e9lb\u0151l tudnak \u00e9rtes\u00fclni.<\/strong><\/span><\/p>\n<p>Friss\u00edtve: 2024. szeptember 19.<\/p>\n<hr \/>\n<p><strong>Tov\u00e1bbi inform\u00e1ci\u00f3k a h\u00e1zass\u00e1g- \u00e9s csal\u00e1d-lelkigondoz\u00f3 szakir\u00e1ny\u00fa tov\u00e1bbk\u00e9pz\u00e9si szakr\u00f3l<\/strong><\/p>\n<ul class=\"children\" style=\"list-style-type: square\">\n<li class=\"page_item page-item-4634 current_page_item\"><a href=\"https:\/\/semmelweis.hu\/mental\/szakiranyu-kepzesek\/csalad-lelkigondozo-tovabbkepzes\/a-kepzes-bemutatasa\/\">A k\u00e9pz\u00e9s bemutat\u00e1sa<\/a><\/li>\n<li class=\"page_item page-item-4661\"><a href=\"https:\/\/semmelweis.hu\/mental\/szakiranyu-kepzesek\/csalad-lelkigondozo-tovabbkepzes\/felvetel-a-kepzesre\/\">Felv\u00e9tel a k\u00e9pz\u00e9sre<\/a><\/li>\n<li class=\"page_item page-item-4669\"><a href=\"https:\/\/semmelweis.hu\/mental\/szakiranyu-kepzesek\/csalad-lelkigondozo-tovabbkepzes\/kontaktszemelyek\/\">Kontaktszem\u00e9lyek<\/a><\/li>\n<\/ul>\n","protected":false},"excerpt":{"rendered":"<p>A ment\u00e1lhigi\u00e9n\u00e9s h\u00e1zass\u00e1g- \u00e9s csal\u00e1d-lelkigondoz\u00f3 szakir\u00e1ny\u00fa tov\u00e1bbk\u00e9pz\u00e9si szak tanterve \u00e9s tant\u00e1rgyi programja A Ment\u00e1lhigi\u00e9n\u00e9s H\u00e1zass\u00e1g- \u00e9s Csal\u00e1d-lelkigondoz\u00f3 Szakir\u00e1ny\u00fa Tov\u00e1bbk\u00e9pz\u00e9si Szak\u00a02024-2026-os \u00e9vfolyam\u00e1nak elfogadott tanterve \u00e9s tant\u00e1rgyi programja let\u00f6lthet\u0151 innen: <a href=\"https:\/\/semmelweis.hu\/mental\/files\/2024\/09\/SE_EKK_MHI_Hazassaglelkigondozo_tanulmanyi-tajekoztato_2024_2026_KT.pdf\" target=\"_blank\" rel=\"noopener\">Tanulmanyi Tajekoztato<\/a> A dokumentum t\u00e1j\u00e9koztat\u00e1st ny\u00fajt a tanulm\u00e1nyi program r\u00e9szleteir\u0151l: az egyes st\u00fadiumokr\u00f3l \u00e9s azok tartalm\u00e1r\u00f3l; a k\u00f6vetelm\u00e9nyekr\u0151l, a jelenl\u00e9ti k\u00f6telezetts\u00e9gekr\u0151l \u00e9s m\u00e1s fontos tanulm\u00e1nyi k\u00e9rd\u00e9sekr\u0151l.\u00a0 Az adott f\u00e9l\u00e9vi &hellip;<\/p>\n","protected":false},"author":101898,"featured_media":0,"parent":4629,"menu_order":2,"comment_status":"closed","ping_status":"closed","template":"","meta":{"_acf_changed":false,"footnotes":""},"categories":[],"tags":[],"class_list":["post-4642","page","type-page","status-publish","hentry"],"acf":[],"_links":{"self":[{"href":"https:\/\/semmelweis.hu\/mental\/wp-json\/wp\/v2\/pages\/4642","targetHints":{"allow":["GET"]}}],"collection":[{"href":"https:\/\/semmelweis.hu\/mental\/wp-json\/wp\/v2\/pages"}],"about":[{"href":"https:\/\/semmelweis.hu\/mental\/wp-json\/wp\/v2\/types\/page"}],"author":[{"embeddable":true,"href":"https:\/\/semmelweis.hu\/mental\/wp-json\/wp\/v2\/users\/101898"}],"replies":[{"embeddable":true,"href":"https:\/\/semmelweis.hu\/mental\/wp-json\/wp\/v2\/comments?post=4642"}],"version-history":[{"count":12,"href":"https:\/\/semmelweis.hu\/mental\/wp-json\/wp\/v2\/pages\/4642\/revisions"}],"predecessor-version":[{"id":8427,"href":"https:\/\/semmelweis.hu\/mental\/wp-json\/wp\/v2\/pages\/4642\/revisions\/8427"}],"up":[{"embeddable":true,"href":"https:\/\/semmelweis.hu\/mental\/wp-json\/wp\/v2\/pages\/4629"}],"wp:attachment":[{"href":"https:\/\/semmelweis.hu\/mental\/wp-json\/wp\/v2\/media?parent=4642"}],"wp:term":[{"taxonomy":"category","embeddable":true,"href":"https:\/\/semmelweis.hu\/mental\/wp-json\/wp\/v2\/categories?post=4642"},{"taxonomy":"post_tag","embeddable":true,"href":"https:\/\/semmelweis.hu\/mental\/wp-json\/wp\/v2\/tags?post=4642"}],"curies":[{"name":"wp","href":"https:\/\/api.w.org\/{rel}","templated":true}]}}