{"id":4634,"date":"2021-06-21T15:57:19","date_gmt":"2021-06-21T13:57:19","guid":{"rendered":"https:\/\/semmelweis.hu\/mental\/?page_id=4634"},"modified":"2026-04-01T15:04:21","modified_gmt":"2026-04-01T13:04:21","slug":"a-kepzes-bemutatasa","status":"publish","type":"page","link":"https:\/\/semmelweis.hu\/mental\/szakiranyu-kepzesek\/csalad-lelkigondozo-tovabbkepzes\/a-kepzes-bemutatasa\/","title":{"rendered":"A k\u00e9pz\u00e9s bemutat\u00e1sa"},"content":{"rendered":"<h6 style=\"text-align: justify\"><strong><span style=\"font-size: 15.0pt;color: #1e2326\">Ment\u00e1lhigi\u00e9n\u00e9s h\u00e1zass\u00e1g \u00e9s csal\u00e1d-lelkigondoz\u00f3 lelkigondoz\u00f3 szakir\u00e1ny\u00fa tov\u00e1bbk\u00e9pz\u00e9si szak<\/span><\/strong><\/h6>\n<div class=\"fontos_div w-100\">\n<p style=\"margin-top: 0cm;background: white;text-align: justify\"><span style=\"font-size: 14pt\"><strong><span style=\"color: #1e2326\">A k\u00f6vetkez\u0151 \u00e9vfolyamunk 2026. szeptember\u00e9ben indul.<\/span><\/strong><\/span><\/p>\n<p><strong>Jelentkezni itt lehet:<\/strong><\/p>\n<p><a href=\"https:\/\/mhi.semmelweis.hu\/login\">https:\/\/mhi.semmelweis.hu\/login<\/a><\/p>\n<p><span style=\"color: #ff0000\"><strong>MEGHOSSZAB\u00cdTOTT JELENTKEZ\u00c9SI HAT\u00c1RID\u0150: 2026. M\u00c1JUS 31.<\/strong><\/span><\/p>\n<\/div>\n<p style=\"margin-top: 0cm;background: white;text-align: justify\"><span style=\"font-size: 15.0pt;color: #1e2326\">A Semmelweis Egyetem Ment\u00e1lhigi\u00e9n\u00e9 Int\u00e9zete akkredit\u00e1lt\u00a0<em>ment\u00e1lhigi\u00e9n\u00e9s h\u00e1zass\u00e1g- \u00e9s csal\u00e1d-lelkigondoz\u00f3 szakir\u00e1ny\u00fa tov\u00e1bbk\u00e9pz\u00e9st\u00a0<\/em>ind\u00edt 2026-ban, amelyet az Oktat\u00e1si Hivatal FNYF\/121-3\/2021 iktat\u00f3sz\u00e1mmal nyilv\u00e1ntart\u00e1sba vett, enged\u00e9lyezve a szakalap\u00edt\u00e1st, majd a szakind\u00edt\u00e1st.<\/span><\/p>\n<p style=\"margin-top: 0cm;background: white;text-align: justify\"><strong><span style=\"font-size: 15.0pt;color: #1e2326\">A k\u00e9pz\u00e9s vezet\u0151je:<\/span><\/strong><span style=\"font-size: 15.0pt;color: #1e2326\"> Dr. Szab\u00f3-J\u00e1ki Zsuzsanna egyetemi adjunktus<\/span><\/p>\n<div class=\"x_elementToProof\" data-olk-copy-source=\"MessageBody\"><span style=\"color: #339966\"><strong>H\u00e1rom v\u00e9gzett hallgat\u00f3nk aj\u00e1nl\u00f3 sorai:<\/strong><\/span><\/div>\n<div class=\"x_elementToProof\">\u201e<em>A k\u00e9pz\u00e9s sz\u00e9les elm\u00e9leti alapot ad, \u00e9s nagyon hasznos gyakorlatokkal seg\u00edt a p\u00e1rok lelkigondoz\u00e1s\u00e1ban. Olyan ter\u00fcleten ad k\u00e9szs\u00e9get, amivel minden v\u00e1rosi lelk\u00e9sznek van dolga.\u201d (40 \u00e9ves lelkip\u00e1sztor)<\/em><\/div>\n<div class=\"x_elementToProof\" aria-hidden=\"true\">\u00a0<\/div>\n<div class=\"x_elementToProof\"><em>&#8222;Mivel a k\u00e9pz\u00e9s r\u00e9sze a csal\u00e1di-, \u00e9s p\u00e1rkapcsolati \u00f6nismeret fejleszt\u00e9se, \u00edgy sokat gy\u00f3gyultak a saj\u00e1t kapcsolataim \u00e9s most m\u00e1r \u00f6nazonosan tudom k\u00eds\u00e9rni a hozz\u00e1m fordul\u00f3 p\u00e1rokat.&#8221; (36 \u00e9ves lelk\u00e9szn\u0151)<\/em><\/div>\n<div class=\"x_elementToProof\" aria-hidden=\"true\">\u00a0<\/div>\n<div class=\"x_elementToProof\"><em>&#8222;Az el\u0151ad\u00f3k felnyitott\u00e1k a szememet azokra az \u00e9lethelyzetekre \u00e9s emberi sz\u00fcks\u00e9gekre, melyekkel keveset foglalkozik az egyh\u00e1z, a lelkip\u00e1sztori k\u00e9pz\u00e9sb\u0151l pedig kimarad. Pedig a templomok padsoraiban ott \u00fclnek az elv\u00e1ltak, a saj\u00e1tos nevel\u00e9si ig\u00e9ny\u0171 gyermeket nevel\u0151 sz\u00fcl\u0151k, a bab\u00e1ra hi\u00e1ba v\u00e1gyakoz\u00f3k, az egysz\u00fcl\u0151s \u00e9s a mozaik csal\u00e1dok, a b\u00e1ntalmazottak \u00e9s a megcsaltak&#8230; Fontos szempontokat, \u00fatmutat\u00e1st kaptunk arr\u00f3l, hogyan foglalkozzunk vel\u00fck.&#8221; (42 \u00e9ves pl\u00e9b\u00e1niai munkat\u00e1rs)<\/em><\/div>\n<div>\u00a0<\/div>\n<p style=\"text-align: justify\"><strong>A felv\u00e9tel krit\u00e9riuma:<\/strong>\u00a0<\/p>\n<ol style=\"list-style-type: lower-alpha;text-align: justify\">\n<li>a tov\u00e1bbk\u00e9pz\u00e9sen egyetemi (MA) vagy f\u0151iskolai (BA) szint\u0171 b\u00e1rmely alapdiplom\u00e1val r\u00e9szt lehet venni. Amennyiben nem hittudom\u00e1nyi, hit\u00e9leti (teol\u00f3gus-lelk\u00e9sz, rabbi, hittan\u00e1r, vall\u00e1stan\u00e1r, hitoktat\u00f3, diak\u00f3nus, zsid\u00f3 k\u00f6z\u00f6ss\u00e9gi szoci\u00e1lis munk\u00e1s stb.) szakos az alapdiploma, legk\u00e9s\u0151bb a 2. szemeszter v\u00e9g\u00e9ig sz\u00fcks\u00e9ges 30 teol\u00f3giai kredit megszerz\u00e9s\u00e9t igazolni, &#8211; <span data-olk-copy-source=\"MessageBody\">ebb\u0151l maximum 10 kredit pasztor\u00e1lis tapasztalattal helyettes\u00edthet\u0151 &#8211; <\/span>melyek elismertet\u00e9s\u00e9t a hallgat\u00f3 a k\u00e9pz\u00e9s szervez\u0151ivel egyezteti. A teol\u00f3giai kreditek megszerz\u00e9se k\u00fcls\u0151 int\u00e9zm\u00e9nyben lehets\u00e9ges, a Semmelweis Egyetemen nem el\u00e9rhet\u0151. \u00a0A 30 teol\u00f3giai kredit b\u00e1rmely, a hallgat\u00f3 \u00e1ltal v\u00e1lasztott k\u00e9pz\u00e9sen megszerezhet\u0151, ugyanakkor szeretn\u00e9nk aj\u00e1nlani azt a r\u00e9szismereti k\u00e9pz\u00e9st, melyet az Evang\u00e9likus Hittudom\u00e1nyi Egyetemmel egy\u00fcttm\u0171k\u00f6d\u00e9sben dolgoztunk ki, \u00e9s amely kifejezetten a Ment\u00e1lhigi\u00e9n\u00e9s h\u00e1zass\u00e1g- \u00e9s csal\u00e1d- lelkigondoz\u00f3 szakir\u00e1ny\u00fa k\u00e9pz\u00e9si szak kurrikulum\u00e1hoz aj\u00e1nlott kieg\u00e9sz\u00edt\u00e9s. Ennek r\u00e9szleteit ebben a dokumentumban tal\u00e1lja:\u00a0<a id=\"OWAc99b3ef0-3814-b42d-ec98-26c50783682e\" class=\"x_x_x_x_moz-txt-link-freetext x_OWAAutoLink\" href=\"https:\/\/uni.lutheran.hu\/wp-content\/uploads\/2026\/03\/Reszismereti-kepzes_SE.pdf\" target=\"_blank\" rel=\"noopener noreferrer\">https:\/\/uni.lutheran.hu\/wp-content\/uploads\/2026\/03\/Reszismereti-kepzes_SE.pdf<\/a><\/li>\n<li>szakir\u00e1ny\u00fa k\u00e9pes\u00edt\u00e9s lelkigondoz\u00f3i vagy ment\u00e1lhigi\u00e9n\u00e9s ter\u00fcleten, vagy ezzel egyen\u00e9rt\u00e9k\u0171 elm\u00e9leti \u00e9s gyakorlati ismeretek megszerz\u00e9s\u00e9nek (l\u00e9lektani \u00e9s t\u00e1rsadalomtudom\u00e1nyi ismeretek, seg\u00edt\u0151 besz\u00e9lget\u00e9s gyakorlata) igazol\u00e1sa; \u00e9s<\/li>\n<li>legal\u00e1bb 60 \u00f3ra egy\u00e9ni vagy 120 \u00f3ra csoportos \u00f6nismereti k\u00e9pz\u00e9s elv\u00e9gz\u00e9s\u00e9nek igazol\u00e1sa (ak\u00e1r egy k\u00e9pz\u00e9s, pl. a szakir\u00e1ny\u00fa k\u00e9pz\u00e9s r\u00e9szek\u00e9nt, ak\u00e1r att\u00f3l f\u00fcggetlen\u00fcl). A k\u00e9pz\u00e9s legyen valamely, a Pszichoter\u00e1pi\u00e1s Tan\u00e1cs Sz\u00f6vets\u00e9g tagjak\u00e9nt nyilv\u00e1ntartott tudom\u00e1nyos t\u00e1rsas\u00e1g, illetve e t\u00e1rsas\u00e1gnak erre feljogos\u00edtott tagja \u00e1ltal tartott befejezett k\u00e9pz\u00e9s, illetve \u00f6nismereti pszichoter\u00e1pia.<\/li>\n<\/ol>\n<p style=\"text-align: justify\"><strong>A k\u00e9pz\u00e9s id\u0151tartama:<\/strong><\/p>\n<p style=\"margin-top: 0cm;background: white;text-align: justify\"><span style=\"font-size: 15.0pt;color: #1e2326\">4 f\u00e9l\u00e9v, 375 \u00f3ra (havonta 2 nap, szemeszterenk\u00e9nt 4 h\u00f3napon kereszt\u00fcl, h\u00e9tf\u0151 (9.30-19:35) \u00e9s kedd (8.00 \u2013 17.00) valamint k\u00e9t, 3 napos intenz\u00edv k\u00e9pz\u00e9si gyakorlat.<\/span><\/p>\n<p><strong>K\u00e9pz\u00e9si napok a 2026\/27-es tan\u00e9vben:<\/strong><\/p>\n<div data-olk-copy-source=\"MessageBody\"><strong>2026. \u0150szi f\u00e9l\u00e9v:<\/strong><\/div>\n<ul data-editing-info=\"{&quot;applyListStyleFromLevel&quot;:true}\">\n<li>\n<div role=\"presentation\">Szeptember 21-22.<\/div>\n<\/li>\n<li>\n<div role=\"presentation\">Okt\u00f3ber 12-13.<\/div>\n<\/li>\n<li>\n<div role=\"presentation\">November 23-24.<\/div>\n<\/li>\n<li>\n<div role=\"presentation\">December 14-15.<\/div>\n<\/li>\n<\/ul>\n<div><strong>2027. Tavaszi f\u00e9l\u00e9v<\/strong>:<\/div>\n<ul data-editing-info=\"{&quot;applyListStyleFromLevel&quot;:true}\">\n<li>\n<div role=\"presentation\">Febru\u00e1r 8-9.<\/div>\n<\/li>\n<li>\n<div role=\"presentation\">M\u00e1rcius 8-9.<\/div>\n<\/li>\n<li>\n<div role=\"presentation\">\u00c1prilis 5-6.<\/div>\n<\/li>\n<li>\n<div role=\"presentation\">M\u00e1jus 3-4.<\/div>\n<\/li>\n<\/ul>\n<p style=\"text-align: justify\"><strong>A k\u00e9pz\u00e9s c\u00e9lja:<\/strong>\u00a0<\/p>\n<p style=\"text-align: justify\">A k\u00e9pz\u00e9s c\u00e9lja pasztor\u00e1ci\u00f3s ter\u00fcleten szolg\u00e1l\u00f3 seg\u00edt\u0151 szakemberek, lelkigondoz\u00f3k tov\u00e1bbk\u00e9pz\u00e9se a p\u00e1rok, csal\u00e1dok lelkigondoz\u00e1s\u00e1nak specifikus ter\u00fclet\u00e9n. A k\u00e9pz\u00e9s a prim\u00e9r \u00e9s a korai szekunder prevenci\u00f3 ter\u00fclet\u00e9re f\u00f3kusz\u00e1l, olyan helyzetekre, amely lelkigondoz\u00f3i kompetenci\u00e1kba tartozhat: p\u00e1rkapcsolati \u00e9s csal\u00e1di probl\u00e9m\u00e1k megel\u0151z\u00e9se, illetve korai felismer\u00e9se \u00e9s megfelel\u0151 ell\u00e1t\u00e1sba ir\u00e1ny\u00edt\u00e1sa.<\/p>\n<p style=\"text-align: justify\">A h\u00e1zass\u00e1g- \u00e9s csal\u00e1d-lelkigondoz\u00f3i munka f\u0151bb ter\u00fcletei hozz\u00e1j\u00e1rulnak az eg\u00e9szs\u00e9ges p\u00e1rkapcsolati \u00e9s csal\u00e1di m\u0171k\u00f6d\u00e9shez, \u00edgy seg\u00edts\u00e9get ny\u00fajtanak a csal\u00e1dok sz\u00e9thull\u00e1s\u00e1nak megel\u0151z\u00e9s\u00e9ben.<\/p>\n<p style=\"text-align: justify\">Legf\u0151bb ter\u00fcletei:<\/p>\n<ul>\n<li style=\"text-align: justify\">p\u00e1rok felk\u00e9sz\u00edt\u00e9se a csal\u00e1di \u00e9letre (p\u00e1rban, ill. csoportban); csal\u00e1di \u00e9letciklus-v\u00e1lt\u00e1st seg\u00edt\u0151 beavatkoz\u00e1sok (p\u00e1rban, ill. csoportban);<\/li>\n<li style=\"text-align: justify\">p\u00e1rkapcsolati konfliktusok \u00e9s probl\u00e9m\u00e1k lelkigondoz\u00f3i k\u00eds\u00e9r\u00e9se egy\u00e9ni settingben;<\/li>\n<li style=\"text-align: justify\">p\u00e1rok k\u00f6z\u00f6s probl\u00e9mamegold\u00e1s\u00e1nak lelkigondoz\u00f3i k\u00eds\u00e9r\u00e9se.<\/li>\n<\/ul>\n<p style=\"text-align: justify\">C\u00e9lja tov\u00e1bb\u00e1 a spiritualit\u00e1st is \u00e9rint\u0151 p\u00e1rkapcsolati elakad\u00e1sokban a p\u00e1rok megold\u00e1skeres\u00e9s\u00e9nek seg\u00edt\u00e9se, a spiritualit\u00e1s, mint er\u0151forr\u00e1s integr\u00e1ci\u00f3ja; valamint a min\u00e9l sz\u00e9lesebb k\u00f6r\u0171, p\u00e1rokat, csal\u00e1dokat \u00e9rint\u0151 ment\u00e1lhigi\u00e9n\u00e9s prevenci\u00f3s programok, lelkip\u00e1sztori modellek megismertet\u00e9se \u00e9s adapt\u00e1l\u00e1sa.<\/p>\n<p style=\"text-align: justify\"><strong>A k\u00e9pz\u00e9s k\u00f6lts\u00e9ge:<\/strong><\/p>\n<p style=\"text-align: justify\">216.000 Ft\/f\u00e9l\u00e9v + a 2 intenz\u00edv k\u00e9pz\u00e9si h\u00e9tv\u00e9ge ell\u00e1t\u00e1si k\u00f6lts\u00e9geib\u0151l (\u00e9tkez\u00e9s, sz\u00e1ll\u00e1s) \u00e1ll.<\/p>\n<p style=\"text-align: justify\"><strong>Tov\u00e1bbi inform\u00e1ci\u00f3 k\u00e9rhet\u0151:<\/strong><\/p>\n<p style=\"text-align: justify\">Dr. Szab\u00f3-J\u00e1ki Zsuzsanna<\/p>\n<p style=\"text-align: justify\">email:\u00a0<a href=\"mailto:jaki.zsuzsa@public.semmelweis-univ.hu\" target=\"_blank\" rel=\"noopener\">jaki.zsuzsa@semmelweis.hu<\/a><\/p>\n<p style=\"text-align: justify\">tel: +36\/20\/6632-848<\/p>\n<hr \/>\n<p style=\"text-align: justify\"><strong>Tov\u00e1bbi inform\u00e1ci\u00f3k a h\u00e1zass\u00e1g- \u00e9s csal\u00e1d-lelkigondoz\u00f3 szakir\u00e1ny\u00fa tov\u00e1bbk\u00e9pz\u00e9si szakr\u00f3l<\/strong><\/p>\n<ul class=\"children\" style=\"list-style-type: square\">\n<li class=\"page_item page-item-4642\"><a href=\"https:\/\/semmelweis.hu\/mental\/szakiranyu-kepzesek\/csalad-lelkigondozo-tovabbkepzes\/tanulmanyi-program\/\" target=\"_blank\" rel=\"noopener\">Tanulm\u00e1nyi program<\/a><\/li>\n<li class=\"page_item page-item-4661\"><a href=\"https:\/\/semmelweis.hu\/mental\/szakiranyu-kepzesek\/csalad-lelkigondozo-tovabbkepzes\/felvetel-a-kepzesre\/\" target=\"_blank\" rel=\"noopener\">Felv\u00e9tel a k\u00e9pz\u00e9sre<\/a><\/li>\n<li class=\"page_item page-item-4669\"><a href=\"https:\/\/semmelweis.hu\/mental\/szakiranyu-kepzesek\/csalad-lelkigondozo-tovabbkepzes\/kontaktszemelyek\/\" target=\"_blank\" rel=\"noopener\">Kontaktszem\u00e9lyek<\/a><\/li>\n<\/ul>\n","protected":false},"excerpt":{"rendered":"<p>Ment\u00e1lhigi\u00e9n\u00e9s h\u00e1zass\u00e1g \u00e9s csal\u00e1d-lelkigondoz\u00f3 lelkigondoz\u00f3 szakir\u00e1ny\u00fa tov\u00e1bbk\u00e9pz\u00e9si szak A k\u00f6vetkez\u0151 \u00e9vfolyamunk 2026. szeptember\u00e9ben indul. Jelentkezni itt lehet: <a href=\"https:\/\/mhi.semmelweis.hu\/login\">https:\/\/mhi.semmelweis.hu\/login<\/a> MEGHOSSZAB\u00cdTOTT JELENTKEZ\u00c9SI HAT\u00c1RID\u0150: 2026. M\u00c1JUS 31. A Semmelweis Egyetem Ment\u00e1lhigi\u00e9n\u00e9 Int\u00e9zete akkredit\u00e1lt\u00a0ment\u00e1lhigi\u00e9n\u00e9s h\u00e1zass\u00e1g- \u00e9s csal\u00e1d-lelkigondoz\u00f3 szakir\u00e1ny\u00fa tov\u00e1bbk\u00e9pz\u00e9st\u00a0ind\u00edt 2026-ban, amelyet az Oktat\u00e1si Hivatal FNYF\/121-3\/2021 iktat\u00f3sz\u00e1mmal nyilv\u00e1ntart\u00e1sba vett, enged\u00e9lyezve a szakalap\u00edt\u00e1st, majd a szakind\u00edt\u00e1st. A k\u00e9pz\u00e9s vezet\u0151je: Dr. Szab\u00f3-J\u00e1ki Zsuzsanna &hellip;<\/p>\n","protected":false},"author":101898,"featured_media":0,"parent":4629,"menu_order":1,"comment_status":"closed","ping_status":"closed","template":"","meta":{"_acf_changed":false,"footnotes":""},"categories":[],"tags":[],"class_list":["post-4634","page","type-page","status-publish","hentry"],"acf":[],"_links":{"self":[{"href":"https:\/\/semmelweis.hu\/mental\/wp-json\/wp\/v2\/pages\/4634","targetHints":{"allow":["GET"]}}],"collection":[{"href":"https:\/\/semmelweis.hu\/mental\/wp-json\/wp\/v2\/pages"}],"about":[{"href":"https:\/\/semmelweis.hu\/mental\/wp-json\/wp\/v2\/types\/page"}],"author":[{"embeddable":true,"href":"https:\/\/semmelweis.hu\/mental\/wp-json\/wp\/v2\/users\/101898"}],"replies":[{"embeddable":true,"href":"https:\/\/semmelweis.hu\/mental\/wp-json\/wp\/v2\/comments?post=4634"}],"version-history":[{"count":12,"href":"https:\/\/semmelweis.hu\/mental\/wp-json\/wp\/v2\/pages\/4634\/revisions"}],"predecessor-version":[{"id":9192,"href":"https:\/\/semmelweis.hu\/mental\/wp-json\/wp\/v2\/pages\/4634\/revisions\/9192"}],"up":[{"embeddable":true,"href":"https:\/\/semmelweis.hu\/mental\/wp-json\/wp\/v2\/pages\/4629"}],"wp:attachment":[{"href":"https:\/\/semmelweis.hu\/mental\/wp-json\/wp\/v2\/media?parent=4634"}],"wp:term":[{"taxonomy":"category","embeddable":true,"href":"https:\/\/semmelweis.hu\/mental\/wp-json\/wp\/v2\/categories?post=4634"},{"taxonomy":"post_tag","embeddable":true,"href":"https:\/\/semmelweis.hu\/mental\/wp-json\/wp\/v2\/tags?post=4634"}],"curies":[{"name":"wp","href":"https:\/\/api.w.org\/{rel}","templated":true}]}}