{"id":4629,"date":"2021-06-21T15:43:48","date_gmt":"2021-06-21T13:43:48","guid":{"rendered":"https:\/\/semmelweis.hu\/mental\/?page_id=4629"},"modified":"2026-04-01T15:03:22","modified_gmt":"2026-04-01T13:03:22","slug":"csalad-lelkigondozo-tovabbkepzes","status":"publish","type":"page","link":"https:\/\/semmelweis.hu\/mental\/szakiranyu-kepzesek\/csalad-lelkigondozo-tovabbkepzes\/","title":{"rendered":"H\u00e1zass\u00e1g- \u00e9s csal\u00e1d-lelkigondoz\u00f3 szakir\u00e1ny\u00fa tov\u00e1bbk\u00e9pz\u00e9si szak"},"content":{"rendered":"<p><img loading=\"lazy\" decoding=\"async\" class=\"size-medium wp-image-4741 alignright\" src=\"https:\/\/semmelweis.hu\/mental\/files\/2021\/07\/hazassag-lg-gyuruk-es-biblia-300x199.jpg\" alt=\"\" width=\"300\" height=\"199\" srcset=\"https:\/\/semmelweis.hu\/mental\/files\/2021\/07\/hazassag-lg-gyuruk-es-biblia-300x199.jpg 300w, https:\/\/semmelweis.hu\/mental\/files\/2021\/07\/hazassag-lg-gyuruk-es-biblia-1024x681.jpg 1024w, https:\/\/semmelweis.hu\/mental\/files\/2021\/07\/hazassag-lg-gyuruk-es-biblia-768x510.jpg 768w, https:\/\/semmelweis.hu\/mental\/files\/2021\/07\/hazassag-lg-gyuruk-es-biblia-1536x1021.jpg 1536w, https:\/\/semmelweis.hu\/mental\/files\/2021\/07\/hazassag-lg-gyuruk-es-biblia-753x500.jpg 753w, https:\/\/semmelweis.hu\/mental\/files\/2021\/07\/hazassag-lg-gyuruk-es-biblia-203x135.jpg 203w, https:\/\/semmelweis.hu\/mental\/files\/2021\/07\/hazassag-lg-gyuruk-es-biblia.jpg 1920w\" sizes=\"auto, (max-width: 300px) 100vw, 300px\" \/><strong>MENT\u00c1LHIGI\u00c9N\u00c9S H\u00c1ZASS\u00c1G- <br \/><\/strong><strong>\u00c9S CSAL\u00c1D-LELKIGONDOZ\u00d3 SZAKIR\u00c1NY\u00da TOV\u00c1BBK\u00c9PZ\u00c9SI SZAK\u00a0<\/strong><\/p>\n<p><span style=\"color: #0000ff;font-size: 18pt\"><strong><span style=\"color: #ff0000\">A k\u00f6vetkez\u0151 \u00e9vfolyam k\u00e9pz\u00e9se 2026. szeptember\u00e9ben indul, amelyre a jelentkez\u00e9si fel\u00fclet m\u00e1r itt megny\u00edlt:<\/span> <a href=\"https:\/\/mhi.semmelweis.hu\/login\">https:\/\/mhi.semmelweis.hu\/login<\/a><\/strong><\/span><\/p>\n<p><span style=\"color: #008000\"><strong>MEGHOSSZABB\u00cdTOTT JELENTKEZ\u00c9SI HAT\u00c1RID\u0150: 2026. M\u00c1JUS 31.<\/strong><\/span><\/p>\n<p><span style=\"color: #0000ff;font-size: 12pt\"><strong style=\"background-color: transparent;font-family: Montserrat, sans-serif\">Felh\u00edvjuk az \u00e9rdekl\u0151d\u0151k, jelentkez\u0151k figyelm\u00e9t, hogy a bemeneti felt\u00e9telek k\u00f6z\u00f6tt teol\u00f3giai kreditek \u00e9s \u00f6nismereti k\u00e9pz\u00e9si \u00f3r\u00e1k is szerepelnek, melyek megszerz\u00e9s\u00e9t \u00e9rdemes a jelentkez\u00e9st megel\u0151z\u0151en, teh\u00e1t a 2025-2026-os tan\u00e9vben megkezdeni a jelentkez\u0151 \u00e1ltal v\u00e1lasztott helyen, int\u00e9zm\u00e9nyben, szakembern\u00e9l, amennyiben ezekkel m\u00e9g nem rendelkeznek.<\/strong><\/span><\/p>\n<hr \/>\n<p style=\"text-align: justify\"><strong>A k\u00e9pz\u00e9s c\u00e9lja<\/strong> pasztor\u00e1ci\u00f3s ter\u00fcleten szolg\u00e1l\u00f3 seg\u00edt\u0151 szakemberek, lelkigondoz\u00f3k tov\u00e1bbk\u00e9pz\u00e9se a p\u00e1rok, csal\u00e1dok lelkigondoz\u00e1s\u00e1nak specifikus ter\u00fclet\u00e9n.<\/p>\n<p style=\"text-align: justify\">A k\u00e9pz\u00e9s a primer \u00e9s a korai szekunder prevenci\u00f3 ter\u00fclet\u00e9re f\u00f3kusz\u00e1l, olyan helyzetekre, amely lelkigondoz\u00f3i kompetenci\u00e1kba tartozhat: p\u00e1rkapcsolati \u00e9s csal\u00e1di probl\u00e9m\u00e1k megel\u0151z\u00e9se, illetve korai felismer\u00e9se \u00e9s megfelel\u0151 ell\u00e1t\u00e1sba ir\u00e1ny\u00edt\u00e1sa.<\/p>\n<p style=\"text-align: justify\">A <strong>h\u00e1zass\u00e1g- \u00e9s csal\u00e1d-lelkigondoz\u00f3i munka<\/strong> f\u0151bb ter\u00fcletei hozz\u00e1j\u00e1rulnak az eg\u00e9szs\u00e9ges p\u00e1rkapcsolati \u00e9s csal\u00e1di m\u0171k\u00f6d\u00e9shez, \u00edgy seg\u00edts\u00e9get ny\u00fajtanak a csal\u00e1dok sz\u00e9thull\u00e1s\u00e1nak megel\u0151z\u00e9s\u00e9ben.<\/p>\n<hr \/>\n<section id=\"page-submenu\">\n<p><strong>Tov\u00e1bbi inform\u00e1ci\u00f3k a h\u00e1zass\u00e1g- \u00e9s csal\u00e1d-lelkigondoz\u00f3 szakir\u00e1ny\u00fa tov\u00e1bbk\u00e9pz\u00e9si szakr\u00f3l<\/strong><\/p>\n<ul style=\"list-style-type: square\">\n<li><a href=\"https:\/\/semmelweis.hu\/mental\/szakiranyu-kepzesek\/csalad-lelkigondozo-tovabbkepzes\/a-kepzes-bemutatasa\/\">A k\u00e9pz\u00e9s bemutat\u00e1sa<\/a><\/li>\n<li><a href=\"https:\/\/semmelweis.hu\/mental\/szakiranyu-kepzesek\/csalad-lelkigondozo-tovabbkepzes\/tanulmanyi-program\/\">Tanulm\u00e1nyi program<\/a><\/li>\n<li><a href=\"https:\/\/semmelweis.hu\/mental\/szakiranyu-kepzesek\/csalad-lelkigondozo-tovabbkepzes\/felvetel-a-kepzesre\/\">Felv\u00e9tel a k\u00e9pz\u00e9sre<\/a><\/li>\n<li><a href=\"https:\/\/semmelweis.hu\/mental\/szakiranyu-kepzesek\/csalad-lelkigondozo-tovabbkepzes\/kontaktszemelyek\/\">Kontaktszem\u00e9lyek<\/a><\/li>\n<\/ul>\n<\/section>\n<p>&nbsp;<\/p>\n","protected":false},"excerpt":{"rendered":"<p>MENT\u00c1LHIGI\u00c9N\u00c9S H\u00c1ZASS\u00c1G- \u00c9S CSAL\u00c1D-LELKIGONDOZ\u00d3 SZAKIR\u00c1NY\u00da TOV\u00c1BBK\u00c9PZ\u00c9SI SZAK\u00a0 A k\u00f6vetkez\u0151 \u00e9vfolyam k\u00e9pz\u00e9se 2026. szeptember\u00e9ben indul, amelyre a jelentkez\u00e9si fel\u00fclet m\u00e1r itt megny\u00edlt: <a href=\"https:\/\/mhi.semmelweis.hu\/login\">https:\/\/mhi.semmelweis.hu\/login<\/a> MEGHOSSZABB\u00cdTOTT JELENTKEZ\u00c9SI HAT\u00c1RID\u0150: 2026. M\u00c1JUS 31. Felh\u00edvjuk az \u00e9rdekl\u0151d\u0151k, jelentkez\u0151k figyelm\u00e9t, hogy a bemeneti felt\u00e9telek k\u00f6z\u00f6tt teol\u00f3giai kreditek \u00e9s \u00f6nismereti k\u00e9pz\u00e9si \u00f3r\u00e1k is szerepelnek, melyek megszerz\u00e9s\u00e9t \u00e9rdemes a jelentkez\u00e9st megel\u0151z\u0151en, teh\u00e1t a 2025-2026-os tan\u00e9vben &hellip;<\/p>\n","protected":false},"author":101898,"featured_media":0,"parent":1215,"menu_order":8,"comment_status":"closed","ping_status":"closed","template":"","meta":{"_acf_changed":false,"footnotes":""},"categories":[],"tags":[],"class_list":["post-4629","page","type-page","status-publish","hentry"],"acf":[],"_links":{"self":[{"href":"https:\/\/semmelweis.hu\/mental\/wp-json\/wp\/v2\/pages\/4629","targetHints":{"allow":["GET"]}}],"collection":[{"href":"https:\/\/semmelweis.hu\/mental\/wp-json\/wp\/v2\/pages"}],"about":[{"href":"https:\/\/semmelweis.hu\/mental\/wp-json\/wp\/v2\/types\/page"}],"author":[{"embeddable":true,"href":"https:\/\/semmelweis.hu\/mental\/wp-json\/wp\/v2\/users\/101898"}],"replies":[{"embeddable":true,"href":"https:\/\/semmelweis.hu\/mental\/wp-json\/wp\/v2\/comments?post=4629"}],"version-history":[{"count":13,"href":"https:\/\/semmelweis.hu\/mental\/wp-json\/wp\/v2\/pages\/4629\/revisions"}],"predecessor-version":[{"id":9191,"href":"https:\/\/semmelweis.hu\/mental\/wp-json\/wp\/v2\/pages\/4629\/revisions\/9191"}],"up":[{"embeddable":true,"href":"https:\/\/semmelweis.hu\/mental\/wp-json\/wp\/v2\/pages\/1215"}],"wp:attachment":[{"href":"https:\/\/semmelweis.hu\/mental\/wp-json\/wp\/v2\/media?parent=4629"}],"wp:term":[{"taxonomy":"category","embeddable":true,"href":"https:\/\/semmelweis.hu\/mental\/wp-json\/wp\/v2\/categories?post=4629"},{"taxonomy":"post_tag","embeddable":true,"href":"https:\/\/semmelweis.hu\/mental\/wp-json\/wp\/v2\/tags?post=4629"}],"curies":[{"name":"wp","href":"https:\/\/api.w.org\/{rel}","templated":true}]}}