{"id":46,"date":"2018-06-08T00:00:00","date_gmt":"2018-06-07T22:00:00","guid":{"rendered":"http:\/\/semmelweis.hu\/mental\/contact-us\/"},"modified":"2025-05-28T12:32:20","modified_gmt":"2025-05-28T10:32:20","slug":"contact-us","status":"publish","type":"page","link":"https:\/\/semmelweis.hu\/mental\/en\/home\/contact-us\/","title":{"rendered":"Contact us"},"content":{"rendered":"<table width=\"100%\">\n<tbody>\n<tr>\n<td><em>English name:<\/em> <strong>Semmelweis University Faculty of Health and Public Services <strong>Institute of Mental Health<\/strong><\/strong><\/td>\n<td><em>Hungarian name:<\/em> <strong>Semmelweis Egyetem Eg\u00e9szs\u00e9g\u00fcgyi K\u00f6zszolg\u00e1lati Kar Ment\u00e1lhigi\u00e9n\u00e9 Int\u00e9zet\u00a0<\/strong><\/td>\n<\/tr>\n<tr>\n<td colspan=\"2\">\n<p><strong style=\"line-height: 1.3em\"> Contact:<\/strong>Address:\u00a01089 Budapest, 4, Nagyv\u00e1rad t\u00e9r. 19<sup>th<\/sup> floor (GPS coordinates: LAT: 47\u00b028&#8217;45&#8243;N; LON: 19\u00b05&#8217;30&#8243;E )<\/p>\n<p>PostalAddress:\u00a0H-1428 Budapest, POBox 2<\/p>\n<p>Central phone number: +36 (1) 266-0878; +36 (1) 266-1022<\/p>\n<p>E-mail: info.mental@semmelweis.hu<\/p>\n<\/td>\n<\/tr>\n<tr>\n<td colspan=\"2\">The Institute is located right at the \u201cNagyv\u00e1rad t\u00e9r\u201d station of Metro Line 3. Paid parking is possible on the surrounding streets <a href=\"https:\/\/semmelweis.hu\/mental\/files\/2018\/06\/NET.jpg\"><img loading=\"lazy\" decoding=\"async\" class=\"alignnone size-medium wp-image-546\" src=\"https:\/\/semmelweis.hu\/mental\/files\/2018\/06\/NET-300x200.jpg\" alt=\"\" width=\"300\" height=\"200\" srcset=\"https:\/\/semmelweis.hu\/mental\/files\/2018\/06\/NET-300x200.jpg 300w, https:\/\/semmelweis.hu\/mental\/files\/2018\/06\/NET-203x135.jpg 203w, https:\/\/semmelweis.hu\/mental\/files\/2018\/06\/NET.jpg 588w\" sizes=\"auto, (max-width: 300px) 100vw, 300px\" \/><\/a><\/td>\n<\/tr>\n<\/tbody>\n<\/table>\n","protected":false},"excerpt":{"rendered":"<p>English name: Semmelweis University Faculty of Health and Public Services Institute of Mental Health Hungarian name: Semmelweis Egyetem Eg\u00e9szs\u00e9g\u00fcgyi K\u00f6zszolg\u00e1lati Kar Ment\u00e1lhigi\u00e9n\u00e9 Int\u00e9zet\u00a0 Contact:Address:\u00a01089 Budapest, 4, Nagyv\u00e1rad t\u00e9r. 19th floor (GPS coordinates: LAT: 47\u00b028&#8217;45&#8243;N; LON: 19\u00b05&#8217;30&#8243;E ) PostalAddress:\u00a0H-1428 Budapest, POBox 2 Central phone number: +36 (1) 266-0878; +36 (1) 266-1022 E-mail: info.mental@semmelweis.hu The Institute is &hellip;<\/p>\n","protected":false},"author":101265,"featured_media":0,"parent":5,"menu_order":6,"comment_status":"closed","ping_status":"closed","template":"","meta":{"_acf_changed":false,"footnotes":""},"categories":[],"tags":[],"class_list":["post-46","page","type-page","status-publish","hentry"],"acf":[],"_links":{"self":[{"href":"https:\/\/semmelweis.hu\/mental\/wp-json\/wp\/v2\/pages\/46","targetHints":{"allow":["GET"]}}],"collection":[{"href":"https:\/\/semmelweis.hu\/mental\/wp-json\/wp\/v2\/pages"}],"about":[{"href":"https:\/\/semmelweis.hu\/mental\/wp-json\/wp\/v2\/types\/page"}],"author":[{"embeddable":true,"href":"https:\/\/semmelweis.hu\/mental\/wp-json\/wp\/v2\/users\/101265"}],"replies":[{"embeddable":true,"href":"https:\/\/semmelweis.hu\/mental\/wp-json\/wp\/v2\/comments?post=46"}],"version-history":[{"count":10,"href":"https:\/\/semmelweis.hu\/mental\/wp-json\/wp\/v2\/pages\/46\/revisions"}],"predecessor-version":[{"id":7913,"href":"https:\/\/semmelweis.hu\/mental\/wp-json\/wp\/v2\/pages\/46\/revisions\/7913"}],"up":[{"embeddable":true,"href":"https:\/\/semmelweis.hu\/mental\/wp-json\/wp\/v2\/pages\/5"}],"wp:attachment":[{"href":"https:\/\/semmelweis.hu\/mental\/wp-json\/wp\/v2\/media?parent=46"}],"wp:term":[{"taxonomy":"category","embeddable":true,"href":"https:\/\/semmelweis.hu\/mental\/wp-json\/wp\/v2\/categories?post=46"},{"taxonomy":"post_tag","embeddable":true,"href":"https:\/\/semmelweis.hu\/mental\/wp-json\/wp\/v2\/tags?post=46"}],"curies":[{"name":"wp","href":"https:\/\/api.w.org\/{rel}","templated":true}]}}