{"id":4593,"date":"2021-06-30T14:26:28","date_gmt":"2021-06-30T12:26:28","guid":{"rendered":"https:\/\/semmelweis.hu\/mental\/?page_id=4593"},"modified":"2024-10-07T12:02:01","modified_gmt":"2024-10-07T10:02:01","slug":"dr-beata-david-pethesne-phd","status":"publish","type":"page","link":"https:\/\/semmelweis.hu\/mental\/en\/home\/teaching-and-research-staff\/dr-beata-david-pethesne-phd\/","title":{"rendered":"Dr. Be\u00e1ta D\u00c1VID PETHESN\u00c9, PhD"},"content":{"rendered":"<p><img loading=\"lazy\" decoding=\"async\" class=\"alignnone  wp-image-2510\" src=\"https:\/\/semmelweis.hu\/mental\/files\/2018\/06\/Bea_k-2-287x300.jpg\" alt=\"\" width=\"169\" height=\"177\" srcset=\"https:\/\/semmelweis.hu\/mental\/files\/2018\/06\/Bea_k-2-287x300.jpg 287w, https:\/\/semmelweis.hu\/mental\/files\/2018\/06\/Bea_k-2.jpg 339w\" sizes=\"auto, (max-width: 169px) 100vw, 169px\" \/><\/p>\n<table style=\"width: 100%\" width=\"100%\">\n<tbody>\n<tr>\n<td style=\"width: 22%\" width=\"22%\">\n<p><strong>Position <\/strong><\/p>\n<\/td>\n<td style=\"width: 77%\" width=\"77%\">\n<p>professor, director<\/p>\n<\/td>\n<\/tr>\n<tr>\n<td style=\"width: 22%\" width=\"22%\">\n<p><strong>University extension:<\/strong><\/p>\n<\/td>\n<td style=\"width: 77%\" width=\"77%\">\n<p>06-1-266-0878\/<strong>56524<\/strong><\/p>\n<\/td>\n<\/tr>\n<tr>\n<td style=\"width: 22%\" width=\"22%\">\n<p><strong>Fax:<\/strong><\/p>\n<\/td>\n<td style=\"width: 77%\" width=\"77%\">\n<p>06-1-214-5685<\/p>\n<\/td>\n<\/tr>\n<tr>\n<td style=\"width: 22%\" width=\"22%\">\n<p><strong>E-mail:<\/strong>\u00a0<\/p>\n<\/td>\n<td style=\"width: 77%\" width=\"77%\">\n<p>david.bea@semmelweis.hu<\/p>\n<\/td>\n<\/tr>\n<tr>\n<td style=\"width: 22%\" width=\"22%\">\n<p><strong>Qualifications<\/strong><\/p>\n<\/td>\n<td style=\"width: 77%\" width=\"77%\">\n<p>sociologist, <span style=\"font-family: inherit;font-size: inherit\">English language and literature teacher (E\u00f6tv\u00f6s Lor\u00e1nd University, 1992)<\/span><\/p>\n<\/td>\n<\/tr>\n<tr>\n<td style=\"width: 22%\" width=\"22%\">\n<p><strong>Doctoral degree<\/strong><\/p>\n<\/td>\n<td style=\"width: 77%\" width=\"77%\">\n<p>Ph.D. in Sociology, 1999<\/p>\n<\/td>\n<\/tr>\n<tr>\n<td style=\"width: 22%\" width=\"22%\">\n<p><strong>List of Publications<\/strong>\u00a0\u00a0<\/p>\n<\/td>\n<td style=\"width: 77%\" width=\"77%\">\n<p><a href=\"https:\/\/m2.mtmt.hu\/api\/publication?cond=authors;in;10010937&amp;cond=category.mtid;eq;1&amp;&amp;page=1&amp;labelLang=eng\" target=\"_blank\" rel=\"noopener noreferrer\">Hungarian Scientific Bibilography\u00a0<\/a><\/p>\n<\/td>\n<\/tr>\n<tr>\n<td style=\"width: 22%\" width=\"22%\">\n<p><strong>Researchgate, ORCID<\/strong><\/p>\n<\/td>\n<td style=\"width: 77%\" width=\"77%\">\n<p>https:\/\/www.researchgate.net\/profile\/Beata-David<\/p>\n<p>ORCID: 0000-0003-2807-8726\u00a0<\/p>\n<\/td>\n<\/tr>\n<tr>\n<td style=\"width: 22%\" width=\"22%\">\n<p><strong>Memberships and activities<\/strong><\/p>\n<\/td>\n<td style=\"width: 77%\" width=\"433\">\n<p>Home Start Hungary &#8211; Chair of Trustees;<\/p>\n<p>President of HUNNET, Hungarian Network for Social Network Analysis<\/p>\n<\/td>\n<\/tr>\n<tr>\n<td style=\"width: 22%\" width=\"22%\">\n<p><strong>Professional and research interest<\/strong><\/p>\n<\/td>\n<td style=\"width: 77%\" width=\"433\">Social network analysis (personal and institutional); contact diary method; sociology of family; sociology of health<\/td>\n<\/tr>\n<tr>\n<td style=\"width: 22%\" width=\"22%\">\n<p><strong>Current research<\/strong>\u00a0\u00a0<\/p>\n<\/td>\n<td style=\"width: 77%\" width=\"433\">\n<p>Covid-19 and personal relations;<\/p>\n<p>Roma college &#8211; personal networks and alumni panel survey;<\/p>\n<p>friendship &#8211; definition and quality measures;<\/p>\n<p>families with young children &#8211; research and support in an international comparison<\/p>\n<\/td>\n<\/tr>\n<tr>\n<td style=\"width: 22%\" width=\"22%\">\n<p><strong>Other professional interest<\/strong><\/p>\n<\/td>\n<td style=\"width: 77%\" width=\"433\">\n<p>Kohorsz18 &#8211; research expert;<\/p>\n<p>KINCS\u00a0 Family Science College &#8211; member\u00a0\u00a0\u00a0\u00a0\u00a0\u00a0\u00a0\u00a0\u00a0\u00a0\u00a0\u00a0\u00a0\u00a0\u00a0\u00a0\u00a0\u00a0\u00a0\u00a0\u00a0\u00a0\u00a0\u00a0\u00a0\u00a0\u00a0\u00a0<\/p>\n<\/td>\n<\/tr>\n<tr>\n<td style=\"width: 22%\" width=\"22%\">\n<p><strong>Main publications<\/strong><\/p>\n<\/td>\n<td style=\"width: 77%\" width=\"668\">\n<p>Albert Fruzsina, David Beata, Hajdu G\u00e1bor, Huszti \u00c9va (2021) Egocentric Contact Networks of Older Adults: Featuring Quantity, Strength and Function of Ties. SOCIOLOGICAL QUARTERLY online , 20 p.<\/p>\n<p>Albert Fruzsina, Koltai Julia, David Beata (2021) The increasing importance of friends: Changes in core discussion network composition in post-communist Hungary between 1997 \u2013 2015. SOCIAL NETWORKS 66 pp. 139-145. , 7 p.<\/p>\n<p>Albert Fruzsina, D\u00e1vid Be\u00e1ta, T\u00f3th Gergely (2020) H\u00e1ny bar\u00e1tja van \u00d6nnek? : A bar\u00e1tok sz\u00e1m\u00e1nak alakul\u00e1sa h\u00e1rom \u00e9vtized alatt (1986\u20132018). SOCIO.HU : T\u00c1RSADALOMTUDOM\u00c1NYI SZEMLE 10 : 3 pp. 3-30. , 28 p.<\/p>\n<p>\u00c1gnes Luk\u00e1cs J, Be\u00e1ta D\u00e1vid (2019) Roma Undergraduates\u2019 Personal Network in the Process of College Transition. A Social Capital Approach. RESEARCH IN HIGHER EDUCATION 60: 1 pp. 64-82. 19 p<\/p>\n<p>Kmetty Zolt\u00e1n, Tardos R\u00f3bert, Albert Fruzsina, D\u00e1vid Be\u00e1ta (2018) Mapping social milieus and cohesion patterns between 1997 and 2014. Exploiting the potential of the occupational position generator. SOCIAL NETWORKS 55 pp. 116-129., 14 p.<\/p>\n<p>\u00a0D\u00e1vid Beata, Huszti Eva, Barna Ildik\u00f3, Fu Yang-chih (2016) Egocentric contact networks in comparison: Taiwan and Hungary: Taiwan and Hungary. SOCIAL NETWORKS 44 pp. 253-265. , 13 p.<\/p>\n<p>D\u00e1vid Be\u00e1ta, Barna Ildik\u00f3, B\u00f3n\u00e9 Veronika, Heged\u0171s R\u00e9ka, Izs\u00e1k \u00c9va (2016) A rendszerv\u00e1lt\u00e1s csal\u00e1dt\u00f6rt\u00e9netei \u2013 Huszon\u00f6t \u00e9v Budapest \u00e1rny\u00e9k\u00e1ban. Budapest, Magyarorsz\u00e1g : L\u2019Harmattan Kiad\u00f3, 164 p. ISBN: 9789634141167<\/p>\n<p>Huszti \u00c9, D\u00e1vid B, Vajda K (2013) Strong tie, weak tie and in-betweens: a continuous measure of tie strength based on contact diary datasets. PROCEDIA \u2013 SOCIAL AND BEHAVIORAL SCIENCES 79 : 6 pp. 38-61. , 24 p.<\/p>\n<p>Albert F, D\u00e1vid B (2007) Embert bar\u00e1tj\u00e1r\u00f3l: A bar\u00e1ts\u00e1g szociol\u00f3gi\u00e1ja. Budapest, Magyarorsz\u00e1g\u00a0 Sz\u00e1zadv\u00e9g Kiad\u00f3, 271 p. ISBN: 9789637340291<\/p>\n<p>D\u00e1vid B, Snijders T A B (2002) Estimating the Size of the Homeless Population in Budapest, Hungary QUALITY AND QUANTITY: INTERNATIONAL JOURNAL OF METHODOLOGY 36 : 3 pp. 291-303. , 13 p.<\/p>\n<\/td>\n<\/tr>\n<\/tbody>\n<\/table>\n<p>&nbsp;<\/p>\n","protected":false},"excerpt":{"rendered":"<p>Position professor, director University extension: 06-1-266-0878\/56524 Fax: 06-1-214-5685 E-mail:\u00a0 david.bea@semmelweis.hu Qualifications sociologist, English language and literature teacher (E\u00f6tv\u00f6s Lor\u00e1nd University, 1992) Doctoral degree Ph.D. in Sociology, 1999 List of Publications\u00a0\u00a0 <a href=\"https:\/\/m2.mtmt.hu\/api\/publication?cond=authors;in;10010937&amp;cond=category.mtid;eq;1&amp;&amp;page=1&amp;labelLang=eng\" target=\"_blank\" rel=\"noopener noreferrer\">Hungarian Scientific Bibilography\u00a0<\/a> Researchgate, ORCID https:\/\/www.researchgate.net\/profile\/Beata-David ORCID: 0000-0003-2807-8726\u00a0 Memberships and activities Home Start Hungary &#8211; Chair of Trustees; President of HUNNET, Hungarian Network for Social Network Analysis Professional &hellip;<\/p>\n","protected":false},"author":101898,"featured_media":0,"parent":43,"menu_order":1,"comment_status":"closed","ping_status":"closed","template":"","meta":{"_acf_changed":false,"footnotes":""},"categories":[],"tags":[],"class_list":["post-4593","page","type-page","status-publish","hentry"],"acf":[],"_links":{"self":[{"href":"https:\/\/semmelweis.hu\/mental\/wp-json\/wp\/v2\/pages\/4593","targetHints":{"allow":["GET"]}}],"collection":[{"href":"https:\/\/semmelweis.hu\/mental\/wp-json\/wp\/v2\/pages"}],"about":[{"href":"https:\/\/semmelweis.hu\/mental\/wp-json\/wp\/v2\/types\/page"}],"author":[{"embeddable":true,"href":"https:\/\/semmelweis.hu\/mental\/wp-json\/wp\/v2\/users\/101898"}],"replies":[{"embeddable":true,"href":"https:\/\/semmelweis.hu\/mental\/wp-json\/wp\/v2\/comments?post=4593"}],"version-history":[{"count":10,"href":"https:\/\/semmelweis.hu\/mental\/wp-json\/wp\/v2\/pages\/4593\/revisions"}],"predecessor-version":[{"id":6779,"href":"https:\/\/semmelweis.hu\/mental\/wp-json\/wp\/v2\/pages\/4593\/revisions\/6779"}],"up":[{"embeddable":true,"href":"https:\/\/semmelweis.hu\/mental\/wp-json\/wp\/v2\/pages\/43"}],"wp:attachment":[{"href":"https:\/\/semmelweis.hu\/mental\/wp-json\/wp\/v2\/media?parent=4593"}],"wp:term":[{"taxonomy":"category","embeddable":true,"href":"https:\/\/semmelweis.hu\/mental\/wp-json\/wp\/v2\/categories?post=4593"},{"taxonomy":"post_tag","embeddable":true,"href":"https:\/\/semmelweis.hu\/mental\/wp-json\/wp\/v2\/tags?post=4593"}],"curies":[{"name":"wp","href":"https:\/\/api.w.org\/{rel}","templated":true}]}}