{"id":4590,"date":"2021-05-17T12:42:33","date_gmt":"2021-05-17T10:42:33","guid":{"rendered":"https:\/\/semmelweis.hu\/mental\/?page_id=4590"},"modified":"2024-10-07T12:08:13","modified_gmt":"2024-10-07T10:08:13","slug":"gabor-semsey-phd","status":"publish","type":"page","link":"https:\/\/semmelweis.hu\/mental\/en\/home\/teaching-and-research-staff\/gabor-semsey-phd\/","title":{"rendered":"G\u00e1bor Semsey, PhD"},"content":{"rendered":"<p><img loading=\"lazy\" decoding=\"async\" class=\"alignnone size-full wp-image-849\" src=\"https:\/\/semmelweis.hu\/mental\/files\/2018\/06\/Semsey-Gbor-100x133.jpg\" alt=\"\" width=\"100\" height=\"133\" \/><\/p>\n<table style=\"width: 100%;height: 866px\" width=\"100%\">\n<tbody>\n<tr style=\"height: 43px\">\n<td style=\"width: 22%;height: 43px\" width=\"22%\">\n<p><strong>Position <\/strong><\/p>\n<\/td>\n<td style=\"width: 77%;height: 43px\" width=\"77%\">\n<p>assistant professor<\/p>\n<\/td>\n<\/tr>\n<tr style=\"height: 43px\">\n<td style=\"width: 22%;height: 43px\" width=\"22%\">\n<p><strong>Telephone and university extension<\/strong><\/p>\n<\/td>\n<td style=\"width: 77%;height: 43px\">06-1-459-1500 \/\u00a0<strong>56529<\/strong><\/td>\n<\/tr>\n<tr style=\"height: 43px\">\n<td style=\"width: 22%;height: 43px\" width=\"22%\">\n<p><strong>E-mail:<\/strong>\u00a0<\/p>\n<\/td>\n<td style=\"width: 77%;height: 43px\"><span id=\"cloak88247\">semsey.gabor@semmelweis.hu<\/span><\/td>\n<\/tr>\n<tr style=\"height: 43px\">\n<td style=\"width: 22%;height: 43px\" width=\"22%\">\n<p><strong>Qualifications<\/strong><\/p>\n<\/td>\n<td style=\"width: 77%\" width=\"433\">\n<p>MSc in Mathematics (2001),<\/p>\n<p>MA in Hungarian Language and Literature (2003),<\/p>\n<p>Mental health expert (2006),<\/p>\n<p>Psychodrama instructor (2013)<\/p>\n<\/td>\n<\/tr>\n<tr style=\"height: 67px\">\n<td style=\"width: 22%;height: 67px\" width=\"22%\">\n<p><strong>Doctoral degree<\/strong><\/p>\n<\/td>\n<td style=\"width: 77%\" width=\"433\">PHD, Educational Science (2017)\u00a0<\/td>\n<\/tr>\n<tr style=\"height: 67px\">\n<td style=\"width: 22%;height: 67px\" width=\"22%\">\n<p><strong>List of Publications<\/strong>\u00a0\u00a0<\/p>\n<\/td>\n<td style=\"width: 77%;height: 67px\" width=\"77%\"><a href=\"https:\/\/m2.mtmt.hu\/api\/publication?cond=authors;in;10022462&amp;cond=category.mtid;eq;1&amp;labelLang=hun\" target=\"_blank\" rel=\"noopener noreferrer\">Hungarian Scientific Bibliography\u00a0<\/a><\/td>\n<\/tr>\n<tr style=\"height: 67px\">\n<td style=\"width: 22%;height: 67px\" width=\"22%\">\n<p><strong>Researchgate, ORCID<\/strong><\/p>\n<\/td>\n<td style=\"width: 77%;height: 67px\" width=\"77%\">\n<p>https:\/\/www.researchgate.net\/profile\/Gabor_Semsey<\/p>\n<p>ORCID: 0000-0002-5007-3801<\/p>\n<\/td>\n<\/tr>\n<tr style=\"height: 67px\">\n<td style=\"width: 22%;height: 67px\" width=\"22%\">\n<p><strong>Memberships and activities<\/strong><\/p>\n<\/td>\n<td style=\"width: 77%\" width=\"433\">\n<p>H\u00cdD Foundation (Board of Trustees President),<\/p>\n<p>Hungarian Association of Pastoral Psychology\u00a0 (member)<\/p>\n<p>Hungarian Psychodrama Association (member)<\/p>\n<\/td>\n<\/tr>\n<tr style=\"height: 91px\">\n<td style=\"width: 22%;height: 91px\" width=\"22%\">\n<p><strong>Professional and research interest<\/strong><\/p>\n<\/td>\n<td style=\"width: 77%\" width=\"433\">\n<p>Mental health in school<\/p>\n<p>Pastoral counseling with youth<\/p>\n<p>Sexual education,<\/p>\n<p>Leisure pedagogy\u00a0<\/p>\n<\/td>\n<\/tr>\n<tr style=\"height: 67px\">\n<td style=\"width: 22%;height: 67px\" width=\"22%\">\n<p><strong>Current research<\/strong>\u00a0\u00a0<\/p>\n<\/td>\n<td style=\"width: 77%\" width=\"433\">\n<p>Our training courses&#8217; effect of Self-Compassion;<\/p>\n<p>XXI. Century Nursery Room<\/p>\n<\/td>\n<\/tr>\n<tr style=\"height: 91px\">\n<td style=\"width: 22%;height: 91px\" width=\"22%\">\n<p><strong>Other professional interest<\/strong><\/p>\n<\/td>\n<td style=\"width: 77%;height: 91px\" width=\"77%\">\n<p>&nbsp;<\/p>\n<\/td>\n<\/tr>\n<tr style=\"height: 67px\">\n<td style=\"width: 22%;height: 67px\" width=\"22%\">\n<p><strong>Main publications<\/strong><\/p>\n<\/td>\n<td style=\"width: 77%;height: 67px\" width=\"77%\">\n<p>Tomcs\u00e1nyi, T; Cs\u00e1ky-Pallavicini, R; Ittz\u00e9s, G; Semsey, G ; T\u00f6r\u00f6k, P: Health Promotion Strategy and Primary Prevention Program at Semmelweis University. EUROPEAN JOURNAL OF MENTAL HEALTH 1 : 1-2 pp. 25-44., 20 p. (2006)<\/p>\n<p>Semsey, G; T\u00f6r\u00f6k, G; Cs\u00e1ky-Pallavicini, Zs; Horv\u00e1th-Szab\u00f3, K: Die Praxis und die Wirksamkeit der Wertevermittlung in der Katolischen Gemeinschaft Regnum Marianum EUROPEAN JOURNAL OF MENTAL HEALTH 2 : 1 pp. 25-48., 24 p. (2007)<\/p>\n<p>T\u00f6r\u00f6k, G; Tomcs\u00e1nyi, T; Ittz\u00e9s, A; Martos, T; Semsey, G; Szab\u00f3, T; T\u00e9senyi, T: Ein \u00f6kumenisches Modell der Weiterbildung in Seelsorge: Geschichte und Ergebnisse de Evaluationsforschung der Weiterbildung. EUROPEAN JOURNAL OF MENTAL HEALTH 7 : 1 pp. 24-56., 33 p. (2012)<\/p>\n<p>Semsey, G\u00e1bor: The practice of sexual education in Hungarian secondary grammar schools 216 p. ELTE Doctoral School of Education, Ph.D. dissertation, 2017<\/p>\n<\/td>\n<\/tr>\n<\/tbody>\n<\/table>\n<p>&nbsp;<\/p>\n","protected":false},"excerpt":{"rendered":"<p>Position assistant professor Telephone and university extension 06-1-459-1500 \/\u00a056529 E-mail:\u00a0 semsey.gabor@semmelweis.hu Qualifications MSc in Mathematics (2001), MA in Hungarian Language and Literature (2003), Mental health expert (2006), Psychodrama instructor (2013) Doctoral degree PHD, Educational Science (2017)\u00a0 List of Publications\u00a0\u00a0 <a href=\"https:\/\/m2.mtmt.hu\/api\/publication?cond=authors;in;10022462&amp;cond=category.mtid;eq;1&amp;labelLang=hun\" target=\"_blank\" rel=\"noopener noreferrer\">Hungarian Scientific Bibliography\u00a0<\/a> Researchgate, ORCID https:\/\/www.researchgate.net\/profile\/Gabor_Semsey ORCID: 0000-0002-5007-3801 Memberships and activities H\u00cdD Foundation (Board of Trustees President), Hungarian Association &hellip;<\/p>\n","protected":false},"author":101898,"featured_media":0,"parent":43,"menu_order":27,"comment_status":"closed","ping_status":"closed","template":"","meta":{"_acf_changed":false,"footnotes":""},"categories":[],"tags":[],"class_list":["post-4590","page","type-page","status-publish","hentry"],"acf":[],"_links":{"self":[{"href":"https:\/\/semmelweis.hu\/mental\/wp-json\/wp\/v2\/pages\/4590","targetHints":{"allow":["GET"]}}],"collection":[{"href":"https:\/\/semmelweis.hu\/mental\/wp-json\/wp\/v2\/pages"}],"about":[{"href":"https:\/\/semmelweis.hu\/mental\/wp-json\/wp\/v2\/types\/page"}],"author":[{"embeddable":true,"href":"https:\/\/semmelweis.hu\/mental\/wp-json\/wp\/v2\/users\/101898"}],"replies":[{"embeddable":true,"href":"https:\/\/semmelweis.hu\/mental\/wp-json\/wp\/v2\/comments?post=4590"}],"version-history":[{"count":10,"href":"https:\/\/semmelweis.hu\/mental\/wp-json\/wp\/v2\/pages\/4590\/revisions"}],"predecessor-version":[{"id":6789,"href":"https:\/\/semmelweis.hu\/mental\/wp-json\/wp\/v2\/pages\/4590\/revisions\/6789"}],"up":[{"embeddable":true,"href":"https:\/\/semmelweis.hu\/mental\/wp-json\/wp\/v2\/pages\/43"}],"wp:attachment":[{"href":"https:\/\/semmelweis.hu\/mental\/wp-json\/wp\/v2\/media?parent=4590"}],"wp:term":[{"taxonomy":"category","embeddable":true,"href":"https:\/\/semmelweis.hu\/mental\/wp-json\/wp\/v2\/categories?post=4590"},{"taxonomy":"post_tag","embeddable":true,"href":"https:\/\/semmelweis.hu\/mental\/wp-json\/wp\/v2\/tags?post=4590"}],"curies":[{"name":"wp","href":"https:\/\/api.w.org\/{rel}","templated":true}]}}