{"id":4553,"date":"2021-06-30T11:12:29","date_gmt":"2021-06-30T09:12:29","guid":{"rendered":"https:\/\/semmelweis.hu\/mental\/?page_id=4553"},"modified":"2025-12-04T16:54:38","modified_gmt":"2025-12-04T15:54:38","slug":"lezarult-kepzesek","status":"publish","type":"page","link":"https:\/\/semmelweis.hu\/mental\/mesterkepzesek\/lezarult-kepzesek\/","title":{"rendered":"Lez\u00e1rult k\u00e9pz\u00e9sek"},"content":{"rendered":"<p><a href=\"https:\/\/semmelweis.hu\/mental\/mesterkepzesek\/lezarult-kepzesek\/mentalhigienes-csaladtudomanyi-es-csaladterapias-mesterkepzes\/\" target=\"_blank\" rel=\"noopener noreferrer\">&#8222;Ment\u00e1lhigi\u00e9n\u00e9s csal\u00e1dtudom\u00e1nyi \u00e9s csal\u00e1dter\u00e1pi\u00e1s mesterk\u00e9pz\u00e9s&#8221; (2015-2020)<\/a><\/p>\n","protected":false},"excerpt":{"rendered":"<p><a href=\"https:\/\/semmelweis.hu\/mental\/mesterkepzesek\/lezarult-kepzesek\/mentalhigienes-csaladtudomanyi-es-csaladterapias-mesterkepzes\/\" target=\"_blank\" rel=\"noopener noreferrer\">&#8222;Ment\u00e1lhigi\u00e9n\u00e9s csal\u00e1dtudom\u00e1nyi \u00e9s csal\u00e1dter\u00e1pi\u00e1s mesterk\u00e9pz\u00e9s&#8221; (2015-2020)<\/a><\/p>\n","protected":false},"author":101898,"featured_media":0,"parent":1117,"menu_order":4,"comment_status":"closed","ping_status":"closed","template":"","meta":{"_acf_changed":false,"footnotes":""},"categories":[],"tags":[],"class_list":["post-4553","page","type-page","status-publish","hentry"],"acf":[],"_links":{"self":[{"href":"https:\/\/semmelweis.hu\/mental\/wp-json\/wp\/v2\/pages\/4553","targetHints":{"allow":["GET"]}}],"collection":[{"href":"https:\/\/semmelweis.hu\/mental\/wp-json\/wp\/v2\/pages"}],"about":[{"href":"https:\/\/semmelweis.hu\/mental\/wp-json\/wp\/v2\/types\/page"}],"author":[{"embeddable":true,"href":"https:\/\/semmelweis.hu\/mental\/wp-json\/wp\/v2\/users\/101898"}],"replies":[{"embeddable":true,"href":"https:\/\/semmelweis.hu\/mental\/wp-json\/wp\/v2\/comments?post=4553"}],"version-history":[{"count":3,"href":"https:\/\/semmelweis.hu\/mental\/wp-json\/wp\/v2\/pages\/4553\/revisions"}],"predecessor-version":[{"id":4680,"href":"https:\/\/semmelweis.hu\/mental\/wp-json\/wp\/v2\/pages\/4553\/revisions\/4680"}],"up":[{"embeddable":true,"href":"https:\/\/semmelweis.hu\/mental\/wp-json\/wp\/v2\/pages\/1117"}],"wp:attachment":[{"href":"https:\/\/semmelweis.hu\/mental\/wp-json\/wp\/v2\/media?parent=4553"}],"wp:term":[{"taxonomy":"category","embeddable":true,"href":"https:\/\/semmelweis.hu\/mental\/wp-json\/wp\/v2\/categories?post=4553"},{"taxonomy":"post_tag","embeddable":true,"href":"https:\/\/semmelweis.hu\/mental\/wp-json\/wp\/v2\/tags?post=4553"}],"curies":[{"name":"wp","href":"https:\/\/api.w.org\/{rel}","templated":true}]}}