{"id":43,"date":"2018-06-08T00:00:00","date_gmt":"2018-06-07T22:00:00","guid":{"rendered":"http:\/\/semmelweis.hu\/mental\/teaching-and-research-staff\/"},"modified":"2025-03-31T14:19:06","modified_gmt":"2025-03-31T12:19:06","slug":"teaching-and-research-staff","status":"publish","type":"page","link":"https:\/\/semmelweis.hu\/mental\/en\/home\/teaching-and-research-staff\/","title":{"rendered":"Institute staff"},"content":{"rendered":"<p><strong><em>Director of the Institute <\/em><\/strong><\/p>\n<p><a href=\"https:\/\/semmelweis.hu\/mental\/en\/home\/teaching-and-research-staff\/dr-beata-david-pethesne-phd\/\" target=\"_blank\" rel=\"noopener noreferrer\">Be\u00e1ta PETHESN\u00c9 D\u00c1VID, PhD, professor<\/a><\/p>\n<p><strong><em>Deputy Directors \u00a0<\/em><\/strong><\/p>\n<p><a href=\"https:\/\/semmelweis.hu\/mental\/en\/home\/teaching-and-research-staff\/attila-pilinszki\/\" target=\"_blank\" rel=\"noopener noreferrer\">Attila PILINSZKI, PhD, associate professor<\/a><\/p>\n<p><a href=\"https:\/\/semmelweis.hu\/mental\/en\/home\/teaching-and-research-staff\/gabor-torok\/\" target=\"_blank\" rel=\"noopener noreferrer\">G\u00e1bor P\u00e1l T\u00d6R\u00d6K, PhD, assistant professor\u00a0<\/a><\/p>\n<p>&nbsp;<\/p>\n<p><strong><em>Secreatry<\/em><\/strong><\/p>\n<p>Bogl\u00e1rka LENTE<\/p>\n<p><strong><em>Finances and HR<\/em><\/strong><\/p>\n<p>\u00c1gnes <span style=\"font-size: 1rem\">ZSUZSANDOR<\/span><\/p>\n<p>Szilvia \u00c1gnes\u00a0<span style=\"font-size: 1rem\">WINCZHEIM-GASPARIK<\/span><span style=\"font-size: 1rem\">\u00a0<\/span><span style=\"font-size: 1rem\">(on parental leave)<\/span><\/p>\n<p>&nbsp;<\/p>\n<p><strong><em>Teaching and research staff<\/em><\/strong><\/p>\n<p><a href=\"https:\/\/semmelweis.hu\/mental\/en\/home\/teaching-and-research-staff\/teodora-tomcsanyi-phd\/\" target=\"_blank\" rel=\"noopener noreferrer\">Teod\u00f3ra TOMCS\u00c1NYI, PhD, professor emerita<\/a><\/p>\n<p>Endre NAGY, PhD, professor emeritus<\/p>\n<p>&nbsp;<\/p>\n<p><a href=\"https:\/\/semmelweis.hu\/mental\/en\/home\/teaching-and-research-staff\/fruzsina-albert-phd\/\" target=\"_blank\" rel=\"noopener noreferrer\">Fruzsina ALBERT, PhD, professor\u00a0<\/a><\/p>\n<p><a href=\"https:\/\/semmelweis.hu\/mental\/en\/home\/teaching-and-research-staff\/bernadett-asztalos-phd\/\" target=\"_blank\" rel=\"noopener noreferrer\">Bernadett ASZTALOS, PhD, assistant professor<\/a><u><\/u><\/p>\n<p><a href=\"https:\/\/semmelweis.hu\/mental\/en\/home\/teaching-and-research-staff\/veronika-bone-phd\/\" target=\"_blank\" rel=\"noopener noreferrer\">Veronika B\u00d3N\u00c9, PhD. research fellow<\/a><u><\/u><\/p>\n<p><a href=\"https:\/\/semmelweis.hu\/mental\/en\/ildiko-danis-phd-2\/\" target=\"_blank\" rel=\"noopener\">Ildik\u00f3 DANIS, PhD, senior research fellow<\/a><\/p>\n<p><a href=\"https:\/\/semmelweis.hu\/mental\/en\/home\/teaching-and-research-staff\/zsuzsanna-jaki\/\" target=\"_blank\" rel=\"noopener noreferrer\">Zsuzsanna SZAB\u00d3-J\u00c1KI, PhD, assistant professor<\/a><u><\/u><\/p>\n<p>M\u00e1rton J\u00c1RAY, teaching assistant\u00a0\u00a0<\/p>\n<p><a href=\"https:\/\/semmelweis.hu\/mental\/en\/home\/teaching-and-research-staff\/mate-joob-phd\/\" target=\"_blank\" rel=\"noopener noreferrer\">M\u00e1t\u00e9 JO\u00d3B, PhD associate professor\u00a0<\/a><\/p>\n<p>J\u00falia <span style=\"font-size: 1rem\">KOSZTKA<\/span><span style=\"font-size: 1rem\">, PhD, assistant professor<\/span><\/p>\n<p><a href=\"https:\/\/semmelweis.hu\/mental\/en\/home\/teaching-and-research-staff\/anett-maria-trobert-phd\/\" target=\"_blank\" rel=\"noopener noreferrer\">Anett M\u00e1ria LELESZI-TR\u00d3BERT, PhD, assistant professor \u00a0<\/a><\/p>\n<p>Eleon\u00f3ra M\u00c9SZ\u00c1ROS, lecturer<\/p>\n<p>Zsuzsanna Katalin PAPP, PhD, assistant professor<\/p>\n<p><a href=\"https:\/\/semmelweis.hu\/mental\/en\/home\/teaching-and-research-staff\/gabor-semsey-phd\/\" target=\"_blank\" rel=\"noopener noreferrer\">G\u00e1bor SEMSEY, PhD, lecturer<\/a><\/p>\n<p><a href=\"https:\/\/semmelweis.hu\/mental\/en\/home\/teaching-and-research-staff\/timea-somosine-tesenyi-phd\/\" target=\"_blank\" rel=\"noopener noreferrer\">T\u00edmea SOMOSIN\u00c9 T\u00c9SENYI, PhD assistant professor\u00a0<\/a><\/p>\n<p>\u00a0Szilvia \u00c1gnes <span style=\"font-size: 1rem\">S\u00dcKI-SZIJJ\u00c1RT\u00d3<\/span><span style=\"font-size: 1rem\">, lecturer<\/span><\/p>\n<p><a href=\"https:\/\/semmelweis.hu\/mental\/en\/home\/teaching-and-research-staff\/dr-szabolcs-torok-phd\/\" target=\"_blank\" rel=\"noopener noreferrer\">Szabolcs T\u00d6R\u00d6K, PhD, MED, associate professor\u00a0<\/a><\/p>\n<p>Ren\u00e1ta WIRTHN\u00c9 UNGV\u00c1RY, PhD, assistant professor<\/p>\n<p>&nbsp;<\/p>\n<p><strong><em>Administration:<\/em><\/strong><\/p>\n<p>Andrea <span style=\"font-size: 1rem\">BARTIK-V\u00c1RI<\/span><span style=\"font-size: 1rem\">\u00a0<\/span><\/p>\n<p>Attila B\u00cdR\u00d3\u00a0<\/p>\n<p>Be\u00e1ta D\u00c1VID\u00a0<\/p>\n<p>Anik\u00f3 GASPARIKN\u00c9 CSAT\u00c1RI\u00a0<\/p>\n<p>Henriett F\u00dcL\u00d6PN\u00c9 FEJ\u0150S<\/p>\n<p>Gy\u00f6ngyi Tibor L\u00e1szl\u00f3n\u00e9 G\u00c1RDONYI\u00a0<\/p>\n<p>Erika M\u00e1ria HORV\u00c1THN\u00c9 VAGRA\u00a0<\/p>\n<p>M\u00e1rta NAGY\u00a0<\/p>\n<p>&nbsp;<\/p>\n<p>&nbsp;<\/p>\n","protected":false},"excerpt":{"rendered":"<p>Director of the Institute <a href=\"https:\/\/semmelweis.hu\/mental\/en\/home\/teaching-and-research-staff\/dr-beata-david-pethesne-phd\/\" target=\"_blank\" rel=\"noopener noreferrer\">Be\u00e1ta PETHESN\u00c9 D\u00c1VID, PhD, professor<\/a> Deputy Directors \u00a0 <a href=\"https:\/\/semmelweis.hu\/mental\/en\/home\/teaching-and-research-staff\/attila-pilinszki\/\" target=\"_blank\" rel=\"noopener noreferrer\">Attila PILINSZKI, PhD, associate professor<\/a> <a href=\"https:\/\/semmelweis.hu\/mental\/en\/home\/teaching-and-research-staff\/gabor-torok\/\" target=\"_blank\" rel=\"noopener noreferrer\">G\u00e1bor P\u00e1l T\u00d6R\u00d6K, PhD, assistant professor\u00a0<\/a> &nbsp; Secreatry Bogl\u00e1rka LENTE Finances and HR \u00c1gnes ZSUZSANDOR Szilvia \u00c1gnes\u00a0WINCZHEIM-GASPARIK\u00a0(on parental leave) &nbsp; Teaching and research staff <a href=\"https:\/\/semmelweis.hu\/mental\/en\/home\/teaching-and-research-staff\/teodora-tomcsanyi-phd\/\" target=\"_blank\" rel=\"noopener noreferrer\">Teod\u00f3ra TOMCS\u00c1NYI, PhD, professor emerita<\/a> Endre NAGY, PhD, professor emeritus &nbsp; <a href=\"https:\/\/semmelweis.hu\/mental\/en\/home\/teaching-and-research-staff\/fruzsina-albert-phd\/\" target=\"_blank\" rel=\"noopener noreferrer\">Fruzsina ALBERT, PhD, professor\u00a0<\/a> <a href=\"https:\/\/semmelweis.hu\/mental\/en\/home\/teaching-and-research-staff\/bernadett-asztalos-phd\/\" target=\"_blank\" rel=\"noopener noreferrer\">Bernadett ASZTALOS, PhD, assistant professor<\/a> <a href=\"https:\/\/semmelweis.hu\/mental\/en\/home\/teaching-and-research-staff\/veronika-bone-phd\/\" target=\"_blank\" rel=\"noopener noreferrer\">Veronika B\u00d3N\u00c9, PhD. research fellow<\/a> <a href=\"https:\/\/semmelweis.hu\/mental\/en\/ildiko-danis-phd-2\/\" target=\"_blank\" rel=\"noopener\">Ildik\u00f3 DANIS, PhD, senior research fellow<\/a> <a href=\"https:\/\/semmelweis.hu\/mental\/en\/home\/teaching-and-research-staff\/zsuzsanna-jaki\/\" target=\"_blank\" rel=\"noopener noreferrer\">Zsuzsanna SZAB\u00d3-J\u00c1KI, PhD, assistant professor<\/a> M\u00e1rton J\u00c1RAY, teaching assistant\u00a0\u00a0 <a href=\"https:\/\/semmelweis.hu\/mental\/en\/home\/teaching-and-research-staff\/mate-joob-phd\/\" target=\"_blank\" rel=\"noopener noreferrer\">M\u00e1t\u00e9 JO\u00d3B, PhD associate professor\u00a0<\/a> J\u00falia KOSZTKA, PhD, assistant professor <a href=\"https:\/\/semmelweis.hu\/mental\/en\/home\/teaching-and-research-staff\/anett-maria-trobert-phd\/\" target=\"_blank\" rel=\"noopener noreferrer\">Anett M\u00e1ria LELESZI-TR\u00d3BERT, PhD, assistant professor \u00a0<\/a> Eleon\u00f3ra M\u00c9SZ\u00c1ROS, lecturer Zsuzsanna Katalin PAPP, PhD, assistant professor <a href=\"https:\/\/semmelweis.hu\/mental\/en\/home\/teaching-and-research-staff\/gabor-semsey-phd\/\" target=\"_blank\" rel=\"noopener noreferrer\">G\u00e1bor SEMSEY, PhD, lecturer<\/a> <a href=\"https:\/\/semmelweis.hu\/mental\/en\/home\/teaching-and-research-staff\/timea-somosine-tesenyi-phd\/\" target=\"_blank\" rel=\"noopener noreferrer\">T\u00edmea SOMOSIN\u00c9 T\u00c9SENYI, PhD assistant professor\u00a0<\/a> \u00a0Szilvia \u00c1gnes S\u00dcKI-SZIJJ\u00c1RT\u00d3, lecturer <a href=\"https:\/\/semmelweis.hu\/mental\/en\/home\/teaching-and-research-staff\/dr-szabolcs-torok-phd\/\" target=\"_blank\" rel=\"noopener noreferrer\">Szabolcs T\u00d6R\u00d6K, PhD, MED, associate professor\u00a0<\/a> Ren\u00e1ta WIRTHN\u00c9 &hellip;<\/p>\n","protected":false},"author":101614,"featured_media":0,"parent":5,"menu_order":2,"comment_status":"closed","ping_status":"closed","template":"","meta":{"_acf_changed":false,"footnotes":""},"categories":[],"tags":[],"class_list":["post-43","page","type-page","status-publish","hentry"],"acf":[],"_links":{"self":[{"href":"https:\/\/semmelweis.hu\/mental\/wp-json\/wp\/v2\/pages\/43","targetHints":{"allow":["GET"]}}],"collection":[{"href":"https:\/\/semmelweis.hu\/mental\/wp-json\/wp\/v2\/pages"}],"about":[{"href":"https:\/\/semmelweis.hu\/mental\/wp-json\/wp\/v2\/types\/page"}],"author":[{"embeddable":true,"href":"https:\/\/semmelweis.hu\/mental\/wp-json\/wp\/v2\/users\/101614"}],"replies":[{"embeddable":true,"href":"https:\/\/semmelweis.hu\/mental\/wp-json\/wp\/v2\/comments?post=43"}],"version-history":[{"count":12,"href":"https:\/\/semmelweis.hu\/mental\/wp-json\/wp\/v2\/pages\/43\/revisions"}],"predecessor-version":[{"id":7851,"href":"https:\/\/semmelweis.hu\/mental\/wp-json\/wp\/v2\/pages\/43\/revisions\/7851"}],"up":[{"embeddable":true,"href":"https:\/\/semmelweis.hu\/mental\/wp-json\/wp\/v2\/pages\/5"}],"wp:attachment":[{"href":"https:\/\/semmelweis.hu\/mental\/wp-json\/wp\/v2\/media?parent=43"}],"wp:term":[{"taxonomy":"category","embeddable":true,"href":"https:\/\/semmelweis.hu\/mental\/wp-json\/wp\/v2\/categories?post=43"},{"taxonomy":"post_tag","embeddable":true,"href":"https:\/\/semmelweis.hu\/mental\/wp-json\/wp\/v2\/tags?post=43"}],"curies":[{"name":"wp","href":"https:\/\/api.w.org\/{rel}","templated":true}]}}