{"id":41,"date":"2018-06-08T00:00:00","date_gmt":"2018-06-07T22:00:00","guid":{"rendered":"http:\/\/semmelweis.hu\/mental\/phd-program\/"},"modified":"2025-12-13T00:54:47","modified_gmt":"2025-12-12T23:54:47","slug":"phd-program","status":"publish","type":"page","link":"https:\/\/semmelweis.hu\/mental\/en\/phd-program\/","title":{"rendered":"PhD Program"},"content":{"rendered":"<p><a href=\"https:\/\/semmelweis.hu\/mental\/files\/2018\/06\/SE-PhD-1.png\"><img loading=\"lazy\" decoding=\"async\" class=\" wp-image-2498 alignleft\" src=\"https:\/\/semmelweis.hu\/mental\/files\/2018\/06\/SE-PhD-1-300x300.png\" alt=\"\" width=\"129\" height=\"129\" srcset=\"https:\/\/semmelweis.hu\/mental\/files\/2018\/06\/SE-PhD-1-300x300.png 300w, https:\/\/semmelweis.hu\/mental\/files\/2018\/06\/SE-PhD-1-150x150.png 150w, https:\/\/semmelweis.hu\/mental\/files\/2018\/06\/SE-PhD-1.png 350w\" sizes=\"auto, (max-width: 129px) 100vw, 129px\" \/><\/a>Our PhD Program \u201c<strong>Interdisciplinary Social Sciences<\/strong>\u201d is one of the programs (No. 4\/3.) at the PhD School of Semmelweis University and it is administered by staff members at the Institute of Mental Health. <strong>The language of instruction in the program is Hungarian.<\/strong> The program focuses on individuals, families and communities with successful life strategies and problem-solving skills, and it applies mental health aspects and an interdisciplinary research approach.<\/p>\n<p>Our Hungarian website: <a href=\"https:\/\/semmelweis.hu\/mental\/doktori-kepzes\/\">https:\/\/semmelweis.hu\/mental\/doktori-kepzes\/\u00a0<\/a><\/p>\n<p>The PhD Program is co-ordinated by Prof. Be\u00e1ta D\u00c1VID. The research topics and focus areas of the program are as follows:<\/p>\n<ul>\n<li>factors contributing to the physical and mental well-being of individuals, couples, families and communities<\/li>\n<li>mobilising social and community relationships,<\/li>\n<li>value systems and symbolic capital (e.g. ideologies, religion),<\/li>\n<li>maintaining and developing individual resources,<\/li>\n<li>institutional forms of promoting physical and mental well-being.<\/li>\n<\/ul>\n<p>Supervisors and proposed research topics in the PhD Program:<\/p>\n<ul>\n<li>FRUZSINA ALBERT\u00a0: The analysis of interpersonal relationships and physical\/mental health from a sociological perspective\u00a0<\/li>\n<li>GERG\u0150 BARANYI: The impact of air pollution and other environmental factors on early childhood development<\/li>\n<li>VERONIKA B\u00d3N\u00c9 : Associations between childbearing and mental health, the social context of childbearing<\/li>\n<li>ILDIK\u00d3 DANIS: The impact of early experiences, parenting and family relationships on early childhood and later life development and mental health<\/li>\n<li>BE\u00c1TA D\u00c1VID\u00a0: Mental health and social capital: psycho-social resources of individual, family and community<\/li>\n<li>P\u00c9TER GA\u00c1L: The function and significance of the social capital in the healthcare system<\/li>\n<li>\u00c9VA HUSZTI: The role of social network in the Quality of Life<\/li>\n<li>TAM\u00c1S JO\u00d3: Digital health and data-driven solutions in the 21st century<\/li>\n<li>M\u00c1T\u00c9 JO\u00d3B: The connection between religiousness and forgiveness, examining forgiveness as a prosocial change<\/li>\n<li>JUDIT L\u00c1M: Patient safety &#8211; health and social context<\/li>\n<li>ANETT M\u00c1RIA LELESZI-TR\u00d3BERT: Individual and social dimensions of active ageing and care for older people<\/li>\n<li>TAM\u00c1S MARTOS\u00a0: The role of personal goals and life goals in positive mental health: individual, social and societal approaches<\/li>\n<li>BAL\u00c1ZS MATUSZKA: Studying the psychosocial factors of somatic and mental health in multipple levels<\/li>\n<li>ENDRE NAGY : Social and Religious Theories on Normal and Pathologic Behaviours<\/li>\n<li>ZSUZSANNA PAPP : Psychosocial approach in the investigation of wellbeing of children, youth and their families with chronic conditions<\/li>\n<li>MELINDA P\u00c9NZES : Health security challenges of tobacco use and other leading behavioral risk factors of health loss, and health-related cybersecurity<\/li>\n<li>ATTILA PILINSZKI\u00a0: Family Well-being in the 21st Century<\/li>\n<li>P\u00c9TER POLLNER : Data-based health burden investigations<\/li>\n<li>GABRIELLA PUSZTAI: Theoretical and empirical application of social capital concept in investigation of religious communities<\/li>\n<li>MIKL\u00d3S SZ\u00d3CSKA: Impact of eHealth solutions on the health care system and the shortage of health care workers<\/li>\n<li>\u00c9VA SZT\u00c1RAY K\u00c9ZDY: Investigation of changing parental roles in today&#8217;s Hungary<\/li>\n<li>SZABOLCS T\u00d6R\u00d6K: Social and mental health aspects of preventive approach to health protection<\/li>\n<li>P\u00c1L P\u00c9TER T\u00d3TH: The influence of migration &#8211; particularly moving to other countries &#8211; on personal life, human relations and relative welfare<\/li>\n<li>IBOLYA T\u00daRI: Individual, community and social determinants of the well-being and quality of life of people with disabilities<\/li>\n<\/ul>\n<p style=\"text-align: justify\">The English website of the PhD School of the University can be accessed here: <a href=\"https:\/\/semmelweis.hu\/phd\/en\/\" target=\"_blank\" rel=\"noopener noreferrer\">http:\/\/phd.semmelweis.hu\/en\/<\/a><\/p>\n","protected":false},"excerpt":{"rendered":"<p><a href=\"https:\/\/semmelweis.hu\/mental\/files\/2018\/06\/SE-PhD-1.png\"><\/a> Our PhD Program \u201cInterdisciplinary Social Sciences\u201d is one of the programs (No. 4\/3.) at the PhD School of Semmelweis University and it is administered by staff members at the Institute of Mental Health. The language of instruction in the program is Hungarian. The program focuses on individuals, families and communities with successful life strategies and &hellip;<\/p>\n","protected":false},"author":101790,"featured_media":0,"parent":0,"menu_order":4,"comment_status":"closed","ping_status":"closed","template":"","meta":{"_acf_changed":false,"footnotes":""},"categories":[],"tags":[],"class_list":["post-41","page","type-page","status-publish","hentry"],"acf":[],"_links":{"self":[{"href":"https:\/\/semmelweis.hu\/mental\/wp-json\/wp\/v2\/pages\/41","targetHints":{"allow":["GET"]}}],"collection":[{"href":"https:\/\/semmelweis.hu\/mental\/wp-json\/wp\/v2\/pages"}],"about":[{"href":"https:\/\/semmelweis.hu\/mental\/wp-json\/wp\/v2\/types\/page"}],"author":[{"embeddable":true,"href":"https:\/\/semmelweis.hu\/mental\/wp-json\/wp\/v2\/users\/101790"}],"replies":[{"embeddable":true,"href":"https:\/\/semmelweis.hu\/mental\/wp-json\/wp\/v2\/comments?post=41"}],"version-history":[{"count":11,"href":"https:\/\/semmelweis.hu\/mental\/wp-json\/wp\/v2\/pages\/41\/revisions"}],"predecessor-version":[{"id":8514,"href":"https:\/\/semmelweis.hu\/mental\/wp-json\/wp\/v2\/pages\/41\/revisions\/8514"}],"wp:attachment":[{"href":"https:\/\/semmelweis.hu\/mental\/wp-json\/wp\/v2\/media?parent=41"}],"wp:term":[{"taxonomy":"category","embeddable":true,"href":"https:\/\/semmelweis.hu\/mental\/wp-json\/wp\/v2\/categories?post=41"},{"taxonomy":"post_tag","embeddable":true,"href":"https:\/\/semmelweis.hu\/mental\/wp-json\/wp\/v2\/tags?post=41"}],"curies":[{"name":"wp","href":"https:\/\/api.w.org\/{rel}","templated":true}]}}