{"id":3849,"date":"2020-10-17T15:15:28","date_gmt":"2020-10-17T13:15:28","guid":{"rendered":"https:\/\/semmelweis.hu\/mental\/?page_id=3849"},"modified":"2024-10-17T15:46:42","modified_gmt":"2024-10-17T13:46:42","slug":"dr-albert-fruzsina","status":"publish","type":"page","link":"https:\/\/semmelweis.hu\/mental\/az-intezet\/munkatarsak\/dr-albert-fruzsina\/","title":{"rendered":"Prof. Dr. Albert Fruzsina"},"content":{"rendered":"<p>&nbsp;<\/p>\n<table style=\"width: 79.7288%;height: 2360px\" border=\"0\" cellspacing=\"5\" cellpadding=\"5\" align=\"center\">\n<tbody>\n<tr>\n<td style=\"width: 123px\">\n<p><strong>Beoszt\u00e1s<\/strong><\/p>\n<\/td>\n<td style=\"width: 336px\">egyetemi tan\u00e1r<\/td>\n<\/tr>\n<tr>\n<td style=\"width: 123px\"><strong>Telefon:<\/strong><\/td>\n<td style=\"width: 336px\">\u00a0+36709401765<\/td>\n<\/tr>\n<tr>\n<td style=\"width: 123px\"><strong><strong>E-mail:<\/strong><\/strong>\u00a0<\/td>\n<td style=\"width: 336px\"><span id=\"cloak27295\">albert.ildiko@semmelweis.hu<\/span><\/td>\n<\/tr>\n<tr>\n<td style=\"width: 123px\"><strong><strong>V\u00e9gzetts\u00e9gek<\/strong><\/strong><\/td>\n<td style=\"width: 336px\" width=\"374\">\n<p>1987-1993 ELTE angol nyelv \u00e9s irodalom szakos tan\u00e1r (1992),<\/p>\n<p>szociol\u00f3gus (1992)<\/p>\n<\/td>\n<\/tr>\n<tr>\n<td style=\"width: 123px\"><strong><strong>Doktori fokozat<\/strong><\/strong><\/td>\n<td style=\"width: 336px\" width=\"374\">2000 PH.D. fokozat szociol\u00f3gi\u00e1b\u00f3l, ELTE\u00a0<\/td>\n<\/tr>\n<tr>\n<td style=\"width: 123px\"><strong>Publik\u00e1ci\u00f3s lista<\/strong>\u00a0\u00a0<\/td>\n<td style=\"width: 336px\"><a href=\"https:\/\/m2.mtmt.hu\/gui2\/?type=authors&amp;mode=browse&amp;sel=10010938\">Magyar Tudom\u00e1nyos M\u0171vek T\u00e1ra<\/a><\/td>\n<\/tr>\n<tr>\n<td style=\"width: 123px\" width=\"262\"><strong>Researchgate, ORCID:<\/strong><\/td>\n<td style=\"width: 336px\" width=\"374\">Orchid: 0000-0003-1372-7164, Researchgate: Fruzsina_Albert<\/td>\n<\/tr>\n<tr>\n<td style=\"width: 123px\"><strong><strong>T\u00e1rsas\u00e1gi,\u00a0<br \/>egyes\u00fcleti tags\u00e1gok<\/strong><\/strong><\/td>\n<td style=\"width: 336px\" width=\"374\">INSNA, IARR, ESA, MSZT<\/td>\n<\/tr>\n<tr>\n<td style=\"width: 123px\" width=\"262\"><strong>Szakmai \u00e9rdekl\u0151d\u00e9s, kutat\u00e1si ter\u00fcletek:<\/strong><\/td>\n<td style=\"width: 336px\" width=\"374\">kapcsolath\u00e1l\u00f3zat-elemz\u00e9s, csal\u00e1di \u00e9s bar\u00e1ti kapcsolatok, t\u00e1rsadalmi kirekeszt\u0151d\u00e9s, gender, id\u0151s\u00f6d\u00e9s<\/td>\n<\/tr>\n<tr>\n<td style=\"width: 123px\" width=\"262\"><strong>Aktu\u00e1lis kutat\u00e1sok:<\/strong><\/td>\n<td style=\"width: 336px\" width=\"374\">A COVID j\u00e1rv\u00e1ny t\u00e1rsadalmi hat\u00e1sai; a kapcsolath\u00e1l\u00f3zatok szerkezete \u00e9s a kapcsolatok min\u0151s\u00e9ge<\/td>\n<\/tr>\n<tr>\n<td style=\"width: 123px\" width=\"262\"><strong>Egy\u00e9b szakmai \u00e9rdekl\u0151d\u00e9s:<\/strong><\/td>\n<td style=\"width: 336px\" width=\"374\">Kiterjedt szak\u00e9rt\u0151i munka nemzeti \u00e9s eur\u00f3pai uni\u00f3s szinten a t\u00e1rsadalmi befogad\u00e1s \u00e9s a nemek es\u00e9lyegyenl\u0151s\u00e9ge ter\u00fclet\u00e9n \u2013 t\u00f6bbek k\u00f6z\u00f6tt az EU Network of Independent Social Inclusion magyar szak\u00e9rt\u0151je 2008 \u2013 2013, 2014-t\u0151l a European Social Policy Network tagja, a magyar szak\u00e9rt\u0151i team koordin\u00e1tora<\/td>\n<\/tr>\n<tr>\n<td style=\"width: 123px\" width=\"262\"><strong>Legfontosabb publik\u00e1ci\u00f3k:<\/strong><\/td>\n<td style=\"width: 336px\" width=\"374\"><span class=\"x_author-name\"><a class=\"\" href=\"https:\/\/m2.mtmt.hu\/gui2\/?type=authors&amp;mode=browse&amp;sel=10065427\" target=\"_blank\" rel=\"noopener noreferrer\">Stefkovics \u00c1d\u00e1m<\/a>,<\/span>\u00a0<span class=\"x_author-name\"><a class=\"\" href=\"https:\/\/m2.mtmt.hu\/gui2\/?type=authors&amp;mode=browse&amp;sel=10010938\" target=\"_blank\" rel=\"noopener noreferrer\">Albert Fruzsina<\/a>,\u00a0<\/span><span class=\"x_author-name\"><a class=\"\" href=\"https:\/\/m2.mtmt.hu\/gui2\/?type=authors&amp;mode=browse&amp;sel=10073906\" target=\"_blank\" rel=\"noopener noreferrer\">Ligeti Anna S\u00e1ra<\/a>,\u00a0<\/span><span class=\"x_author-name\"><a class=\"\" href=\"https:\/\/m2.mtmt.hu\/gui2\/?type=authors&amp;mode=browse&amp;sel=10010937\" target=\"_blank\" rel=\"noopener noreferrer\">D\u00e1vid,Be\u00e1ta<\/a>,\u00a0<\/span>\u00a0<span class=\"x_author-name\"><a class=\"\" href=\"https:\/\/m2.mtmt.hu\/gui2\/?type=authors&amp;mode=browse&amp;sel=10086493\" target=\"_blank\" rel=\"noopener noreferrer\">Rudas Szilvia<\/a>,\u00a0<\/span><span class=\"x_author-name\"><a class=\"\" href=\"https:\/\/m2.mtmt.hu\/gui2\/?type=authors&amp;mode=browse&amp;sel=10031086\" target=\"_blank\" rel=\"noopener noreferrer\">Koltai J\u00falia\u00a0<\/a>(2024)\u00a0<\/span><a class=\"\" href=\"https:\/\/m2.mtmt.hu\/gui2\/?mode=browse&amp;params=publication;35089424\" target=\"_blank\" rel=\"noopener noreferrer\">Vaccination homophily in ego contact networks during the COVID-19 pandemic<\/a>.\u00a0<span class=\"x_journal-title\">Scientific Reports<\/span>\u00a0<span class=\"x_journal-volume\">14<\/span>\u00a0<span class=\"x_page\">Paper: 15515 , 12 p.\u00a0<\/span><span class=\"x_year\">(2024)<\/span><\/td>\n<\/tr>\n<tr>\n<td style=\"width: 123px\"><span style=\"color: #333333\"><strong><strong>\u00a0<\/strong><\/strong><\/span><\/td>\n<td style=\"width: 336px\" width=\"374\">D\u00e1vid Be\u00e1ta, Herke Bogl\u00e1rka, Huszti \u00c9va, T\u00f3th Gergely, T\u00fary-Angyal Emese, Albert Fruzsina:\u00a0<b>Reshaping Social Capital During the Pandemic Crisis: Age Group Differences in Face\u2010to\u2010Face Contact Network Structures<\/b>, SOCIAL INCLUSION 11: (1) pp. 295-309.<\/td>\n<\/tr>\n<tr>\n<td style=\"width: 123px\"><span style=\"color: #333333\"><strong><strong>\u00a0<\/strong><\/strong><\/span><\/td>\n<td style=\"width: 336px\" width=\"374\"><span class=\"\" data-olk-copy-source=\"MessageBody\">Albert Fruzsina\u00a0<\/span><span class=\"\">(2022)\u00a0<\/span><span class=\"\">Emberi kapcsolatok. Debrecen: Debreceni Egyetemi Kiad\u00f3, 160 p.\u00a0<\/span><\/td>\n<\/tr>\n<tr>\n<td style=\"width: 123px\"><span style=\"color: #333333\"><strong><strong>\u00a0<\/strong><\/strong><\/span><\/td>\n<td style=\"width: 336px\" width=\"374\"><span data-olk-copy-source=\"MessageBody\">Albert Fruzsina, David Beata, Hajdu G\u00e1bor, Huszti \u00c9va (2021) Egocentric Contact Networks of Older Adults: Featuring Quantity, Strength and Function of Ties. SOCIOLOGICAL QUARTERLY online, 20 p.<\/span><\/td>\n<\/tr>\n<tr>\n<td style=\"width: 123px\"><span style=\"color: #333333\"><strong><strong>\u00a0<\/strong><\/strong><\/span><\/td>\n<td style=\"width: 336px\" width=\"374\">Albert F, Koltai J, D\u00e1vid B (2021) The increasing importance of friends: Changes in core discussion network composition in post-communist Hungary between 1997 \u2013 2015. Social Networks,Volume 66, pp. 139-145. <a href=\"https:\/\/doi.org\/10.1016\/j.socnet.2021.02.005\">https:\/\/doi.org\/10.1016\/j.socnet.2021.02.005<\/a><\/td>\n<\/tr>\n<tr>\n<td style=\"width: 123px\"><span style=\"color: #333333\"><strong><strong>\u00a0<\/strong><\/strong><\/span><\/td>\n<td style=\"width: 336px\" width=\"374\"><span style=\"color: #333333\"><a href=\"https:\/\/socio.hu\/index.php\/so\/article\/download\/826\/830\/\">Albert F, D\u00e1vid B, T\u00f3th G (2020). H\u00e1ny bar\u00e1tja van \u00d6nnek? A bar\u00e1tok sz\u00e1m\u00e1nak alakul\u00e1sa h\u00e1rom \u00e9vtized alatt (1986\u20132018), Socio.hu 2020\/3, https:\/\/socio.hu\/index.php\/so\/article\/download\/826\/830\/<\/a><\/span><\/td>\n<\/tr>\n<tr>\n<td style=\"width: 123px\"><span style=\"color: #333333\"><strong><strong>\u00a0<\/strong><\/strong><\/span><\/td>\n<td style=\"width: 336px\" width=\"374\">Albert F, D\u00e1vid B, Hajdu G, Huszti \u00c9 (2020) Egocentric Contact Networks of Older Adults: Featuring Quantity, Strength and Function of Ties.\u00a0 The Sociological Quarterly \u00a0DOI:\u00a010.1080\/00380253.2020.1787111<\/td>\n<\/tr>\n<tr>\n<td style=\"width: 123px\"><span style=\"color: #333333\"><strong><strong>\u00a0<\/strong><\/strong><\/span><\/td>\n<td style=\"width: 336px\" width=\"374\">Albert F, Hajdu G (2020):\u00a0Association between poverty indicators and social relations. Journal of Poverty and Social Justice, vol xx, no xx, 1\u201323, DOI: 10.1332\/175982720X15966472176159. IF 0,952, Q1<\/td>\n<\/tr>\n<tr>\n<td style=\"width: 123px\"><span style=\"color: #333333\"><strong><strong>\u00a0<\/strong><\/strong><\/span><\/td>\n<td style=\"width: 336px\" width=\"374\">Kmetty Z, Tardos R, Albert F, D\u00e1vid B (2018) Mapping social milieus and cohesion patterns between 1997 and 2014.: Exploiting the potential of the occupational position generator. SOCIAL NETWORKS 55:(10) pp. 116\u2013129.<\/td>\n<\/tr>\n<tr>\n<td style=\"width: 123px\"><span style=\"color: #333333\"><strong><strong>\u00a0<\/strong><\/strong><\/span><\/td>\n<td style=\"width: 336px\">Albert F, D\u00e1vid B, Kmetty Z, Krist\u00f3f L, R\u00f3bert P, Szab\u00f3 A. (2018) Mapping the Post-communist Class Structure: Findings from a New Multidimensional Hungarian Class Survey EAST EUROPEAN POLITICS AND SOCIETIES pp. 1-22.<\/td>\n<\/tr>\n<tr>\n<td style=\"width: 123px\"><span style=\"color: #333333\"><strong><strong>\u00a0<\/strong><\/strong><\/span><\/td>\n<td style=\"width: 336px\">Albert F, D\u00e1vid B (2016) A magyarorsz\u00e1gi kapcsolath\u00e1l\u00f3zati strukt\u00far\u00e1k jellemz\u0151i 2015-ben. SOCIO.HU T\u00c1RSADALOMTUDOM\u00c1NYI SZEMLE, (3) pp. 22-47.<\/td>\n<\/tr>\n<tr>\n<td style=\"width: 123px\"><span style=\"color: #333333\"><strong><strong>\u00a0<\/strong><\/strong><\/span><\/td>\n<td style=\"width: 336px\">Albert F, D\u00e1vid B. (2007) Embert bar\u00e1tj\u00e1r\u00f3l. A bar\u00e1ts\u00e1g szociol\u00f3gi\u00e1ja. Sz\u00e1zadv\u00e9g. Budapest, p. 272.<\/td>\n<\/tr>\n<tr>\n<td style=\"width: 123px\"><span style=\"color: #333333\"><strong><strong>\u00a0<\/strong><\/strong><\/span><\/td>\n<td style=\"width: 336px\">Albert F, D\u00e1vid B. (2001) Ha elszakad a h\u00e1l\u00f3. A magyarorsz\u00e1gi hajl\u00e9ktalans\u00e1g kapcsolath\u00e1l\u00f3zati megk\u00f6zel\u00edt\u00e9sben. \u00daj Mand\u00e1tum kiad\u00f3, Budapest, p. 158.<\/td>\n<\/tr>\n<\/tbody>\n<\/table>\n","protected":false},"excerpt":{"rendered":"<p>&nbsp; Beoszt\u00e1s egyetemi tan\u00e1r Telefon: \u00a0+36709401765 E-mail:\u00a0 albert.ildiko@semmelweis.hu V\u00e9gzetts\u00e9gek 1987-1993 ELTE angol nyelv \u00e9s irodalom szakos tan\u00e1r (1992), szociol\u00f3gus (1992) Doktori fokozat 2000 PH.D. fokozat szociol\u00f3gi\u00e1b\u00f3l, ELTE\u00a0 Publik\u00e1ci\u00f3s lista\u00a0\u00a0 <a href=\"https:\/\/m2.mtmt.hu\/gui2\/?type=authors&amp;mode=browse&amp;sel=10010938\">Magyar Tudom\u00e1nyos M\u0171vek T\u00e1ra<\/a> Researchgate, ORCID: Orchid: 0000-0003-1372-7164, Researchgate: Fruzsina_Albert T\u00e1rsas\u00e1gi,\u00a0egyes\u00fcleti tags\u00e1gok INSNA, IARR, ESA, MSZT Szakmai \u00e9rdekl\u0151d\u00e9s, kutat\u00e1si ter\u00fcletek: kapcsolath\u00e1l\u00f3zat-elemz\u00e9s, csal\u00e1di \u00e9s bar\u00e1ti kapcsolatok, t\u00e1rsadalmi kirekeszt\u0151d\u00e9s, gender, id\u0151s\u00f6d\u00e9s Aktu\u00e1lis &hellip;<\/p>\n","protected":false},"author":101669,"featured_media":0,"parent":19,"menu_order":7,"comment_status":"closed","ping_status":"closed","template":"","meta":{"_acf_changed":false,"footnotes":""},"categories":[],"tags":[],"class_list":["post-3849","page","type-page","status-publish","hentry"],"acf":[],"_links":{"self":[{"href":"https:\/\/semmelweis.hu\/mental\/wp-json\/wp\/v2\/pages\/3849","targetHints":{"allow":["GET"]}}],"collection":[{"href":"https:\/\/semmelweis.hu\/mental\/wp-json\/wp\/v2\/pages"}],"about":[{"href":"https:\/\/semmelweis.hu\/mental\/wp-json\/wp\/v2\/types\/page"}],"author":[{"embeddable":true,"href":"https:\/\/semmelweis.hu\/mental\/wp-json\/wp\/v2\/users\/101669"}],"replies":[{"embeddable":true,"href":"https:\/\/semmelweis.hu\/mental\/wp-json\/wp\/v2\/comments?post=3849"}],"version-history":[{"count":10,"href":"https:\/\/semmelweis.hu\/mental\/wp-json\/wp\/v2\/pages\/3849\/revisions"}],"predecessor-version":[{"id":7553,"href":"https:\/\/semmelweis.hu\/mental\/wp-json\/wp\/v2\/pages\/3849\/revisions\/7553"}],"up":[{"embeddable":true,"href":"https:\/\/semmelweis.hu\/mental\/wp-json\/wp\/v2\/pages\/19"}],"wp:attachment":[{"href":"https:\/\/semmelweis.hu\/mental\/wp-json\/wp\/v2\/media?parent=3849"}],"wp:term":[{"taxonomy":"category","embeddable":true,"href":"https:\/\/semmelweis.hu\/mental\/wp-json\/wp\/v2\/categories?post=3849"},{"taxonomy":"post_tag","embeddable":true,"href":"https:\/\/semmelweis.hu\/mental\/wp-json\/wp\/v2\/tags?post=3849"}],"curies":[{"name":"wp","href":"https:\/\/api.w.org\/{rel}","templated":true}]}}