{"id":3839,"date":"2020-10-16T13:22:18","date_gmt":"2020-10-16T11:22:18","guid":{"rendered":"https:\/\/semmelweis.hu\/mental\/?page_id=3839"},"modified":"2026-02-25T11:17:47","modified_gmt":"2026-02-25T10:17:47","slug":"gyakori-kerdesek-a-felvetellel-kapcsolatban","status":"publish","type":"page","link":"https:\/\/semmelweis.hu\/mental\/szakiranyu-kepzesek\/aktiv-idosodes-szakiranyu-tovabbkepzesi-szak\/gyakori-kerdesek-a-felvetellel-kapcsolatban\/","title":{"rendered":"Gyakori k\u00e9rd\u00e9sek a felv\u00e9tellel kapcsolatban"},"content":{"rendered":"<p><strong>Gyakori k\u00e9rd\u00e9sek:<\/strong><\/p>\n<p><em>Milyen a felv\u00e9teli elj\u00e1r\u00e1s? Kik felv\u00e9teliztetnek? Hogyan \u00e9rtes\u00fcl a jelentkez\u0151 a felv\u00e9teli eredm\u00e9ny\u00e9r\u0151l?<\/em><\/p>\n<p><strong>Felv\u00e9teli elj\u00e1r\u00e1s:<\/strong><\/p>\n<p>&#8211; Legal\u00e1bb <strong>k\u00e9t f\u0151b\u0151l<\/strong> \u00e1ll\u00f3<strong> felv\u00e9teli bizotts\u00e1g<\/strong> el\u0151tt zajlik,<\/p>\n<p><strong>-egy felv\u00e9teli interj\u00fab\u00f3l (kb. 20-30 perc szem\u00e9lyenk\u00e9nt) \u00e1ll<\/strong><strong>, <\/strong>ahol a <strong>jelentkez\u0151 eddigi szakmai \u00e9let\u00fatj\u00e1t, \u00e9rdekl\u0151d\u00e9s\u00e9t, fejl\u0151d\u00e9si lehet\u0151s\u00e9geit, motiv\u00e1ci\u00f3j\u00e1t vizsg\u00e1lj\u00e1k<\/strong><strong>. <\/strong>(Lexik\u00e1lis felk\u00e9sz\u00fcl\u00e9st nem ig\u00e9nyel.)<\/p>\n<p>-Az interj\u00fa c\u00e9lja annak felt\u00e9rk\u00e9pez\u00e9se, hogy a jelentkez\u0151<\/p>\n<ul style=\"list-style-type: disc\">\n<li>tudja-e hasznos\u00edtani a k\u00e9pz\u00e9sen elsaj\u00e1t\u00edthat\u00f3 ismereteket \u00e9s k\u00e9szs\u00e9geket pl. munk\u00e1j\u00e1ban vagy t\u00e1rsadalmi szinten,<\/li>\n<li>mennyire motiv\u00e1lt a k\u00e9pz\u00e9sben val\u00f3 r\u00e9szv\u00e9telre,<\/li>\n<li>mennyire nyitott az interakt\u00edv, alkot\u00f3 csoportmunk\u00e1ra,<\/li>\n<li>adottak-e sz\u00e1m\u00e1ra a technikai felt\u00e9telek a blended-learning t\u00edpus\u00fa k\u00e9pz\u00e9shez.<\/li>\n<\/ul>\n<p>Fontos felv\u00e9teli szempont tov\u00e1bb\u00e1 a megfelel\u0151 szint\u0171 \u00f6nreflexi\u00f3 (az a k\u00e9pess\u00e9g, ahogy a jelentkez\u0151 a saj\u00e1t \u00e9let\u00e9re, kapcsolataira, munk\u00e1j\u00e1ra reflekt\u00e1l, \u00e9s a felmer\u00fcl\u0151 neh\u00e9zs\u00e9gekkel megk\u00fczd).<\/p>\n<p><strong>A felv\u00e9teli pontsz\u00e1mok sz\u00e1m\u00edt\u00e1sa:<\/strong><\/p>\n<p><strong>A jelentkez\u0151 a felv\u00e9telin maximum 100 pontot \u00e9rhet el: <\/strong><\/p>\n<p><strong>a) felv\u00e9teli egy\u00e9ni interj\u00fan maximum 96 pont, <\/strong><\/p>\n<p><strong>b) t\u00f6bbletpontk\u00e9nt legfeljebb 4 pont szerezhet\u0151<\/strong><strong>. <\/strong><\/p>\n<p>Az Akt\u00edv id\u0151s\u00f6d\u00e9s szakir\u00e1ny\u00fa tov\u00e1bbk\u00e9pz\u00e9sen a meghat\u00e1rozott 100 ponton bel\u00fcl a jelentkez\u0151nek <strong>t\u00f6bbletpontk\u00e9nt: <\/strong><\/p>\n<ul>\n<li>a) \u00e1llamilag elismert legal\u00e1bb k\u00f6z\u00e9pfok\u00fa A, B vagy C t\u00edpus\u00fa angol nyelvvizsg\u00e1\u00e9rt 2 pontot,<\/li>\n<li>b) m\u00e1s idegen nyelvb\u0151l legal\u00e1bb k\u00f6z\u00e9pfok\u00fa \u00e1llamilag elismert A, B, C t\u00edpus\u00fa nyelvvizsg\u00e1\u00e9rt 1 pontot,<\/li>\n<li>c) lelkigondoz\u00f3 vagy ment\u00e1lhigi\u00e9n\u00e9s vagy id\u0151s\u00fcgyi t\u00e9m\u00e1j\u00fa szakir\u00e1ny\u00fa tov\u00e1bbk\u00e9pz\u00e9sen szerzett oklev\u00e9l\u00e9rt 2 pontot kap a felv\u00e9teliz\u0151.<\/li>\n<\/ul>\n<p><strong>Felv\u00e9telt nyer:<\/strong><\/p>\n<p><strong>Az a jelentkez\u0151, aki legal\u00e1bb 70 pontot el\u00e9r<\/strong>, tov\u00e1bb\u00e1 a felv\u00e9teli jelentkez\u00e9si dokument\u00e1ci\u00f3ja rendben van.<\/p>\n<p><strong>A jelentkez\u0151k rangsorol\u00e1sa, a felv\u00e9teli d\u00f6nt\u00e9s:<\/strong><\/p>\n<p>A szakir\u00e1ny\u00fa tov\u00e1bbk\u00e9pz\u00e9sre jelentkez\u0151k rangsorol\u00e1sa a felv\u00e9telin szerzett pontok alapj\u00e1n t\u00f6rt\u00e9nik.<\/p>\n<p>A d\u00f6nt\u00e9sr\u0151l a jelentkez\u0151 elektronikus \u00faton, felv\u00e9teli hat\u00e1rozatban kap \u00e9rtes\u00edt\u00e9st a felv\u00e9teli vizsg\u00e1k lez\u00e1rult\u00e1t k\u00f6vet\u0151en, v\u00e1rhat\u00f3an augusztus k\u00f6zep\u00e9ig. Aki nem nyer felv\u00e9telt, postai \u00faton kapja meg a hat\u00e1rozatot<\/p>\n<hr \/>\n<p><em>Milyen el\u0151k\u00e9pzetts\u00e9ggel kell rendelkezni?<\/em><\/p>\n<p>Legal\u00e1bb alapk\u00e9pz\u00e9si szakon szerzett diploma b\u00e1rmely k\u00e9pz\u00e9si ter\u00fcleten.<\/p>\n<hr \/>\n<p><em>Mikor lesz a felv\u00e9teli?<\/em><\/p>\n<div id=\"GroupWiseSection_1607956032000_thoman.andrea@public.semmelweis-univ.hu_6CE1110118B00000B4706F6437396132_\" class=\"GroupWiseMessageBody active\">\n<div>K\u00e9s\u0151bb ker\u00fcl ki\u00edr\u00e1sra. El\u0151zetes beoszt\u00e1s szerint, hivatalos beh\u00edv\u00f3 lev\u00e9l alapj\u00e1n.<\/div>\n<div>\n<hr \/>\n<p><em>Mikor lesz a p\u00f3tfelv\u00e9teli?<\/em><\/p>\n<div id=\"GroupWiseSection_1607956032000_thoman.andrea@public.semmelweis-univ.hu_6CE1110118B00000B4706F6437396132_\" class=\"GroupWiseMessageBody active\">Az inform\u00e1ci\u00f3 k\u00e9s\u0151bb ker\u00fcl felt\u00f6lt\u00e9sre.<\/div>\n<\/div>\n<\/div>\n<hr \/>\n<p><em>Mennyi a tand\u00edj?<\/em><\/p>\n<p>A tand\u00edj 225.000,- Ft\/f\u00e9l\u00e9v.<\/p>\n<div id=\"GroupWiseSection_1607505374000_trobert.anett@public.semmelweis-univ.hu_452F718117FA00008381000000000000_\" class=\"GroupWiseMessageBody\">\n<div>\n<hr \/>\n<p><em>Hol tal\u00e1lom a befizet\u00e9sekkel kapcsolatos szab\u00e1lyokat?<\/em><\/div>\n<\/div>\n<div>\n<div id=\"GroupWiseSection_1607465522000_trobert.anett@public.semmelweis-univ.hu_452F718117FA00008381000000000000_\" class=\"GroupWiseMessageBody\">\n<div style=\"text-align: justify\">&#8211; A hallgat\u00f3kat \u00e9rint\u0151 szab\u00e1lyzatok az Egyetem Szervezeti \u00e9s M\u0171k\u00f6d\u00e9si Szab\u00e1lyzat\u00e1nak Hallgat\u00f3i k\u00f6vetelm\u00e9nyrendszer\u00e9ben tal\u00e1lhat\u00f3ak:<\/div>\n<div style=\"text-align: justify\"><a href=\"https:\/\/semmelweis.hu\/jogigfoig\/dokumentumtar\/szabalyzattar\/szervezeti-es-mukodesi-szabalyzat\/iii-konyv-hkr\/\">https:\/\/semmelweis.hu\/jogigfoig\/dokumentumtar\/szabalyzattar\/szervezeti-es-mukodesi-szabalyzat\/iii-konyv-hkr\/<\/a><\/div>\n<div style=\"text-align: justify\">&#8211; Int\u00e9zet\u00fcnk honlapj\u00e1n a <a href=\"https:\/\/semmelweis.hu\/mental\/tanulmanyi-ugyek\/\" target=\"_blank\" rel=\"noopener\">Tanulm\u00e1nyi \u00fcgyek<\/a> men\u00fcben.<\/div>\n<\/div>\n<\/div>\n<div style=\"text-align: left\">Amennyiben tov\u00e1bbi k\u00e9rd\u00e9se van, k\u00e9rj\u00fck, hogy e-mailben jelezze <strong>So\u00f3ki Blanka Bogl\u00e1rka<\/strong> oktat\u00e1sszervez\u0151 fel\u00e9 a k\u00f6vetkez\u0151 c\u00edmen: <a href=\"mailto:sooki.blanka.boglarka@semmelweis.hu\">sooki.blanka.boglarka@semmelweis.hu<\/a><\/div>\n<hr \/>\n<p><em>Van-e fels\u0151 korhat\u00e1r?<\/em><\/p>\n<p>Nincs.<\/p>\n<hr \/>\n<p><em>Mikor vannak az els\u0151 f\u00e9l\u00e9v k\u00e9pz\u00e9si alkalmai?<\/em><\/p>\n<p>Az \u0151szi f\u00e9l\u00e9v k\u00e9pz\u00e9si id\u0151pontjai a\u00a0<strong>K\u00e9pz\u00e9si alkalmak <\/strong>men\u00fcpont alatt megtal\u00e1lhat\u00f3ak.<\/p>\n<hr \/>\n<p><em>Mennyit lehet hi\u00e1nyozni?<\/em><\/p>\n<p style=\"text-align: justify\">A Tanulm\u00e1nyi \u00e9s Vizsgaszab\u00e1lyzat 17. \u00a7. 7. pontj\u00e1nak megfelel\u0151en: (<a href=\"https:\/\/semmelweis.hu\/ekk\/files\/2015\/01\/Tanulmanyi_es_Vizsgaszabalyzat_EKK.pdf\" target=\"_blank\" rel=\"noopener\">https:\/\/semmelweis.hu\/ekk\/files\/2015\/01\/Tanulmanyi_es_Vizsgaszabalyzat_EKK.pdf<\/a>)<\/p>\n<p>\u201eAz adott t\u00e1rgyb\u00f3l a f\u00e9l\u00e9v v\u00e9gi al\u00e1\u00edr\u00e1shoz a gyakorlatok \u00e9s az el\u0151ad\u00e1sok 75 %-\u00e1n val\u00f3 r\u00e9szv\u00e9tel sz\u00fcks\u00e9ges.\u201d<\/p>\n<hr \/>\n<p><em>Mely napokon van a k\u00e9pz\u00e9s?<\/em><\/p>\n<p style=\"text-align: justify\"><span style=\"text-align: left;color: #1e2326;text-transform: none;text-indent: 0px;letter-spacing: normal;font-family: 'PT serif', serif;font-size: 20px;font-style: normal;font-weight: 400;float: none;background-color: #ffffff\">F\u00e9l\u00e9vente \u00f6sszesen 5 k\u00e9pz\u00e9si alkalom van. A 2025. szeptemberben indul\u00f3 \u00e9vfolyamn\u00e1l minden alkalom egy teljes napot (szerda) \u00e9s k\u00e9t f\u00e9l napot (cs\u00fct\u00f6rt\u00f6k \u00e9s p\u00e9ntek d\u00e9lut\u00e1n) vesz ig\u00e9nybe. Az oktat\u00e1s szerdai napokon fizikai jelenl\u00e9ttel, cs\u00fct\u00f6rt\u00f6k \u00e9s p\u00e9ntek d\u00e9lut\u00e1nonk\u00e9nt pedig online zajlik.<\/span><\/p>\n<hr \/>\n<p><em>Mi t\u00f6rt\u00e9nik, ha nem tudja fizetni a tand\u00edjat?<\/em><\/p>\n<p>Amennyiben a tand\u00edjfizet\u00e9s nem t\u00f6rt\u00e9nik meg, az aktu\u00e1lis f\u00e9l\u00e9vre nem tud beiratkozni\/bejelentkezni a hallgat\u00f3, azon nem vehet r\u00e9szt.<\/p>\n","protected":false},"excerpt":{"rendered":"<p>Gyakori k\u00e9rd\u00e9sek: Milyen a felv\u00e9teli elj\u00e1r\u00e1s? Kik felv\u00e9teliztetnek? Hogyan \u00e9rtes\u00fcl a jelentkez\u0151 a felv\u00e9teli eredm\u00e9ny\u00e9r\u0151l? Felv\u00e9teli elj\u00e1r\u00e1s: &#8211; Legal\u00e1bb k\u00e9t f\u0151b\u0151l \u00e1ll\u00f3 felv\u00e9teli bizotts\u00e1g el\u0151tt zajlik, -egy felv\u00e9teli interj\u00fab\u00f3l (kb. 20-30 perc szem\u00e9lyenk\u00e9nt) \u00e1ll, ahol a jelentkez\u0151 eddigi szakmai \u00e9let\u00fatj\u00e1t, \u00e9rdekl\u0151d\u00e9s\u00e9t, fejl\u0151d\u00e9si lehet\u0151s\u00e9geit, motiv\u00e1ci\u00f3j\u00e1t vizsg\u00e1lj\u00e1k. (Lexik\u00e1lis felk\u00e9sz\u00fcl\u00e9st nem ig\u00e9nyel.) -Az interj\u00fa c\u00e9lja annak felt\u00e9rk\u00e9pez\u00e9se, hogy &hellip;<\/p>\n","protected":false},"author":101669,"featured_media":0,"parent":3804,"menu_order":3,"comment_status":"closed","ping_status":"closed","template":"","meta":{"_acf_changed":false,"footnotes":""},"categories":[],"tags":[],"class_list":["post-3839","page","type-page","status-publish","hentry"],"acf":[],"_links":{"self":[{"href":"https:\/\/semmelweis.hu\/mental\/wp-json\/wp\/v2\/pages\/3839","targetHints":{"allow":["GET"]}}],"collection":[{"href":"https:\/\/semmelweis.hu\/mental\/wp-json\/wp\/v2\/pages"}],"about":[{"href":"https:\/\/semmelweis.hu\/mental\/wp-json\/wp\/v2\/types\/page"}],"author":[{"embeddable":true,"href":"https:\/\/semmelweis.hu\/mental\/wp-json\/wp\/v2\/users\/101669"}],"replies":[{"embeddable":true,"href":"https:\/\/semmelweis.hu\/mental\/wp-json\/wp\/v2\/comments?post=3839"}],"version-history":[{"count":11,"href":"https:\/\/semmelweis.hu\/mental\/wp-json\/wp\/v2\/pages\/3839\/revisions"}],"predecessor-version":[{"id":9053,"href":"https:\/\/semmelweis.hu\/mental\/wp-json\/wp\/v2\/pages\/3839\/revisions\/9053"}],"up":[{"embeddable":true,"href":"https:\/\/semmelweis.hu\/mental\/wp-json\/wp\/v2\/pages\/3804"}],"wp:attachment":[{"href":"https:\/\/semmelweis.hu\/mental\/wp-json\/wp\/v2\/media?parent=3839"}],"wp:term":[{"taxonomy":"category","embeddable":true,"href":"https:\/\/semmelweis.hu\/mental\/wp-json\/wp\/v2\/categories?post=3839"},{"taxonomy":"post_tag","embeddable":true,"href":"https:\/\/semmelweis.hu\/mental\/wp-json\/wp\/v2\/tags?post=3839"}],"curies":[{"name":"wp","href":"https:\/\/api.w.org\/{rel}","templated":true}]}}