{"id":3825,"date":"2020-10-16T11:32:31","date_gmt":"2020-10-16T09:32:31","guid":{"rendered":"https:\/\/semmelweis.hu\/mental\/?page_id=3825"},"modified":"2026-02-25T11:19:55","modified_gmt":"2026-02-25T10:19:55","slug":"kontaktszemelyek","status":"publish","type":"page","link":"https:\/\/semmelweis.hu\/mental\/szakiranyu-kepzesek\/aktiv-idosodes-szakiranyu-tovabbkepzesi-szak\/kontaktszemelyek\/","title":{"rendered":"Kontaktszem\u00e9lyek"},"content":{"rendered":"<p><a href=\"https:\/\/semmelweis.hu\/mental\/szakiranyu-kepzesek\/aktiv-idosodes-szakiranyu-tovabbkepzesi-szak\/a-kepzes-bemutatasa\/\" target=\"_blank\" rel=\"noopener\"><span style=\"font-size: 18pt\"><strong>Akt\u00edv id\u0151s\u00f6d\u00e9s szakir\u00e1ny\u00fa tov\u00e1bbk\u00e9pz\u00e9s<\/strong><\/span><\/a><\/p>\n<p><strong>K\u00e9pz\u00e9ssel kapcsolatos inform\u00e1ci\u00f3k:<\/strong><\/p>\n<p><strong>Dr. Leleszi-Tr\u00f3bert Anett M\u00e1ria\u00a0 \u00a0 \u00a0<\/strong> \u00a0 \u00a0 \u00a0 \u00a0 \u00a0 \u00a0 \u00a0 \u00a0 \u00a0 \u00a0 \u00a0 \u00a0 \u00a0 \u00a0 \u00a0 \u00a0 \u00a0 \u00a0 \u00a0\u00a0<\/p>\n<p><a href=\"mailto:trobert.anett@public.semmelweis-univ.hu\" target=\"_blank\" rel=\"noopener\">trobert.anett@semmelweis.hu<\/a><\/p>\n<p>Tel.: +36206701270<\/p>\n<p><strong>Tanulm\u00e1nyi \u00fcgyekkel kapcsolatos \u00fcgyint\u00e9z\u00e9s:<\/strong><\/p>\n<p><strong>G\u00e1rdonyi Tiborn\u00e9<\/strong> (tanulm\u00e1nyi \u00fcgyint\u00e9z\u0151)<\/p>\n<p style=\"text-align: left\"><a href=\"gardonyi.gyongyi@semmelweis.hu\" target=\"_blank\" rel=\"noopener\"><span id=\"cloak87550\">gardonyi.gyongyi@semmelweis.hu<\/span><\/a><\/p>\n<p>Tel.: (1) 459 1500\/56549 (mell\u00e9k)<\/p>\n<p><span style=\"font-weight: bolder;font-size: 1rem\">So\u00f3ki Blanka Bogl\u00e1rka <\/span>(oktat\u00e1sszervez\u0151)<\/p>\n<p><a href=\"mailto:sooki.blanka.boglarka@semmelweis.hu\">sooki.blanka.boglarka@semmelweis.hu<\/a>\u00a0<\/p>\n<p>Tel.: +36209223162<\/p>\n<p>&nbsp;<\/p>\n","protected":false},"excerpt":{"rendered":"<p><a href=\"https:\/\/semmelweis.hu\/mental\/szakiranyu-kepzesek\/aktiv-idosodes-szakiranyu-tovabbkepzesi-szak\/a-kepzes-bemutatasa\/\" target=\"_blank\" rel=\"noopener\">Akt\u00edv id\u0151s\u00f6d\u00e9s szakir\u00e1ny\u00fa tov\u00e1bbk\u00e9pz\u00e9s<\/a><br \/>\nK\u00e9pz\u00e9ssel kapcsolatos inform\u00e1ci\u00f3k:<br \/>\nDr. Leleszi-Tr\u00f3bert Anett M\u00e1ria\u00a0 \u00a0 \u00a0 \u00a0 \u00a0 \u00a0 \u00a0 \u00a0 \u00a0 \u00a0 \u00a0 \u00a0 \u00a0 \u00a0 \u00a0 \u00a0 \u00a0 \u00a0 \u00a0 \u00a0 \u00a0 \u00a0\u00a0<br \/>\n<a href=\"mailto:trobert.anett@public.semmelweis-univ.hu\" target=\"_blank\" rel=\"noopener\">trobert.anett@semmelweis.hu<\/a><br \/>\nTel.: +36206701270<br \/>\nTanulm\u00e1nyi \u00fcgyekkel kapcsolatos \u00fcgyint\u00e9z\u00e9s:<br \/>\nG\u00e1rdonyi Tiborn\u00e9 (tanulm\u00e1nyi \u00fcgyint\u00e9z\u0151)<br \/>\n<a href=\"gardonyi.gyongyi@semmelweis.hu\" target=\"_blank\" rel=\"noopener\">gardonyi.gyongyi@semmelweis.hu<\/a><br \/>\nTel.: (1) 459 1500\/56549 (mell\u00e9k)<br \/>\nSo\u00f3ki Blanka Bogl\u00e1rka (oktat\u00e1sszervez\u0151)<br \/>\n<a href=\"mailto:sooki.blanka.boglarka@semmelweis.hu\">sooki.blanka.boglarka@semmelweis.hu<\/a>\u00a0<br \/>\nTel.: +36209223162<br \/>\n&nbsp;<\/p>\n","protected":false},"author":101669,"featured_media":0,"parent":3804,"menu_order":4,"comment_status":"closed","ping_status":"closed","template":"","meta":{"_acf_changed":false,"footnotes":""},"categories":[],"tags":[],"class_list":["post-3825","page","type-page","status-publish","hentry"],"acf":[],"_links":{"self":[{"href":"https:\/\/semmelweis.hu\/mental\/wp-json\/wp\/v2\/pages\/3825","targetHints":{"allow":["GET"]}}],"collection":[{"href":"https:\/\/semmelweis.hu\/mental\/wp-json\/wp\/v2\/pages"}],"about":[{"href":"https:\/\/semmelweis.hu\/mental\/wp-json\/wp\/v2\/types\/page"}],"author":[{"embeddable":true,"href":"https:\/\/semmelweis.hu\/mental\/wp-json\/wp\/v2\/users\/101669"}],"replies":[{"embeddable":true,"href":"https:\/\/semmelweis.hu\/mental\/wp-json\/wp\/v2\/comments?post=3825"}],"version-history":[{"count":12,"href":"https:\/\/semmelweis.hu\/mental\/wp-json\/wp\/v2\/pages\/3825\/revisions"}],"predecessor-version":[{"id":9054,"href":"https:\/\/semmelweis.hu\/mental\/wp-json\/wp\/v2\/pages\/3825\/revisions\/9054"}],"up":[{"embeddable":true,"href":"https:\/\/semmelweis.hu\/mental\/wp-json\/wp\/v2\/pages\/3804"}],"wp:attachment":[{"href":"https:\/\/semmelweis.hu\/mental\/wp-json\/wp\/v2\/media?parent=3825"}],"wp:term":[{"taxonomy":"category","embeddable":true,"href":"https:\/\/semmelweis.hu\/mental\/wp-json\/wp\/v2\/categories?post=3825"},{"taxonomy":"post_tag","embeddable":true,"href":"https:\/\/semmelweis.hu\/mental\/wp-json\/wp\/v2\/tags?post=3825"}],"curies":[{"name":"wp","href":"https:\/\/api.w.org\/{rel}","templated":true}]}}