{"id":3814,"date":"2020-10-16T11:17:04","date_gmt":"2020-10-16T09:17:04","guid":{"rendered":"https:\/\/semmelweis.hu\/mental\/?page_id=3814"},"modified":"2026-02-25T11:15:30","modified_gmt":"2026-02-25T10:15:30","slug":"felvetel-a-kepzesre","status":"publish","type":"page","link":"https:\/\/semmelweis.hu\/mental\/szakiranyu-kepzesek\/aktiv-idosodes-szakiranyu-tovabbkepzesi-szak\/felvetel-a-kepzesre\/","title":{"rendered":"Felv\u00e9tel a k\u00e9pz\u00e9sre"},"content":{"rendered":"<p style=\"text-align: center\"><strong>\u00a0<\/strong><strong>AKT\u00cdV ID\u0150S\u00d6D\u00c9S SZAKIR\u00c1NY\u00da TOV\u00c1BBK\u00c9PZ\u00c9S<\/strong><\/p>\n<p style=\"text-align: center\"><strong>Kedves \u00c9rdekl\u0151d\u0151k!<\/strong><\/p>\n<p style=\"text-align: justify\">Az Akt\u00edv id\u0151s\u00f6d\u00e9s szakir\u00e1ny\u00fa tov\u00e1bbk\u00e9pz\u00e9sen <strong>2026 szeptember\u00e9ben indul \u00faj \u00e9vfolyam.<\/strong><\/p>\n<div class=\"fontos_div w-100\">\n<p><span style=\"color: #ff0000\"><strong><span style=\"color: #000000\">Az online jelentkez\u00e9si fel\u00fclet <a href=\"https:\/\/mhi.semmelweis.hu\/login\"><span style=\"color: #0000ff\">itt<\/span><\/a> \u00e9rhet\u0151 el.<\/span><\/strong><\/span><\/p>\n<\/div>\n<p><strong><span style=\"color: #ff0000\">A jelentkez\u00e9s hat\u00e1rideje: 2026. m\u00e1rcius 31.<\/span><\/strong><\/p>\n<p><span style=\"font-weight: bolder;text-align: center\"><img loading=\"lazy\" decoding=\"async\" class=\"wp-image-6634 size-medium aligncenter\" src=\"https:\/\/semmelweis.hu\/mental\/files\/2023\/08\/Idosugyi-hirdetes-2023_kep-300x171.jpg\" alt=\"\" width=\"300\" height=\"171\" srcset=\"https:\/\/semmelweis.hu\/mental\/files\/2023\/08\/Idosugyi-hirdetes-2023_kep-300x171.jpg 300w, https:\/\/semmelweis.hu\/mental\/files\/2023\/08\/Idosugyi-hirdetes-2023_kep-1024x585.jpg 1024w, https:\/\/semmelweis.hu\/mental\/files\/2023\/08\/Idosugyi-hirdetes-2023_kep-768x439.jpg 768w, https:\/\/semmelweis.hu\/mental\/files\/2023\/08\/Idosugyi-hirdetes-2023_kep-753x430.jpg 753w, https:\/\/semmelweis.hu\/mental\/files\/2023\/08\/Idosugyi-hirdetes-2023_kep.jpg 1303w\" sizes=\"auto, (max-width: 300px) 100vw, 300px\" \/><\/span><\/p>\n<p style=\"text-align: justify\"><span style=\"color: #ff0000\">Felh\u00edvjuk a figyelmet, hogy a jelentkez\u00e9st csak akkor tudjuk elfogadni, ha a fel\u00fcleten a v\u00e9gleges\u00edt\u00e9s megt\u00f6rt\u00e9nt, a sz\u00fcks\u00e9ges dokumentumok felt\u00f6lt\u00e9s\u00e9vel \u00e9s az elj\u00e1r\u00e1si d\u00edj befizet\u00e9s\u00e9vel. <strong>\u00c1tutal\u00e1sos fizet\u00e9s eset\u00e9n ne felejtse el az igazol\u00f3 dokumentumot felt\u00f6lteni!<\/strong> <\/span><\/p>\n<p style=\"text-align: justify\"><span style=\"color: #ff0000\">A jelentkez\u00e9s befogad\u00e1s\u00e1r\u00f3l egy automata e-mail \u00e9rkezik a regisztr\u00e1ci\u00f3kor megadott e-mail c\u00edmre. <\/span><span style=\"color: #ff0000\">Amennyiben nem kap ilyen ilyen \u00fczenetet, k\u00e9rj\u00fck vegye fel vel\u00fcnk a kapcsolatot!<\/span><\/p>\n<p style=\"text-align: justify\">K\u00e9rd\u00e9s eset\u00e9n seg\u00edts\u00e9g k\u00e9rhet\u0151 <strong>So\u00f3ki Blanka Bogl\u00e1rka<\/strong> oktat\u00e1sszervez\u0151t\u0151l az al\u00e1bbi e-mail c\u00edmen: <a href=\"mailto:sooki.blanka.boglarka@semmelweis.hu\">sooki.blanka.boglarka@semmelweis.hu<\/a><\/p>\n<p style=\"text-align: justify\"><strong>Az akt\u00edv id\u0151s\u00f6d\u00e9s \u00e9s az innov\u00e1ci\u00f3 Magyarorsz\u00e1g \u00e9s Eur\u00f3pa sz\u00e1m\u00e1ra is kulcsfogalomm\u00e1 v\u00e1lt.<\/strong> Az el\u00f6reged\u00e9sb\u0151l fakad\u00f3 kih\u00edv\u00e1sok az \u00e9let valamennyi ter\u00fclet\u00e9t \u00e9rintik, sz\u00e1mos \u00e9lethelyzetben \u00e9s munkahelyen megker\u00fclhetetlenek.<\/p>\n<p style=\"text-align: justify\">Sz\u00fcks\u00e9gess\u00e9 v\u00e1lt egy olyan interdiszciplin\u00e1ris megk\u00f6zel\u00edt\u00e9s\u0171 k\u00e9pz\u00e9s, amely <strong>id\u0151sbar\u00e1t (age-friendly)<\/strong> <strong>szeml\u00e9lettel<\/strong> t\u00e1mpontokat ny\u00fajt az id\u0151s\u00f6d\u00e9ssel \u00f6sszef\u00fcgg\u0151 probl\u00e9m\u00e1k megold\u00e1s\u00e1hoz.<\/p>\n<p style=\"text-align: justify\">A Ment\u00e1lhigi\u00e9n\u00e9 Int\u00e9zet <strong>Akt\u00edv id\u0151s\u00f6d\u00e9s szakir\u00e1ny\u00fa tov\u00e1bbk\u00e9pz\u00e9s\u00e9nek<\/strong> <strong>c\u00e9lja:<\/strong><\/p>\n<p style=\"text-align: justify\">a szakemberek a megfelel\u0151 kompetenci\u00e1k birtok\u00e1ban, innovat\u00edv id\u0151s\u00fcgyi gyakorlatokat, j\u00f3 p\u00e9ld\u00e1kat, sikeres modellprogramokat adapt\u00e1ljanak, alak\u00edtsanak ki \u00e9s terjesszenek a lehet\u0151 legsz\u00e9lesebb k\u00f6rben.<\/p>\n<p><strong>Hol hasznos\u00edthat\u00f3 az \u00faj szakk\u00e9pzetts\u00e9g?<\/strong><\/p>\n<ul>\n<li>id\u0151s\u00fcgyi alap \u00e9s szakell\u00e1t\u00e1sok,<\/li>\n<li>szoci\u00e1lis munka b\u00e1rmely ter\u00fclete<\/li>\n<li>k\u00f6zigazgat\u00e1si, \u00f6nkorm\u00e1nyzati szf\u00e9ra<\/li>\n<li>ment\u00e1lhigi\u00e9n\u00e9s ell\u00e1t\u00e1s<\/li>\n<li>eg\u00e9szs\u00e9g\u00fcgyi szektor (k\u00fcl\u00f6n\u00f6s tekintettel csal\u00e1dorvosk\u00e9nt, geri\u00e1terk\u00e9nt, diplom\u00e1s \u00e1pol\u00f3k\u00e9nt tev\u00e9kenyked\u0151k, rehabilit\u00e1ci\u00f3 ter\u00fclet\u00e9n dolgoz\u00f3k, pl. gy\u00f3gytorn\u00e1szok)<\/li>\n<li>informatika (specifikus id\u0151s\u00f6d\u0151 bar\u00e1t informatikai, technikai fejleszt\u00e9sek)<\/li>\n<li>m\u0171szaki ter\u00fclet (pl. m\u00e9rn\u00f6k\u00f6k, \u00e9p\u00edt\u00e9szek, akik az akad\u00e1lymentes k\u00fcls\u0151 \u00e9s bels\u0151 k\u00f6rnyezet kialak\u00edt\u00e1s\u00e1ban vehetnek r\u00e9szt)<\/li>\n<li>civil vagy egyh\u00e1zi szervetekn\u00e9l, alap\u00edtv\u00e1nyokn\u00e1l, egyes\u00fcletekben tev\u00e9kenyked\u0151 \u00f6nk\u00e9ntesek<\/li>\n<li>inform\u00e1lis gondoz\u00f3k (akik id\u0151s embert l\u00e1tnak el nem professzion\u00e1lis seg\u00edt\u0151k\u00e9nt).<\/li>\n<\/ul>\n<p><strong>Kiket v\u00e1runk a k\u00e9pz\u00e9sre?<\/strong><\/p>\n<p>B\u00e1rmely fels\u0151fok\u00fa v\u00e9gzetts\u00e9ggel felv\u00e9tel nyerhet\u0151!<\/p>\n<p style=\"text-align: justify\">A k\u00e9pz\u00e9s levelez\u0151 tagozaton, online \u00e9s jelenl\u00e9ti tanegys\u00e9gek kombin\u00e1ci\u00f3j\u00e1val (blended-learning k\u00e9pz\u00e9s) val\u00f3sul meg. Ez nagyfok\u00fa rugalmass\u00e1got tesz lehet\u0151v\u00e9 a tananyag elsaj\u00e1t\u00edt\u00e1sa ter\u00e9n, hiszen a hallgat\u00f3k az e-learning tananyagban egy\u00e9ni id\u0151beoszt\u00e1s szerint haladhatnak, valamint a jelenl\u00e9ti \u00f3r\u00e1k egy r\u00e9sze k\u00f6lts\u00e9g- \u00e9s id\u0151hat\u00e9kony m\u00f3don, online val\u00f3sul meg.<\/p>\n<p><strong>Jelentkez\u00e9ssel kapcsolatos tudnival\u00f3k:<\/strong><\/p>\n<p style=\"text-align: center\"><span style=\"color: #ff0000\">A k\u00f6vetkez\u0151 \u00e9vfolyam <strong>2026 szeptember\u00e9ben<\/strong> indul.<\/span><\/p>\n<p style=\"text-align: center\"><span style=\"color: #ff0000\">Az online jelentkez\u00e9si fel\u00fclet<span style=\"color: #000000\"><span style=\"color: #0000ff\">\u00a0<\/span><a href=\"https:\/\/mhi.semmelweis.hu\/login\" target=\"_blank\" rel=\"noopener\"><span style=\"color: #0000ff\">itt<\/span> <\/a><\/span>\u00e9rhet\u0151 el.<\/span><\/p>\n<p style=\"text-align: center\"><span style=\"color: #ff0000\">A jelentkez\u00e9s hat\u00e1rideje: <strong>2026. m\u00e1rcius 31.<\/strong><\/span><\/p>\n<p><strong>A jelentkez\u00e9shez sz\u00fcks\u00e9ges dokumentumok:<\/strong><\/p>\n<ul>\n<li><strong>f\u00e9nyk\u00e9pes szakmai \u00f6n\u00e9letrajz <\/strong>(let\u00f6lthet\u0151 minta: <a href=\"https:\/\/semmelweis.hu\/mental\/files\/2024\/05\/Szakmai-oneletrajz-minta_Aktiv-idosodes.docx\">Szakmai-oneletrajz-minta_Aktiv idosodes<\/a> A sablon haszn\u00e1lata nem k\u00f6telez\u0151.)<\/li>\n<li><strong>motiv\u00e1ci\u00f3s lev\u00e9l <\/strong>(K\u00e9rj\u00fck, r\u00f6viden, kb. f\u00e9l oldalban ossza meg vel\u00fcnk, mi\u00e9rt jelentkezett a k\u00e9pz\u00e9sre; hogyan kapcsol\u00f3dik a tev\u00e9kenys\u00e9ge az id\u0151s\u00fcgyh\u00f6z.)<\/li>\n<li><strong>diploma<\/strong>, amire a k\u00e9pz\u00e9s \u00e9p\u00fcl\u00a0<\/li>\n<\/ul>\n<p><strong>T\u00f6bbletpont szerezhet\u0151 az al\u00e1bbi dokumentumok bek\u00fcld\u00e9s\u00e9vel: <\/strong><\/p>\n<ul>\n<li><strong>nyelvvizsga bizony\u00edtv\u00e1ny<\/strong><\/li>\n<li><strong>lelkigondoz\u00f3 vagy ment\u00e1lhigi\u00e9n\u00e9s vagy id\u0151s\u00fcgyi t\u00e9m\u00e1j\u00fa szakir\u00e1ny\u00fa tov\u00e1bbk\u00e9pz\u00e9sen szerzett oklev\u00e9l<\/strong>\u00a0<\/li>\n<\/ul>\n<p><strong>A felv\u00e9teli d\u00edj befizet\u00e9s\u00e9vel kapcsolatos inform\u00e1ci\u00f3k:<\/strong><\/p>\n<ul>\n<li>A felv\u00e9teli elj\u00e1r\u00e1s d\u00edja: 9000 forint, melyet \u2013 a jelentkez\u00e9si fel\u00fcleten v\u00e1laszthat\u00f3 m\u00f3don \u2013 \u00e1tutal\u00e1ssal vagy bankk\u00e1rty\u00e1s fizet\u00e9ssel lehet rendezni.<\/li>\n<li>A befizet\u00e9sr\u0151l a Ment\u00e1lhigi\u00e9n\u00e9 Int\u00e9zet a Semmelweis Egyetem hat\u00e1lyos szab\u00e1lyzatai alapj\u00e1n sz\u00e1ml\u00e1t \u00e1ll\u00edt ki. A ki\u00e1ll\u00edtott e-sz\u00e1ml\u00e1t a regisztr\u00e1ci\u00f3 sor\u00e1n megadott email c\u00edm\u00e9re k\u00fcldj\u00fck \u00d6nnek.<\/li>\n<\/ul>\n<p style=\"text-align: justify\"><strong>Felv\u00e9teli v\u00e1rhat\u00f3 id\u0151pontja:<\/strong><br \/>A szem\u00e9lyes felv\u00e9teli vizsga tervezett id\u0151pontjai:\u00a0<br \/>A felv\u00e9telivel kapcsolatos inform\u00e1ci\u00f3kat tartalmaz\u00f3 <span style=\"text-decoration: underline\">szem\u00e9lyes beh\u00edv\u00f3levelet<\/span> a jelentkez\u00e9skor megadott e-mail c\u00edmre (vagy k\u00e9r\u00e9s eset\u00e9n postai \u00faton is) <span style=\"text-decoration: underline\">k\u00fcldj\u00fck a jelentkez\u00e9si hat\u00e1rid\u0151 lej\u00e1rt\u00e1t k\u00f6vet\u0151en.<\/span>\u00a0<\/p>\n<p><strong>Felv\u00e9teli elj\u00e1r\u00e1s:<\/strong><\/p>\n<ul>\n<li>Legal\u00e1bb <strong>k\u00e9t f\u0151b\u0151l <\/strong>\u00e1ll\u00f3 <strong>felv\u00e9teli bizotts\u00e1g <\/strong>el\u0151tt zajlik,<\/li>\n<li><strong>Egy felv\u00e9teli interj\u00fab\u00f3l (kb. 20-30 perc szem\u00e9lyenk\u00e9nt) \u00e1ll, <\/strong>ahol a <strong>jelentkez\u0151 eddigi szakmai \u00e9let\u00fatj\u00e1t, \u00e9rdekl\u0151d\u00e9s\u00e9t, fejl\u0151d\u00e9si lehet\u0151s\u00e9geit, motiv\u00e1ci\u00f3j\u00e1t vizsg\u00e1lj\u00e1k. <\/strong>(Lexik\u00e1lis felk\u00e9sz\u00fcl\u00e9st nem ig\u00e9nyel.)<\/li>\n<li>Az interj\u00fa c\u00e9lja annak felt\u00e9rk\u00e9pez\u00e9se, hogy a jelentkez\u0151\n<ul>\n<li>tudja-e hasznos\u00edtani a k\u00e9pz\u00e9sen elsaj\u00e1t\u00edthat\u00f3 ismereteket \u00e9s k\u00e9szs\u00e9geket pl. munk\u00e1j\u00e1ban vagy t\u00e1rsadalmi szinten,<\/li>\n<li>mennyire motiv\u00e1lt a k\u00e9pz\u00e9sben val\u00f3 r\u00e9szv\u00e9telre,<\/li>\n<li>mennyire nyitott az interakt\u00edv, alkot\u00f3 csoportmunk\u00e1ra,<\/li>\n<li>adottak-e sz\u00e1m\u00e1ra a technikai felt\u00e9telek a blended-learning t\u00edpus\u00fa k\u00e9pz\u00e9shez.<\/li>\n<\/ul>\n<\/li>\n<li>Fontos felv\u00e9teli szempont tov\u00e1bb\u00e1 a megfelel\u0151 szint\u0171 \u00f6nreflexi\u00f3 (az a k\u00e9pess\u00e9g, ahogy a jelentkez\u0151 a saj\u00e1t \u00e9let\u00e9re, kapcsolataira, munk\u00e1j\u00e1ra reflekt\u00e1l, \u00e9s a felmer\u00fcl\u0151 neh\u00e9zs\u00e9gekkel megk\u00fczd).<\/li>\n<\/ul>\n<p><strong>A felv\u00e9teli pontsz\u00e1mok sz\u00e1m\u00edt\u00e1sa:<\/strong><\/p>\n<p><strong>A jelentkez\u0151 a felv\u00e9telin maximum 100 pontot \u00e9rhet el:<\/strong><\/p>\n<ol style=\"list-style-type: lower-alpha\">\n<li><strong>felv\u00e9teli egy\u00e9ni interj\u00fan maximum 96 pont,<\/strong><\/li>\n<li><strong>t\u00f6bbletpontk\u00e9nt legfeljebb 4 pont szerezhet\u0151.<\/strong><\/li>\n<\/ol>\n<p>Az Akt\u00edv id\u0151s\u00f6d\u00e9s szakir\u00e1ny\u00fa tov\u00e1bbk\u00e9pz\u00e9sen a meghat\u00e1rozott 100 ponton bel\u00fcl a jelentkez\u0151nek <strong>t\u00f6bbletpontk\u00e9nt:<\/strong><\/p>\n<ul>\n<li>a) \u00e1llamilag elismert legal\u00e1bb k\u00f6z\u00e9pfok\u00fa A, B vagy C t\u00edpus\u00fa angol nyelvvizsg\u00e1\u00e9rt 2 pontot,<\/li>\n<li>b) m\u00e1s idegen nyelvb\u0151l legal\u00e1bb k\u00f6z\u00e9pfok\u00fa \u00e1llamilag elismert A, B, C t\u00edpus\u00fa nyelvvizsg\u00e1\u00e9rt 1 pontot,<\/li>\n<li>c) lelkigondoz\u00f3 vagy ment\u00e1lhigi\u00e9n\u00e9s vagy id\u0151s\u00fcgyi t\u00e9m\u00e1j\u00fa szakir\u00e1ny\u00fa tov\u00e1bbk\u00e9pz\u00e9sen szerzett oklev\u00e9l\u00e9rt 2 pontot kap a felv\u00e9teliz\u0151.<\/li>\n<\/ul>\n<p><strong>Felv\u00e9telt nyer:<\/strong><\/p>\n<p><strong>Az a jelentkez\u0151, aki legal\u00e1bb 70 pontot el\u00e9r<\/strong>, tov\u00e1bb\u00e1 a felv\u00e9teli jelentkez\u00e9si dokument\u00e1ci\u00f3ja rendben van.<\/p>\n<p><strong>A jelentkez\u0151k rangsorol\u00e1sa:<\/strong><\/p>\n<p>A szakir\u00e1ny\u00fa tov\u00e1bbk\u00e9pz\u00e9sre jelentkez\u0151k rangsorol\u00e1sa a felv\u00e9telin szerzett pontok alapj\u00e1n t\u00f6rt\u00e9nik.<\/p>\n<p><strong>Felv\u00e9teli eredm\u00e9nyek k\u00f6zl\u00e9se:<\/strong><\/p>\n<ul>\n<li>aki felv\u00e9telt nyer, elektronikus \u00faton kap \u00e9rtes\u00edt\u00e9st<\/li>\n<li>aki nem nyer felv\u00e9telt, postai \u00faton kapja meg a hat\u00e1rozatot<\/li>\n<\/ul>\n<p><strong>K\u00e9pz\u00e9si id\u0151, tand\u00edj<\/strong><\/p>\n<p>A tov\u00e1bbk\u00e9pz\u00e9s hossza: <strong>2 f\u00e9l\u00e9v.<\/strong><\/p>\n<p style=\"text-align: justify\">A tand\u00edj f\u00e9l\u00e9vente 225 000,- Ft<\/p>\n<p><strong>K\u00e9pz\u00e9si napok<\/strong><\/p>\n<div id=\"GroupWiseSection_1611043352000_trobert.anett@public.semmelweis-univ.hu_452F718117FA00008381000000000000_\" class=\"GroupWiseMessageBody active\">\n<div>\n<div style=\"text-align: justify\"><span style=\"text-align: left;color: #1e2326;text-transform: none;text-indent: 0px;letter-spacing: normal;font-family: 'PT serif', serif;font-size: 20px;font-style: normal;font-weight: 400;float: none;background-color: #ffffff\">F\u00e9l\u00e9vente \u00f6sszesen 5 k\u00e9pz\u00e9si alkalom van. Minden alkalom egy teljes napot (szerda) \u00e9s k\u00e9t f\u00e9l napot (cs\u00fct\u00f6rt\u00f6k \u00e9s p\u00e9ntek d\u00e9lut\u00e1n) vesz ig\u00e9nybe. Az oktat\u00e1s szerdai napokon fizikai jelenl\u00e9ttel, cs\u00fct\u00f6rt\u00f6k \u00e9s p\u00e9ntek d\u00e9lut\u00e1nonk\u00e9nt pedig online zajlik. (A k\u00e9pz\u00e9s id\u0151pontjai a <strong>K\u00e9pz\u00e9si alkalmak <\/strong>men\u00fcpont alatt megtal\u00e1lhat\u00f3ak.) <\/span><\/div>\n<div>\u00a0<\/div>\n<\/div>\n<\/div>\n<p>A tov\u00e1bbi, felv\u00e9teli elj\u00e1r\u00e1ssal kapcsolatos k\u00e9rd\u00e9sekben a <strong>Gyakori k\u00e9rd\u00e9sek<\/strong> oldalon is t\u00e1j\u00e9koz\u00f3dhat <strong><a href=\"https:\/\/semmelweis.hu\/mental\/szakiranyu-kepzesek\/idosugyi-interaktiv-eletut-tanacsado-szakiranyu-tovabbkepzesi-szak\/gyakori-kerdesek-a-felvetellel-kapcsolatban\/\" target=\"_blank\" rel=\"noopener\"><span style=\"color: #0000ff\">ide kattintva<\/span><\/a><\/strong>.<\/p>\n<p><strong>Felv\u00e9telivel kapcsolatos inform\u00e1ci\u00f3:<\/strong><\/p>\n<p><strong>So\u00f3ki Blanka Bogl\u00e1rka<\/strong><\/p>\n<p>E-mail: <a href=\"mailto:sooki.blanka.boglarka@semmelweis.hu\">sooki.blanka.boglarka@semmelweis.hu<\/a><\/p>\n<p>Tel.: +36 20 922 3162<\/p>\n<p><strong>K\u00e9pz\u00e9ssel kapcsolatos inform\u00e1ci\u00f3:<\/strong><\/p>\n<p><strong>Dr. Leleszi-Tr\u00f3bert Anett M\u00e1ria<\/strong><\/p>\n<p>E-mail: <a href=\"mailto:trobert.anett@semmelweis.hu\" target=\"_blank\" rel=\"noopener\">trobert.anett@semmelweis.hu<\/a><\/p>\n<p>Tel.: +36 20 670 1270<\/p>\n","protected":false},"excerpt":{"rendered":"<p>\u00a0AKT\u00cdV ID\u0150S\u00d6D\u00c9S SZAKIR\u00c1NY\u00da TOV\u00c1BBK\u00c9PZ\u00c9S Kedves \u00c9rdekl\u0151d\u0151k! Az Akt\u00edv id\u0151s\u00f6d\u00e9s szakir\u00e1ny\u00fa tov\u00e1bbk\u00e9pz\u00e9sen 2026 szeptember\u00e9ben indul \u00faj \u00e9vfolyam. Az online jelentkez\u00e9si fel\u00fclet <a href=\"https:\/\/mhi.semmelweis.hu\/login\">itt<\/a> \u00e9rhet\u0151 el. A jelentkez\u00e9s hat\u00e1rideje: 2026. m\u00e1rcius 31. Felh\u00edvjuk a figyelmet, hogy a jelentkez\u00e9st csak akkor tudjuk elfogadni, ha a fel\u00fcleten a v\u00e9gleges\u00edt\u00e9s megt\u00f6rt\u00e9nt, a sz\u00fcks\u00e9ges dokumentumok felt\u00f6lt\u00e9s\u00e9vel \u00e9s az elj\u00e1r\u00e1si d\u00edj befizet\u00e9s\u00e9vel. \u00c1tutal\u00e1sos fizet\u00e9s &hellip;<\/p>\n","protected":false},"author":101669,"featured_media":0,"parent":3804,"menu_order":2,"comment_status":"closed","ping_status":"closed","template":"","meta":{"_acf_changed":false,"footnotes":""},"categories":[],"tags":[],"class_list":["post-3814","page","type-page","status-publish","hentry"],"acf":[],"_links":{"self":[{"href":"https:\/\/semmelweis.hu\/mental\/wp-json\/wp\/v2\/pages\/3814","targetHints":{"allow":["GET"]}}],"collection":[{"href":"https:\/\/semmelweis.hu\/mental\/wp-json\/wp\/v2\/pages"}],"about":[{"href":"https:\/\/semmelweis.hu\/mental\/wp-json\/wp\/v2\/types\/page"}],"author":[{"embeddable":true,"href":"https:\/\/semmelweis.hu\/mental\/wp-json\/wp\/v2\/users\/101669"}],"replies":[{"embeddable":true,"href":"https:\/\/semmelweis.hu\/mental\/wp-json\/wp\/v2\/comments?post=3814"}],"version-history":[{"count":16,"href":"https:\/\/semmelweis.hu\/mental\/wp-json\/wp\/v2\/pages\/3814\/revisions"}],"predecessor-version":[{"id":9052,"href":"https:\/\/semmelweis.hu\/mental\/wp-json\/wp\/v2\/pages\/3814\/revisions\/9052"}],"up":[{"embeddable":true,"href":"https:\/\/semmelweis.hu\/mental\/wp-json\/wp\/v2\/pages\/3804"}],"wp:attachment":[{"href":"https:\/\/semmelweis.hu\/mental\/wp-json\/wp\/v2\/media?parent=3814"}],"wp:term":[{"taxonomy":"category","embeddable":true,"href":"https:\/\/semmelweis.hu\/mental\/wp-json\/wp\/v2\/categories?post=3814"},{"taxonomy":"post_tag","embeddable":true,"href":"https:\/\/semmelweis.hu\/mental\/wp-json\/wp\/v2\/tags?post=3814"}],"curies":[{"name":"wp","href":"https:\/\/api.w.org\/{rel}","templated":true}]}}