{"id":3810,"date":"2020-10-16T11:09:09","date_gmt":"2020-10-16T09:09:09","guid":{"rendered":"https:\/\/semmelweis.hu\/mental\/?page_id=3810"},"modified":"2025-12-04T11:03:31","modified_gmt":"2025-12-04T10:03:31","slug":"tanulmanyi-tajekoztato","status":"publish","type":"page","link":"https:\/\/semmelweis.hu\/mental\/szakiranyu-kepzesek\/aktiv-idosodes-szakiranyu-tovabbkepzesi-szak\/tanulmanyi-tajekoztato\/","title":{"rendered":"Tanulm\u00e1nyi t\u00e1j\u00e9koztat\u00f3"},"content":{"rendered":"<p style=\"text-align: justify\">Az <a href=\"https:\/\/semmelweis.hu\/mental\/szakiranyu-kepzesek\/aktiv-idosodes-szakiranyu-tovabbkepzesi-szak\/a-kepzes-bemutatasa\/\" target=\"_blank\" rel=\"noopener\">Akt\u00edv id\u0151s\u00f6d\u00e9s szakir\u00e1ny\u00fa tov\u00e1bbk\u00e9pz\u00e9si szak<\/a> 2025 szeptember\u00e9ben indul\u00f3 \u00e9vfolyam\u00e1ra vonatkoz\u00f3 k\u00e9pz\u00e9si \u00e9s kimeneti k\u00f6vetelm\u00e9nyek:\u00a0<\/p>\n<p><a href=\"https:\/\/semmelweis.hu\/mental\/files\/2024\/03\/Kepzesi-es-kimeneti-kovetelmenyek.pdf\">K\u00e9pz\u00e9si \u00e9s kimeneti k\u00f6vetelm\u00e9nyek<\/a><\/p>\n<p>Mintatanterv \u00e9s tanulm\u00e1nyi t\u00e1j\u00e9koztat\u00f3:<\/p>\n<p><a href=\"https:\/\/semmelweis.hu\/mental\/files\/2025\/09\/SE_EKK_MHI_Aktiv-idosodes_Tanulmanyi-tajekoztato_2025.pdf\">SE_EKK_MHI_Akt\u00edv id\u0151s\u00f6d\u00e9s_Tanulm\u00e1nyi t\u00e1j\u00e9koztat\u00f3_2025<\/a><\/p>\n","protected":false},"excerpt":{"rendered":"<p>Az <a href=\"https:\/\/semmelweis.hu\/mental\/szakiranyu-kepzesek\/aktiv-idosodes-szakiranyu-tovabbkepzesi-szak\/a-kepzes-bemutatasa\/\" target=\"_blank\" rel=\"noopener\">Akt\u00edv id\u0151s\u00f6d\u00e9s szakir\u00e1ny\u00fa tov\u00e1bbk\u00e9pz\u00e9si szak<\/a> 2025 szeptember\u00e9ben indul\u00f3 \u00e9vfolyam\u00e1ra vonatkoz\u00f3 k\u00e9pz\u00e9si \u00e9s kimeneti k\u00f6vetelm\u00e9nyek:\u00a0<br \/>\n<a href=\"https:\/\/semmelweis.hu\/mental\/files\/2024\/03\/Kepzesi-es-kimeneti-kovetelmenyek.pdf\">K\u00e9pz\u00e9si \u00e9s kimeneti k\u00f6vetelm\u00e9nyek<\/a><br \/>\nMintatanterv \u00e9s tanulm\u00e1nyi t\u00e1j\u00e9koztat\u00f3:<br \/>\n<a href=\"https:\/\/semmelweis.hu\/mental\/files\/2025\/09\/SE_EKK_MHI_Aktiv-idosodes_Tanulmanyi-tajekoztato_2025.pdf\">SE_EKK_MHI_Akt\u00edv id\u0151s\u00f6d\u00e9s_Tanulm\u00e1nyi t\u00e1j\u00e9koztat\u00f3_2025<\/a><\/p>\n","protected":false},"author":101669,"featured_media":0,"parent":3804,"menu_order":1,"comment_status":"closed","ping_status":"closed","template":"","meta":{"_acf_changed":false,"footnotes":""},"categories":[],"tags":[103],"class_list":["post-3810","page","type-page","status-publish","hentry","tag-aktiv-idosodes"],"acf":[],"_links":{"self":[{"href":"https:\/\/semmelweis.hu\/mental\/wp-json\/wp\/v2\/pages\/3810","targetHints":{"allow":["GET"]}}],"collection":[{"href":"https:\/\/semmelweis.hu\/mental\/wp-json\/wp\/v2\/pages"}],"about":[{"href":"https:\/\/semmelweis.hu\/mental\/wp-json\/wp\/v2\/types\/page"}],"author":[{"embeddable":true,"href":"https:\/\/semmelweis.hu\/mental\/wp-json\/wp\/v2\/users\/101669"}],"replies":[{"embeddable":true,"href":"https:\/\/semmelweis.hu\/mental\/wp-json\/wp\/v2\/comments?post=3810"}],"version-history":[{"count":12,"href":"https:\/\/semmelweis.hu\/mental\/wp-json\/wp\/v2\/pages\/3810\/revisions"}],"predecessor-version":[{"id":8343,"href":"https:\/\/semmelweis.hu\/mental\/wp-json\/wp\/v2\/pages\/3810\/revisions\/8343"}],"up":[{"embeddable":true,"href":"https:\/\/semmelweis.hu\/mental\/wp-json\/wp\/v2\/pages\/3804"}],"wp:attachment":[{"href":"https:\/\/semmelweis.hu\/mental\/wp-json\/wp\/v2\/media?parent=3810"}],"wp:term":[{"taxonomy":"category","embeddable":true,"href":"https:\/\/semmelweis.hu\/mental\/wp-json\/wp\/v2\/categories?post=3810"},{"taxonomy":"post_tag","embeddable":true,"href":"https:\/\/semmelweis.hu\/mental\/wp-json\/wp\/v2\/tags?post=3810"}],"curies":[{"name":"wp","href":"https:\/\/api.w.org\/{rel}","templated":true}]}}