{"id":3807,"date":"2020-10-16T11:02:53","date_gmt":"2020-10-16T09:02:53","guid":{"rendered":"https:\/\/semmelweis.hu\/mental\/?page_id=3807"},"modified":"2026-01-28T11:03:57","modified_gmt":"2026-01-28T10:03:57","slug":"a-kepzes-bemutatasa","status":"publish","type":"page","link":"https:\/\/semmelweis.hu\/mental\/szakiranyu-kepzesek\/aktiv-idosodes-szakiranyu-tovabbkepzesi-szak\/a-kepzes-bemutatasa\/","title":{"rendered":"A k\u00e9pz\u00e9s bemutat\u00e1sa"},"content":{"rendered":"<p><strong>Kedves Leend\u0151 Hallgat\u00f3!<\/strong><\/p>\n<p style=\"text-align: justify\">K\u00edv\u00e1ncsi, hogy mit is ad az <strong>akt\u00edv id\u0151s\u00f6d\u00e9s szakir\u00e1ny\u00fa tov\u00e1bbk\u00e9pz\u00e9s<\/strong>\u00fcnk?<\/p>\n<p style=\"text-align: justify\">Olyan j\u00e1rtass\u00e1got, ami seg\u00edti, hogy ne csak megismerje, felismerje, de v\u00e1laszokat is tudjon adni az id\u0151s\u00f6d\u00e9s kih\u00edv\u00e1saira. M\u00e9gpedig a gyakorlatban megval\u00f3s\u00edthat\u00f3 v\u00e1laszokat. Mindezzel nemcsak megszerzi azt a kreat\u00edv k\u00e9pess\u00e9get, amely megk\u00f6nny\u00edti a szakter\u00fclet\u00e9n a kih\u00edv\u00e1sok kezel\u00e9s\u00e9t, de az \u00e1lland\u00f3 \u201efejt\u00f6r\u00e9s\u201d, az \u201ealkot\u00e1s\u201d \u00d6nnek is \u00f6r\u00f6met fog szerezni.<\/p>\n<p>Rem\u00e9lj\u00fck, hamarosan hallgat\u00f3ink k\u00f6z\u00f6tt \u00fcdv\u00f6z\u00f6lhetj\u00fck.<\/p>\n<p>A k\u00e9pz\u00e9s alap\u00edt\u00f3ja<\/p>\n<p>\u2020 <em>Dr. Sz\u00e9man Zsuzsa Ph.D. <\/em>(1952-2025) <span style=\"font-size: 1rem\">professor emerita<\/span><\/p>\n<blockquote class=\"wp-embedded-content\" data-secret=\"gGxT0M3i5j\"><p><a href=\"https:\/\/semmelweis.hu\/mental\/2025\/03\/19\/elhunyt-dr-szeman-zsuzsa-professor-emerita\/\">ELHUNYT DR. SZ\u00c9MAN ZSUZSA PROFESSOR EMERITA<\/a><\/p><\/blockquote>\n<p><iframe loading=\"lazy\" class=\"wp-embedded-content\" sandbox=\"allow-scripts\" security=\"restricted\" style=\"position: absolute; visibility: hidden;\" title=\"&#8220;ELHUNYT DR. SZ\u00c9MAN ZSUZSA PROFESSOR EMERITA&#8221; &#8212; Ment\u00e1lhigi\u00e9n\u00e9 Int\u00e9zet\" src=\"https:\/\/semmelweis.hu\/mental\/2025\/03\/19\/elhunyt-dr-szeman-zsuzsa-professor-emerita\/embed\/#?secret=o4HA0QJCD7#?secret=gGxT0M3i5j\" data-secret=\"gGxT0M3i5j\" width=\"600\" height=\"338\" frameborder=\"0\" marginwidth=\"0\" marginheight=\"0\" scrolling=\"no\"><\/iframe><\/p>\n<hr \/>\n<p><strong>A k\u00e9pz\u00e9s bemutat\u00e1sa <\/strong><\/p>\n<p style=\"text-align: justify\">A n\u00e9pess\u00e9g el\u00f6reged\u00e9se miatt az <strong>akt\u00edv id\u0151s\u00f6d\u00e9s<\/strong> \u00e9s az <strong>innov\u00e1ci\u00f3<\/strong> Magyarorsz\u00e1g \u00e9s Eur\u00f3pa sz\u00e1m\u00e1ra is kulcsfogalomm\u00e1 v\u00e1lt. Az id\u0151s\u00f6d\u00e9ssel \u00f6sszef\u00fcgg\u0151 probl\u00e9m\u00e1k innovat\u00edv kezel\u00e9se, valamint az id\u0151s\u00f6d\u00e9s pozit\u00edv szeml\u00e9let\u00e9nek egy\u00e9ni, k\u00f6z\u00f6ss\u00e9gi \u00e9s t\u00e1rsadalmi szint\u0171 form\u00e1l\u00e1sa t\u00e1rsadalmi \u00e9rdek.<\/p>\n<p style=\"text-align: justify\">Az <strong>akt\u00edv id\u0151s\u00f6d\u00e9<\/strong>s a lehet\u0151s\u00e9gek optimaliz\u00e1l\u00e1sa, hogy az \u00e9letkor el\u0151rehaladt\u00e1val a legmagasabb szint\u0171 \u00e9letmin\u0151s\u00e9get \u00e9rj\u00fck el. F\u0151 cselekv\u00e9si ter\u00fcletei az eg\u00e9szs\u00e9gmeg\u0151rz\u00e9s, a t\u00e1rsadalmi r\u00e9szv\u00e9tel \u00e9s a biztons\u00e1g.\u00a0 Az akt\u00edv id\u0151s\u00f6d\u00e9s az \u00e9lethosszig tart\u00f3 szem\u00e9lyis\u00e9gfejl\u0151d\u00e9s optik\u00e1j\u00e1ban, \u00e9s az egy\u00e9n testi-lelki sz\u00fcks\u00e9gleteinek figyelembe v\u00e9tel\u00e9vel lehet\u0151s\u00e9get teremt arra, hogy az emberek min\u00e9l tov\u00e1bb \u00e9s min\u00e9l teljesebb m\u00e9rt\u00e9kben integr\u00e1lt r\u00e9szei lehessenek t\u00e1rsadalmuknak.<\/p>\n<p style=\"text-align: justify\">A lehet\u0151s\u00e9gek optimaliz\u00e1l\u00e1s\u00e1hoz elengedhetetlen az <strong>innov\u00e1ci\u00f3<\/strong> fogalm\u00e1nak, fajt\u00e1inak, speci\u00e1lis aspektusainak \u00e9s trendjeinek megismer\u00e9se; a prevenci\u00f3s \u00e9s fejleszt\u00e9si lehet\u0151s\u00e9gek felismer\u00e9se, megtervez\u00e9se, menedzsel\u00e9se \u00e9s kompetencia alap\u00fa megval\u00f3s\u00edt\u00e1sa.<\/p>\n<p style=\"text-align: justify\">A t\u00e1rsadalom el\u00f6reged\u00e9s\u00e9b\u0151l fakad\u00f3 kih\u00edv\u00e1sok az \u00e9let valamennyi ter\u00fclet\u00e9t \u00e9rintik, sz\u00e1mos \u00e9lethelyzetben \u00e9s munkahelyen megker\u00fclhetetlenek, azonban tekintetbe kell venn\u00fcnk az \u00e1tlag\u00e9letkor kitol\u00f3d\u00e1s\u00e1val egy\u00fctt j\u00e1r\u00f3 lehet\u0151s\u00e9geket. Sz\u00fcks\u00e9gess\u00e9 v\u00e1lt egy olyan interdiszciplin\u00e1ris megk\u00f6zel\u00edt\u00e9s\u0171 k\u00e9pz\u00e9s, amely t\u00e1mpontokat ny\u00fajt az id\u0151s\u00f6d\u00e9ssel \u00f6sszef\u00fcgg\u0151 probl\u00e9m\u00e1k megold\u00e1s\u00e1hoz \u00e9s eszk\u00f6z\u00f6ket ad az \u00faj lehet\u0151s\u00e9gek felt\u00e1r\u00e1s\u00e1hoz, az id\u0151sbar\u00e1t (age-friendly) szeml\u00e9let megval\u00f3s\u00edt\u00e1s\u00e1hoz.<\/p>\n<p style=\"text-align: justify\">Ezekre a kih\u00edv\u00e1sokra k\u00edv\u00e1nt v\u00e1laszolni a Ment\u00e1lhigi\u00e9n\u00e9 Int\u00e9zet az Id\u0151s\u00fcgyi interakt\u00edv \u00e9let\u00fat-tan\u00e1csad\u00f3 szakir\u00e1ny\u00fa tov\u00e1bbk\u00e9pz\u00e9s kidolgoz\u00e1s\u00e1val. A k\u00e9pz\u00e9s 2023-ban meg\u00faj\u00edt\u00e1sra ker\u00fclt \u00e9s <strong>Akt\u00edv id\u0151s\u00f6d\u00e9s szakir\u00e1ny\u00fa tov\u00e1bbk\u00e9pz\u00e9s<\/strong> n\u00e9ven \u00e9l tov\u00e1bb. A k\u00e9pz\u00e9s c\u00e9lja, hogy a szakemberek a megfelel\u0151 kompetenci\u00e1k birtok\u00e1ban, innovat\u00edv gyakorlatokat, j\u00f3 p\u00e9ld\u00e1kat, sikeres modellprogramokat adapt\u00e1ljanak, alak\u00edtsanak ki \u00e9s\u00a0 terjesszenek a lehet\u0151 legsz\u00e9lesebb k\u00f6rben.<\/p>\n<div class=\"keretes w-100\"><strong><a href=\"https:\/\/semmelweis.hu\/mental\/szakiranyu-kepzesek\/aktiv-idosodes-szakiranyu-tovabbkepzesi-szak\/tanulmanyi-tajekoztato\/\">Tanulm\u00e1nyi t\u00e1j\u00e9koztat\u00f3<\/a><\/strong><br \/><strong><a href=\"https:\/\/semmelweis.hu\/mental\/szakiranyu-kepzesek\/aktiv-idosodes-szakiranyu-tovabbkepzesi-szak\/felvetel-a-kepzesre\/\">Felv\u00e9tel a k\u00e9pz\u00e9sre<\/a><\/strong><br \/><strong><a href=\"https:\/\/semmelweis.hu\/mental\/szakiranyu-kepzesek\/aktiv-idosodes-szakiranyu-tovabbkepzesi-szak\/gyakori-kerdesek-a-felvetellel-kapcsolatban\/\">Gyakori k\u00e9rd\u00e9sek a felv\u00e9tellel kapcsolatban<\/a><\/strong><br \/><strong><a href=\"https:\/\/semmelweis.hu\/mental\/szakiranyu-kepzesek\/aktiv-idosodes-szakiranyu-tovabbkepzesi-szak\/kepzesi-alkalmak-2022-2023\/\">K\u00e9pz\u00e9si alkalmak<\/a><\/strong><br \/><strong><a href=\"https:\/\/semmelweis.hu\/mental\/szakiranyu-kepzesek\/aktiv-idosodes-szakiranyu-tovabbkepzesi-szak\/kontaktszemelyek\/\">Kontaktszem\u00e9lyek<\/a><\/strong><\/div>\n","protected":false},"excerpt":{"rendered":"<p>Kedves Leend\u0151 Hallgat\u00f3! K\u00edv\u00e1ncsi, hogy mit is ad az akt\u00edv id\u0151s\u00f6d\u00e9s szakir\u00e1ny\u00fa tov\u00e1bbk\u00e9pz\u00e9s\u00fcnk? Olyan j\u00e1rtass\u00e1got, ami seg\u00edti, hogy ne csak megismerje, felismerje, de v\u00e1laszokat is tudjon adni az id\u0151s\u00f6d\u00e9s kih\u00edv\u00e1saira. M\u00e9gpedig a gyakorlatban megval\u00f3s\u00edthat\u00f3 v\u00e1laszokat. Mindezzel nemcsak megszerzi azt a kreat\u00edv k\u00e9pess\u00e9get, amely megk\u00f6nny\u00edti a szakter\u00fclet\u00e9n a kih\u00edv\u00e1sok kezel\u00e9s\u00e9t, de az \u00e1lland\u00f3 \u201efejt\u00f6r\u00e9s\u201d, az \u201ealkot\u00e1s\u201d &hellip;<\/p>\n","protected":false},"author":101669,"featured_media":0,"parent":3804,"menu_order":0,"comment_status":"closed","ping_status":"closed","template":"","meta":{"_acf_changed":false,"footnotes":""},"categories":[],"tags":[103],"class_list":["post-3807","page","type-page","status-publish","hentry","tag-aktiv-idosodes"],"acf":[],"_links":{"self":[{"href":"https:\/\/semmelweis.hu\/mental\/wp-json\/wp\/v2\/pages\/3807","targetHints":{"allow":["GET"]}}],"collection":[{"href":"https:\/\/semmelweis.hu\/mental\/wp-json\/wp\/v2\/pages"}],"about":[{"href":"https:\/\/semmelweis.hu\/mental\/wp-json\/wp\/v2\/types\/page"}],"author":[{"embeddable":true,"href":"https:\/\/semmelweis.hu\/mental\/wp-json\/wp\/v2\/users\/101669"}],"replies":[{"embeddable":true,"href":"https:\/\/semmelweis.hu\/mental\/wp-json\/wp\/v2\/comments?post=3807"}],"version-history":[{"count":12,"href":"https:\/\/semmelweis.hu\/mental\/wp-json\/wp\/v2\/pages\/3807\/revisions"}],"predecessor-version":[{"id":8862,"href":"https:\/\/semmelweis.hu\/mental\/wp-json\/wp\/v2\/pages\/3807\/revisions\/8862"}],"up":[{"embeddable":true,"href":"https:\/\/semmelweis.hu\/mental\/wp-json\/wp\/v2\/pages\/3804"}],"wp:attachment":[{"href":"https:\/\/semmelweis.hu\/mental\/wp-json\/wp\/v2\/media?parent=3807"}],"wp:term":[{"taxonomy":"category","embeddable":true,"href":"https:\/\/semmelweis.hu\/mental\/wp-json\/wp\/v2\/categories?post=3807"},{"taxonomy":"post_tag","embeddable":true,"href":"https:\/\/semmelweis.hu\/mental\/wp-json\/wp\/v2\/tags?post=3807"}],"curies":[{"name":"wp","href":"https:\/\/api.w.org\/{rel}","templated":true}]}}