{"id":3724,"date":"2020-08-27T12:43:07","date_gmt":"2020-08-27T10:43:07","guid":{"rendered":"https:\/\/semmelweis.hu\/mental\/?page_id=3724"},"modified":"2026-02-10T12:31:39","modified_gmt":"2026-02-10T11:31:39","slug":"aktualis-tajekoztatok-hallgatoknak","status":"publish","type":"page","link":"https:\/\/semmelweis.hu\/mental\/szakiranyu-kepzesek\/kozossegi-es-csaladi-mediacio\/aktualis-tajekoztatok-hallgatoknak\/","title":{"rendered":"AKTU\u00c1LIS T\u00c1J\u00c9KOZTAT\u00d3K, K\u00c9PZ\u00c9SI ALKALMAK HALLGAT\u00d3KNAK"},"content":{"rendered":"<h6><span style=\"font-family: 'pt serif';font-size: 18pt\"><strong>K\u00f6z\u00f6ss\u00e9gi \u00e9s csal\u00e1di medi\u00e1ci\u00f3 szakir\u00e1ny\u00fa tov\u00e1bbk\u00e9pz\u00e9si szak<\/strong><\/span><\/h6>\n<h5><span style=\"font-family: 'pt serif';font-size: 18pt\">Aktu\u00e1lis t\u00e1j\u00e9koztat\u00f3k, k\u00e9pz\u00e9si alkalmak hallgat\u00f3knak<\/span><\/h5>\n<p><strong>K\u00e9pz\u00e9s helysz\u00edne: <\/strong><strong>Nagyv\u00e1rad t\u00e9ri Elm\u00e9leti T\u00f6mb <\/strong>(r\u00f6vid\u00edt\u00e9se: <strong>NET<\/strong>): <a href=\"https:\/\/goo.gl\/maps\/xXYvidtCaJ2EYf2t5\">1089 Budapest, Nagyv\u00e1rad t\u00e9r 4.<\/a><\/p>\n<p><b>2026\/2027\/1. \u0151szi f\u00e9l\u00e9v id\u0151pontjai:<\/b><\/p>\n<p>2026. szeptember 6-8. h\u00e9tf\u0151-szerda <span style=\"color: #ff0000\">k\u00e9pz\u00e9sind\u00edt\u00f3 tr\u00e9ning<\/span><\/p>\n<p>2026. szeptember 21-22. h\u00e9tf\u0151-kedd<\/p>\n<p>2026. okt\u00f3ber 12-13. h\u00e9tf\u0151-kedd<\/p>\n<p>2026. november 9-10. h\u00e9tf\u0151-kedd<\/p>\n<p>2026. november 30. &#8211; december 1. h\u00e9tf\u0151-kedd<\/p>\n<p><b>2026\/2027\/2. tavaszi f\u00e9l\u00e9v id\u0151pontjai:<\/b><\/p>\n<p>2027. febru\u00e1r 8-9. h\u00e9tf\u0151-kedd<\/p>\n<p>2027. m\u00e1rcius 8-9. h\u00e9tf\u0151-kedd<\/p>\n<p>2027. \u00e1prilis 5-6. h\u00e9tf\u0151-kedd<\/p>\n<p>2027. m\u00e1jus 10-11. h\u00e9tf\u0151-kedd<\/p>\n<p>&nbsp;<\/p>\n<hr \/>\n<p><strong>Tov\u00e1bbi inform\u00e1ci\u00f3k a k\u00f6z\u00f6ss\u00e9gi \u00e9s csal\u00e1di medi\u00e1ci\u00f3 szakir\u00e1ny\u00fa tov\u00e1bbk\u00e9pz\u00e9si szakr\u00f3l:<\/strong><\/p>\n<ul class=\"children\" style=\"list-style-type: square\">\n<li class=\"page_item page-item-13 current_page_item\"><a href=\"https:\/\/semmelweis.hu\/mental\/szakiranyu-kepzesek\/kozossegi-es-csaladi-mediacio\/kepzes-bemutatasa-mediacio\/\">K\u00e9pz\u00e9s bemutat\u00e1sa<\/a><\/li>\n<li class=\"page_item page-item-89\"><a href=\"https:\/\/semmelweis.hu\/mental\/szakiranyu-kepzesek\/kozossegi-es-csaladi-mediacio\/tanulmanyi-program-mediacio\/\">Tanulm\u00e1nyi program<\/a><\/li>\n<li class=\"page_item page-item-90\"><a href=\"https:\/\/semmelweis.hu\/mental\/szakiranyu-kepzesek\/kozossegi-es-csaladi-mediacio\/kontaktszemelyek\/\">Kontaktszem\u00e9lyek<\/a><\/li>\n<li class=\"page_item page-item-91\"><a href=\"https:\/\/semmelweis.hu\/mental\/szakiranyu-kepzesek\/kozossegi-es-csaladi-mediacio\/felvetel-a-kepzesre-mediacio\/\">Felv\u00e9tel a k\u00e9pz\u00e9sre<\/a><\/li>\n<\/ul>\n","protected":false},"excerpt":{"rendered":"<p>K\u00f6z\u00f6ss\u00e9gi \u00e9s csal\u00e1di medi\u00e1ci\u00f3 szakir\u00e1ny\u00fa tov\u00e1bbk\u00e9pz\u00e9si szak Aktu\u00e1lis t\u00e1j\u00e9koztat\u00f3k, k\u00e9pz\u00e9si alkalmak hallgat\u00f3knak K\u00e9pz\u00e9s helysz\u00edne: Nagyv\u00e1rad t\u00e9ri Elm\u00e9leti T\u00f6mb (r\u00f6vid\u00edt\u00e9se: NET): <a href=\"https:\/\/goo.gl\/maps\/xXYvidtCaJ2EYf2t5\">1089 Budapest, Nagyv\u00e1rad t\u00e9r 4.<\/a> 2026\/2027\/1. \u0151szi f\u00e9l\u00e9v id\u0151pontjai: 2026. szeptember 6-8. h\u00e9tf\u0151-szerda k\u00e9pz\u00e9sind\u00edt\u00f3 tr\u00e9ning 2026. szeptember 21-22. h\u00e9tf\u0151-kedd 2026. okt\u00f3ber 12-13. h\u00e9tf\u0151-kedd 2026. november 9-10. h\u00e9tf\u0151-kedd 2026. november 30. &#8211; december 1. h\u00e9tf\u0151-kedd 2026\/2027\/2. tavaszi f\u00e9l\u00e9v id\u0151pontjai: 2027. febru\u00e1r &hellip;<\/p>\n","protected":false},"author":101662,"featured_media":0,"parent":1407,"menu_order":5,"comment_status":"closed","ping_status":"closed","template":"","meta":{"_acf_changed":false,"footnotes":""},"categories":[],"tags":[],"class_list":["post-3724","page","type-page","status-publish","hentry"],"acf":[],"_links":{"self":[{"href":"https:\/\/semmelweis.hu\/mental\/wp-json\/wp\/v2\/pages\/3724","targetHints":{"allow":["GET"]}}],"collection":[{"href":"https:\/\/semmelweis.hu\/mental\/wp-json\/wp\/v2\/pages"}],"about":[{"href":"https:\/\/semmelweis.hu\/mental\/wp-json\/wp\/v2\/types\/page"}],"author":[{"embeddable":true,"href":"https:\/\/semmelweis.hu\/mental\/wp-json\/wp\/v2\/users\/101662"}],"replies":[{"embeddable":true,"href":"https:\/\/semmelweis.hu\/mental\/wp-json\/wp\/v2\/comments?post=3724"}],"version-history":[{"count":11,"href":"https:\/\/semmelweis.hu\/mental\/wp-json\/wp\/v2\/pages\/3724\/revisions"}],"predecessor-version":[{"id":8974,"href":"https:\/\/semmelweis.hu\/mental\/wp-json\/wp\/v2\/pages\/3724\/revisions\/8974"}],"up":[{"embeddable":true,"href":"https:\/\/semmelweis.hu\/mental\/wp-json\/wp\/v2\/pages\/1407"}],"wp:attachment":[{"href":"https:\/\/semmelweis.hu\/mental\/wp-json\/wp\/v2\/media?parent=3724"}],"wp:term":[{"taxonomy":"category","embeddable":true,"href":"https:\/\/semmelweis.hu\/mental\/wp-json\/wp\/v2\/categories?post=3724"},{"taxonomy":"post_tag","embeddable":true,"href":"https:\/\/semmelweis.hu\/mental\/wp-json\/wp\/v2\/tags?post=3724"}],"curies":[{"name":"wp","href":"https:\/\/api.w.org\/{rel}","templated":true}]}}