{"id":3721,"date":"2020-08-26T16:00:42","date_gmt":"2020-08-26T14:00:42","guid":{"rendered":"https:\/\/semmelweis.hu\/mental\/?page_id=3721"},"modified":"2026-02-12T21:56:39","modified_gmt":"2026-02-12T20:56:39","slug":"aktualis-tajekoztatok-hallgatoknak","status":"publish","type":"page","link":"https:\/\/semmelweis.hu\/mental\/mesterkepzesek\/szocialis-munka\/aktualis-tajekoztatok-hallgatoknak\/","title":{"rendered":"Aktu\u00e1lis t\u00e1j\u00e9koztat\u00f3k hallgat\u00f3knak"},"content":{"rendered":"<h6><strong>A szoci\u00e1lis munka mesterk\u00e9pz\u00e9si szak aktu\u00e1lis inform\u00e1ci\u00f3i<\/strong><\/h6>\n<p style=\"text-align: center\"><span style=\"font-size: 18pt\"><strong>2025\/2026. tan\u00e9v k\u00e9pz\u00e9si id\u0151pontjai a Szoci\u00e1lis munka MA szakon<\/strong><\/span><\/p>\n<p><span style=\"font-size: 14pt\"><strong>Tavaszi f\u00e9l\u00e9v<\/strong><\/span><\/p>\n<p><span style=\"font-size: 14pt\">2026. janu\u00e1r 28-31.<\/span><\/p>\n<p><span style=\"font-size: 14pt\">2026. febru\u00e1r 18-21.<\/span><\/p>\n<p><span style=\"font-size: 14pt\">2026. m\u00e1rcius 4-7.<\/span><\/p>\n<p><span style=\"font-size: 14pt\">2026. \u00e1prilis 8-11.<\/span><\/p>\n<p style=\"text-align: center\"><span style=\"font-size: 18pt\"><strong>2026\/2027. tan\u00e9v tervezett k\u00e9pz\u00e9si id\u0151pontjai<\/strong><\/span><\/p>\n<p><strong>\u0150szi f\u00e9l\u00e9v<\/strong><\/p>\n<p>2026. szeptember 16-17. (k\u00e9pz\u00e9s ind\u00edt\u00f3 \u2013 csak az I. \u00e9vfolyam sz\u00e1m\u00e1ra)<\/p>\n<p>2026. szeptember 30- okt\u00f3ber 3.<\/p>\n<p>2026. okt\u00f3ber 19-22. (h\u00e9tf\u0151- cs\u00fct\u00f6rt\u00f6k!)<\/p>\n<p>2026. november 18-21.<\/p>\n<p>2026. december 9- 12.<\/p>\n<p>&nbsp;<\/p>\n<p><strong>Tavaszi f\u00e9l\u00e9v<\/strong><\/p>\n<p>2027. febru\u00e1r 3-6.<\/p>\n<p>2027. m\u00e1rcius 3-6.<\/p>\n<p>2027. \u00e1prilis 14-17.<\/p>\n<p>2027. m\u00e1jus 5-8.<\/p>\n<hr \/>\n<p><strong>Tov\u00e1bbi inform\u00e1ci\u00f3k a szoci\u00e1lis munka mesterk\u00e9pz\u00e9si szakr\u00f3l<\/strong><\/p>\n<ul style=\"list-style-type: square\">\n<li><strong><a href=\"https:\/\/semmelweis.hu\/mental\/mesterkepzesek\/szocialis-munka\/kepzes-bemutatasa\/\" target=\"_blank\" rel=\"noopener\">K\u00e9pz\u00e9s bemutat\u00e1sa<\/a><\/strong><\/li>\n<li><strong><a href=\"https:\/\/semmelweis.hu\/mental\/mesterkepzesek\/szocialis-munka\/tanulmanyi-program\/\" target=\"_blank\" rel=\"noopener\">Tanulm\u00e1nyi program<\/a><\/strong><\/li>\n<li><strong><a href=\"https:\/\/semmelweis.hu\/mental\/mesterkepzesek\/szocialis-munka\/kontaktszemelyek\/\" target=\"_blank\" rel=\"noopener\">Kontaktszem\u00e9lyek<\/a><\/strong><\/li>\n<li><strong><a href=\"https:\/\/semmelweis.hu\/mental\/mesterkepzesek\/szocialis-munka\/felvetel-a-kepzesre\/\" target=\"_blank\" rel=\"noopener\">Felv\u00e9tel a k\u00e9pz\u00e9sre<\/a><\/strong><\/li>\n<li class=\"page_item page-item-3341\"><strong><a href=\"https:\/\/semmelweis.hu\/mental\/mesterkepzesek\/szocialis-munka\/praktikus-informaciok\/\" target=\"_blank\" rel=\"noopener\">Praktikus inform\u00e1ci\u00f3k felv\u00e9teliz\u0151knek<\/a><\/strong><\/li>\n<\/ul>\n","protected":false},"excerpt":{"rendered":"<p>A szoci\u00e1lis munka mesterk\u00e9pz\u00e9si szak aktu\u00e1lis inform\u00e1ci\u00f3i 2025\/2026. tan\u00e9v k\u00e9pz\u00e9si id\u0151pontjai a Szoci\u00e1lis munka MA szakon Tavaszi f\u00e9l\u00e9v 2026. janu\u00e1r 28-31. 2026. febru\u00e1r 18-21. 2026. m\u00e1rcius 4-7. 2026. \u00e1prilis 8-11. 2026\/2027. tan\u00e9v tervezett k\u00e9pz\u00e9si id\u0151pontjai \u0150szi f\u00e9l\u00e9v 2026. szeptember 16-17. (k\u00e9pz\u00e9s ind\u00edt\u00f3 \u2013 csak az I. \u00e9vfolyam sz\u00e1m\u00e1ra) 2026. szeptember 30- okt\u00f3ber 3. 2026. okt\u00f3ber &hellip;<\/p>\n","protected":false},"author":101662,"featured_media":0,"parent":1122,"menu_order":6,"comment_status":"closed","ping_status":"closed","template":"","meta":{"_acf_changed":false,"footnotes":""},"categories":[],"tags":[],"class_list":["post-3721","page","type-page","status-publish","hentry"],"acf":[],"_links":{"self":[{"href":"https:\/\/semmelweis.hu\/mental\/wp-json\/wp\/v2\/pages\/3721","targetHints":{"allow":["GET"]}}],"collection":[{"href":"https:\/\/semmelweis.hu\/mental\/wp-json\/wp\/v2\/pages"}],"about":[{"href":"https:\/\/semmelweis.hu\/mental\/wp-json\/wp\/v2\/types\/page"}],"author":[{"embeddable":true,"href":"https:\/\/semmelweis.hu\/mental\/wp-json\/wp\/v2\/users\/101662"}],"replies":[{"embeddable":true,"href":"https:\/\/semmelweis.hu\/mental\/wp-json\/wp\/v2\/comments?post=3721"}],"version-history":[{"count":12,"href":"https:\/\/semmelweis.hu\/mental\/wp-json\/wp\/v2\/pages\/3721\/revisions"}],"predecessor-version":[{"id":9032,"href":"https:\/\/semmelweis.hu\/mental\/wp-json\/wp\/v2\/pages\/3721\/revisions\/9032"}],"up":[{"embeddable":true,"href":"https:\/\/semmelweis.hu\/mental\/wp-json\/wp\/v2\/pages\/1122"}],"wp:attachment":[{"href":"https:\/\/semmelweis.hu\/mental\/wp-json\/wp\/v2\/media?parent=3721"}],"wp:term":[{"taxonomy":"category","embeddable":true,"href":"https:\/\/semmelweis.hu\/mental\/wp-json\/wp\/v2\/categories?post=3721"},{"taxonomy":"post_tag","embeddable":true,"href":"https:\/\/semmelweis.hu\/mental\/wp-json\/wp\/v2\/tags?post=3721"}],"curies":[{"name":"wp","href":"https:\/\/api.w.org\/{rel}","templated":true}]}}