{"id":3420,"date":"2020-01-28T13:06:57","date_gmt":"2020-01-28T12:06:57","guid":{"rendered":"http:\/\/semmelweis.hu\/mental\/?page_id=3420"},"modified":"2024-11-18T13:29:14","modified_gmt":"2024-11-18T12:29:14","slug":"jelentkezes-a-kepzesre","status":"publish","type":"page","link":"https:\/\/semmelweis.hu\/mental\/tanfolyamok\/kepzes-bemutatasa\/jelentkezes-a-kepzesre\/","title":{"rendered":"Jelentkez\u00e9s a k\u00e9pz\u00e9sre"},"content":{"rendered":"<p align=\"center\"><strong>\u00d3vodai \u00e9s iskolai szoci\u00e1lis seg\u00edt\u0151 k\u00e9pz\u00e9s\u00a0<\/strong><strong>a Szoci\u00e1lis \u00e9s Gyermekv\u00e9delmi F\u0151igazgat\u00f3s\u00e1g szervez\u00e9s\u00e9ben<\/strong><\/p>\n<p align=\"center\"><strong>az egyes szoci\u00e1lis szolg\u00e1ltat\u00e1sokat v\u00e9gz\u0151k k\u00e9pz\u00e9s\u00e9r\u0151l \u00e9s vizsgak\u00f6vetelm\u00e9nyeir\u0151l\u00a0sz\u00f3l\u00f3 81\/2004. (IX. 18.) ESZCSM rendelet alapj\u00e1n<\/strong><\/p>\n<p>Az Oktat\u00e1si Program j\u00f3v\u00e1hagy\u00e1s\u00e1t k\u00f6vet\u0151en, a vonatkoz\u00f3 jogszab\u00e1lyokban el\u0151\u00edrt k\u00f6vetelm\u00e9nyeknek megfelel\u0151en 2020-ban megkezd\u0151dik az \u00d3vodai \u00e9s iskolai szoci\u00e1lis seg\u00edt\u0151 k\u00e9pz\u00e9s. A 81\/2004. (IX. 18.) ESZCSM rendelet a k\u00e9pz\u00e9s szervez\u00e9s\u00e9vel a Szoci\u00e1lis \u00e9s Gyermekv\u00e9delmi F\u0151igazgat\u00f3s\u00e1got jel\u00f6li ki azzal, hogy k\u00e9pz\u00e9si meg\u00e1llapod\u00e1s keret\u00e9ben \u2013 bizonyos felt\u00e9telek teljes\u00fcl\u00e9se eset\u00e9n &#8211; m\u00e1s int\u00e9zm\u00e9nyt is megb\u00edzhat. A fejleszt\u0151 \u00e9s egyben k\u00e9pz\u00e9st lebonyol\u00edt\u00f3 fels\u0151oktat\u00e1si int\u00e9zm\u00e9nyek list\u00e1j\u00e1t az Oktat\u00e1si Program tartalmazza. A jelentkez\u00e9si lapon a k\u00e9pz\u0151helyet a jelentkez\u0151nek meg kell adnia.<\/p>\n<p>A k\u00e9pz\u00e9ssel kapcsolatos tov\u00e1bbi inform\u00e1ci\u00f3 \u00e9s az elektronikus regisztr\u00e1ci\u00f3s fel\u00fclet el\u00e9rhet\u0151 az NSZI &#8211; Slachta Margit Nemzeti Szoci\u00e1lpolitikai Int\u00e9zet honlapj\u00e1n:<\/p>\n<p><a href=\"https:\/\/nszi.hu\/szakmai-tevekenysegek\/kepzes\/kepzesszervezes\/kepzesszervezes-szocialis-szolgaltatast-vegzoknek\">https:\/\/nszi.hu\/szakmai-tevekenysegek\/kepzes\/kepzesszervezes\/kepzesszervezes-szocialis-szolgaltatast-vegzoknek<\/a> <br \/>Regisztr\u00e1ci\u00f3s fel\u00fclet:<\/p>\n<blockquote class=\"wp-embedded-content\" data-secret=\"XLxnEwmWZZ\"><p><a href=\"https:\/\/urlapok.hu\/nszi\/ovodai-es-iskolai-szocialis-segito-kepzes\/\">\u00d3vodai \u00e9s iskolai szoci\u00e1lis seg\u00edt\u0151 k\u00e9pz\u00e9s<\/a><\/p><\/blockquote>\n<p><iframe loading=\"lazy\" class=\"wp-embedded-content\" sandbox=\"allow-scripts\" security=\"restricted\" style=\"position: absolute; clip: rect(1px, 1px, 1px, 1px);\" title=\"&#8220;\u00d3vodai \u00e9s iskolai szoci\u00e1lis seg\u00edt\u0151 k\u00e9pz\u00e9s&#8221; &#8212; NSZI\" src=\"https:\/\/urlapok.hu\/nszi\/ovodai-es-iskolai-szocialis-segito-kepzes\/embed\/#?secret=rA5h7rQOaL#?secret=XLxnEwmWZZ\" data-secret=\"XLxnEwmWZZ\" width=\"600\" height=\"338\" frameborder=\"0\" marginwidth=\"0\" marginheight=\"0\" scrolling=\"no\"><\/iframe><\/p>\n<div>Kapcsolat:<\/div>\n<div>T\u00e9mafelel\u0151s: Nagy Zsuzsa Anita<\/div>\n<div>C\u00edm: 1142 Budapest, Ungv\u00e1r u. 64-66.<\/div>\n<div>E-mail:\u00a0<u><a id=\"OWAffde29ef-6872-cbe6-4337-c16957241f59\" class=\"x_own-email-link x_OWAAutoLink\" href=\"mailto:nagy.zsuzsa@nszi.hu\">nagy.zsuzsa@nszi.hu<\/a><\/u><\/div>\n<div>Telefonsz\u00e1m: +36 30\u00a0486 0986<\/div>\n","protected":false},"excerpt":{"rendered":"<p>\u00d3vodai \u00e9s iskolai szoci\u00e1lis seg\u00edt\u0151 k\u00e9pz\u00e9s\u00a0a Szoci\u00e1lis \u00e9s Gyermekv\u00e9delmi F\u0151igazgat\u00f3s\u00e1g szervez\u00e9s\u00e9ben az egyes szoci\u00e1lis szolg\u00e1ltat\u00e1sokat v\u00e9gz\u0151k k\u00e9pz\u00e9s\u00e9r\u0151l \u00e9s vizsgak\u00f6vetelm\u00e9nyeir\u0151l\u00a0sz\u00f3l\u00f3 81\/2004. (IX. 18.) ESZCSM rendelet alapj\u00e1n Az Oktat\u00e1si Program j\u00f3v\u00e1hagy\u00e1s\u00e1t k\u00f6vet\u0151en, a vonatkoz\u00f3 jogszab\u00e1lyokban el\u0151\u00edrt k\u00f6vetelm\u00e9nyeknek megfelel\u0151en 2020-ban megkezd\u0151dik az \u00d3vodai \u00e9s iskolai szoci\u00e1lis seg\u00edt\u0151 k\u00e9pz\u00e9s. A 81\/2004. (IX. 18.) ESZCSM rendelet a k\u00e9pz\u00e9s szervez\u00e9s\u00e9vel a &hellip;<\/p>\n","protected":false},"author":101662,"featured_media":0,"parent":3413,"menu_order":2,"comment_status":"closed","ping_status":"closed","template":"","meta":{"_acf_changed":false,"footnotes":""},"categories":[],"tags":[],"class_list":["post-3420","page","type-page","status-publish","hentry"],"acf":[],"_links":{"self":[{"href":"https:\/\/semmelweis.hu\/mental\/wp-json\/wp\/v2\/pages\/3420","targetHints":{"allow":["GET"]}}],"collection":[{"href":"https:\/\/semmelweis.hu\/mental\/wp-json\/wp\/v2\/pages"}],"about":[{"href":"https:\/\/semmelweis.hu\/mental\/wp-json\/wp\/v2\/types\/page"}],"author":[{"embeddable":true,"href":"https:\/\/semmelweis.hu\/mental\/wp-json\/wp\/v2\/users\/101662"}],"replies":[{"embeddable":true,"href":"https:\/\/semmelweis.hu\/mental\/wp-json\/wp\/v2\/comments?post=3420"}],"version-history":[{"count":5,"href":"https:\/\/semmelweis.hu\/mental\/wp-json\/wp\/v2\/pages\/3420\/revisions"}],"predecessor-version":[{"id":7638,"href":"https:\/\/semmelweis.hu\/mental\/wp-json\/wp\/v2\/pages\/3420\/revisions\/7638"}],"up":[{"embeddable":true,"href":"https:\/\/semmelweis.hu\/mental\/wp-json\/wp\/v2\/pages\/3413"}],"wp:attachment":[{"href":"https:\/\/semmelweis.hu\/mental\/wp-json\/wp\/v2\/media?parent=3420"}],"wp:term":[{"taxonomy":"category","embeddable":true,"href":"https:\/\/semmelweis.hu\/mental\/wp-json\/wp\/v2\/categories?post=3420"},{"taxonomy":"post_tag","embeddable":true,"href":"https:\/\/semmelweis.hu\/mental\/wp-json\/wp\/v2\/tags?post=3420"}],"curies":[{"name":"wp","href":"https:\/\/api.w.org\/{rel}","templated":true}]}}