{"id":3417,"date":"2020-01-28T13:06:01","date_gmt":"2020-01-28T12:06:01","guid":{"rendered":"http:\/\/semmelweis.hu\/mental\/?page_id=3417"},"modified":"2024-11-18T13:34:37","modified_gmt":"2024-11-18T12:34:37","slug":"tanulmanyi-program","status":"publish","type":"page","link":"https:\/\/semmelweis.hu\/mental\/tanfolyamok\/kepzes-bemutatasa\/tanulmanyi-program\/","title":{"rendered":"Tanulm\u00e1nyi program"},"content":{"rendered":"<p>A Semmelweis Egyetem \u00f3vodai \u00e9s iskolai szoci\u00e1lis seg\u00edt\u0151 k\u00e9pz\u00e9s\u00e9nek programja a k\u00f6vetkez\u0151 \u00f6sszefoglal\u00f3 t\u00e1bl\u00e1zatban tal\u00e1lhat\u00f3. Az egyes modulok \u00e9s tant\u00e1rgyak tartalma, b\u0151vebb le\u00edr\u00e1sa: <a href=\"https:\/\/semmelweis.hu\/mental\/files\/2024\/11\/OISZSK_Semmelweis_kepzesi-program_2023.pdf\">OISZSK_Semmelweis_k\u00e9pz\u00e9si program_2023<\/a><\/p>\n<p>K\u00e9pz\u00e9s\u00e9rt felel\u0151s oktat\u00f3: S\u00fcki-Szijj\u00e1rt\u00f3 Szilvia \u00c1gnes mesteroktat\u00f3 (<a href=\"mailto:suki.szijjarto.szilvia@semmelweis.hu\">suki.szijjarto.szilvia@semmelweis.hu<\/a>)<\/p>\n<p>Oktat\u00e1sszervez\u0151: Horv\u00e1thn\u00e9 Varga Erika (<a href=\"mailto:varga.erika4@semmelweis.hu\">varga.erika4@semmelweis.hu<\/a>)<\/p>\n<table border=\"1\" rules=\"all\" cellspacing=\"0\" cellpadding=\"0\" align=\"left\">\n<thead>\n<tr>\n<td>\n<p align=\"center\"><strong>T\u00e1rgy neve<\/strong><\/p>\n<\/td>\n<td>\n<p align=\"center\"><strong>Elm\u00e9let<\/strong><\/p>\n<\/td>\n<td>\n<p align=\"center\"><strong>Gyakorlat<\/strong><\/p>\n<\/td>\n<td>\n<p align=\"center\"><strong>\u00d6ssz<\/strong><\/p>\n<\/td>\n<\/tr>\n<\/thead>\n<tbody>\n<tr>\n<td colspan=\"4\"><strong>I. Modul<\/strong> <strong>\u00c1ltal\u00e1nos ismeretek az \u00f3vodai \u00e9s iskolai szoci\u00e1lis seg\u00edt\u0151 tev\u00e9kenys\u00e9g megval\u00f3s\u00edt\u00e1s\u00e1hoz (15\/15)<\/strong><\/td>\n<\/tr>\n<tr>\n<td>Az iskolai szoci\u00e1lis munka modelljei \u00e9s gyakorlata<\/td>\n<td>\n<p align=\"center\"><strong>8<\/strong><\/p>\n<\/td>\n<td>\n<p align=\"center\"><strong>10<\/strong><\/p>\n<\/td>\n<td>\n<p align=\"center\"><strong>18<\/strong><\/p>\n<\/td>\n<\/tr>\n<tr>\n<td>Gyermekj\u00f3l\u00e9t, gyermekv\u00e9delem<\/td>\n<td>\n<p align=\"center\"><strong>7<\/strong><\/p>\n<\/td>\n<td>\n<p align=\"center\"><strong>5<\/strong><\/p>\n<\/td>\n<td>\n<p align=\"center\"><strong>12<\/strong><\/p>\n<\/td>\n<\/tr>\n<tr>\n<td><strong>\u00a0<\/strong><\/td>\n<td>\n<p align=\"center\"><strong>15<\/strong><\/p>\n<\/td>\n<td>\n<p align=\"center\"><strong>15<\/strong><\/p>\n<\/td>\n<td>\n<p align=\"center\"><strong>30<\/strong><\/p>\n<\/td>\n<\/tr>\n<tr>\n<td colspan=\"4\"><strong>II. Modul<\/strong> <strong>Szoci\u00e1lis csoportmunka gyakorlata (6\/24)<\/strong><\/td>\n<\/tr>\n<tr>\n<td>Csoportm\u00f3dszerek a szoci\u00e1lis munk\u00e1ban<\/td>\n<td>\n<p align=\"center\"><strong>6<\/strong><\/p>\n<\/td>\n<td>\n<p align=\"center\"><strong>16<\/strong><\/p>\n<\/td>\n<td>\n<p align=\"center\"><strong>22<\/strong><\/p>\n<\/td>\n<\/tr>\n<tr>\n<td>Resztorat\u00edv szeml\u00e9let \u00e9s technik\u00e1k<\/td>\n<td>\n<p align=\"center\"><strong>0<\/strong><\/p>\n<\/td>\n<td>\n<p align=\"center\"><strong>8<\/strong><\/p>\n<\/td>\n<td>\n<p align=\"center\"><strong>8<\/strong><\/p>\n<\/td>\n<\/tr>\n<tr>\n<td><strong>\u00a0<\/strong><\/td>\n<td>\n<p align=\"center\"><strong>6<\/strong><\/p>\n<\/td>\n<td>\n<p align=\"center\"><strong>24<\/strong><\/p>\n<\/td>\n<td>\n<p align=\"center\"><strong>30<\/strong><\/p>\n<\/td>\n<\/tr>\n<tr>\n<td colspan=\"4\"><strong>III. Modul<\/strong> <strong>K\u00f6z\u00f6ss\u00e9gi szoci\u00e1lis munka m\u00f3dszerei (6\/24)<\/strong><strong>\u00a0<\/strong><\/td>\n<\/tr>\n<tr>\n<td>Lok\u00e1lis k\u00f6z\u00f6ss\u00e9gi rendszerek \u00e9s k\u00f6z\u00f6ss\u00e9gi szoci\u00e1lis munka<\/td>\n<td>\n<p align=\"center\"><strong>6<\/strong><\/p>\n<\/td>\n<td>\n<p align=\"center\"><strong>4<\/strong><\/p>\n<\/td>\n<td>\n<p align=\"center\"><strong>10<\/strong><\/p>\n<\/td>\n<\/tr>\n<tr>\n<td>Ment\u00e1lhigi\u00e9n\u00e9s projektmenedzsment a szoci\u00e1lis munk\u00e1ban<\/td>\n<td>\n<p align=\"center\"><strong>0<\/strong><\/p>\n<\/td>\n<td>\n<p align=\"center\"><strong>8<\/strong><\/p>\n<\/td>\n<td>\n<p align=\"center\"><strong>8<\/strong><\/p>\n<\/td>\n<\/tr>\n<tr>\n<td>Szakmai identit\u00e1s \u00e9s interprofesszion\u00e1lis egy\u00fcttm\u0171k\u00f6d\u00e9s<\/td>\n<td>\n<p align=\"center\"><strong>0<\/strong><\/p>\n<\/td>\n<td>\n<p align=\"center\"><strong>12<\/strong><\/p>\n<\/td>\n<td>\n<p align=\"center\"><strong>12<\/strong><\/p>\n<\/td>\n<\/tr>\n<tr>\n<td>\u00a0<\/td>\n<td>\n<p align=\"center\"><strong>6<\/strong><\/p>\n<\/td>\n<td>\n<p align=\"center\"><strong>24<\/strong><\/p>\n<\/td>\n<td>\n<p align=\"center\"><strong>30<\/strong><\/p>\n<\/td>\n<\/tr>\n<tr>\n<td colspan=\"4\"><strong>IV. Modul<\/strong> <strong>A szoci\u00e1lis munka alapismeretei (15\/15)<\/strong><\/td>\n<\/tr>\n<tr>\n<td>Bevezet\u00e9s a szoci\u00e1lis munka elm\u00e9let\u00e9be \u00e9s gyakorlat\u00e1ba<\/td>\n<td>\n<p align=\"center\"><strong>15<\/strong><\/p>\n<\/td>\n<td>\n<p align=\"center\"><strong>15<\/strong><\/p>\n<\/td>\n<td>\n<p align=\"center\"><strong>30<\/strong><\/p>\n<\/td>\n<\/tr>\n<tr>\n<td>\u00a0<\/td>\n<td>\n<p align=\"center\"><strong>15<\/strong><\/p>\n<\/td>\n<td>\n<p align=\"center\"><strong>15<\/strong><\/p>\n<\/td>\n<td>\n<p align=\"center\"><strong>30<\/strong><\/p>\n<\/td>\n<\/tr>\n<\/tbody>\n<\/table>\n<p>&nbsp;<\/p>\n<p>&nbsp;<\/p>\n<p>&nbsp;<\/p>\n<p>&nbsp;<\/p>\n<p>&nbsp;<\/p>\n<p>&nbsp;<\/p>\n<p>&nbsp;<\/p>\n<p>&nbsp;<\/p>\n<p>&nbsp;<\/p>\n<p>&nbsp;<\/p>\n<p>&nbsp;<\/p>\n<p>&nbsp;<\/p>\n<p>&nbsp;<\/p>\n<p>&nbsp;<\/p>\n<p>&nbsp;<\/p>\n<p>&nbsp;<\/p>\n<p>&nbsp;<\/p>\n","protected":false},"excerpt":{"rendered":"<p>A Semmelweis Egyetem \u00f3vodai \u00e9s iskolai szoci\u00e1lis seg\u00edt\u0151 k\u00e9pz\u00e9s\u00e9nek programja a k\u00f6vetkez\u0151 \u00f6sszefoglal\u00f3 t\u00e1bl\u00e1zatban tal\u00e1lhat\u00f3. Az egyes modulok \u00e9s tant\u00e1rgyak tartalma, b\u0151vebb le\u00edr\u00e1sa: <a href=\"https:\/\/semmelweis.hu\/mental\/files\/2024\/11\/OISZSK_Semmelweis_kepzesi-program_2023.pdf\">OISZSK_Semmelweis_k\u00e9pz\u00e9si program_2023<\/a> K\u00e9pz\u00e9s\u00e9rt felel\u0151s oktat\u00f3: S\u00fcki-Szijj\u00e1rt\u00f3 Szilvia \u00c1gnes mesteroktat\u00f3 ( <a href=\"mailto:suki.szijjarto.szilvia@semmelweis.hu\">suki.szijjarto.szilvia@semmelweis.hu<\/a> ) Oktat\u00e1sszervez\u0151: Horv\u00e1thn\u00e9 Varga Erika ( <a href=\"mailto:varga.erika4@semmelweis.hu\">varga.erika4@semmelweis.hu<\/a> ) T\u00e1rgy neve Elm\u00e9let Gyakorlat \u00d6ssz I. Modul \u00c1ltal\u00e1nos ismeretek az \u00f3vodai \u00e9s iskolai szoci\u00e1lis seg\u00edt\u0151 tev\u00e9kenys\u00e9g megval\u00f3s\u00edt\u00e1s\u00e1hoz &hellip;<\/p>\n","protected":false},"author":101662,"featured_media":0,"parent":3413,"menu_order":1,"comment_status":"closed","ping_status":"closed","template":"","meta":{"_acf_changed":false,"footnotes":""},"categories":[],"tags":[],"class_list":["post-3417","page","type-page","status-publish","hentry"],"acf":[],"_links":{"self":[{"href":"https:\/\/semmelweis.hu\/mental\/wp-json\/wp\/v2\/pages\/3417","targetHints":{"allow":["GET"]}}],"collection":[{"href":"https:\/\/semmelweis.hu\/mental\/wp-json\/wp\/v2\/pages"}],"about":[{"href":"https:\/\/semmelweis.hu\/mental\/wp-json\/wp\/v2\/types\/page"}],"author":[{"embeddable":true,"href":"https:\/\/semmelweis.hu\/mental\/wp-json\/wp\/v2\/users\/101662"}],"replies":[{"embeddable":true,"href":"https:\/\/semmelweis.hu\/mental\/wp-json\/wp\/v2\/comments?post=3417"}],"version-history":[{"count":4,"href":"https:\/\/semmelweis.hu\/mental\/wp-json\/wp\/v2\/pages\/3417\/revisions"}],"predecessor-version":[{"id":7641,"href":"https:\/\/semmelweis.hu\/mental\/wp-json\/wp\/v2\/pages\/3417\/revisions\/7641"}],"up":[{"embeddable":true,"href":"https:\/\/semmelweis.hu\/mental\/wp-json\/wp\/v2\/pages\/3413"}],"wp:attachment":[{"href":"https:\/\/semmelweis.hu\/mental\/wp-json\/wp\/v2\/media?parent=3417"}],"wp:term":[{"taxonomy":"category","embeddable":true,"href":"https:\/\/semmelweis.hu\/mental\/wp-json\/wp\/v2\/categories?post=3417"},{"taxonomy":"post_tag","embeddable":true,"href":"https:\/\/semmelweis.hu\/mental\/wp-json\/wp\/v2\/tags?post=3417"}],"curies":[{"name":"wp","href":"https:\/\/api.w.org\/{rel}","templated":true}]}}