{"id":3413,"date":"2020-01-28T12:59:39","date_gmt":"2020-01-28T11:59:39","guid":{"rendered":"http:\/\/semmelweis.hu\/mental\/?page_id=3413"},"modified":"2024-11-18T13:25:34","modified_gmt":"2024-11-18T12:25:34","slug":"kepzes-bemutatasa","status":"publish","type":"page","link":"https:\/\/semmelweis.hu\/mental\/tanfolyamok\/kepzes-bemutatasa\/","title":{"rendered":"\u00d3vodai \u00e9s iskolai szoci\u00e1lis seg\u00edt\u0151"},"content":{"rendered":"<div>A Csal\u00e1d- \u00e9s Gyermekj\u00f3l\u00e9ti K\u00f6zpontok k\u00f6telez\u0151 feladatak\u00e9nt jelenik meg 2018. szeptembert\u0151l az \u00f3vodai \u00e9s iskolai szoci\u00e1lis seg\u00edt\u0151 szolg\u00e1ltat\u00e1s a k\u00f6znevel\u00e9si int\u00e9zm\u00e9nyekben.<\/div>\n<div>\u00a0<\/div>\n<div>Az \u00f3vodai \u00e9s iskolai szoci\u00e1lis seg\u00edt\u0151 tev\u00e9kenys\u00e9ge sor\u00e1n ny\u00fajtott szolg\u00e1ltat\u00e1sokkal a szoci\u00e1lis munka m\u00f3dszereinek \u00e9s eszk\u00f6zeinek felhaszn\u00e1l\u00e1s\u00e1val seg\u00edti a pedag\u00f3gusokat, gyermekeket \u00e9s a sz\u00fcl\u0151ket a probl\u00e9m\u00e1k m\u00e9rs\u00e9kl\u00e9s\u00e9ben, megold\u00e1s\u00e1ban, \u00edgy a szoci\u00e1lis seg\u00edt\u0151 szakember szakmai kompetenci\u00e1ja alapj\u00e1n a nevel\u0151-oktat\u00f3 munka kieg\u00e9sz\u00edt\u0151je. A szoci\u00e1lis szakember c\u00e9lja az \u00f3vod\u00e1s \u00e9s iskol\u00e1skor\u00fa gyermekek, fiatalok szoci\u00e1lis fejleszt\u00e9se, sikeres iskolai el\u0151menetel\u00e9nek t\u00e1mogat\u00e1sa, illetve vesz\u00e9lyeztetetts\u00e9g\u00fck megel\u0151z\u00e9se.<\/div>\n<div>\u00a0<\/div>\n<div>Ezen komplex tev\u00e9kenys\u00e9g ell\u00e1t\u00e1s\u00e1hoz a szoci\u00e1lis seg\u00edt\u0151nek egy gyakorlatorient\u00e1lt, m\u00f3dszertani alapokat ad\u00f3 k\u00e9pz\u00e9sre van sz\u00fcks\u00e9ge. A munkak\u00f6rh\u00f6z kapcsol\u00f3d\u00f3 k\u00e9pz\u00e9si k\u00f6telezetts\u00e9get jelenleg szakmai tov\u00e1bbk\u00e9pz\u00e9s form\u00e1j\u00e1ban teljes\u00edthetik. A Slachta Margit Szoci\u00e1lpolitikai Int\u00e9zettel egy\u00fcttm\u0171k\u00f6d\u00e9sben a Semmelweis Egyetem Ment\u00e1lhigi\u00e9n\u00e9 Int\u00e9zete 90 illetve 120 \u00f3r\u00e1s hat\u00f3s\u00e1gi tanfolyam keret\u00e9ben biztos\u00edtja a szakmai tov\u00e1bbk\u00e9pz\u00e9st. Az egyetemen elv\u00e9gzett k\u00e9pz\u00e9s a munkak\u00f6r bet\u00f6lt\u00e9s\u00e9re jogos\u00edt.<\/div>\n<div>Tov\u00e1bbi inform\u00e1ci\u00f3k a hat\u00f3s\u00e1gi k\u00e9pz\u00e9sr\u0151l: <a href=\"https:\/\/nszi.hu\/szakmai-tevekenysegek\/kepzes\/kepzesszervezes\/kepzesszervezes-szocialis-szolgaltatast-vegzoknek\">https:\/\/nszi.hu\/szakmai-tevekenysegek\/kepzes\/kepzesszervezes\/kepzesszervezes-szocialis-szolgaltatast-vegzoknek<\/a>\u00a0 \u00a0<\/div>\n<div>Regisztr\u00e1ci\u00f3s lehet\u0151s\u00e9g: <a href=\"https:\/\/urlapok.hu\/nszi\/ovodai-es-iskolai-szocialis-segito-kepzes\/\">https:\/\/urlapok.hu\/nszi\/ovodai-es-iskolai-szocialis-segito-kepzes\/<\/a><\/div>\n<div>\u00a0<\/div>\n<div>A Semmelweis Egyetem k\u00e9pz\u00e9si programja: <a href=\"https:\/\/semmelweis.hu\/mental\/files\/2024\/11\/OISZSK_Semmelweis_kepzesi-program_2023.pdf\">OISZSK_Semmelweis_k\u00e9pz\u00e9si program_2023<\/a><\/div>\n","protected":false},"excerpt":{"rendered":"<p>A Csal\u00e1d- \u00e9s Gyermekj\u00f3l\u00e9ti K\u00f6zpontok k\u00f6telez\u0151 feladatak\u00e9nt jelenik meg 2018. szeptembert\u0151l az \u00f3vodai \u00e9s iskolai szoci\u00e1lis seg\u00edt\u0151 szolg\u00e1ltat\u00e1s a k\u00f6znevel\u00e9si int\u00e9zm\u00e9nyekben. \u00a0 Az \u00f3vodai \u00e9s iskolai szoci\u00e1lis seg\u00edt\u0151 tev\u00e9kenys\u00e9ge sor\u00e1n ny\u00fajtott szolg\u00e1ltat\u00e1sokkal a szoci\u00e1lis munka m\u00f3dszereinek \u00e9s eszk\u00f6zeinek felhaszn\u00e1l\u00e1s\u00e1val seg\u00edti a pedag\u00f3gusokat, gyermekeket \u00e9s a sz\u00fcl\u0151ket a probl\u00e9m\u00e1k m\u00e9rs\u00e9kl\u00e9s\u00e9ben, megold\u00e1s\u00e1ban, \u00edgy a szoci\u00e1lis seg\u00edt\u0151 szakember &hellip;<\/p>\n","protected":false},"author":101662,"featured_media":0,"parent":1475,"menu_order":0,"comment_status":"closed","ping_status":"closed","template":"","meta":{"_acf_changed":false,"footnotes":""},"categories":[],"tags":[],"class_list":["post-3413","page","type-page","status-publish","hentry"],"acf":[],"_links":{"self":[{"href":"https:\/\/semmelweis.hu\/mental\/wp-json\/wp\/v2\/pages\/3413","targetHints":{"allow":["GET"]}}],"collection":[{"href":"https:\/\/semmelweis.hu\/mental\/wp-json\/wp\/v2\/pages"}],"about":[{"href":"https:\/\/semmelweis.hu\/mental\/wp-json\/wp\/v2\/types\/page"}],"author":[{"embeddable":true,"href":"https:\/\/semmelweis.hu\/mental\/wp-json\/wp\/v2\/users\/101662"}],"replies":[{"embeddable":true,"href":"https:\/\/semmelweis.hu\/mental\/wp-json\/wp\/v2\/comments?post=3413"}],"version-history":[{"count":6,"href":"https:\/\/semmelweis.hu\/mental\/wp-json\/wp\/v2\/pages\/3413\/revisions"}],"predecessor-version":[{"id":7637,"href":"https:\/\/semmelweis.hu\/mental\/wp-json\/wp\/v2\/pages\/3413\/revisions\/7637"}],"up":[{"embeddable":true,"href":"https:\/\/semmelweis.hu\/mental\/wp-json\/wp\/v2\/pages\/1475"}],"wp:attachment":[{"href":"https:\/\/semmelweis.hu\/mental\/wp-json\/wp\/v2\/media?parent=3413"}],"wp:term":[{"taxonomy":"category","embeddable":true,"href":"https:\/\/semmelweis.hu\/mental\/wp-json\/wp\/v2\/categories?post=3413"},{"taxonomy":"post_tag","embeddable":true,"href":"https:\/\/semmelweis.hu\/mental\/wp-json\/wp\/v2\/tags?post=3413"}],"curies":[{"name":"wp","href":"https:\/\/api.w.org\/{rel}","templated":true}]}}