{"id":3341,"date":"2019-09-10T11:40:17","date_gmt":"2019-09-10T09:40:17","guid":{"rendered":"http:\/\/semmelweis.hu\/mental\/?page_id=3341"},"modified":"2026-01-08T11:27:24","modified_gmt":"2026-01-08T10:27:24","slug":"praktikus-informaciok","status":"publish","type":"page","link":"https:\/\/semmelweis.hu\/mental\/mesterkepzesek\/szocialis-munka\/praktikus-informaciok\/","title":{"rendered":"Praktikus inform\u00e1ci\u00f3k felv\u00e9teliz\u0151knek"},"content":{"rendered":"<h6><strong>Inform\u00e1ci\u00f3k felv\u00e9teliz\u0151knek a szoci\u00e1lis munka mesterk\u00e9pz\u00e9si szakkal kapcsolatban<\/strong><\/h6>\n<p style=\"text-align: justify\"><strong>K\u00e9pz\u00e9si napok:<\/strong>\u00a0<\/p>\n<p style=\"text-align: justify\">Egy f\u00e9l\u00e9vben n\u00e9gy k\u00e9pz\u00e9si alkalom van, amikor szerd\u00e1t\u00f3l szombatig vannak az \u00f3r\u00e1k (el\u0151zetes beoszt\u00e1s alapj\u00e1n, nem felt\u00e9tlen\u00fcl minidg mind a 4 napon). A tervezett id\u0151pontokat el\u0151zetesen k\u00f6zz\u00e9tessz\u00fck az <a href=\"https:\/\/semmelweis.hu\/mental\/mesterkepzesek\/szocialis-munka\/aktualis-tajekoztatok-hallgatoknak\/\" target=\"_blank\" rel=\"noopener\">Aktu\u00e1lis t\u00e1j\u00e9koztat\u00f3k hallgat\u00f3knak<\/a> oldalon.<\/p>\n<p style=\"text-align: justify\">A jelenl\u00e9t az \u00f3r\u00e1kon k\u00f6telez\u0151.\u00a0 Az els\u0151 f\u00e9l\u00e9vben plusz egy konzult\u00e1ci\u00f3s alkalom a k\u00e9pz\u00e9sind\u00edt\u00f3 tr\u00e9ning k\u00e9t napja. Ezeken k\u00edv\u00fcl a vizsgaid\u0151szakokban a vizsgaalkalmakon sz\u00fcks\u00e9ges megjelenni.<\/p>\n<p style=\"text-align: justify\"><strong>K\u00e9pz\u00e9s helysz\u00edne<\/strong>: <br \/>1089 Budapest Nagyv\u00e1rad t\u00e9r 4. Nagyv\u00e1rad t\u00e9ri Elm\u00e9leti T\u00f6mb ill. 1085 Budapest Hor\u00e1nszky utca 20. P\u00e1rbesz\u00e9d H\u00e1za \u00a0<\/p>\n<p style=\"text-align: justify\"><strong>Inform\u00e1ci\u00f3 az \u00e1llami \u00f6szt\u00f6nd\u00edjas f\u00e9l\u00e9vekr\u0151l:<\/strong> <br \/>A k\u00e9pz\u00e9s\u00fcnk \u00e1llami \u00f6szt\u00f6nd\u00edjas \u00e9s \u00f6nk\u00f6lts\u00e9ges form\u00e1ban is indul. Az \u00dcgyf\u00e9lkapun kereszt\u00fcl lehet\u0151s\u00e9ge van a felv\u00e9teliz\u0151nek t\u00e1j\u00e9koz\u00f3dni arr\u00f3l, hogy rendelkezik-e m\u00e9g \u00e1llami \u00f6szt\u00f6nd\u00edjas f\u00e9l\u00e9vekkel <a href=\"https:\/\/www.magyarorszag.hu\/szuf_ugyleiras?id=723070e1-4eba-46c9-86d3-80939f3df726&amp;_n=felsooktatasi_informacios_rendszer\" target=\"_blank\" rel=\"noopener\">ezen a linken<\/a>.<\/p>\n<p style=\"text-align: justify\">Ha nem rendelkezik \u00dcgyf\u00e9lkapuval, akkor szem\u00e9lyesen sz\u00fcks\u00e9ges regisztr\u00e1lni egy okm\u00e1nyirod\u00e1ban ahhoz, hogy hozz\u00e1f\u00e9rjen az inform\u00e1ci\u00f3hoz. \u00a0<\/p>\n<p style=\"text-align: justify\"><strong>Nyelvvizsga k\u00f6telezetts\u00e9g: <br \/><\/strong>A Semmelweis Egyetem Szen\u00e1tusa 56\/2023-as sz\u00e1m\u00fa hat\u00e1rozata alapj\u00e1n szoci\u00e1lis munka mesterk\u00e9pz\u00e9s elv\u00e9gz\u00e9s\u00e9hez az idegennyelv\u0171 szakirodalom ismeret \u00e9s annak megfelel\u0151 \u00e9rtelmez\u00e9se sz\u00fcks\u00e9ges, \u00edgy a k\u00e9pz\u00e9s r\u00e9szek\u00e9nt az idegen nyelv\u0171 szakirodalom haszn\u00e1lat\u00e1t a tant\u00e1rgyprogramban jelzett m\u00f3don k\u00f6telez\u0151 jelleggel \u00edrjuk el\u0151. Tov\u00e1bb\u00e1 k\u00f6telez\u0151en \u00edrjuk el\u0151 a szakdolgozathoz angol nyelv\u0171 absztrakt \u00e9s \u00f6sszefoglal\u00f3 elk\u00e9sz\u00edt\u00e9s\u00e9t, melyet a dolgozat mell\u00e9kletek\u00e9nt kell beny\u00fajtani. Ez az absztrakt \u00e9s \u00f6sszefoglal\u00f3 nem haladhatja meg a 1,5 oldalt.<\/p>\n<p style=\"text-align: justify\"><strong>Egy\u00e9b kedvezm\u00e9nyek:<\/strong> <br \/>A felv\u00e9telt nyert hallgat\u00f3k a hallgat\u00f3i jogosults\u00e1gokkal az al\u00e1bbi kedvezm\u00e9nyekben (sz\u00ednh\u00e1z, k\u00f6nyvkiad\u00f3, egy\u00e9b kultur\u00e1lis rendezv\u00e9nyek) r\u00e9szes\u00fclhetnek:\u00a0<a href=\"https:\/\/semmelweis.hu\/egyetemi-hallgatoknak\/szabadidos-kedvezmenyek\/\">https:\/\/semmelweis.hu\/egyetemi-hallgatoknak\/szabadidos-kedvezmenyek\/<\/a><\/p>\n<hr \/>\n<p><strong>Tov\u00e1bbi inform\u00e1ci\u00f3k a szoci\u00e1lis munka mesterk\u00e9pz\u00e9si szakr\u00f3l<\/strong><\/p>\n<ul>\n<li style=\"list-style-type: none\">\n<ul class=\"children\" style=\"list-style-type: square\">\n<li class=\"page_item page-item-7 current_page_item\"><a href=\"https:\/\/semmelweis.hu\/mental\/mesterkepzesek\/szocialis-munka\/kepzes-bemutatasa\/\" target=\"_blank\" rel=\"noopener\">K\u00e9pz\u00e9s bemutat\u00e1sa<\/a><\/li>\n<li class=\"page_item page-item-59\"><a href=\"https:\/\/semmelweis.hu\/mental\/mesterkepzesek\/szocialis-munka\/tanulmanyi-program\/\" target=\"_blank\" rel=\"noopener\">Tanulm\u00e1nyi program<\/a><\/li>\n<li class=\"page_item page-item-60\"><a href=\"https:\/\/semmelweis.hu\/mental\/mesterkepzesek\/szocialis-munka\/kontaktszemelyek\/\" target=\"_blank\" rel=\"noopener\">Kontaktszem\u00e9lyek<\/a><\/li>\n<li class=\"page_item page-item-61\"><a href=\"https:\/\/semmelweis.hu\/mental\/mesterkepzesek\/szocialis-munka\/felvetel-a-kepzesre\/\" target=\"_blank\" rel=\"noopener\">Felv\u00e9tel a k\u00e9pz\u00e9sre<\/a><\/li>\n<li class=\"page_item page-item-61\"><a href=\"https:\/\/semmelweis.hu\/mental\/mesterkepzesek\/szocialis-munka\/aktualis-tajekoztatok-hallgatoknak\/\" target=\"_blank\" rel=\"noopener\">Aktu\u00e1lis t\u00e1j\u00e9koztat\u00f3k hallgat\u00f3knak<\/a><\/li>\n<\/ul>\n<\/li>\n<\/ul>\n","protected":false},"excerpt":{"rendered":"<p>Inform\u00e1ci\u00f3k felv\u00e9teliz\u0151knek a szoci\u00e1lis munka mesterk\u00e9pz\u00e9si szakkal kapcsolatban K\u00e9pz\u00e9si napok:\u00a0 Egy f\u00e9l\u00e9vben n\u00e9gy k\u00e9pz\u00e9si alkalom van, amikor szerd\u00e1t\u00f3l szombatig vannak az \u00f3r\u00e1k (el\u0151zetes beoszt\u00e1s alapj\u00e1n, nem felt\u00e9tlen\u00fcl minidg mind a 4 napon). A tervezett id\u0151pontokat el\u0151zetesen k\u00f6zz\u00e9tessz\u00fck az <a href=\"https:\/\/semmelweis.hu\/mental\/mesterkepzesek\/szocialis-munka\/aktualis-tajekoztatok-hallgatoknak\/\" target=\"_blank\" rel=\"noopener\">Aktu\u00e1lis t\u00e1j\u00e9koztat\u00f3k hallgat\u00f3knak<\/a> oldalon. A jelenl\u00e9t az \u00f3r\u00e1kon k\u00f6telez\u0151.\u00a0 Az els\u0151 f\u00e9l\u00e9vben plusz egy konzult\u00e1ci\u00f3s alkalom a k\u00e9pz\u00e9sind\u00edt\u00f3 tr\u00e9ning k\u00e9t &hellip;<\/p>\n","protected":false},"author":101614,"featured_media":0,"parent":1122,"menu_order":5,"comment_status":"closed","ping_status":"closed","template":"","meta":{"_acf_changed":false,"footnotes":""},"categories":[],"tags":[],"class_list":["post-3341","page","type-page","status-publish","hentry"],"acf":[],"_links":{"self":[{"href":"https:\/\/semmelweis.hu\/mental\/wp-json\/wp\/v2\/pages\/3341","targetHints":{"allow":["GET"]}}],"collection":[{"href":"https:\/\/semmelweis.hu\/mental\/wp-json\/wp\/v2\/pages"}],"about":[{"href":"https:\/\/semmelweis.hu\/mental\/wp-json\/wp\/v2\/types\/page"}],"author":[{"embeddable":true,"href":"https:\/\/semmelweis.hu\/mental\/wp-json\/wp\/v2\/users\/101614"}],"replies":[{"embeddable":true,"href":"https:\/\/semmelweis.hu\/mental\/wp-json\/wp\/v2\/comments?post=3341"}],"version-history":[{"count":10,"href":"https:\/\/semmelweis.hu\/mental\/wp-json\/wp\/v2\/pages\/3341\/revisions"}],"predecessor-version":[{"id":8645,"href":"https:\/\/semmelweis.hu\/mental\/wp-json\/wp\/v2\/pages\/3341\/revisions\/8645"}],"up":[{"embeddable":true,"href":"https:\/\/semmelweis.hu\/mental\/wp-json\/wp\/v2\/pages\/1122"}],"wp:attachment":[{"href":"https:\/\/semmelweis.hu\/mental\/wp-json\/wp\/v2\/media?parent=3341"}],"wp:term":[{"taxonomy":"category","embeddable":true,"href":"https:\/\/semmelweis.hu\/mental\/wp-json\/wp\/v2\/categories?post=3341"},{"taxonomy":"post_tag","embeddable":true,"href":"https:\/\/semmelweis.hu\/mental\/wp-json\/wp\/v2\/tags?post=3341"}],"curies":[{"name":"wp","href":"https:\/\/api.w.org\/{rel}","templated":true}]}}