{"id":3200,"date":"2019-03-13T10:34:02","date_gmt":"2019-03-13T09:34:02","guid":{"rendered":"http:\/\/semmelweis.hu\/mental\/?page_id=3200"},"modified":"2026-02-04T10:25:40","modified_gmt":"2026-02-04T09:25:40","slug":"dr-torok-szabolcs","status":"publish","type":"page","link":"https:\/\/semmelweis.hu\/mental\/az-intezet\/munkatarsak\/dr-torok-szabolcs\/","title":{"rendered":"Dr. T\u00f6r\u00f6k Szabolcs"},"content":{"rendered":"<p><img loading=\"lazy\" decoding=\"async\" class=\"alignnone  wp-image-7468\" src=\"https:\/\/semmelweis.hu\/mental\/files\/2024\/10\/pic-v1-Szabolcs-Torok-300x300.jpg\" alt=\"\" width=\"137\" height=\"137\" srcset=\"https:\/\/semmelweis.hu\/mental\/files\/2024\/10\/pic-v1-Szabolcs-Torok-300x300.jpg 300w, https:\/\/semmelweis.hu\/mental\/files\/2024\/10\/pic-v1-Szabolcs-Torok-150x150.jpg 150w, https:\/\/semmelweis.hu\/mental\/files\/2024\/10\/pic-v1-Szabolcs-Torok-768x768.jpg 768w, https:\/\/semmelweis.hu\/mental\/files\/2024\/10\/pic-v1-Szabolcs-Torok-753x753.jpg 753w, https:\/\/semmelweis.hu\/mental\/files\/2024\/10\/pic-v1-Szabolcs-Torok.jpg 1016w\" sizes=\"auto, (max-width: 137px) 100vw, 137px\" \/><\/p>\n<p><span style=\"font-size: 12pt\">Dr. T\u00f6r\u00f6k Szabolcs<\/span><\/p>\n<table style=\"width: 100%;height: 1122px\" border=\"0\" width=\"100%\" cellspacing=\"5\" cellpadding=\"5\">\n<tbody>\n<tr style=\"height: 61px\">\n<td style=\"height: 61px;width: 25.3788%\">\n<p><strong>Beoszt\u00e1s<\/strong><\/p>\n<\/td>\n<td style=\"height: 61px;width: 74.495%\">egyetemi tan\u00e1r<\/td>\n<\/tr>\n<tr style=\"height: 71px\">\n<td style=\"height: 71px;width: 25.3788%\"><span class=\"Apple-style-span\"><strong>Egyetemi mell\u00e9k:<\/strong><\/span><\/td>\n<td style=\"height: 71px;width: 74.495%\">06-1-459-1500 \/ <strong>56527<\/strong><\/td>\n<\/tr>\n<tr style=\"height: 41px\">\n<td style=\"height: 41px;width: 25.3788%\"><strong>E-mail:<\/strong>\u00a0<\/td>\n<td style=\"height: 41px;width: 74.495%\"><span id=\"cloak20004\"><a href=\"mailto:torok.szabolcs@public.semmelweis-univ.hu\">torok.szabolcs@semmelweis.hu<\/a><\/span>\u00a0<\/td>\n<\/tr>\n<tr style=\"height: 241px\">\n<td style=\"height: 241px;width: 25.3788%\"><strong>V\u00e9gzetts\u00e9gek<\/strong><\/td>\n<td style=\"height: 241px;width: 74.495%\">\n<p>\u00c1ltal\u00e1nos orvos (1996)<br \/>Csecsem\u0151- \u00e9s gyermekgy\u00f3gy\u00e1sz szakorvos (2001)<br \/>Ment\u00e1lhigi\u00e9n\u00e9s szakember (2002)<br \/>Pszichodr\u00e1ma vezet\u0151 (2009)<br \/>Csal\u00e1d \u00e9s p\u00e1rterapeuta (2013)<br \/>Pszichoterapeuta szakorvos (2014)<\/p>\n<\/td>\n<\/tr>\n<tr style=\"height: 71px\">\n<td style=\"height: 71px;width: 25.3788%\"><strong>Doktori fokozat<\/strong><\/td>\n<td style=\"height: 71px;width: 74.495%\">PhD, Semmelweis Egyetem Doktori Iskola (2006)<\/td>\n<\/tr>\n<tr style=\"height: 71px\">\n<td style=\"height: 71px;width: 25.3788%\"><strong>Publik\u00e1ci\u00f3s lista<\/strong>\u00a0\u00a0<\/td>\n<td style=\"height: 71px;width: 74.495%\">\n<p><a href=\"https:\/\/m2.mtmt.hu\/gui2\/?type=authors&amp;mode=browse&amp;sel=10002194&amp;view=simpleList\" target=\"_blank\" rel=\"noopener noreferrer\">Magyar Tudom\u00e1nyos M\u0171vek T\u00e1ra<\/a><\/p>\n<p>MTMT azonos\u00edt\u00f3: 19050<\/p>\n<\/td>\n<\/tr>\n<tr>\n<td style=\"width: 25.3788%\"><strong>Researchgate, ORCID:<\/strong><strong><br \/><\/strong><\/td>\n<td style=\"width: 74.495%\">\n<p><a href=\"https:\/\/orcid.org\/0000-0003-4653-1707\">0000-0003-4653-1707<\/a><\/p>\n<\/td>\n<\/tr>\n<tr style=\"height: 211px\">\n<td style=\"height: 211px;width: 25.3788%\"><strong>T\u00e1rsas\u00e1gi,\u00a0<br \/>egyes\u00fcleti tags\u00e1gok<\/strong><\/td>\n<td style=\"height: 211px;width: 74.495%\">\n<p>\u00c9rzelem F\u00f3kusz\u00fa Csal\u00e1d- \u00e9s P\u00e1rter\u00e1pi\u00e1s Alap\u00edtv\u00e1ny (kurat\u00f3rium eln\u00f6ke)<br \/>Antropos Ment\u00e1lhigi\u00e9n\u00e9s Egyes\u00fclet<br \/>Magyar Csal\u00e1dter\u00e1pi\u00e1s Egyes\u00fclet<br \/>Magyar Tudom\u00e1nyos Akad\u00e9mia K\u00f6ztest\u00fclete<\/p>\n<\/td>\n<\/tr>\n<tr style=\"height: 131px\">\n<td style=\"height: 131px;width: 25.3788%\"><strong>Szakmai \u00e9rdekl\u0151d\u00e9s,<br \/>kutat\u00e1si ter\u00fcletek<\/strong><\/td>\n<td style=\"height: 131px;width: 74.495%\">\n<p>A rendszerszeml\u00e9tet alkalmaz\u00e1sa a seg\u00edt\u0151 kapcsolatokban.<\/p>\n<p>\u00c9rzelem F\u00f3kusz\u00fa P\u00e1rter\u00e1pia (EFCT) ter\u00e1pi\u00e1s elm\u00e9lete \u00e9s gyakorlata.<\/p>\n<p>Kr\u00f3nikus gyermekkori betegs\u00e9gek pszichoszoci\u00e1lis rehabilit\u00e1ci\u00f3ja, rendszerszeml\u00e9let\u0171 megk\u00f6zel\u00edt\u00e9se. ta.<\/p>\n<\/td>\n<\/tr>\n<tr style=\"height: 101px\">\n<td style=\"height: 101px;width: 25.3788%\"><strong>Aktu\u00e1lis kutat\u00e1sok<\/strong>\u00a0\u00a0<\/td>\n<td style=\"height: 101px;width: 74.495%\">\n<p>Az \u00c9rzelem F\u00f3kusz\u00fa Ter\u00e1pi\u00e1s k\u00e9pz\u00e9s r\u00e9sztvev\u0151 szakemberekre gyakorlolt hat\u00e1s\u00e1nak kutat\u00e1sa.<\/p>\n<p>Az &#8222;\u00d6lelj \u00e1t!&#8221; \u00e9s az &#8222;Egy\u00fctt Gy\u00f3gyul a Sz\u00edv\u00fcnk&#8221; p\u00e1rkapcsolat-er\u0151s\u00edt\u0151 pszichoedukat\u00edv programok hat\u00e9konys\u00e1gvizsg\u00e1lata.<\/p>\n<p>A feln\u0151tt k\u00f6t\u0151d\u00e9si st\u00edlus m\u00e9r\u00e9s\u00e9re szolg\u00e1l\u00f3 &#8222;Tapasztalatok Szoros Kapcsolatokban &#8211; m\u00f3dos\u00edtott v\u00e1ltozat&#8221; k\u00e9rd\u0151\u00edv (ECR-R-HU) pszichometriai saj\u00e1toss\u00e1gainak vizsg\u00e1lata.<\/p>\n<p>Ter\u00e1pi\u00e1s rekre\u00e1ci\u00f3s ny\u00e1ri t\u00e1borok hat\u00e1sa a r\u00e9sztvev\u0151, kr\u00f3nikusan beteg gyermekekre \u00e9s csal\u00e1djaikra.<\/p>\n<\/td>\n<\/tr>\n<tr style=\"height: 41px\">\n<td style=\"height: 41px;width: 25.3788%\"><strong>Egy\u00e9b szakmai \u00e9rdekl\u0151d\u00e9s<\/strong><\/td>\n<td style=\"width: 74.495%\" width=\"375\">\n<p>ICEEFT akkredit\u00e1lt EFT terapeutak\u00e9nt \u00e9s k\u00e9pz\u00e9sben lev\u0151 szuperv\u00edzork\u00e9nt m\u00f3dszertani szuperv\u00edzi\u00f3kat adok k\u00e9pz\u00e9sben lev\u0151 csal\u00e1dterapeut\u00e1knak.<\/p>\n<p>A kr\u00f3nikusan beteg gyerekek ter\u00e1pi\u00e1s rekre\u00e1ci\u00f3j\u00e1val foglalkoz\u00f3 B\u00e1tor T\u00e1bor Alap\u00edtv\u00e1ny (SeriousFun Children&#8217;s Network nemzetk\u00f6zi t\u00e1bor h\u00e1l\u00f3zat tagja) egyik alap\u00edt\u00f3ja \u00e9s kurat\u00f3rium\u00e1nak tagja vagyok.\u00a0<\/p>\n<\/td>\n<\/tr>\n<tr>\n<td style=\"width: 25.3788%\"><strong>Legfontosabb publik\u00e1ci\u00f3k<\/strong><\/td>\n<td style=\"width: 74.495%\" width=\"375\">\n<p>Koren, R\u00e9ka; Woolley, Scott, R.; Danis, Ildik\u00f3; T\u00f6r\u00f6k, Szabolcs: Measuring the Effectiveness of the Emotionally Focused Therapy Externship Training in Hungary done through Translation. Journal of Marital and Family Therapy. 2021 Jan; 47(1): 166\u2013182. https:\/\/doi.org\/10.1111\/jmft.12443<\/p>\n<p>Koren, R\u00e9ka; Woolley, Scott, R.; Danis, Ildik\u00f3; T\u00f6r\u00f6k, Szabolcs: Training therapists in emotionally focused therapy: A longitudinal and cross\u2010sectional analysis. Journal of Marital and Family Therapy. Published online on 11 March 2021. https:\/\/doi.org\/10.1111\/jmft.12495<\/p>\n<p>T\u00f6r\u00f6k, Szabolcs; K\u00f6k\u00f6nyei, Gy\u00f6ngyi; K\u00e1rolyi, Lilla; Ittz\u00e9s, Andr\u00e1s; Tomcs\u00e1nyi, Teod\u00f3ra: Outcome Effectiveness of Therapeutic Recreation Camping Programme for Adolescents Living with Cancer and Diabetes. Journal of Adolescent Health. 2006. 39(3):445-447. https:\/\/doi.org\/10.1016\/j.jadohealth.2005.12.018<\/p>\n<\/td>\n<\/tr>\n<\/tbody>\n<\/table>\n","protected":false},"excerpt":{"rendered":"<p>Dr. T\u00f6r\u00f6k Szabolcs Beoszt\u00e1s egyetemi tan\u00e1r Egyetemi mell\u00e9k: 06-1-459-1500 \/ 56527 E-mail:\u00a0 <a href=\"mailto:torok.szabolcs@public.semmelweis-univ.hu\">torok.szabolcs@semmelweis.hu<\/a> \u00a0 V\u00e9gzetts\u00e9gek \u00c1ltal\u00e1nos orvos (1996)Csecsem\u0151- \u00e9s gyermekgy\u00f3gy\u00e1sz szakorvos (2001)Ment\u00e1lhigi\u00e9n\u00e9s szakember (2002)Pszichodr\u00e1ma vezet\u0151 (2009)Csal\u00e1d \u00e9s p\u00e1rterapeuta (2013)Pszichoterapeuta szakorvos (2014) Doktori fokozat PhD, Semmelweis Egyetem Doktori Iskola (2006) Publik\u00e1ci\u00f3s lista\u00a0\u00a0 <a href=\"https:\/\/m2.mtmt.hu\/gui2\/?type=authors&amp;mode=browse&amp;sel=10002194&amp;view=simpleList\" target=\"_blank\" rel=\"noopener noreferrer\">Magyar Tudom\u00e1nyos M\u0171vek T\u00e1ra<\/a> MTMT azonos\u00edt\u00f3: 19050 Researchgate, ORCID: <a href=\"https:\/\/orcid.org\/0000-0003-4653-1707\">0000-0003-4653-1707<\/a> T\u00e1rsas\u00e1gi,\u00a0egyes\u00fcleti tags\u00e1gok \u00c9rzelem F\u00f3kusz\u00fa Csal\u00e1d- \u00e9s P\u00e1rter\u00e1pi\u00e1s Alap\u00edtv\u00e1ny (kurat\u00f3rium eln\u00f6ke)Antropos &hellip;<\/p>\n","protected":false},"author":101790,"featured_media":0,"parent":19,"menu_order":33,"comment_status":"closed","ping_status":"closed","template":"","meta":{"_acf_changed":false,"footnotes":""},"categories":[],"tags":[],"class_list":["post-3200","page","type-page","status-publish","hentry"],"acf":[],"_links":{"self":[{"href":"https:\/\/semmelweis.hu\/mental\/wp-json\/wp\/v2\/pages\/3200","targetHints":{"allow":["GET"]}}],"collection":[{"href":"https:\/\/semmelweis.hu\/mental\/wp-json\/wp\/v2\/pages"}],"about":[{"href":"https:\/\/semmelweis.hu\/mental\/wp-json\/wp\/v2\/types\/page"}],"author":[{"embeddable":true,"href":"https:\/\/semmelweis.hu\/mental\/wp-json\/wp\/v2\/users\/101790"}],"replies":[{"embeddable":true,"href":"https:\/\/semmelweis.hu\/mental\/wp-json\/wp\/v2\/comments?post=3200"}],"version-history":[{"count":11,"href":"https:\/\/semmelweis.hu\/mental\/wp-json\/wp\/v2\/pages\/3200\/revisions"}],"predecessor-version":[{"id":8906,"href":"https:\/\/semmelweis.hu\/mental\/wp-json\/wp\/v2\/pages\/3200\/revisions\/8906"}],"up":[{"embeddable":true,"href":"https:\/\/semmelweis.hu\/mental\/wp-json\/wp\/v2\/pages\/19"}],"wp:attachment":[{"href":"https:\/\/semmelweis.hu\/mental\/wp-json\/wp\/v2\/media?parent=3200"}],"wp:term":[{"taxonomy":"category","embeddable":true,"href":"https:\/\/semmelweis.hu\/mental\/wp-json\/wp\/v2\/categories?post=3200"},{"taxonomy":"post_tag","embeddable":true,"href":"https:\/\/semmelweis.hu\/mental\/wp-json\/wp\/v2\/tags?post=3200"}],"curies":[{"name":"wp","href":"https:\/\/api.w.org\/{rel}","templated":true}]}}