{"id":3198,"date":"2019-03-13T10:32:15","date_gmt":"2019-03-13T09:32:15","guid":{"rendered":"http:\/\/semmelweis.hu\/mental\/?page_id=3198"},"modified":"2024-10-07T11:40:11","modified_gmt":"2024-10-07T09:40:11","slug":"david-beata-oktatasszervezo","status":"publish","type":"page","link":"https:\/\/semmelweis.hu\/mental\/az-intezet\/munkatarsak\/david-beata-oktatasszervezo\/","title":{"rendered":"D\u00e1vid Be\u00e1ta"},"content":{"rendered":"<table style=\"width: 100%\" border=\"0\" width=\"100%\" cellspacing=\"5\" cellpadding=\"5\">\n<tbody>\n<tr>\n<td style=\"width: 26.9388%\">\n<p><strong>Beoszt\u00e1s<\/strong><\/p>\n<\/td>\n<td style=\"width: 73.0612%\">\n<p>adminisztrat\u00edv asszisztens, oktat\u00e1sszervez\u0151<\/p>\n<\/td>\n<\/tr>\n<tr>\n<td style=\"width: 26.9388%\"><strong>Egyetemi mell\u00e9k:<\/strong><\/td>\n<td style=\"width: 73.0612%\">+36 1 459-1500 \/\u00a0<strong>56523<\/strong><\/td>\n<\/tr>\n<tr>\n<td style=\"width: 26.9388%\"><strong>E-mail:<\/strong>\u00a0<\/td>\n<td class=\"propvalue\" style=\"width: 73.0612%\"><a href=\"mailto:dbeata.oktatasszervezo@semmelweis.hu\" target=\"_blank\" rel=\"noopener\">dbeata.oktatasszervezo@semmelweis.hu<\/a><\/td>\n<\/tr>\n<\/tbody>\n<\/table>\n","protected":false},"excerpt":{"rendered":"<p>Beoszt\u00e1s<\/p>\n<p>adminisztrat\u00edv asszisztens, oktat\u00e1sszervez\u0151<\/p>\n<p>Egyetemi mell\u00e9k:<br \/>\n+36 1 459-1500 \/\u00a056523<\/p>\n<p>E-mail:\u00a0<br \/>\n<a href=\"mailto:dbeata.oktatasszervezo@semmelweis.hu\" target=\"_blank\" rel=\"noopener\">dbeata.oktatasszervezo@semmelweis.hu<\/a><\/p>\n","protected":false},"author":101790,"featured_media":0,"parent":19,"menu_order":10,"comment_status":"closed","ping_status":"closed","template":"","meta":{"_acf_changed":false,"footnotes":""},"categories":[],"tags":[],"class_list":["post-3198","page","type-page","status-publish","hentry"],"acf":[],"_links":{"self":[{"href":"https:\/\/semmelweis.hu\/mental\/wp-json\/wp\/v2\/pages\/3198","targetHints":{"allow":["GET"]}}],"collection":[{"href":"https:\/\/semmelweis.hu\/mental\/wp-json\/wp\/v2\/pages"}],"about":[{"href":"https:\/\/semmelweis.hu\/mental\/wp-json\/wp\/v2\/types\/page"}],"author":[{"embeddable":true,"href":"https:\/\/semmelweis.hu\/mental\/wp-json\/wp\/v2\/users\/101790"}],"replies":[{"embeddable":true,"href":"https:\/\/semmelweis.hu\/mental\/wp-json\/wp\/v2\/comments?post=3198"}],"version-history":[{"count":7,"href":"https:\/\/semmelweis.hu\/mental\/wp-json\/wp\/v2\/pages\/3198\/revisions"}],"predecessor-version":[{"id":6130,"href":"https:\/\/semmelweis.hu\/mental\/wp-json\/wp\/v2\/pages\/3198\/revisions\/6130"}],"up":[{"embeddable":true,"href":"https:\/\/semmelweis.hu\/mental\/wp-json\/wp\/v2\/pages\/19"}],"wp:attachment":[{"href":"https:\/\/semmelweis.hu\/mental\/wp-json\/wp\/v2\/media?parent=3198"}],"wp:term":[{"taxonomy":"category","embeddable":true,"href":"https:\/\/semmelweis.hu\/mental\/wp-json\/wp\/v2\/categories?post=3198"},{"taxonomy":"post_tag","embeddable":true,"href":"https:\/\/semmelweis.hu\/mental\/wp-json\/wp\/v2\/tags?post=3198"}],"curies":[{"name":"wp","href":"https:\/\/api.w.org\/{rel}","templated":true}]}}