{"id":3183,"date":"2019-03-13T10:16:16","date_gmt":"2019-03-13T09:16:16","guid":{"rendered":"http:\/\/semmelweis.hu\/mental\/?page_id=3183"},"modified":"2024-10-07T11:43:20","modified_gmt":"2024-10-07T09:43:20","slug":"nagy-marta","status":"publish","type":"page","link":"https:\/\/semmelweis.hu\/mental\/az-intezet\/munkatarsak\/nagy-marta\/","title":{"rendered":"Nagy M\u00e1rta"},"content":{"rendered":"<table border=\"0\" width=\"100%\" cellspacing=\"5\" cellpadding=\"5\">\n<tbody>\n<tr>\n<td>\n<p><strong>Beoszt\u00e1s<\/strong><\/p>\n<\/td>\n<td>\n<p>adminisztrat\u00edv koordin\u00e1tor, tanulm\u00e1nyi \u00fcgyint\u00e9z\u0151<\/p>\n<\/td>\n<\/tr>\n<tr>\n<td><strong>Egyetemi mell\u00e9k:<\/strong><\/td>\n<td>+36 1 459-1500 \/\u00a0<strong>56525<\/strong><\/td>\n<\/tr>\n<tr>\n<td><strong>E-mail:<\/strong>\u00a0<\/td>\n<td><span id=\"cloak93008\"><a href=\"mailto:nagy.marta@public.semmelweis-univ.hu\">nagy.marta@semmelweis.hu<\/a><\/span><\/td>\n<\/tr>\n<\/tbody>\n<\/table>\n","protected":false},"excerpt":{"rendered":"<p>Beoszt\u00e1s<\/p>\n<p>adminisztrat\u00edv koordin\u00e1tor, tanulm\u00e1nyi \u00fcgyint\u00e9z\u0151<\/p>\n<p>Egyetemi mell\u00e9k:<br \/>\n+36 1 459-1500 \/\u00a056525<\/p>\n<p>E-mail:\u00a0<br \/>\n<a href=\"mailto:nagy.marta@public.semmelweis-univ.hu\">nagy.marta@semmelweis.hu<\/a><\/p>\n","protected":false},"author":101790,"featured_media":0,"parent":19,"menu_order":26,"comment_status":"closed","ping_status":"closed","template":"","meta":{"_acf_changed":false,"footnotes":""},"categories":[],"tags":[],"class_list":["post-3183","page","type-page","status-publish","hentry"],"acf":[],"_links":{"self":[{"href":"https:\/\/semmelweis.hu\/mental\/wp-json\/wp\/v2\/pages\/3183","targetHints":{"allow":["GET"]}}],"collection":[{"href":"https:\/\/semmelweis.hu\/mental\/wp-json\/wp\/v2\/pages"}],"about":[{"href":"https:\/\/semmelweis.hu\/mental\/wp-json\/wp\/v2\/types\/page"}],"author":[{"embeddable":true,"href":"https:\/\/semmelweis.hu\/mental\/wp-json\/wp\/v2\/users\/101790"}],"replies":[{"embeddable":true,"href":"https:\/\/semmelweis.hu\/mental\/wp-json\/wp\/v2\/comments?post=3183"}],"version-history":[{"count":6,"href":"https:\/\/semmelweis.hu\/mental\/wp-json\/wp\/v2\/pages\/3183\/revisions"}],"predecessor-version":[{"id":6554,"href":"https:\/\/semmelweis.hu\/mental\/wp-json\/wp\/v2\/pages\/3183\/revisions\/6554"}],"up":[{"embeddable":true,"href":"https:\/\/semmelweis.hu\/mental\/wp-json\/wp\/v2\/pages\/19"}],"wp:attachment":[{"href":"https:\/\/semmelweis.hu\/mental\/wp-json\/wp\/v2\/media?parent=3183"}],"wp:term":[{"taxonomy":"category","embeddable":true,"href":"https:\/\/semmelweis.hu\/mental\/wp-json\/wp\/v2\/categories?post=3183"},{"taxonomy":"post_tag","embeddable":true,"href":"https:\/\/semmelweis.hu\/mental\/wp-json\/wp\/v2\/tags?post=3183"}],"curies":[{"name":"wp","href":"https:\/\/api.w.org\/{rel}","templated":true}]}}