{"id":3167,"date":"2019-03-13T09:55:53","date_gmt":"2019-03-13T08:55:53","guid":{"rendered":"http:\/\/semmelweis.hu\/mental\/?page_id=3167"},"modified":"2026-02-04T10:24:41","modified_gmt":"2026-02-04T09:24:41","slug":"papp_zsuzsanna","status":"publish","type":"page","link":"https:\/\/semmelweis.hu\/mental\/az-intezet\/munkatarsak\/papp_zsuzsanna\/","title":{"rendered":"Papp Zsuzsanna Katalin, PhD"},"content":{"rendered":"<table style=\"width: 100%;height: 953px\" border=\"0\" cellspacing=\"5\" cellpadding=\"5\">\n<tbody>\n<tr style=\"height: 61px\">\n<td style=\"height: 61px;width: 25.3788%\">\n<p><strong>Beoszt\u00e1s<\/strong><\/p>\n<\/td>\n<td style=\"height: 61px;width: 74.495%\">egyetemi adjunktus<\/td>\n<\/tr>\n<tr style=\"height: 71px\">\n<td style=\"height: 71px;width: 25.3788%\"><span class=\"Apple-style-span\"><strong>Egyetemi mell\u00e9k:<\/strong><\/span><\/td>\n<td style=\"height: 71px;width: 74.495%\">06-1-459-1500 \/ <strong>56527<\/strong><\/td>\n<\/tr>\n<tr style=\"height: 41px\">\n<td style=\"height: 41px;width: 25.3788%\"><strong>E-mail:<\/strong>\u00a0<\/td>\n<td style=\"height: 41px;width: 74.495%\"><span id=\"cloak86185\"><a href=\"mailto:papp.zsuzsa@public.semmelweis-univ.hu\">papp.zsuzsa@semmelweis.hu<\/a><\/span><\/td>\n<\/tr>\n<tr style=\"height: 241px\">\n<td style=\"height: 118px;width: 25.3788%\"><strong>V\u00e9gzetts\u00e9gek<\/strong><\/td>\n<td style=\"height: 118px;width: 74.495%\">\n<p><span style=\"font-family: inherit;font-size: inherit\">pszichol\u00f3gus \u00e9s pszichol\u00f3gia szakos tan\u00e1r (MA, 2011)<\/span><\/p>\n<p>kommunik\u00e1ci\u00f3 szakos b\u00f6lcs\u00e9sz (MA, 2009)<\/p>\n<p>magyar nyelv \u00e9s irodalom szakos b\u00f6lcs\u00e9sz \u00e9s tan\u00e1r (MA, 2009)<\/p>\n<\/td>\n<\/tr>\n<tr style=\"height: 71px\">\n<td style=\"height: 71px;width: 25.3788%\"><strong>Doktori fokozat<\/strong><\/td>\n<td style=\"height: 71px;width: 74.495%\">PhD, Semmelweis Egyetem Doktori Iskola (2006)<\/td>\n<\/tr>\n<tr style=\"height: 71px\">\n<td style=\"height: 71px;width: 25.3788%\"><strong>Publik\u00e1ci\u00f3s lista<\/strong>\u00a0\u00a0<\/td>\n<td style=\"height: 71px;width: 74.495%\">\n<p><a href=\"https:\/\/m2.mtmt.hu\/gui2\/?type=authors&amp;mode=browse&amp;sel=10052021&amp;view=simpleList\" target=\"_blank\" rel=\"noopener noreferrer\">Magyar Tudom\u00e1nyos M\u0171vek T\u00e1ra<\/a><\/p>\n<p>MTMT azonos\u00edt\u00f3: 10052021<\/p>\n<\/td>\n<\/tr>\n<tr style=\"height: 61px\">\n<td style=\"width: 25.3788%;height: 61px\"><strong>Researchgate, ORCID:<\/strong><strong><br \/><\/strong><\/td>\n<td style=\"width: 74.495%;height: 61px\">\n<p>0000-0003-3651-177x<\/p>\n<\/td>\n<\/tr>\n<tr style=\"height: 211px\">\n<td style=\"height: 125px;width: 25.3788%\"><strong>T\u00e1rsas\u00e1gi,\u00a0<br \/>egyes\u00fcleti tags\u00e1gok<\/strong><\/td>\n<td style=\"height: 125px;width: 74.495%\">\n<p>Magyar Csal\u00e1dter\u00e1pi\u00e1s Egyes\u00fclet<\/p>\n<p>Magyar Relax\u00e1ci\u00f3s \u00e9s Szimb\u00f3lumter\u00e1pi\u00e1s Egyes\u00fclet<\/p>\n<\/td>\n<\/tr>\n<tr style=\"height: 131px\">\n<td style=\"height: 131px;width: 25.3788%\"><strong>Szakmai \u00e9rdekl\u0151d\u00e9s,<br \/>kutat\u00e1si ter\u00fcletek<\/strong><\/td>\n<td style=\"height: 131px;width: 74.495%\">\n<p>A rendszerszeml\u00e9tet alkalmaz\u00e1sa a seg\u00edt\u0151 kapcsolatokban.<\/p>\n<p>\u00c9rzelem F\u00f3kusz\u00fa P\u00e1rter\u00e1pia (EFCT) elm\u00e9lete \u00e9s gyakorlata.<\/p>\n<p>Kr\u00f3nikus gyermekkori betegs\u00e9gek pszichoszoci\u00e1lis rehabilit\u00e1ci\u00f3ja, rendszerszeml\u00e9let\u0171 megk\u00f6zel\u00edt\u00e9se.<\/p>\n<p>Pszichoszoci\u00e1lis j\u00f3ll\u00e9t t\u00e9nyez\u0151 speci\u00e1lis popul\u00e1ci\u00f3kban.\u00a0<\/p>\n<p>European Journal of Mental Health kommunik\u00e1ci\u00f3\u00e9rt felel\u0151s szerkeszt\u0151s\u00e9gi tagja.<\/p>\n<\/td>\n<\/tr>\n<tr style=\"height: 101px\">\n<td style=\"height: 101px;width: 25.3788%\"><strong>Aktu\u00e1lis kutat\u00e1sok<\/strong>\u00a0\u00a0<\/td>\n<td style=\"height: 101px;width: 74.495%\">\n<p>Ter\u00e1pi\u00e1s rekre\u00e1ci\u00f3s ny\u00e1ri t\u00e1borok hat\u00e1sa a r\u00e9sztvev\u0151, kr\u00f3nikusan beteg gyermekekre \u00e9s csal\u00e1djaikra.<\/p>\n<p>Kr\u00f3nikus betegs\u00e9ggel \u00e9l\u0151 gyermekek beilleszked\u00e9s\u00e9t seg\u00edt\u0151 iskolai intervenci\u00f3s program hat\u00e9konys\u00e1gvizsg\u00e1lata<\/p>\n<p>UniMatter &#8211; Az egyetemist\u00e1k sz\u00e1m\u00edtanak! Hallgat\u00f3k j\u00f3ll\u00e9t\u00e9nek \u00e9s <em><strong>\u00e9szlelt t\u00e1rsas jelent\u0151s\u00e9g\u00e9nek, fontoss\u00e1gg\u00e1nak<\/strong><\/em> (perceived mattering) vizsg\u00e1lata nemzetk\u00f6zi egy\u00fcttm\u0171k\u00f6d\u00e9sben (EUniWell)<\/p>\n<\/td>\n<\/tr>\n<tr style=\"height: 41px\">\n<td style=\"height: 41px;width: 25.3788%\"><strong>Egy\u00e9b szakmai \u00e9rdekl\u0151d\u00e9s<\/strong><\/td>\n<td style=\"width: 74.495%;height: 41px\" width=\"375\">\n<p>A kr\u00f3nikusan beteg gyerekek ter\u00e1pi\u00e1s rekre\u00e1ci\u00f3j\u00e1val foglalkoz\u00f3 B\u00e1tor T\u00e1bor Alap\u00edtv\u00e1ny (SeriousFun Children&#8217;s Network nemzetk\u00f6zi t\u00e1bor h\u00e1l\u00f3zat tagja) \u00f6nk\u00e9ntese vagyok<\/p>\n<p>\u00a0Csal\u00e1dter\u00e1pi\u00e1s m\u00f3dszerek<\/p>\n<p>EUniWell egy\u00fcttm\u0171k\u00f6d\u00e9sek<\/p>\n<p>Tudom\u00e1nykommunik\u00e1ci\u00f3 \u00e9s tudom\u00e1nyn\u00e9pszer\u0171s\u00edt\u00e9s<\/p>\n<\/td>\n<\/tr>\n<tr style=\"height: 61px\">\n<td style=\"width: 25.3788%;height: 61px\"><strong>Legfontosabb publik\u00e1ci\u00f3k<\/strong><\/td>\n<td style=\"width: 74.495%;height: 61px\" width=\"375\">\n<div class=\"authors\"><span class=\"author-name\">Papp, Zsuzsanna Katalin\u00a0<\/span>;\u00a0<span class=\"author-name\">T\u00f6r\u00f6k, Szabolcs\u00a0<\/span>;\u00a0<span class=\"author-name\">Szentes, Annam\u00e1ria\u00a0<\/span>;\u00a0<span class=\"author-name\">Hossz\u00fa, Dalma\u00a0<\/span>;\u00a0<span class=\"author-name\">K\u00f6k\u00f6nyei, Gy\u00f6ngyi \u2709<\/span><\/div>\n<div class=\"title\">Parent-child agreement on health-related quality of life: the role of perceived consequences of the child\u2019s chronic illness<\/div>\n<div class=\"pub-info\"><span class=\"journal-title\">PSYCHOLOGY AND HEALTH<\/span>\u00a0\u00a0<i>39<\/i>(2), 233-251. (2024)<\/div>\n<div>\u00a0<\/div>\n<div class=\"pub-end\">\n<div class=\"short-pub-prop-list\">\n<div class=\"authors\"><span class=\"author-name\">Papp, Zsuzsanna Katalin \u2709\u00a0<\/span>;\u00a0<span class=\"author-name\">Somogyi, Borb\u00e1la\u00a0<\/span>;\u00a0<span class=\"author-name\">Wilson, Cait\u00a0<\/span>;\u00a0<span class=\"author-name\">T\u00f6r\u00f6k, Szabolcs<\/span><\/div>\n<div class=\"title\">Health Acceptance through Camp: Mixed-Method Data from a Central-European Therapeutic Recreational Based Camp for Seriously Ill Children<\/div>\n<div class=\"pub-info\"><span class=\"journal-title\">EUROPEAN JOURNAL OF MENTAL HEALTH<\/span>\u00a0<span class=\"journal-volume\">16<\/span>:\u00a0<span class=\"journal-issue\">2<\/span>\u00a0<span class=\"page\">pp. 120-145. , 26 p.\u00a0<\/span><span class=\"year\">(2021)<\/span><\/div>\n<\/div>\n<\/div>\n<\/td>\n<\/tr>\n<\/tbody>\n<\/table>\n","protected":false},"excerpt":{"rendered":"<p>Beoszt\u00e1s egyetemi adjunktus Egyetemi mell\u00e9k: 06-1-459-1500 \/ 56527 E-mail:\u00a0 <a href=\"mailto:papp.zsuzsa@public.semmelweis-univ.hu\">papp.zsuzsa@semmelweis.hu<\/a> V\u00e9gzetts\u00e9gek pszichol\u00f3gus \u00e9s pszichol\u00f3gia szakos tan\u00e1r (MA, 2011) kommunik\u00e1ci\u00f3 szakos b\u00f6lcs\u00e9sz (MA, 2009) magyar nyelv \u00e9s irodalom szakos b\u00f6lcs\u00e9sz \u00e9s tan\u00e1r (MA, 2009) Doktori fokozat PhD, Semmelweis Egyetem Doktori Iskola (2006) Publik\u00e1ci\u00f3s lista\u00a0\u00a0 <a href=\"https:\/\/m2.mtmt.hu\/gui2\/?type=authors&amp;mode=browse&amp;sel=10052021&amp;view=simpleList\" target=\"_blank\" rel=\"noopener noreferrer\">Magyar Tudom\u00e1nyos M\u0171vek T\u00e1ra<\/a> MTMT azonos\u00edt\u00f3: 10052021 Researchgate, ORCID: 0000-0003-3651-177x T\u00e1rsas\u00e1gi,\u00a0egyes\u00fcleti tags\u00e1gok Magyar Csal\u00e1dter\u00e1pi\u00e1s Egyes\u00fclet Magyar Relax\u00e1ci\u00f3s &hellip;<\/p>\n","protected":false},"author":101898,"featured_media":0,"parent":19,"menu_order":26,"comment_status":"closed","ping_status":"closed","template":"","meta":{"_acf_changed":false,"footnotes":""},"categories":[],"tags":[],"class_list":["post-3167","page","type-page","status-publish","hentry"],"acf":[],"_links":{"self":[{"href":"https:\/\/semmelweis.hu\/mental\/wp-json\/wp\/v2\/pages\/3167","targetHints":{"allow":["GET"]}}],"collection":[{"href":"https:\/\/semmelweis.hu\/mental\/wp-json\/wp\/v2\/pages"}],"about":[{"href":"https:\/\/semmelweis.hu\/mental\/wp-json\/wp\/v2\/types\/page"}],"author":[{"embeddable":true,"href":"https:\/\/semmelweis.hu\/mental\/wp-json\/wp\/v2\/users\/101898"}],"replies":[{"embeddable":true,"href":"https:\/\/semmelweis.hu\/mental\/wp-json\/wp\/v2\/comments?post=3167"}],"version-history":[{"count":11,"href":"https:\/\/semmelweis.hu\/mental\/wp-json\/wp\/v2\/pages\/3167\/revisions"}],"predecessor-version":[{"id":8904,"href":"https:\/\/semmelweis.hu\/mental\/wp-json\/wp\/v2\/pages\/3167\/revisions\/8904"}],"up":[{"embeddable":true,"href":"https:\/\/semmelweis.hu\/mental\/wp-json\/wp\/v2\/pages\/19"}],"wp:attachment":[{"href":"https:\/\/semmelweis.hu\/mental\/wp-json\/wp\/v2\/media?parent=3167"}],"wp:term":[{"taxonomy":"category","embeddable":true,"href":"https:\/\/semmelweis.hu\/mental\/wp-json\/wp\/v2\/categories?post=3167"},{"taxonomy":"post_tag","embeddable":true,"href":"https:\/\/semmelweis.hu\/mental\/wp-json\/wp\/v2\/tags?post=3167"}],"curies":[{"name":"wp","href":"https:\/\/api.w.org\/{rel}","templated":true}]}}