{"id":3165,"date":"2019-03-13T09:53:36","date_gmt":"2019-03-13T08:53:36","guid":{"rendered":"http:\/\/semmelweis.hu\/mental\/?page_id=3165"},"modified":"2024-10-11T11:38:02","modified_gmt":"2024-10-11T09:38:02","slug":"dr-joob-mate","status":"publish","type":"page","link":"https:\/\/semmelweis.hu\/mental\/az-intezet\/munkatarsak\/dr-joob-mate\/","title":{"rendered":"Dr. Jo\u00f3b M\u00e1t\u00e9"},"content":{"rendered":"<table border=\"0\" width=\"100%\" cellspacing=\"5\" cellpadding=\"5\">\n<tbody>\n<tr>\n<td>\n<p><strong>Beoszt\u00e1s<\/strong><\/p>\n<\/td>\n<td>\n<p>habilit\u00e1lt egyetemi docens<\/p>\n<\/td>\n<\/tr>\n<tr>\n<td><span class=\"Apple-style-span\"><strong>Egyetemi mell\u00e9k:<\/strong><\/span><\/td>\n<td>06-1-459-1500 \/ <strong>56531<\/strong><\/td>\n<\/tr>\n<tr>\n<td><strong>E-mail:<\/strong>\u00a0<\/td>\n<td><a href=\"mailto:joob.mate@semmelweis.hu\" target=\"_blank\" rel=\"noopener\">joob.mate@semmelweis.hu<\/a><\/td>\n<\/tr>\n<tr>\n<td><strong>V\u00e9gzetts\u00e9gek<\/strong><\/td>\n<td>\n<p>Teol\u00f3gus-lelk\u00e9sz (1997)<br \/>Szoci\u00e1lis \u00e9s csal\u00e1dseg\u00edt\u0151 lelkigondoz\u00f3 (2008)<br \/>Okleveles szupervizor (2015)<\/p>\n<\/td>\n<\/tr>\n<tr>\n<td><strong>Doktori fokozat<\/strong><\/td>\n<td>PhD,\u00a0Hittudom\u00e1ny, Evang\u00e9likus Hittudom\u00e1nyi Egyetem, 2006<\/td>\n<\/tr>\n<tr>\n<td><strong>Publik\u00e1ci\u00f3s lista<\/strong>\u00a0\u00a0<\/td>\n<td><a href=\"http:\/\/vm.mtmt.hu\/\/search\/slist.php?lang=0&amp;AuthorID=10022682\" target=\"_blank\" rel=\"noopener noreferrer\">Magyar Tudom\u00e1nyos M\u0171vek T\u00e1ra<\/a><\/td>\n<\/tr>\n<tr>\n<td><strong>T\u00e1rsas\u00e1gi,\u00a0<br \/>egyes\u00fcleti tags\u00e1gok<\/strong><\/td>\n<td>\n<p>European Council of Pastoral Care and Counselling (f\u0151titk\u00e1r)<\/p>\n<p>Magyar Pasztor\u00e1lpszichol\u00f3giai T\u00e1rsas\u00e1g (vezet\u0151s\u00e9gi tag)<\/p>\n<p>Antropos Ment\u00e1lhygi\u00e9n\u00e9s Egyes\u00fclet<\/p>\n<p>Magyar Szupervizorok \u00e9s Szupervizor-Coachok T\u00e1rsas\u00e1ga<\/p>\n<\/td>\n<\/tr>\n<tr>\n<td><strong>Szakmai \u00e9rdekl\u0151d\u00e9s,<br \/>kutat\u00e1si ter\u00fcletek<\/strong><\/td>\n<td>\n<p>Az egy\u00e9ni b\u0171nb\u00e1nat pasztor\u00e1lpszichol\u00f3giai vizsg\u00e1lata<br \/>K\u00f6z\u00f6ss\u00e9gi lelkigondoz\u00e1s<br \/>A p\u00e1sztori szupervizi\u00f3 alkalmaz\u00e1s\u00e1nak lehet\u0151s\u00e9gei<br \/>Titoktart\u00e1s<br \/>B\u0171ntudat \u00e9s sz\u00e9gyen felold\u00e1s\u00e1nak k\u00e9rd\u00e9sei<\/p>\n<\/td>\n<\/tr>\n<tr>\n<td><strong>Aktu\u00e1lis kutat\u00e1sok<\/strong>\u00a0\u00a0<\/td>\n<td>A b\u0171nb\u00e1nat \u00e9s a sz\u00e9gyen\u00e9rzet felold\u00e1s\u00e1nak probl\u00e9m\u00e1ja az egyh\u00e1zi k\u00f6zelm\u00falt feldolgoz\u00e1s\u00e1ban<\/td>\n<\/tr>\n<tr>\n<td><strong>Egy\u00e9b szakmai \u00e9rdekl\u0151d\u00e9s<\/strong><\/td>\n<td>Lelk\u00e9szi \u00e9letp\u00e1lyamodell<\/td>\n<\/tr>\n<tr>\n<td><strong>Legfontosabb publik\u00e1ci\u00f3k<\/strong><\/td>\n<td>\n<ol>\n<li>Jo\u00f3b, M\u00e1t\u00e9<\/li>\n<\/ol>\n<p>A hallgat\u00e1s terhe: A kollabor\u00e1ci\u00f3 transzgener\u00e1ci\u00f3s hat\u00e1sai<\/p>\n<p>Budapest, Magyarorsz\u00e1g: Luther Kiad\u00f3 (2024), 170 p.<\/p>\n<p>\u00a0ISBN: 9789633802625 OSZK<\/p>\n<p>K\u00f6zlem\u00e9ny: 35136306 Admin l\u00e1ttamozott Forr\u00e1s Id\u00e9z\u0151 K\u00f6nyv (Monogr\u00e1fia ) Tudom\u00e1nyos<\/p>\n<p>&nbsp;<\/p>\n<ol start=\"2\">\n<li>Jo\u00f3b, M\u00e1t\u00e9<\/li>\n<\/ol>\n<p>Az egyh\u00e1zi kollabor\u00e1ci\u00f3 feldolgoz\u00e1s\u00e1nak saj\u00e1toss\u00e1gai \u00e9s neh\u00e9zs\u00e9gei.<\/p>\n<p>STUDIA UNIVERSITATIS BABES-BOLYAI THEOLOGIA REFORMATA TRANSYLVANICA 69: 1 pp. 280-303., 24 p. (2024)<\/p>\n<p>DOI Scopus Egy\u00e9b URL<\/p>\n<p>K\u00f6zlem\u00e9ny: 35151276 Egyeztetett Forr\u00e1s Id\u00e9z\u0151 Foly\u00f3iratcikk (Szakcikk) Tudom\u00e1nyos<\/p>\n<p>Foly\u00f3irat szakter\u00fclete: Scopus &#8211; Religious Studies SJR indik\u00e1tor: Q3<\/p>\n<p>DOI: 10.24193\/subbtref.69.1.16<\/p>\n<p>&nbsp;<\/p>\n<ol start=\"3\">\n<li>Jo\u00f3b, M\u00e1t\u00e9<\/li>\n<\/ol>\n<p>The Transgenerational Effects of Church Collaboration under the Communist-Socialist Regime<\/p>\n<p>BOGOSLOVNI VESTNIK 84: 1 pp. 105-115. 11 p. (2024)<\/p>\n<p>\u00a0DOI Scopus Egy\u00e9b URL<\/p>\n<p>K\u00f6zlem\u00e9ny: 35186772 Egyeztetett Forr\u00e1s Foly\u00f3iratcikk (Szakcikk) Tudom\u00e1nyos<\/p>\n<p>Foly\u00f3irat szakter\u00fclete: Scopus &#8211; Religious Studies SJR indik\u00e1tor: Q1<\/p>\n<p>DOI: 10.34291\/BV2024\/01\/Joob<\/p>\n<p>2022<\/p>\n<p>&nbsp;<\/p>\n<ol start=\"4\">\n<li>Pilinszki, Attila; Asztalos, Bernadett; Danis, Ildik\u00f3; Jo\u00f3b, M\u00e1t\u00e9; T\u00e9senyi, Timea; T\u00f6r\u00f6k, G\u00e1bor<\/li>\n<\/ol>\n<p>The Multifactorial Background of Helping Professionals\u2019 Vital Exhaustion and Subjective Well-Being During the First Wave of<\/p>\n<p>COVID-19 in Hungary: A Cross-Sectional Study<\/p>\n<p>EUROPEAN JOURNAL OF MENTAL HEALTH 17: 2 pp. 104-117., 14 p. (2022)<\/p>\n<p>\u00a0DOI WoS Scopus Egy\u00e9b URL<\/p>\n<p>K\u00f6zlem\u00e9ny: 33192122 Egyeztetett Forr\u00e1s Id\u00e9z\u0151 Foly\u00f3iratcikk (Szakcikk ) Tudom\u00e1nyos<\/p>\n<p>Foly\u00f3irat szakter\u00fclete: Scopus &#8211; Health (social science) SJR indik\u00e1tor: Q4<\/p>\n<p>Foly\u00f3irat szakter\u00fclete: Scopus &#8211; Psychiatry and Mental Health SJR indik\u00e1tor: Q4<\/p>\n<p>Foly\u00f3irat szakter\u00fclete: Scopus &#8211; Psychology (miscellaneous) SJR indik\u00e1tor: Q4<\/p>\n<p>Foly\u00f3irat szakter\u00fclete: Scopus &#8211; Public Health, Environmental and Occupational Health SJR indik\u00e1tor: Q4<\/p>\n<p>Szociol\u00f3giai Tudom\u00e1nyos Bizotts\u00e1g IXGJO SZTB [1901-] D nemzetk\u00f6zi<\/p>\n<p>Szociol\u00f3giai Tudom\u00e1nyos Bizotts\u00e1g IXGJO SZTB [1901-] D nemzetk\u00f6zi<\/p>\n<p>DOI: 10.5708\/EJMH.17.2022.2.11<\/p>\n<p>&nbsp;<\/p>\n<ol start=\"5\">\n<li>T\u00f6r\u00f6k, G\u00e1bor P\u00e1l; Asztalos, Bernadett; Jo\u00f3b, M\u00e1t\u00e9; T\u00e9senyi, Timea; Danis, Ildik\u00f3; Pilinszki, Attila<\/li>\n<\/ol>\n<p>Seg\u00edt\u0151 foglalkoz\u00e1s\u00fa szakemberek j\u00f3ll\u00e9te a COVID-19 j\u00e1rv\u00e1ny els\u0151 hull\u00e1m\u00e1ban \u2013 A vit\u00e1lis kimer\u00fclts\u00e9g t\u00f6bbt\u00e9nyez\u0151s vizsg\u00e1lata<\/p>\n<p>MENT\u00c1LHIGI\u00c9N\u00c9 \u00c9S PSZICHOSZOMATIKA 23 : 1 pp. 1-32., 32 p. (2022)<\/p>\n<p>\u00a0DOI REAL Scopus<\/p>\n<p>K\u00f6zlem\u00e9ny:32778053 Egyeztetett Forr\u00e1s Id\u00e9z\u0151 Foly\u00f3iratcikk (Szakcikk) Tudom\u00e1nyos<\/p>\n<p>Foly\u00f3irat szakter\u00fclete: Scopus &#8211; Neuropsychology and Physiological Psychology SJR indik\u00e1tor: Q4<\/p>\n<p>Foly\u00f3irat szakter\u00fclete: Scopus &#8211; Psychiatry and Mental Health SJR indik\u00e1tor: Q4<\/p>\n<p>Pedag\u00f3giai Tudom\u00e1nyos Bizotts\u00e1g II. FTO PedTB [1901-] A<\/p>\n<p>Pszichol\u00f3giai Tudom\u00e1nyos Bizotts\u00e1g II. FTO PsziTB [1901-] A<\/p>\n<p>Szociol\u00f3giai Tudom\u00e1nyos Bizotts\u00e1g IXGJO SZTB [1901-] B hazai<\/p>\n<p>Pedag\u00f3giai Tudom\u00e1nyos Bizotts\u00e1g II. FTO PedTB [1901-] A<\/p>\n<p>Pszichol\u00f3giai Tudom\u00e1nyos Bizotts\u00e1g II. FTO PsziTB [1901-] A<\/p>\n<p>Szociol\u00f3giai Tudom\u00e1nyos Bizotts\u00e1g IXGJO SZTB [1901-] B hazai<\/p>\n<p>DOI: 10.1556\/0406.23.2022.004<\/p>\n<p>2013<\/p>\n<p>&nbsp;<\/p>\n<ol start=\"6\">\n<li>Jo\u00f3b, M\u00e1t\u00e9<\/li>\n<\/ol>\n<p>B\u00edrk\u00f3z\u00e1s a m\u00falttal: K\u00eds\u00e9rlet a m\u00falt egy\u00e9ni \u00e9s k\u00f6z\u00f6ss\u00e9gi feldolgoz\u00e1s\u00e1ra, k\u00fcl\u00f6n\u00f6s tekintettel az egyh\u00e1zi h\u00e1l\u00f3zati szem\u00e9lyek \u00e9s a kommunista-szocialista \u00e1llambiztons\u00e1g kapcsolat\u00e1ra<\/p>\n<p>BETEKINT\u0150 7: 3 pp. 1-16., 16 p. (2013)<\/p>\n<p>\u00a0SE Repozit\u00f3rium Teljes dokumentum Egy\u00e9b URL Matarka<\/p>\n<p>K\u00f6zlem\u00e9ny:2490213 Egyeztetett Forr\u00e1s Id\u00e9z\u0151 Foly\u00f3iratcikk (Szakcikk) Tudom\u00e1nyos<\/p>\n<ol start=\"2024\">\n<li>okt. 1. 10:25<\/li>\n<\/ol>\n<p>2013<\/p>\n<p>T\u00f6rt\u00e9nettudom\u00e1nyi Bizotts\u00e1g II. FTO TTB [1901-] A<\/p>\n<p>Politikatudom\u00e1nyi Bizotts\u00e1g IXGJO PTB [1901-] B hazai<\/p>\n<p>&nbsp;<\/p>\n<ol start=\"7\">\n<li>Jo\u00f3b, M\u00e1t\u00e9; Kettunen, Paavo<\/li>\n<\/ol>\n<p>Confession from the Point of View of the Experinence of the People Seeking Help: An Empirical Study about Confessional<\/p>\n<p>Practices in Finland and Hungary<\/p>\n<p>EUROPEAN JOURNAL OF MENTAL HEALTH 8: 2 pp. 163-186., 24 p. (2013)<\/p>\n<p>\u00a0DOI REAL WoS Scopus Teljes dokumentum Matarka<\/p>\n<p>K\u00f6zlem\u00e9ny: 2490196 Egyeztetett Forr\u00e1s Id\u00e9z\u0151 Foly\u00f3iratcikk (Szakcikk) Tudom\u00e1nyos<\/p>\n<p>Nyilv\u00e1nos id\u00e9z\u0151 \u00f6sszesen: 7 | F\u00fcggetlen: 7 | F\u00fcgg\u0151: 0 | Nem jel\u00f6lt: 0 | WoS jel\u00f6lt: 6 | Scopus jel\u00f6lt: 5 | WoS\/Scopus jel\u00f6lt: 6 |<\/p>\n<p>DOI jel\u00f6lt: 6<\/p>\n<p>Foly\u00f3irat szakter\u00fclete: Scopus &#8211; Health (social science) SJR indik\u00e1tor: Q4<\/p>\n<p>Foly\u00f3irat szakter\u00fclete: Scopus &#8211; Psychiatric Mental Health SJR indik\u00e1tor: Q4<\/p>\n<p>Foly\u00f3irat szakter\u00fclete: Scopus &#8211; Psychiatry and Mental Health SJR indik\u00e1tor: Q4<\/p>\n<p>Foly\u00f3irat szakter\u00fclete: Scopus &#8211; Psychology (miscellaneous) SJR indik\u00e1tor: Q4<\/p>\n<p>Foly\u00f3irat szakter\u00fclete: Scopus &#8211; Public Health, Environmental and Occupational Health SJR indik\u00e1tor: Q4<\/p>\n<p>Szociol\u00f3giai Tudom\u00e1nyos Bizotts\u00e1g IXGJO SZTB [1901-] D nemzetk\u00f6zi<\/p>\n<p>Szociol\u00f3giai Tudom\u00e1nyos Bizotts\u00e1g IXGJO SZTB [1901-] D nemzetk\u00f6zi<\/p>\n<p>DOI: 10.5708\/EJMH.8.2013.2.1<\/p>\n<p>&nbsp;<\/p>\n<ol start=\"8\">\n<li>Jo\u00f3b, M\u00e1t\u00e9<\/li>\n<\/ol>\n<p>Ringen mit der Vergangenheit: Versuch einer individuellen und kollektiven Aufarbeitung der Vergangenheit, besonders im<\/p>\n<p>Hinblick auf die Beziehung zwischen als inoffizielle Mitarbeiter angeworbenen kirchlichen Amtstr\u00e4gern und der kommunistischsozialistischen Staatssicherheit<\/p>\n<p>EUROPEAN JOURNAL OF MENTAL HEALTH 8: 1 pp. 60-80. , 21 p. (2013)<\/p>\n<p>\u00a0DOI SE Repozit\u00f3rium REAL WoS Scopus Egy\u00e9b URL Teljes dokumentum<\/p>\n<p>K\u00f6zlem\u00e9ny: 2344553 Egyeztetett Forr\u00e1s Id\u00e9z\u0151 Foly\u00f3iratcikk (Szakcikk) Tudom\u00e1nyos<\/p>\n<p>Foly\u00f3irat szakter\u00fclete: Scopus &#8211; Health (social science) SJR indik\u00e1tor: Q4<\/p>\n<p>Foly\u00f3irat szakter\u00fclete: Scopus &#8211; Psychiatric Mental Health SJR indik\u00e1tor: Q4<\/p>\n<p>Foly\u00f3irat szakter\u00fclete: Scopus &#8211; Psychiatry and Mental Health SJR indik\u00e1tor: Q4<\/p>\n<p>Foly\u00f3irat szakter\u00fclete: Scopus &#8211; Psychology (miscellaneous) SJR indik\u00e1tor: Q4<\/p>\n<p>Foly\u00f3irat szakter\u00fclete: Scopus &#8211; Public Health, Environmental and Occupational Health SJR indik\u00e1tor: Q4<\/p>\n<p>Szociol\u00f3giai Tudom\u00e1nyos Bizotts\u00e1g IXGJO SZTB [1901-] D nemzetk\u00f6zi<\/p>\n<p>Szociol\u00f3giai Tudom\u00e1nyos Bizotts\u00e1g IXGJO SZTB [1901-] D nemzetk\u00f6zi<\/p>\n<p>DOI: 10.5708\/EJMH.8.2013.1.4<\/p>\n<p>2010<\/p>\n<p>&nbsp;<\/p>\n<ol start=\"9\">\n<li>T\u00f6r\u00f6k, P; Nagy, I; Jo\u00f3b, M<\/li>\n<\/ol>\n<p>Die karitative T\u00e4tigkeit der traditionellen christlichen Kirchen in Ungarn w\u00e4hrend des Kommunismus und ihre Wirkung auf die<\/p>\n<p>kirchliche Wohlt\u00e4tigkeit im Postkommonismus. Teil 1.<\/p>\n<p>EUROPEAN JOURNAL OF MENTAL HEALTH 5: 1 pp. 77-97., 21 p. (2010)<\/p>\n<p>\u00a0DOI REAL Egy\u00e9b katal\u00f3gus WoS Scopus Teljes dokumentum Matarka<\/p>\n<p>K\u00f6zlem\u00e9ny:1360235 Egyeztetett Forr\u00e1s Id\u00e9z\u0151 Foly\u00f3iratcikk (Szakcikk) Tudom\u00e1nyos<\/p>\n<p>Nyilv\u00e1nos id\u00e9z\u0151 \u00f6sszesen: 3 | F\u00fcggetlen: 3 | F\u00fcgg\u0151: 0 | Nem jel\u00f6lt: 0 | WoS jel\u00f6lt: 2 | Scopus jel\u00f6lt: 1 | WoS\/Scopus jel\u00f6lt: 2 |<\/p>\n<p>DOI jel\u00f6lt: 2<\/p>\n<p>Foly\u00f3irat szakter\u00fclete: Scopus &#8211; Health (social science) SJR indik\u00e1tor: Q4<\/p>\n<p>Foly\u00f3irat szakter\u00fclete: Scopus &#8211; Psychiatric Mental Health SJR indik\u00e1tor: Q4<\/p>\n<p>Foly\u00f3irat szakter\u00fclete: Scopus &#8211; Psychiatry and Mental Health SJR indik\u00e1tor: Q4<\/p>\n<p>Foly\u00f3irat szakter\u00fclete: Scopus &#8211; Psychology (miscellaneous) SJR indik\u00e1tor: Q4<\/p>\n<p>Foly\u00f3irat szakter\u00fclete: Scopus &#8211; Public Health, Environmental and Occupational Health SJR indik\u00e1tor: Q4<\/p>\n<p>Szociol\u00f3giai Tudom\u00e1nyos Bizotts\u00e1g IXGJO SZTB [1901-] D nemzetk\u00f6zi<\/p>\n<p>Szociol\u00f3giai Tudom\u00e1nyos Bizotts\u00e1g IXGJO SZTB [1901-] D nemzetk\u00f6zi<\/p>\n<p>DOI: 10.1556\/EJMH.5.2010.1.5<\/p>\n<p>2009<\/p>\n<p>&nbsp;<\/p>\n<ol start=\"10\">\n<li>Kettunen, P; Jo\u00f3b, M<\/li>\n<\/ol>\n<p>Suomalainen ja unkarilainen rippi<\/p>\n<p>TEOLOGINEN AIKAKAUSKIRJA 114: 1 pp. 47-65., 19 p. (2009)<\/p>\n<p>\u00a0Egy\u00e9b URL<\/p>\n<p>K\u00f6zlem\u00e9ny:1736216 Admin l\u00e1ttamozott Forr\u00e1s Foly\u00f3iratcikk (Szakcikk) Tudom\u00e1nyos<\/p>\n<\/td>\n<\/tr>\n<\/tbody>\n<\/table>\n","protected":false},"excerpt":{"rendered":"<p>Beoszt\u00e1s habilit\u00e1lt egyetemi docens Egyetemi mell\u00e9k: 06-1-459-1500 \/ 56531 E-mail:\u00a0 <a href=\"mailto:joob.mate@semmelweis.hu\" target=\"_blank\" rel=\"noopener\">joob.mate@semmelweis.hu<\/a> V\u00e9gzetts\u00e9gek Teol\u00f3gus-lelk\u00e9sz (1997)Szoci\u00e1lis \u00e9s csal\u00e1dseg\u00edt\u0151 lelkigondoz\u00f3 (2008)Okleveles szupervizor (2015) Doktori fokozat PhD,\u00a0Hittudom\u00e1ny, Evang\u00e9likus Hittudom\u00e1nyi Egyetem, 2006 Publik\u00e1ci\u00f3s lista\u00a0\u00a0 <a href=\"http:\/\/vm.mtmt.hu\/\/search\/slist.php?lang=0&amp;AuthorID=10022682\" target=\"_blank\" rel=\"noopener noreferrer\">Magyar Tudom\u00e1nyos M\u0171vek T\u00e1ra<\/a> T\u00e1rsas\u00e1gi,\u00a0egyes\u00fcleti tags\u00e1gok European Council of Pastoral Care and Counselling (f\u0151titk\u00e1r) Magyar Pasztor\u00e1lpszichol\u00f3giai T\u00e1rsas\u00e1g (vezet\u0151s\u00e9gi tag) Antropos Ment\u00e1lhygi\u00e9n\u00e9s Egyes\u00fclet Magyar Szupervizorok \u00e9s Szupervizor-Coachok T\u00e1rsas\u00e1ga Szakmai \u00e9rdekl\u0151d\u00e9s,kutat\u00e1si ter\u00fcletek Az &hellip;<\/p>\n","protected":false},"author":101790,"featured_media":0,"parent":19,"menu_order":0,"comment_status":"closed","ping_status":"closed","template":"","meta":{"_acf_changed":false,"footnotes":""},"categories":[],"tags":[],"class_list":["post-3165","page","type-page","status-publish","hentry"],"acf":[],"_links":{"self":[{"href":"https:\/\/semmelweis.hu\/mental\/wp-json\/wp\/v2\/pages\/3165","targetHints":{"allow":["GET"]}}],"collection":[{"href":"https:\/\/semmelweis.hu\/mental\/wp-json\/wp\/v2\/pages"}],"about":[{"href":"https:\/\/semmelweis.hu\/mental\/wp-json\/wp\/v2\/types\/page"}],"author":[{"embeddable":true,"href":"https:\/\/semmelweis.hu\/mental\/wp-json\/wp\/v2\/users\/101790"}],"replies":[{"embeddable":true,"href":"https:\/\/semmelweis.hu\/mental\/wp-json\/wp\/v2\/comments?post=3165"}],"version-history":[{"count":9,"href":"https:\/\/semmelweis.hu\/mental\/wp-json\/wp\/v2\/pages\/3165\/revisions"}],"predecessor-version":[{"id":7534,"href":"https:\/\/semmelweis.hu\/mental\/wp-json\/wp\/v2\/pages\/3165\/revisions\/7534"}],"up":[{"embeddable":true,"href":"https:\/\/semmelweis.hu\/mental\/wp-json\/wp\/v2\/pages\/19"}],"wp:attachment":[{"href":"https:\/\/semmelweis.hu\/mental\/wp-json\/wp\/v2\/media?parent=3165"}],"wp:term":[{"taxonomy":"category","embeddable":true,"href":"https:\/\/semmelweis.hu\/mental\/wp-json\/wp\/v2\/categories?post=3165"},{"taxonomy":"post_tag","embeddable":true,"href":"https:\/\/semmelweis.hu\/mental\/wp-json\/wp\/v2\/tags?post=3165"}],"curies":[{"name":"wp","href":"https:\/\/api.w.org\/{rel}","templated":true}]}}