{"id":3147,"date":"2019-03-13T09:35:57","date_gmt":"2019-03-13T08:35:57","guid":{"rendered":"http:\/\/semmelweis.hu\/mental\/?page_id=3147"},"modified":"2024-10-07T11:41:28","modified_gmt":"2024-10-07T09:41:28","slug":"gasparikne-csatari-aniko","status":"publish","type":"page","link":"https:\/\/semmelweis.hu\/mental\/az-intezet\/munkatarsak\/gasparikne-csatari-aniko\/","title":{"rendered":"Gasparikn\u00e9 Csat\u00e1ri Anik\u00f3"},"content":{"rendered":"<table style=\"width: 63.019%\" border=\"0\" cellspacing=\"5\" cellpadding=\"5\" align=\"center\">\n<tbody>\n<tr>\n<td style=\"width: 30.7544%\">\u00a0<\/td>\n<td style=\"width: 69.0522%\"><strong>GASPARIKN\u00c9 CSAT\u00c1RI ANIK\u00d3<\/strong><\/td>\n<\/tr>\n<tr>\n<td style=\"width: 30.7544%\">\n<p><strong>Beoszt\u00e1s<\/strong><\/p>\n<\/td>\n<td style=\"width: 69.0522%\">\n<p>adminisztrat\u00edv koordin\u00e1tor, tanulm\u00e1nyi \u00fcgyint\u00e9z\u0151<\/p>\n<\/td>\n<\/tr>\n<tr>\n<td style=\"width: 30.7544%\"><strong>Egyetemi mell\u00e9k:<\/strong><\/td>\n<td style=\"width: 69.0522%\">+36 1 459-1500 \/\u00a0<strong>56549<\/strong><\/td>\n<\/tr>\n<tr>\n<td style=\"width: 30.7544%\"><strong>E-mail:<\/strong>\u00a0<\/td>\n<td style=\"width: 69.0522%\"><span id=\"cloak12803\"><a href=\"mailto:csatari.aniko@public.semmelweis-univ.hu\">csatari.aniko@semmelweis.hu<\/a><\/span>\u00a0<\/td>\n<\/tr>\n<\/tbody>\n<\/table>\n","protected":false},"excerpt":{"rendered":"<p>\u00a0<br \/>\nGASPARIKN\u00c9 CSAT\u00c1RI ANIK\u00d3<\/p>\n<p>Beoszt\u00e1s<\/p>\n<p>adminisztrat\u00edv koordin\u00e1tor, tanulm\u00e1nyi \u00fcgyint\u00e9z\u0151<\/p>\n<p>Egyetemi mell\u00e9k:<br \/>\n+36 1 459-1500 \/\u00a056549<\/p>\n<p>E-mail:\u00a0<br \/>\n<a href=\"mailto:csatari.aniko@public.semmelweis-univ.hu\">csatari.aniko@semmelweis.hu<\/a>\u00a0<\/p>\n","protected":false},"author":101614,"featured_media":0,"parent":19,"menu_order":13,"comment_status":"closed","ping_status":"closed","template":"","meta":{"_acf_changed":false,"footnotes":""},"categories":[],"tags":[],"class_list":["post-3147","page","type-page","status-publish","hentry"],"acf":[],"_links":{"self":[{"href":"https:\/\/semmelweis.hu\/mental\/wp-json\/wp\/v2\/pages\/3147","targetHints":{"allow":["GET"]}}],"collection":[{"href":"https:\/\/semmelweis.hu\/mental\/wp-json\/wp\/v2\/pages"}],"about":[{"href":"https:\/\/semmelweis.hu\/mental\/wp-json\/wp\/v2\/types\/page"}],"author":[{"embeddable":true,"href":"https:\/\/semmelweis.hu\/mental\/wp-json\/wp\/v2\/users\/101614"}],"replies":[{"embeddable":true,"href":"https:\/\/semmelweis.hu\/mental\/wp-json\/wp\/v2\/comments?post=3147"}],"version-history":[{"count":10,"href":"https:\/\/semmelweis.hu\/mental\/wp-json\/wp\/v2\/pages\/3147\/revisions"}],"predecessor-version":[{"id":7132,"href":"https:\/\/semmelweis.hu\/mental\/wp-json\/wp\/v2\/pages\/3147\/revisions\/7132"}],"up":[{"embeddable":true,"href":"https:\/\/semmelweis.hu\/mental\/wp-json\/wp\/v2\/pages\/19"}],"wp:attachment":[{"href":"https:\/\/semmelweis.hu\/mental\/wp-json\/wp\/v2\/media?parent=3147"}],"wp:term":[{"taxonomy":"category","embeddable":true,"href":"https:\/\/semmelweis.hu\/mental\/wp-json\/wp\/v2\/categories?post=3147"},{"taxonomy":"post_tag","embeddable":true,"href":"https:\/\/semmelweis.hu\/mental\/wp-json\/wp\/v2\/tags?post=3147"}],"curies":[{"name":"wp","href":"https:\/\/api.w.org\/{rel}","templated":true}]}}