{"id":3130,"date":"2019-03-13T09:07:56","date_gmt":"2019-03-13T08:07:56","guid":{"rendered":"http:\/\/semmelweis.hu\/mental\/?page_id=3130"},"modified":"2024-10-07T11:20:00","modified_gmt":"2024-10-07T09:20:00","slug":"bone-veronika","status":"publish","type":"page","link":"https:\/\/semmelweis.hu\/mental\/az-intezet\/munkatarsak\/bone-veronika\/","title":{"rendered":"Dr. B\u00f3n\u00e9 Veronika"},"content":{"rendered":"<figure id=\"attachment_415\" aria-describedby=\"caption-attachment-415\" style=\"width: 150px\" class=\"wp-caption alignnone\"><a href=\"https:\/\/semmelweis.hu\/mental\/files\/2018\/06\/Bone_Veronika.jpg\"><img loading=\"lazy\" decoding=\"async\" class=\"wp-image-415 size-thumbnail\" src=\"https:\/\/semmelweis.hu\/mental\/files\/2018\/06\/Bone_Veronika-150x150.jpg\" alt=\"\" width=\"150\" height=\"150\" \/><\/a><figcaption id=\"caption-attachment-415\" class=\"wp-caption-text\">B\u00f3n\u00e9 Veronika<\/figcaption><\/figure>\n<table width=\"100%\">\n<tbody>\n<tr>\n<td width=\"24%\">\n<p><strong>Beoszt\u00e1s<\/strong><\/p>\n<\/td>\n<td width=\"72%\">\n<p>tudom\u00e1nyos munkat\u00e1rs<\/p>\n<\/td>\n<\/tr>\n<tr>\n<td width=\"24%\">\n<p><strong>Egyetemi mell\u00e9k:<\/strong><\/p>\n<\/td>\n<td width=\"72%\">\n<p>06-1-459-1500 \/ <strong>56548<\/strong><\/p>\n<\/td>\n<\/tr>\n<tr>\n<td width=\"24%\">\n<p><strong>E-mail:<\/strong>\u00a0<\/p>\n<\/td>\n<td width=\"72%\">\n<p>\u00a0<a href=\"mailto:bone.veronika@public.semmelweis-univ.hu\">bone.veronika@semmelweis.hu<\/a><\/p>\n<\/td>\n<\/tr>\n<tr>\n<td width=\"24%\">\n<p><strong>V\u00e9gzetts\u00e9gek<\/strong><\/p>\n<\/td>\n<td width=\"72%\">\n<p>szociol\u00f3gus<\/p>\n<\/td>\n<\/tr>\n<tr>\n<td width=\"24%\">\n<p><strong>Doktori fokozat<\/strong><\/p>\n<\/td>\n<td width=\"72%\">\n<p>szociol\u00f3giai tudom\u00e1nyok (2020)<\/p>\n<\/td>\n<\/tr>\n<tr>\n<td width=\"24%\">\n<p><strong>Publik\u00e1ci\u00f3s lista<\/strong>\u00a0\u00a0<\/p>\n<\/td>\n<td width=\"72%\">\n<p><a href=\"https:\/\/m2.mtmt.hu\/gui2\/?type=authors&amp;mode=browse&amp;sel=10044190\">Magyar Tudom\u00e1nyos M\u0171vek T\u00e1ra<\/a> (azonos\u00edt\u00f3: 10044190)<\/p>\n<\/td>\n<\/tr>\n<tr>\n<td width=\"24%\">\n<p><strong>Researchgate, ORCID:<\/strong><\/p>\n<\/td>\n<td width=\"72%\">\n<p><a href=\"https:\/\/m2.mtmt.hu\/api\/author\/10044190\">0000-0001-6300-7726, U-3367-2017<\/a><\/p>\n<\/td>\n<\/tr>\n<tr>\n<td width=\"24%\">\n<p><strong>T\u00e1rsas\u00e1gi,\u00a0<br \/>egyes\u00fcleti tags\u00e1gok<\/strong><\/p>\n<\/td>\n<td width=\"72%\">\n<p>Szoptat\u00e1st T\u00e1mogat\u00f3 Nemzeti Bizotts\u00e1g, tudom\u00e1nyos munkacsoport vezet\u0151<\/p>\n<\/td>\n<\/tr>\n<tr>\n<td width=\"24%\">\n<p><strong>Szakmai \u00e9rdekl\u0151d\u00e9s,<br \/>kutat\u00e1si ter\u00fcletek<\/strong><\/p>\n<\/td>\n<td width=\"72%\">\n<p>eg\u00e9szs\u00e9gszociol\u00f3gia, csal\u00e1dtudom\u00e1ny\u00a0<\/p>\n<\/td>\n<\/tr>\n<tr>\n<td width=\"24%\">\n<p><strong>Aktu\u00e1lis kutat\u00e1sok<\/strong>\u00a0\u00a0<\/p>\n<\/td>\n<td width=\"72%\">\n<p>Nagysz\u00fcl\u0151i t\u00e1mogat\u00e1s \u00e9s gyermekv\u00e1llal\u00e1s; \u00d6negy\u00fctt\u00e9rz\u00e9s seg\u00edt\u0151 foglalkoz\u00e1s\u00faak k\u00f6r\u00e9ben; Bababar\u00e1t K\u00f3rh\u00e1z felm\u00e9r\u00e9s; Seg\u00edt\u0151 kapcsolat hat\u00e1svizsg\u00e1lat<\/p>\n<\/td>\n<\/tr>\n<tr>\n<td width=\"24%\">\n<p><strong>Egy\u00e9b szakmai \u00e9rdekl\u0151d\u00e9s<\/strong><\/p>\n<\/td>\n<td width=\"72%\">\n<p>&nbsp;<\/p>\n<p>&nbsp;<\/p>\n<\/td>\n<\/tr>\n<tr>\n<td width=\"24%\">\n<p><strong>Legfontosabb publik\u00e1ci\u00f3k<\/strong><\/p>\n<\/td>\n<td width=\"72%\">\n<p>Danis, I., B\u00f3n\u00e9, V., Heged\u00fcs, R., Pilinszki, A., Szab\u00f3, T, D\u00e1vid, B. Infancy in 21st Century Hungary;<\/p>\n<p>B\u00f3n\u00e9, V. &#8216;Grandparenting: Created by Evolution Revised by History: Still in Use Today&#8217;;<\/p>\n<p>Renata, U., Ittz\u00e9s, A., B\u00f3n\u00e9, V., &amp; T\u00f6r\u00f6k, S. (2020). Psychometric Properties of the Hungarian Version of the Iowa Infant Feeding Attitude Scale.<\/p>\n<\/td>\n<\/tr>\n<\/tbody>\n<\/table>\n<p>&nbsp;<\/p>\n","protected":false},"excerpt":{"rendered":"<p>Beoszt\u00e1s tudom\u00e1nyos munkat\u00e1rs Egyetemi mell\u00e9k: 06-1-459-1500 \/ 56548 E-mail:\u00a0 \u00a0 <a href=\"mailto:bone.veronika@public.semmelweis-univ.hu\">bone.veronika@semmelweis.hu<\/a> V\u00e9gzetts\u00e9gek szociol\u00f3gus Doktori fokozat szociol\u00f3giai tudom\u00e1nyok (2020) Publik\u00e1ci\u00f3s lista\u00a0\u00a0 <a href=\"https:\/\/m2.mtmt.hu\/gui2\/?type=authors&amp;mode=browse&amp;sel=10044190\">Magyar Tudom\u00e1nyos M\u0171vek T\u00e1ra<\/a> (azonos\u00edt\u00f3: 10044190) Researchgate, ORCID: <a href=\"https:\/\/m2.mtmt.hu\/api\/author\/10044190\">0000-0001-6300-7726, U-3367-2017<\/a> T\u00e1rsas\u00e1gi,\u00a0egyes\u00fcleti tags\u00e1gok Szoptat\u00e1st T\u00e1mogat\u00f3 Nemzeti Bizotts\u00e1g, tudom\u00e1nyos munkacsoport vezet\u0151 Szakmai \u00e9rdekl\u0151d\u00e9s,kutat\u00e1si ter\u00fcletek eg\u00e9szs\u00e9gszociol\u00f3gia, csal\u00e1dtudom\u00e1ny\u00a0 Aktu\u00e1lis kutat\u00e1sok\u00a0\u00a0 Nagysz\u00fcl\u0151i t\u00e1mogat\u00e1s \u00e9s gyermekv\u00e1llal\u00e1s; \u00d6negy\u00fctt\u00e9rz\u00e9s seg\u00edt\u0151 foglalkoz\u00e1s\u00faak k\u00f6r\u00e9ben; Bababar\u00e1t K\u00f3rh\u00e1z felm\u00e9r\u00e9s; Seg\u00edt\u0151 kapcsolat hat\u00e1svizsg\u00e1lat Egy\u00e9b szakmai &hellip;<\/p>\n","protected":false},"author":101790,"featured_media":0,"parent":19,"menu_order":8,"comment_status":"closed","ping_status":"closed","template":"","meta":{"_acf_changed":false,"footnotes":""},"categories":[],"tags":[],"class_list":["post-3130","page","type-page","status-publish","hentry"],"acf":[],"_links":{"self":[{"href":"https:\/\/semmelweis.hu\/mental\/wp-json\/wp\/v2\/pages\/3130","targetHints":{"allow":["GET"]}}],"collection":[{"href":"https:\/\/semmelweis.hu\/mental\/wp-json\/wp\/v2\/pages"}],"about":[{"href":"https:\/\/semmelweis.hu\/mental\/wp-json\/wp\/v2\/types\/page"}],"author":[{"embeddable":true,"href":"https:\/\/semmelweis.hu\/mental\/wp-json\/wp\/v2\/users\/101790"}],"replies":[{"embeddable":true,"href":"https:\/\/semmelweis.hu\/mental\/wp-json\/wp\/v2\/comments?post=3130"}],"version-history":[{"count":10,"href":"https:\/\/semmelweis.hu\/mental\/wp-json\/wp\/v2\/pages\/3130\/revisions"}],"predecessor-version":[{"id":6547,"href":"https:\/\/semmelweis.hu\/mental\/wp-json\/wp\/v2\/pages\/3130\/revisions\/6547"}],"up":[{"embeddable":true,"href":"https:\/\/semmelweis.hu\/mental\/wp-json\/wp\/v2\/pages\/19"}],"wp:attachment":[{"href":"https:\/\/semmelweis.hu\/mental\/wp-json\/wp\/v2\/media?parent=3130"}],"wp:term":[{"taxonomy":"category","embeddable":true,"href":"https:\/\/semmelweis.hu\/mental\/wp-json\/wp\/v2\/categories?post=3130"},{"taxonomy":"post_tag","embeddable":true,"href":"https:\/\/semmelweis.hu\/mental\/wp-json\/wp\/v2\/tags?post=3130"}],"curies":[{"name":"wp","href":"https:\/\/api.w.org\/{rel}","templated":true}]}}