{"id":3117,"date":"2019-03-13T08:47:11","date_gmt":"2019-03-13T07:47:11","guid":{"rendered":"http:\/\/semmelweis.hu\/mental\/?page_id=3117"},"modified":"2024-10-09T16:42:17","modified_gmt":"2024-10-09T14:42:17","slug":"prof-dr-tomcsanyi-teodora","status":"publish","type":"page","link":"https:\/\/semmelweis.hu\/mental\/az-intezet\/munkatarsak\/prof-dr-tomcsanyi-teodora\/","title":{"rendered":"Prof. Dr. Tomcs\u00e1nyi Teod\u00f3ra"},"content":{"rendered":"<figure id=\"attachment_433\" aria-describedby=\"caption-attachment-433\" style=\"width: 150px\" class=\"wp-caption alignnone\"><a href=\"https:\/\/semmelweis.hu\/mental\/files\/2018\/06\/Dra.jpg\"><img loading=\"lazy\" decoding=\"async\" class=\"wp-image-433 size-thumbnail\" src=\"https:\/\/semmelweis.hu\/mental\/files\/2018\/06\/Dra-150x150.jpg\" alt=\"\" width=\"150\" height=\"150\" \/><\/a><figcaption id=\"caption-attachment-433\" class=\"wp-caption-text\">Prof. Dr. Tomcs\u00e1nyi Teod\u00f3ra<\/figcaption><\/figure>\n<table border=\"0\" width=\"100%\" cellspacing=\"5\" cellpadding=\"5\" align=\"center\">\n<tbody>\n<tr>\n<td style=\"width: 154px\">\n<p><strong>Beoszt\u00e1s<\/strong><\/p>\n<\/td>\n<td style=\"width: 666px\">\n<p>egyetemi tan\u00e1r<\/p>\n<\/td>\n<\/tr>\n<tr>\n<td style=\"width: 154px\"><span class=\"Apple-style-span\"><strong>Egyetemi mell\u00e9k:<\/strong><\/span><\/td>\n<td style=\"width: 666px\">06-1-459-1500 \/ <strong>56571<\/strong><\/td>\n<\/tr>\n<tr>\n<td style=\"width: 154px\"><strong>E-mail:<\/strong>\u00a0<\/td>\n<td style=\"width: 666px\"><span id=\"cloak4421\"><a href=\"mailto:tomcsanyi.teodora@public.semmelweis-univ.hu\">tomcsanyi.teodora@public.semmelweis-univ.hu<\/a><\/span><\/td>\n<\/tr>\n<tr>\n<td style=\"width: 154px\"><strong>V\u00e9gzetts\u00e9gek<\/strong><\/td>\n<td style=\"width: 666px\">\n<p>klinikai pszichol\u00f3gus<br \/>biol\u00f3gia tan\u00e1r\u00a0<br \/>klinikai szakpszichol\u00f3gus<br \/>ment\u00e1lhigi\u00e9n\u00e9s szakember<br \/>pszichoterapeuta (eur\u00f3pai pszichoterapeuta diploma)<br \/>pszichoanalitikus (IPA)<br \/>csoportanalitikus (Magyar Csoportanalitikus Egyes\u00fclet)<br \/>pszichodr\u00e1ma pszichoterapeuta (\u00dcberlingeni Moreno Int\u00e9zet)\u00a0<br \/>pszichodr\u00e1ma kik\u00e9pz\u0151 \u00e9s szuperv\u00edzor (Magyar Pszichodr\u00e1ma Egyes\u00fclet)<br \/>kik\u00e9pz\u0151 csal\u00e1dterapeuta (B\u00e9csi \u00c9rseks\u00e9g Csal\u00e1dter\u00e1pi\u00e1s Int\u00e9zete, Magyar Csal\u00e1dter\u00e1pi\u00e1s Egyes\u00fclet)<\/p>\n<\/td>\n<\/tr>\n<tr>\n<td style=\"width: 154px\"><strong>Doktori fokozat<\/strong><\/td>\n<td style=\"width: 666px\">\n<p>a pszichol\u00f3giai tudom\u00e1nyok kandid\u00e1tusa (CSc)<br \/>habilit\u00e1ci\u00f3: pedag\u00f3gia<\/p>\n<\/td>\n<\/tr>\n<tr>\n<td style=\"width: 154px\"><strong>Publik\u00e1ci\u00f3s lista<\/strong>\u00a0\u00a0<\/td>\n<td style=\"width: 666px\"><a href=\"http:\/\/vm.mtmt.hu\/\/search\/slist.php?lang=0&amp;AuthorID=10002033\" target=\"_blank\" rel=\"noopener noreferrer\">Magyar Tudom\u00e1nyos M\u0171vek T\u00e1ra<\/a><\/td>\n<\/tr>\n<tr>\n<td style=\"width: 154px\"><strong>T\u00e1rsas\u00e1gi,\u00a0<br \/>egyes\u00fcleti tags\u00e1gok<\/strong><\/td>\n<td style=\"width: 666px\">\n<p>Magyar Pszichodr\u00e1ma Egyes\u00fclet\u00a0<br \/>Magyar Csal\u00e1dter\u00e1pi\u00e1s Egyes\u00fclet<br \/>Magyar P\u00e1sztor\u00e1lpszichol\u00f3giai Egyes\u00fclet<\/p>\n<\/td>\n<\/tr>\n<tr>\n<td style=\"width: 154px\"><strong>Szakmai \u00e9rdekl\u0151d\u00e9s,<br \/>kutat\u00e1si ter\u00fcletek<\/strong><\/td>\n<td style=\"width: 666px\">\n<p>ment\u00e1lhigi\u00e9n\u00e9 \u00e9s t\u00f6rt\u00e9nelmi m\u00falt (diktat\u00fara)<br \/>interkultur\u00e1lis sz\u00e9gyen-b\u0171ntudat kutat\u00e1s<br \/>feln\u0151ttk\u00e9pz\u00e9sek hat\u00e9konys\u00e1ga<br \/>autorit\u00e1s kutat\u00e1s<br \/>spiritualit\u00e1s \u00e9s t\u00e1rsadalom<br \/>pszichoterapeut\u00e1k \u00e9s spiritualit\u00e1s<br \/>1969-1983: Orvostov\u00e1bbk\u00e9pz\u0151 Int\u00e9zet, a Csepeli Ment\u00e1lhigi\u00e9n\u00e9s Int\u00e9zet, majd az Orsz\u00e1gos Ideg-\u00e9s Elmegy\u00f3gy\u00e1szati Int\u00e9zet klinikai szakpszichol\u00f3gusa, pszichoterapeut\u00e1ja<br \/>1987-1995: Vezet\u0151k\u00e9pz\u0151 Int\u00e9zet, a H\u00cdD Egyh\u00e1zi-Tan\u00e1csi Csal\u00e1dsegit\u0151 K\u00f6zpont \u00e9s a Nemzeti Eg\u00e9szs\u00e9gv\u00e9delmi Int\u00e9zet klinikai szakpszichol\u00f3gusa, pszichoterapeut\u00e1ja<br \/>Folyamatos pszichoter\u00e1pi\u00e1s tev\u00e9kenys\u00e9g (egy\u00e9ni, csal\u00e1d)<br \/>1987-t\u0151l: a SE Ment\u00e1lhigi\u00e9n\u00e9 Int\u00e9zete \u00e9s jogel\u0151dje a Magyar Testnevel\u00e9si Egyetem keret\u00e9ben foly\u00f3 ment\u00e1lhigi\u00e9n\u00e9s szakir\u00e1ny\u00fa tov\u00e1bbk\u00e9pz\u00e9s, lelkigondoz\u00f3 szakir\u00e1ny\u00fa tov\u00e1bbk\u00e9pz\u00e9s, szoci\u00e1lis mesterk\u00e9pz\u00e9s kidolgoz\u00e1sa, a l\u00e9lektani \u00e9s pszichoter\u00e1pi\u00e1s st\u00fadiumok oktat\u00e1sa\u00a0<br \/>2001-t\u0151l: a SE Doktori Iskol\u00e1j\u00e1nak t\u00e9mavezet\u0151je, t\u00f6rzstagja<br \/>2006-t\u00f3l: a European Journal of Mental Health c\u00edm\u0171 foly\u00f3irat alap\u00edt\u00e1sa, f\u0151szerkeszt\u0151i feladatok ell\u00e1t\u00e1sa www.ejmh.eu<\/p>\n<\/td>\n<\/tr>\n<tr>\n<td style=\"width: 154px\"><strong>Aktu\u00e1lis kutat\u00e1sok<\/strong>\u00a0\u00a0<\/td>\n<td style=\"width: 666px\">Spiritualit\u00e1s a seg\u00edt\u0151 foglalkoz\u00e1s\u00faak k\u00f6r\u00e9ben<\/td>\n<\/tr>\n<\/tbody>\n<\/table>\n","protected":false},"excerpt":{"rendered":"<p>Beoszt\u00e1s egyetemi tan\u00e1r Egyetemi mell\u00e9k: 06-1-459-1500 \/ 56571 E-mail:\u00a0 <a href=\"mailto:tomcsanyi.teodora@public.semmelweis-univ.hu\">tomcsanyi.teodora@public.semmelweis-univ.hu<\/a> V\u00e9gzetts\u00e9gek klinikai pszichol\u00f3gusbiol\u00f3gia tan\u00e1r\u00a0klinikai szakpszichol\u00f3gusment\u00e1lhigi\u00e9n\u00e9s szakemberpszichoterapeuta (eur\u00f3pai pszichoterapeuta diploma)pszichoanalitikus (IPA)csoportanalitikus (Magyar Csoportanalitikus Egyes\u00fclet)pszichodr\u00e1ma pszichoterapeuta (\u00dcberlingeni Moreno Int\u00e9zet)\u00a0pszichodr\u00e1ma kik\u00e9pz\u0151 \u00e9s szuperv\u00edzor (Magyar Pszichodr\u00e1ma Egyes\u00fclet)kik\u00e9pz\u0151 csal\u00e1dterapeuta (B\u00e9csi \u00c9rseks\u00e9g Csal\u00e1dter\u00e1pi\u00e1s Int\u00e9zete, Magyar Csal\u00e1dter\u00e1pi\u00e1s Egyes\u00fclet) Doktori fokozat a pszichol\u00f3giai tudom\u00e1nyok kandid\u00e1tusa (CSc)habilit\u00e1ci\u00f3: pedag\u00f3gia Publik\u00e1ci\u00f3s lista\u00a0\u00a0 <a href=\"http:\/\/vm.mtmt.hu\/\/search\/slist.php?lang=0&amp;AuthorID=10002033\" target=\"_blank\" rel=\"noopener noreferrer\">Magyar Tudom\u00e1nyos M\u0171vek T\u00e1ra<\/a> T\u00e1rsas\u00e1gi,\u00a0egyes\u00fcleti tags\u00e1gok Magyar Pszichodr\u00e1ma Egyes\u00fclet\u00a0Magyar &hellip;<\/p>\n","protected":false},"author":101790,"featured_media":0,"parent":19,"menu_order":0,"comment_status":"closed","ping_status":"closed","template":"","meta":{"_acf_changed":false,"footnotes":""},"categories":[],"tags":[],"class_list":["post-3117","page","type-page","status-publish","hentry"],"acf":[],"_links":{"self":[{"href":"https:\/\/semmelweis.hu\/mental\/wp-json\/wp\/v2\/pages\/3117","targetHints":{"allow":["GET"]}}],"collection":[{"href":"https:\/\/semmelweis.hu\/mental\/wp-json\/wp\/v2\/pages"}],"about":[{"href":"https:\/\/semmelweis.hu\/mental\/wp-json\/wp\/v2\/types\/page"}],"author":[{"embeddable":true,"href":"https:\/\/semmelweis.hu\/mental\/wp-json\/wp\/v2\/users\/101790"}],"replies":[{"embeddable":true,"href":"https:\/\/semmelweis.hu\/mental\/wp-json\/wp\/v2\/comments?post=3117"}],"version-history":[{"count":7,"href":"https:\/\/semmelweis.hu\/mental\/wp-json\/wp\/v2\/pages\/3117\/revisions"}],"predecessor-version":[{"id":4959,"href":"https:\/\/semmelweis.hu\/mental\/wp-json\/wp\/v2\/pages\/3117\/revisions\/4959"}],"up":[{"embeddable":true,"href":"https:\/\/semmelweis.hu\/mental\/wp-json\/wp\/v2\/pages\/19"}],"wp:attachment":[{"href":"https:\/\/semmelweis.hu\/mental\/wp-json\/wp\/v2\/media?parent=3117"}],"wp:term":[{"taxonomy":"category","embeddable":true,"href":"https:\/\/semmelweis.hu\/mental\/wp-json\/wp\/v2\/categories?post=3117"},{"taxonomy":"post_tag","embeddable":true,"href":"https:\/\/semmelweis.hu\/mental\/wp-json\/wp\/v2\/tags?post=3117"}],"curies":[{"name":"wp","href":"https:\/\/api.w.org\/{rel}","templated":true}]}}