{"id":3102,"date":"2019-03-13T08:26:34","date_gmt":"2019-03-13T07:26:34","guid":{"rendered":"http:\/\/semmelweis.hu\/mental\/?page_id=3102"},"modified":"2024-10-09T16:40:24","modified_gmt":"2024-10-09T14:40:24","slug":"dr-torok-gabor","status":"publish","type":"page","link":"https:\/\/semmelweis.hu\/mental\/az-intezet\/munkatarsak\/dr-torok-gabor\/","title":{"rendered":"Dr. T\u00f6r\u00f6k G\u00e1bor"},"content":{"rendered":"<figure id=\"attachment_605\" aria-describedby=\"caption-attachment-605\" style=\"width: 150px\" class=\"wp-caption alignnone\"><a href=\"https:\/\/semmelweis.hu\/mental\/files\/2018\/06\/Trk-Gbor2.jpg\"><img loading=\"lazy\" decoding=\"async\" class=\"wp-image-605 size-thumbnail\" src=\"https:\/\/semmelweis.hu\/mental\/files\/2018\/06\/Trk-Gbor2-150x150.jpg\" alt=\"\" width=\"150\" height=\"150\" \/><\/a><figcaption id=\"caption-attachment-605\" class=\"wp-caption-text\">Dr. T\u00f6r\u00f6k G\u00e1bor<\/figcaption><\/figure>\n<table style=\"width: 100%;height: 1451px\" border=\"0\" width=\"100%\" cellspacing=\"5\" cellpadding=\"5\" align=\"center\">\n<tbody>\n<tr style=\"height: 51px\">\n<td style=\"width: 27.3305%;height: 51px\">\n<p><strong>Beoszt\u00e1s<\/strong><\/p>\n<\/td>\n<td style=\"width: 72.4576%;height: 51px\">\n<p>egyetemi adjunktus, \u00e1ltal\u00e1nos igazgat\u00f3helyettes<\/p>\n<\/td>\n<\/tr>\n<tr style=\"height: 91px\">\n<td style=\"width: 27.3305%;height: 52px\"><strong>Telefon:<\/strong><\/td>\n<td style=\"width: 72.4576%;height: 52px\">06-20-660-389<\/td>\n<\/tr>\n<tr style=\"height: 59px\">\n<td style=\"width: 27.3305%;height: 59px\"><span class=\"Apple-style-span\"><strong>Egyetemi mell\u00e9k:<\/strong><\/span><\/td>\n<td style=\"width: 72.4576%;height: 59px\">06-1-459-1500 \/ <strong>56532<\/strong><\/td>\n<\/tr>\n<tr style=\"height: 35px\">\n<td style=\"width: 27.3305%;height: 35px\"><strong>E-mail:<\/strong>\u00a0<\/td>\n<td style=\"width: 72.4576%;height: 35px\">torok.gabor@semmelweis.hu<\/td>\n<\/tr>\n<tr style=\"height: 267px\">\n<td style=\"width: 27.3305%;height: 267px\"><strong>V\u00e9gzetts\u00e9gek<\/strong><\/td>\n<td style=\"width: 72.4576%;height: 267px\">\n<p>Katolikus hittan\u00e1r (P\u00e1zm\u00e1ny P\u00e9ter Katolikus Egyetem, 1998)<\/p>\n<p>Magyar nyelv \u00e9s irodalom szakos b\u00f6lcs\u00e9sz tan\u00e1r (E\u00f6tv\u00f6s Lor\u00e1nd Tudom\u00e1nyegyetem, 2002)<\/p>\n<p>Ifj\u00fas\u00e1gi \u00e9s sport lelkigondoz\u00f3 szakir\u00e1ny\u00fa v\u00e9gzetts\u00e9g (Semmelweis Egyetem, 2008)<\/p>\n<p>Pszichodr\u00e1ma vezet\u0151 (Magyar Pszichodr\u00e1ma Egyes\u00fclet, 2011)<\/p>\n<\/td>\n<\/tr>\n<tr style=\"height: 75px\">\n<td style=\"width: 27.3305%;height: 75px\"><strong>Doktori fokozat<\/strong><\/td>\n<td style=\"width: 72.4576%;height: 75px\">\n<p>PhD, Szociol\u00f3gia, 2014 (Semmelweis Egyetem, Ment\u00e1lis Eg\u00e9szs\u00e9gtudom\u00e1nyok Doktori Iskola)<\/p>\n<\/td>\n<\/tr>\n<tr style=\"height: 91px\">\n<td style=\"width: 27.3305%;height: 91px\"><strong>Publik\u00e1ci\u00f3s lista<\/strong>\u00a0\u00a0<\/td>\n<td style=\"width: 72.4576%;height: 91px\">\n<p><a href=\"https:\/\/vm.mtmt.hu\/search\/slist.php?AuthorID=10022683%20%20\" target=\"_blank\" rel=\"noopener noreferrer\">Magyar Tudom\u00e1nyos M\u0171vek T\u00e1ra<\/a><\/p>\n<p>MTMT azonos\u00edt\u00f3: 10022683<\/p>\n<\/td>\n<\/tr>\n<tr style=\"height: 51px\">\n<td style=\"width: 27.3305%;height: 51px\"><strong>ORCID<\/strong><\/td>\n<td style=\"width: 72.4576%;height: 51px\">\n<p>0000-0001-8512-6320<\/p>\n<\/td>\n<\/tr>\n<tr style=\"height: 91px\">\n<td style=\"width: 27.3305%;height: 91px\"><strong>T\u00e1rsas\u00e1gi,\u00a0<br \/>egyes\u00fcleti tags\u00e1gok<\/strong><\/td>\n<td style=\"width: 72.4576%;height: 91px\">\n<p>Magyar P\u00e1sztor\u00e1lpszichol\u00f3giai T\u00e1rsas\u00e1g (eln\u00f6k)<\/p>\n<p>Magyar Pszichodr\u00e1ma Egyes\u00fclet (tag)<\/p>\n<\/td>\n<\/tr>\n<tr style=\"height: 123px\">\n<td style=\"width: 27.3305%;height: 123px\"><strong>Szakmai \u00e9rdekl\u0151d\u00e9s,<br \/>kutat\u00e1si ter\u00fcletek<\/strong><\/td>\n<td style=\"width: 72.4576%;height: 123px\">\n<p>Lelkigondoz\u00e1s, seg\u00edt\u0151 kapcsolatok, pszichodr\u00e1ma, seg\u00edt\u0151 szakemberek j\u00f3ll\u00e9te, hat\u00e1s- \u00e9s eredm\u00e9nyess\u00e9gvizsg\u00e1latok a seg\u00edt\u0151 tev\u00e9kenys\u00e9gekben \u00e9s oktat\u00e1sban.\u00a0\u00a0<\/p>\n<\/td>\n<\/tr>\n<tr style=\"height: 251px\">\n<td style=\"width: 27.3305%;height: 251px\"><strong>Aktu\u00e1lis kutat\u00e1sok<\/strong>\u00a0\u00a0<\/td>\n<td style=\"width: 72.4576%;height: 251px\">\n<p>Ment\u00e1lhigi\u00e9n\u00e9s seg\u00edt\u0151 kapcsolatok hat\u00e1svizsg\u00e1lata\u00a0<\/p>\n<p>Seg\u00edt\u0151 szakemberek j\u00f3ll\u00e9t\u00e9nek \u00e9s megv\u00e1ltozott \u00e9lethelyzet\u00e9nek vizsg\u00e1lata a magyarorsz\u00e1gi COVID-19 j\u00e1rv\u00e1nyban<\/p>\n<\/td>\n<\/tr>\n<tr style=\"height: 219px\">\n<td style=\"width: 27.3305%;height: 219px\"><strong>Egy\u00e9b szakmai \u00e9rdekl\u0151d\u00e9s<\/strong><\/td>\n<td style=\"width: 72.4576%;height: 219px\">\n<p>Pszichodr\u00e1ma alkalmaz\u00e1sa egy\u00e9ni settingben,<\/p>\n<p>\u00d6nismeret \u00e9s spiritualit\u00e1s\u00a0<\/p>\n<p>Embert\u00e1rs ment\u00e1lhigi\u00e9n\u00e9s \u00e9s lelkigondoz\u00f3 szakfoly\u00f3irat, szerkeszt\u0151bizotts\u00e1gi tag<\/p>\n<p>Lelkigondoz\u00f3i kisk\u00f6nyvt\u00e1r sorozat sorozatszerkeszt\u0151<\/p>\n<\/td>\n<\/tr>\n<tr style=\"height: 51px\">\n<td style=\"width: 27.3305%;height: 51px\"><strong>Legfontosabb publik\u00e1ci\u00f3k<\/strong><\/td>\n<td style=\"width: 72.4576%;height: 51px\">\n<p>T\u00f6r\u00f6k, G\u00e1bor P\u00e1l; Marlok, Zsuzsa; Martos, Tam\u00e1s (2016) Lehets\u00e9ges-e az \u00f6nszuperv\u00edzi\u00f3?: Az \u00f6nszuperv\u00edzi\u00f3 m\u00f3dszer\u00e9nek \u00e9s seg\u00edt\u0151k k\u00f6r\u00e9ben v\u00e9gzett hat\u00e9konys\u00e1gvizsg\u00e1lat\u00e1nak bemutat\u00e1sa, PSZICHOTER\u00c1PIA 25 : 3 pp. 211-221. , 11 p.<\/p>\n<p>T\u00f6r\u00f6k, G\u00e1bor P\u00e1l; Tomcs\u00e1nyi, Teod\u00f3ra.; Ittz\u00e9s, Andr\u00e1s; Martos, Tam\u00e1s; Semsey, G\u00e1bor.; Szab\u00f3, T\u00fcnde; Tes\u00e9nyi, T\u00edmea. (2011): Ein \u00f6kumenisches Modell der Weiterbildung in Seelsorge: Geschichte und Ergebnisse der Evaluationsforschung der Weiterbildung, , EJMH Vol 7 Issue 1, 24\u201356;<\/p>\n<p>Tomcs\u00e1nyi, Teod\u00f3ra ; T\u00f6r\u00f6k, G\u00e1bor P\u00e1l ; Cs\u00e1ky-Pallavicini, Roger ; Ittz\u00e9s, Andr\u00e1s ; Sallay, Viola; Martos, Tam\u00e1s; T\u00f6r\u00f6k, P\u00e9ter; Ittz\u00e9s, G\u00e1bor (2013) An Ecumenical, Interdisciplinary, and Integrating Specialization Program in Pastoral Counseling in East Central Europe. In: JOURNAL OF PSYCHOLOGY AND THEOLOGY 41 : 1 pp. 62-77. , 16 p. (2013)<\/p>\n<\/td>\n<\/tr>\n<\/tbody>\n<\/table>\n","protected":false},"excerpt":{"rendered":"<p>Beoszt\u00e1s egyetemi adjunktus, \u00e1ltal\u00e1nos igazgat\u00f3helyettes Telefon: 06-20-660-389 Egyetemi mell\u00e9k: 06-1-459-1500 \/ 56532 E-mail:\u00a0 torok.gabor@semmelweis.hu V\u00e9gzetts\u00e9gek Katolikus hittan\u00e1r (P\u00e1zm\u00e1ny P\u00e9ter Katolikus Egyetem, 1998) Magyar nyelv \u00e9s irodalom szakos b\u00f6lcs\u00e9sz tan\u00e1r (E\u00f6tv\u00f6s Lor\u00e1nd Tudom\u00e1nyegyetem, 2002) Ifj\u00fas\u00e1gi \u00e9s sport lelkigondoz\u00f3 szakir\u00e1ny\u00fa v\u00e9gzetts\u00e9g (Semmelweis Egyetem, 2008) Pszichodr\u00e1ma vezet\u0151 (Magyar Pszichodr\u00e1ma Egyes\u00fclet, 2011) Doktori fokozat PhD, Szociol\u00f3gia, 2014 (Semmelweis Egyetem, &hellip;<\/p>\n","protected":false},"author":101790,"featured_media":0,"parent":19,"menu_order":0,"comment_status":"closed","ping_status":"closed","template":"","meta":{"_acf_changed":false,"footnotes":""},"categories":[],"tags":[],"class_list":["post-3102","page","type-page","status-publish","hentry"],"acf":[],"_links":{"self":[{"href":"https:\/\/semmelweis.hu\/mental\/wp-json\/wp\/v2\/pages\/3102","targetHints":{"allow":["GET"]}}],"collection":[{"href":"https:\/\/semmelweis.hu\/mental\/wp-json\/wp\/v2\/pages"}],"about":[{"href":"https:\/\/semmelweis.hu\/mental\/wp-json\/wp\/v2\/types\/page"}],"author":[{"embeddable":true,"href":"https:\/\/semmelweis.hu\/mental\/wp-json\/wp\/v2\/users\/101790"}],"replies":[{"embeddable":true,"href":"https:\/\/semmelweis.hu\/mental\/wp-json\/wp\/v2\/comments?post=3102"}],"version-history":[{"count":11,"href":"https:\/\/semmelweis.hu\/mental\/wp-json\/wp\/v2\/pages\/3102\/revisions"}],"predecessor-version":[{"id":6466,"href":"https:\/\/semmelweis.hu\/mental\/wp-json\/wp\/v2\/pages\/3102\/revisions\/6466"}],"up":[{"embeddable":true,"href":"https:\/\/semmelweis.hu\/mental\/wp-json\/wp\/v2\/pages\/19"}],"wp:attachment":[{"href":"https:\/\/semmelweis.hu\/mental\/wp-json\/wp\/v2\/media?parent=3102"}],"wp:term":[{"taxonomy":"category","embeddable":true,"href":"https:\/\/semmelweis.hu\/mental\/wp-json\/wp\/v2\/categories?post=3102"},{"taxonomy":"post_tag","embeddable":true,"href":"https:\/\/semmelweis.hu\/mental\/wp-json\/wp\/v2\/tags?post=3102"}],"curies":[{"name":"wp","href":"https:\/\/api.w.org\/{rel}","templated":true}]}}