{"id":3094,"date":"2019-03-12T15:51:19","date_gmt":"2019-03-12T14:51:19","guid":{"rendered":"http:\/\/semmelweis.hu\/mental\/?page_id=3094"},"modified":"2024-10-09T16:37:32","modified_gmt":"2024-10-09T14:37:32","slug":"dr-pethesne-david-beata-phd-habil","status":"publish","type":"page","link":"https:\/\/semmelweis.hu\/mental\/az-intezet\/munkatarsak\/dr-pethesne-david-beata-phd-habil\/","title":{"rendered":"Prof. Dr. Pethesn\u00e9 D\u00e1vid Be\u00e1ta PhD habil."},"content":{"rendered":"<figure id=\"attachment_2510\" aria-describedby=\"caption-attachment-2510\" style=\"width: 150px\" class=\"wp-caption alignnone\"><a href=\"https:\/\/semmelweis.hu\/mental\/files\/2018\/06\/Bea_k-2.jpg\"><img loading=\"lazy\" decoding=\"async\" class=\"wp-image-2510 size-thumbnail\" src=\"https:\/\/semmelweis.hu\/mental\/files\/2018\/06\/Bea_k-2-150x150.jpg\" alt=\"\" width=\"150\" height=\"150\" \/><\/a><figcaption id=\"caption-attachment-2510\" class=\"wp-caption-text\">Dr. Pethesn\u00e9 D\u00e1vid Be\u00e1ta PhD habil.<\/figcaption><\/figure>\n<table style=\"width: 100%;height: 983px\" border=\"0\" width=\"100%\" cellspacing=\"5\" cellpadding=\"5\" align=\"center\">\n<tbody>\n<tr style=\"height: 61px\">\n<td style=\"width: 22.4117%;height: 61px\">\n<p><strong>Beoszt\u00e1s<\/strong><\/p>\n<\/td>\n<td style=\"width: 77.4665%;height: 61px\">egyetemi tan\u00e1r, igazgat\u00f3<\/td>\n<\/tr>\n<tr style=\"height: 41px\">\n<td style=\"width: 22.4117%;height: 41px\"><strong>Telefon:<\/strong><\/td>\n<td style=\"width: 77.4665%;height: 41px\">06-1-266-0878<\/td>\n<\/tr>\n<tr style=\"height: 41px\">\n<td style=\"width: 22.4117%;height: 41px\"><strong>Fax:<\/strong><\/td>\n<td style=\"width: 77.4665%;height: 41px\">06-1-214-5685<\/td>\n<\/tr>\n<tr style=\"height: 41px\">\n<td style=\"width: 22.4117%;height: 41px\"><span class=\"Apple-style-span\"><strong>Egyetemi mell\u00e9k:<\/strong><\/span><\/td>\n<td style=\"width: 77.4665%;height: 41px\">06-1-459-1500 \/ <strong>56524<\/strong><\/td>\n<\/tr>\n<tr style=\"height: 41px\">\n<td style=\"width: 22.4117%;height: 41px\"><strong>E-mail:<\/strong>\u00a0<\/td>\n<td style=\"width: 77.4665%;height: 41px\">david.bea@semmelweis.hu<\/td>\n<\/tr>\n<tr style=\"height: 61px\">\n<td style=\"width: 22.4117%;height: 61px\"><strong>V\u00e9gzetts\u00e9gek<\/strong><\/td>\n<td style=\"width: 77.4665%;height: 61px\">\n<p>szociol\u00f3gus, angol nyelv \u00e9s irodalom szakos tan\u00e1r (MA)\u00a0ELTE-BTK (1992)<\/p>\n<\/td>\n<\/tr>\n<tr style=\"height: 41px\">\n<td style=\"width: 22.4117%;height: 41px\"><strong>Doktori fokozat<\/strong><\/td>\n<td style=\"width: 77.4665%;height: 41px\">PhD, szociol\u00f3gia, Budapest (1999)<\/td>\n<\/tr>\n<tr style=\"height: 61px\">\n<td style=\"width: 22.4117%;height: 61px\"><strong>Publik\u00e1ci\u00f3s lista<\/strong>\u00a0\u00a0<\/td>\n<td style=\"width: 77.4665%;height: 61px\">\n<p><a href=\"http:\/\/vm.mtmt.hu\/\/search\/slist.php?lang=0&amp;AuthorID=10010937\" target=\"_blank\" rel=\"noopener noreferrer\">Magyar Tudom\u00e1nyos M\u0171vek T\u00e1ra<\/a><\/p>\n<\/td>\n<\/tr>\n<tr style=\"height: 111px\">\n<td style=\"width: 22.4117%;height: 111px\"><strong>Researchgate, ORCID<\/strong><\/td>\n<td style=\"width: 77.4665%;height: 111px\">\n<p>https:\/\/www.researchgate.net\/profile\/Beata-David<\/p>\n<p>ORCID: 0000-0003-2807-8726\u00a0<\/p>\n<\/td>\n<\/tr>\n<tr style=\"height: 91px\">\n<td style=\"width: 22.4117%;height: 91px\"><strong>T\u00e1rsas\u00e1gi,\u00a0<br \/>egyes\u00fcleti tags\u00e1gok<\/strong><\/td>\n<td style=\"width: 77.4665%;height: 91px\">\n<p>Otthon Seg\u00edt\u00fcnk Alap\u00edtv\u00e1ny &#8211; kurat\u00f3riumi tag<br \/>Hunnet \u2013 magyar kapcsolath\u00e1l\u00f3zat elemz\u0151k t\u00e1rsas\u00e1ga &#8211; eln\u00f6k<\/p>\n<\/td>\n<\/tr>\n<tr style=\"height: 111px\">\n<td style=\"width: 22.4117%;height: 111px\"><strong>Szakmai \u00e9rdekl\u0151d\u00e9s,<br \/>kutat\u00e1si ter\u00fcletek<\/strong><\/td>\n<td style=\"width: 77.4665%;height: 111px\">\n<p>Szem\u00e9lyes \u00e9s int\u00e9zm\u00e9nyi kapcsolath\u00e1l\u00f3zat: kapcsolati napl\u00f3 m\u00f3dszer<\/p>\n<p>Csal\u00e1dszociol\u00f3gia; eg\u00e9szs\u00e9gszociol\u00f3gia<\/p>\n<\/td>\n<\/tr>\n<tr style=\"height: 211px\">\n<td style=\"width: 22.4117%;height: 211px\"><strong>Aktu\u00e1lis kutat\u00e1sok<\/strong>\u00a0\u00a0<\/td>\n<td style=\"width: 77.4665%;height: 211px\">\n<p>COVID -19 hat\u00e1sa a t\u00e1rsas kapcsolatokra<\/p>\n<p>Roma szakkoll\u00e9gium \u00e9s alumni ut\u00e1nk\u00f6vet\u00e9s;<\/p>\n<p>Bar\u00e1ts\u00e1g &#8211; jelent\u00e9se \u00e9s min\u0151s\u00e9ge;<\/p>\n<p>Kisgyerekes csal\u00e1dok helyzete \u00e9s seg\u00edt\u00e9se &#8211; nemzetk\u00f6zi \u00f6sszehasonl\u00edt\u00e1s<\/p>\n<\/td>\n<\/tr>\n<tr style=\"height: 71px\">\n<td style=\"width: 22.4117%;height: 71px\"><strong>Egy\u00e9b szakmai \u00e9rdekl\u0151d\u00e9s<\/strong><\/td>\n<td style=\"width: 77.4665%;height: 71px\">\n<p>Kohorsz18 szak\u00e9rt\u0151;<\/p>\n<p>KINCS Csal\u00e1dtudom\u00e1nyi Szakmai Koll\u00e9gium &#8211; tag<\/p>\n<\/td>\n<\/tr>\n<tr>\n<td style=\"width: 22.4117%\" rowspan=\"10\"><strong>Legfontosabb publik\u00e1ci\u00f3k<\/strong><\/td>\n<td style=\"width: 77.4665%\" rowspan=\"10\" width=\"668\">\n<p>\u00a0Albert Fruzsina, David Beata, Hajdu G\u00e1bor, Huszti \u00c9va (2021) Egocentric Contact Networks of Older Adults: Featuring Quantity, Strength and Function of Ties. SOCIOLOGICAL QUARTERLY online , 20 p.<\/p>\n<p>Albert Fruzsina, Koltai Julia, David Beata (2021) The increasing importance of friends: Changes in core discussion network composition in post-communist Hungary between 1997 \u2013 2015. SOCIAL NETWORKS 66 pp. 139-145. , 7 p.<\/p>\n<p>Albert Fruzsina, D\u00e1vid Be\u00e1ta, T\u00f3th Gergely (2020) H\u00e1ny bar\u00e1tja van \u00d6nnek? : A bar\u00e1tok sz\u00e1m\u00e1nak alakul\u00e1sa h\u00e1rom \u00e9vtized alatt (1986\u20132018). SOCIO.HU : T\u00c1RSADALOMTUDOM\u00c1NYI SZEMLE 10 : 3 pp. 3-30. , 28 p.<\/p>\n<p>\u00c1gnes Luk\u00e1cs J, Be\u00e1ta D\u00e1vid (2019) Roma Undergraduates\u2019 Personal Network in the Process of College Transition. A Social Capital Approach. RESEARCH IN HIGHER EDUCATION 60: 1 pp. 64-82. 19 p<\/p>\n<p>Kmetty Zolt\u00e1n, Tardos R\u00f3bert, Albert Fruzsina, D\u00e1vid Be\u00e1ta (2018) Mapping social milieus and cohesion patterns between 1997 and 2014. Exploiting the potential of the occupational position generator. SOCIAL NETWORKS 55 pp. 116-129., 14 p.<\/p>\n<p>\u00a0D\u00e1vid Beata, Huszti Eva, Barna Ildik\u00f3, Fu Yang-chih (2016) Egocentric contact networks in comparison: Taiwan and Hungary: Taiwan and Hungary. SOCIAL NETWORKS 44 pp. 253-265. , 13 p.<\/p>\n<p>D\u00e1vid Be\u00e1ta, Barna Ildik\u00f3, B\u00f3n\u00e9 Veronika, Heged\u0171s R\u00e9ka, Izs\u00e1k \u00c9va (2016) A rendszerv\u00e1lt\u00e1s csal\u00e1dt\u00f6rt\u00e9netei \u2013 Huszon\u00f6t \u00e9v Budapest \u00e1rny\u00e9k\u00e1ban. Budapest, Magyarorsz\u00e1g : L&#8217;Harmattan Kiad\u00f3, 164 p. ISBN: 9789634141167<\/p>\n<p>Huszti \u00c9, D\u00e1vid B, Vajda K (2013) Strong tie, weak tie and in-betweens: a continuous measure of tie strength based on contact diary datasets. PROCEDIA &#8211; SOCIAL AND BEHAVIORAL SCIENCES 79 : 6 pp. 38-61. , 24 p.<\/p>\n<p>Albert F, D\u00e1vid B (2007) Embert bar\u00e1tj\u00e1r\u00f3l: A bar\u00e1ts\u00e1g szociol\u00f3gi\u00e1ja. Budapest, Magyarorsz\u00e1g\u00a0 Sz\u00e1zadv\u00e9g Kiad\u00f3, 271 p. ISBN: 9789637340291<\/p>\n<p>D\u00e1vid B, Snijders T A B (2002) Estimating the Size of the Homeless Population in Budapest, Hungary QUALITY AND QUANTITY: INTERNATIONAL JOURNAL OF METHODOLOGY 36 : 3 pp. 291-303. , 13 p.<\/p>\n<\/td>\n<\/tr>\n<\/tbody>\n<\/table>\n","protected":false},"excerpt":{"rendered":"<p>Beoszt\u00e1s egyetemi tan\u00e1r, igazgat\u00f3 Telefon: 06-1-266-0878 Fax: 06-1-214-5685 Egyetemi mell\u00e9k: 06-1-459-1500 \/ 56524 E-mail:\u00a0 david.bea@semmelweis.hu V\u00e9gzetts\u00e9gek szociol\u00f3gus, angol nyelv \u00e9s irodalom szakos tan\u00e1r (MA)\u00a0ELTE-BTK (1992) Doktori fokozat PhD, szociol\u00f3gia, Budapest (1999) Publik\u00e1ci\u00f3s lista\u00a0\u00a0 <a href=\"http:\/\/vm.mtmt.hu\/\/search\/slist.php?lang=0&amp;AuthorID=10010937\" target=\"_blank\" rel=\"noopener noreferrer\">Magyar Tudom\u00e1nyos M\u0171vek T\u00e1ra<\/a> Researchgate, ORCID https:\/\/www.researchgate.net\/profile\/Beata-David ORCID: 0000-0003-2807-8726\u00a0 T\u00e1rsas\u00e1gi,\u00a0egyes\u00fcleti tags\u00e1gok Otthon Seg\u00edt\u00fcnk Alap\u00edtv\u00e1ny &#8211; kurat\u00f3riumi tagHunnet \u2013 magyar kapcsolath\u00e1l\u00f3zat elemz\u0151k t\u00e1rsas\u00e1ga &#8211; eln\u00f6k Szakmai \u00e9rdekl\u0151d\u00e9s,kutat\u00e1si &hellip;<\/p>\n","protected":false},"author":101790,"featured_media":0,"parent":19,"menu_order":0,"comment_status":"closed","ping_status":"closed","template":"","meta":{"_acf_changed":false,"footnotes":""},"categories":[],"tags":[],"class_list":["post-3094","page","type-page","status-publish","hentry"],"acf":[],"_links":{"self":[{"href":"https:\/\/semmelweis.hu\/mental\/wp-json\/wp\/v2\/pages\/3094","targetHints":{"allow":["GET"]}}],"collection":[{"href":"https:\/\/semmelweis.hu\/mental\/wp-json\/wp\/v2\/pages"}],"about":[{"href":"https:\/\/semmelweis.hu\/mental\/wp-json\/wp\/v2\/types\/page"}],"author":[{"embeddable":true,"href":"https:\/\/semmelweis.hu\/mental\/wp-json\/wp\/v2\/users\/101790"}],"replies":[{"embeddable":true,"href":"https:\/\/semmelweis.hu\/mental\/wp-json\/wp\/v2\/comments?post=3094"}],"version-history":[{"count":11,"href":"https:\/\/semmelweis.hu\/mental\/wp-json\/wp\/v2\/pages\/3094\/revisions"}],"predecessor-version":[{"id":6537,"href":"https:\/\/semmelweis.hu\/mental\/wp-json\/wp\/v2\/pages\/3094\/revisions\/6537"}],"up":[{"embeddable":true,"href":"https:\/\/semmelweis.hu\/mental\/wp-json\/wp\/v2\/pages\/19"}],"wp:attachment":[{"href":"https:\/\/semmelweis.hu\/mental\/wp-json\/wp\/v2\/media?parent=3094"}],"wp:term":[{"taxonomy":"category","embeddable":true,"href":"https:\/\/semmelweis.hu\/mental\/wp-json\/wp\/v2\/categories?post=3094"},{"taxonomy":"post_tag","embeddable":true,"href":"https:\/\/semmelweis.hu\/mental\/wp-json\/wp\/v2\/tags?post=3094"}],"curies":[{"name":"wp","href":"https:\/\/api.w.org\/{rel}","templated":true}]}}