{"id":2761,"date":"2019-02-04T10:29:51","date_gmt":"2019-02-04T09:29:51","guid":{"rendered":"http:\/\/semmelweis.hu\/mental\/?page_id=2761"},"modified":"2025-12-04T13:55:27","modified_gmt":"2025-12-04T12:55:27","slug":"ibclc-vizsgajelentkezes","status":"publish","type":"page","link":"https:\/\/semmelweis.hu\/mental\/szakiranyu-kepzesek\/laktacios-szaktanacsado\/ibclc-vizsgajelentkezes\/","title":{"rendered":"IBCLC vizsgajelentkez\u00e9s"},"content":{"rendered":"<p style=\"text-align: justify\">A Semmelweis Egyetem <strong>Lakt\u00e1ci\u00f3s szaktan\u00e1csad\u00f3<\/strong>i diplom\u00e1j\u00e1nak megszerz\u00e9s\u00e9hez nem sz\u00fcks\u00e9ges IBCLC vizsg\u00e1t tenni.<\/p>\n<p style=\"text-align: justify\">A k\u00e9pz\u00e9s tananyaga megfelel a nemzetk\u00f6zi vizsga k\u00edv\u00e1nalmainak, arra azonban nem tudunk garanci\u00e1t v\u00e1llalni, hogy nem eg\u00e9szs\u00e9g\u00fcgyi v\u00e9gzetts\u00e9g\u0171ek eset\u00e9ben a nemzetk\u00f6zi vizsgabizotts\u00e1g ezt el is fogadja.\u00a0<\/p>\n<p style=\"text-align: justify\"><strong>Az IBCLC vizsg\u00e1ra val\u00f3 jelentkez\u00e9s m\u00f3dj\u00e1r\u00f3l \u00e9s minimum felt\u00e9teleir\u0151l az al\u00e1bbi honlapoldalak adnak r\u00e9szletes \u00e9s naprak\u00e9sz felvil\u00e1gos\u00edt\u00e1st:\u00a0<\/strong><\/p>\n<blockquote class=\"wp-embedded-content\" data-secret=\"PR7ViHLRYX\"><p><a href=\"https:\/\/ibclc-commission.org\/hungarian-2\/\">Magyar<\/a><\/p><\/blockquote>\n<p><iframe loading=\"lazy\" class=\"wp-embedded-content\" sandbox=\"allow-scripts\" security=\"restricted\" style=\"position: absolute; visibility: hidden;\" title=\"&#8220;Magyar&#8221; &#8212; IBCLC Commission\" src=\"https:\/\/ibclc-commission.org\/hungarian-2\/embed\/#?secret=RXNT5eayBM#?secret=PR7ViHLRYX\" data-secret=\"PR7ViHLRYX\" width=\"600\" height=\"338\" frameborder=\"0\" marginwidth=\"0\" marginheight=\"0\" scrolling=\"no\"><\/iframe><\/p>\n<p style=\"text-align: justify\">A nemzetk\u00f6zi vizsga magyar koordin\u00e1tora <strong>Dr. Veres M\u00f3nika<\/strong>, a vizsg\u00e1val kapcsolatos \u00fcgyekben \u0151 tud b\u0151vebb felvil\u00e1gos\u00edt\u00e1st adni: <a href=\"mailto:hungary@iblce.org\" target=\"_blank\" rel=\"noopener\">hungary@iblce.org<\/a><\/p>\n<hr \/>\n<p style=\"text-align: justify\"><strong style=\"font-size: 1rem;text-align: left\">Tov\u00e1bbi inform\u00e1ci\u00f3k a\u00a0lakt\u00e1ci\u00f3s szaktan\u00e1csad\u00f3 szakir\u00e1ny\u00fa tov\u00e1bbk\u00e9pz\u00e9si szakr\u00f3l:<\/strong><\/p>\n<ul class=\"children\" style=\"list-style-type: square\">\n<li class=\"page_item page-item-78\"><a href=\"https:\/\/semmelweis.hu\/mental\/szakiranyu-kepzesek\/laktacios-szaktanacsado\/a-kepzes-bemutatasa\/\">A k\u00e9pz\u00e9s bemutat\u00e1sa<\/a><\/li>\n<li class=\"page_item page-item-77\"><a href=\"https:\/\/semmelweis.hu\/mental\/szakiranyu-kepzesek\/laktacios-szaktanacsado\/felveteli-tajekoztato\/\">Felv\u00e9teli t\u00e1j\u00e9koztat\u00f3<\/a><\/li>\n<li class=\"page_item page-item-79\"><a href=\"https:\/\/semmelweis.hu\/mental\/szakiranyu-kepzesek\/laktacios-szaktanacsado\/kik-a-laktacios-szaktanacsadok\/\">Kik a \u2018lakt\u00e1ci\u00f3s szaktan\u00e1csad\u00f3k\u2019?<\/a><\/li>\n<li class=\"page_item page-item-7429\"><a href=\"https:\/\/semmelweis.hu\/mental\/szakiranyu-kepzesek\/laktacios-szaktanacsado\/laktacios-konferencia-2025-januar-17-18\/\">Lakt\u00e1ci\u00f3s konferencia 2025. janu\u00e1r 17-18.<\/a><\/li>\n<li class=\"page_item page-item-80\"><a href=\"https:\/\/semmelweis.hu\/mental\/szakiranyu-kepzesek\/laktacios-szaktanacsado\/tudaselemek-es-ismeretek\/\">Tud\u00e1selemek \u00e9s ismeretek<\/a><\/li>\n<li class=\"page_item page-item-81\"><a href=\"https:\/\/semmelweis.hu\/mental\/szakiranyu-kepzesek\/laktacios-szaktanacsado\/szakkepzettseg-alkalmazas\/\">Szakk\u00e9pzetts\u00e9g alkalmaz\u00e1s<\/a><\/li>\n<li class=\"page_item page-item-6724\"><a href=\"https:\/\/semmelweis.hu\/mental\/szakiranyu-kepzesek\/laktacios-szaktanacsado\/informaciok-a-szakdolgozatrol\/\">Tanulm\u00e1nyi t\u00e1j\u00e9koztat\u00f3, szakdolgozati t\u00e1j\u00e9koztat\u00f3, k\u00e9pz\u00e9si alkalmak<\/a><\/li>\n<li class=\"page_item page-item-83\"><a href=\"https:\/\/semmelweis.hu\/mental\/szakiranyu-kepzesek\/laktacios-szaktanacsado\/kontaktszemelyek\/\">Kontaktszem\u00e9lyek<\/a><\/li>\n<\/ul>\n","protected":false},"excerpt":{"rendered":"<p>A Semmelweis Egyetem Lakt\u00e1ci\u00f3s szaktan\u00e1csad\u00f3i diplom\u00e1j\u00e1nak megszerz\u00e9s\u00e9hez nem sz\u00fcks\u00e9ges IBCLC vizsg\u00e1t tenni. A k\u00e9pz\u00e9s tananyaga megfelel a nemzetk\u00f6zi vizsga k\u00edv\u00e1nalmainak, arra azonban nem tudunk garanci\u00e1t v\u00e1llalni, hogy nem eg\u00e9szs\u00e9g\u00fcgyi v\u00e9gzetts\u00e9g\u0171ek eset\u00e9ben a nemzetk\u00f6zi vizsgabizotts\u00e1g ezt el is fogadja.\u00a0 Az IBCLC vizsg\u00e1ra val\u00f3 jelentkez\u00e9s m\u00f3dj\u00e1r\u00f3l \u00e9s minimum felt\u00e9teleir\u0151l az al\u00e1bbi honlapoldalak adnak r\u00e9szletes \u00e9s naprak\u00e9sz felvil\u00e1gos\u00edt\u00e1st:\u00a0 &hellip;<\/p>\n","protected":false},"author":101614,"featured_media":0,"parent":11,"menu_order":7,"comment_status":"closed","ping_status":"closed","template":"","meta":{"_acf_changed":false,"footnotes":""},"categories":[],"tags":[],"class_list":["post-2761","page","type-page","status-publish","hentry"],"acf":[],"_links":{"self":[{"href":"https:\/\/semmelweis.hu\/mental\/wp-json\/wp\/v2\/pages\/2761","targetHints":{"allow":["GET"]}}],"collection":[{"href":"https:\/\/semmelweis.hu\/mental\/wp-json\/wp\/v2\/pages"}],"about":[{"href":"https:\/\/semmelweis.hu\/mental\/wp-json\/wp\/v2\/types\/page"}],"author":[{"embeddable":true,"href":"https:\/\/semmelweis.hu\/mental\/wp-json\/wp\/v2\/users\/101614"}],"replies":[{"embeddable":true,"href":"https:\/\/semmelweis.hu\/mental\/wp-json\/wp\/v2\/comments?post=2761"}],"version-history":[{"count":9,"href":"https:\/\/semmelweis.hu\/mental\/wp-json\/wp\/v2\/pages\/2761\/revisions"}],"predecessor-version":[{"id":8394,"href":"https:\/\/semmelweis.hu\/mental\/wp-json\/wp\/v2\/pages\/2761\/revisions\/8394"}],"up":[{"embeddable":true,"href":"https:\/\/semmelweis.hu\/mental\/wp-json\/wp\/v2\/pages\/11"}],"wp:attachment":[{"href":"https:\/\/semmelweis.hu\/mental\/wp-json\/wp\/v2\/media?parent=2761"}],"wp:term":[{"taxonomy":"category","embeddable":true,"href":"https:\/\/semmelweis.hu\/mental\/wp-json\/wp\/v2\/categories?post=2761"},{"taxonomy":"post_tag","embeddable":true,"href":"https:\/\/semmelweis.hu\/mental\/wp-json\/wp\/v2\/tags?post=2761"}],"curies":[{"name":"wp","href":"https:\/\/api.w.org\/{rel}","templated":true}]}}