{"id":2290,"date":"2018-06-19T11:13:11","date_gmt":"2018-06-19T09:13:11","guid":{"rendered":"http:\/\/semmelweis.hu\/mental\/?page_id=2290"},"modified":"2026-02-19T14:19:56","modified_gmt":"2026-02-19T13:19:56","slug":"ugyintezes-es-elerhetoseg","status":"publish","type":"page","link":"https:\/\/semmelweis.hu\/mental\/tanulmanyi-ugyek\/ugyintezes-es-elerhetoseg\/","title":{"rendered":"\u00dcgyint\u00e9z\u00e9s \u00e9s el\u00e9rhet\u0151s\u00e9g"},"content":{"rendered":"<p><strong>Tanulm\u00e1nyi \u00fcgyint\u00e9z\u00e9s \u00e9s el\u00e9rhet\u0151s\u00e9g:<\/strong><\/p>\n<p>\u00dcgyint\u00e9z\u00e9si id\u0151 az adott szak k\u00e9pz\u00e9si napj\u00e1n (h\u00e9tk\u00f6znap) a k\u00e9pz\u00e9si sz\u00fcnetekben 08:30-13:30<strong><br \/><\/strong><\/p>\n<div class=\"hidden-content\"><u>K\u00e9pz\u00e9si napon k\u00edv\u00fcl szem\u00e9lyes \u00fcgyint\u00e9z\u00e9sre csak el\u0151zetesen e-mailen egyeztetett id\u0151pontban van m\u00f3d.<\/u><\/div>\n<div class=\"hidden-content\">K\u00e9rj\u00fck, hogy az id\u0151pontk\u00e9r\u0151 e-mailben adj\u00e1k meg pontosan, milyen \u00fcgyben k\u00e9rnek seg\u00edts\u00e9get, ezzel \u00d6n\u00f6k is seg\u00edtik a gyorsabb \u00fcgyint\u00e9z\u00e9st.\u00a0 A t\u00e1rgyban k\u00e9rj\u00fck minden esetben felt\u00fcntetni a szak r\u00f6vid\u00edtett megnevez\u00e9s\u00e9t is.<\/div>\n<div>\u00a0<\/div>\n<div>Postac\u00edm: a Semmelweis Egyetem EKK Ment\u00e1lhigi\u00e9n\u00e9 Int\u00e9zet 1428 Budapest, Pf. 2.<\/div>\n<div class=\"hidden-content\">\n<hr \/>\n<p><strong>Di\u00e1kigazolv\u00e1ny \u00fcgyint\u00e9z\u00e9s, igazol\u00e1sok kiad\u00e1sa, k\u00f6nyv\u00e1rus\u00edt\u00e1s:<\/strong><\/div>\n<div class=\"hidden-content\">\u00a0<\/div>\n<div><span style=\"color: #ff0000\">Inform\u00e1ci\u00f3k pontos\u00edt\u00e1sa folyamatban van<\/span><\/div>\n<div>\n<hr \/>\n<\/div>\n<div class=\"hidden-content\"><strong>Tanulm\u00e1nyokat \u00e9rint\u0151 \u00fcgyekben <\/strong><strong>(<\/strong>Neptun, jogviszony &#8211; hallgat\u00f3i st\u00e1tusz, tant\u00e1rgyak, vizsg\u00e1k, k\u00e9relmek, p\u00e9nz\u00fcgyek):<\/div>\n<div class=\"hidden-content\">\n<hr \/>\n<p><strong>Kormos Zsuzsanna<\/strong><\/div>\n<div class=\"hidden-content\">* <strong>Ment\u00e1lhigi\u00e9n\u00e9s h\u00e1zass\u00e1g- \u00e9s csal\u00e1d-lelkigondoz\u00f3 szakir\u00e1ny\u00fa tov\u00e1bbk\u00e9pz\u00e9s <\/strong>* <strong>Ment\u00e1lhigi\u00e9n\u00e9s lelkigondoz\u00f3<\/strong><strong> szakir\u00e1ny\u00fa tov\u00e1bbk\u00e9pz\u00e9s * <\/strong><strong>Szoci\u00e1lis munka mesterk\u00e9pz\u00e9s *<\/strong><\/div>\n<div class=\"hidden-content\">NET f\u00f6ldszint 77. iroda Tel.: 06\/1\/459-1500\/56549<\/div>\n<div class=\"hidden-content\">E-mail: <a href=\"mailto:kormos.zsuzsanna@semmelweis.hu\">kormos.zsuzsanna@semmelweis.hu <\/a><em>(a t\u00e1rgyban k\u00e9rj\u00fck minden esetben felt\u00fcntetni a szak r\u00f6vid\u00edtett megnevez\u00e9s\u00e9t is)<\/em><\/div>\n<div class=\"hidden-content\">\n<hr \/>\n<p><strong>G\u00e1rdonyi Tibor L\u00e1szl\u00f3n\u00e9 (Gy\u00f6ngyi) <\/strong><\/div>\n<div class=\"hidden-content\"><strong>* Akt\u00edv id\u0151s\u00f6d\u00e9s szakir\u00e1ny\u00fa tov\u00e1bbk\u00e9pz\u00e9s * <\/strong><strong>K\u00f6z\u00f6ss\u00e9gi \u00e9s csal\u00e1di medi\u00e1ci\u00f3 szakir\u00e1ny\u00fa tov\u00e1bbk\u00e9pz\u00e9s * Lakt\u00e1ci\u00f3s szaktan\u00e1csad\u00f3 szakir\u00e1ny\u00fa tov\u00e1bbk\u00e9pz\u00e9s * Munkahelyi ment\u00e1lhigi\u00e9n\u00e9 szakir\u00e1ny\u00fa tov\u00e1bbk\u00e9pz\u00e9s\u00a0*<\/strong><\/div>\n<div class=\"hidden-content\">NET f\u00f6ldszint 77. iroda Tel.: 06\/1\/459-1500\/56549<br \/>E-mail: <a href=\"gardonyi.gyongyi@semmelweis.hu\"><span style=\"font-size: 1rem\">gardonyi.gyongyi@semmelweis.hu <\/span><\/a><em style=\"font-size: 1rem\">(a t\u00e1rgyban k\u00e9rj\u00fck minden esetben felt\u00fcntetni a szak r\u00f6vid\u00edtett megnevez\u00e9s\u00e9t is)<\/em><\/div>\n<div class=\"hidden-content\">\n<hr \/>\n<p><strong>M\u00e9sz\u00e1ros \u00c9va<\/strong><\/div>\n<div class=\"hidden-content\">*\u00a0<span style=\"font-weight: bolder;font-size: 1rem\">Ment\u00e1lhigi\u00e9n\u00e9 szakir\u00e1ny\u00fa tov\u00e1bbk\u00e9pz\u00e9s<\/span><strong style=\"font-size: 1rem\"> *\u00a0<\/strong><span style=\"font-size: 1rem;font-weight: bolder\">Interdiszciplin\u00e1ris csal\u00e1dtudom\u00e1nyi mesterk\u00e9pz\u00e9s<\/span><span style=\"font-size: 1rem\">\u00a0<\/span><strong style=\"font-size: 1rem\">* Rendszerszeml\u00e9let\u0171 pszichol\u00f3gia mesterk\u00e9pz\u00e9s *<\/strong><\/div>\n<div class=\"hidden-content\">NET f\u00f6ldszint 74. iroda Tel.: 06\/1\/459-1500\/56545<\/div>\n<div class=\"hidden-content\">E-mail: <a href=\"mailto:meszaros.eva@semmelweis.hu\">meszaros.eva@semmelweis.hu<\/a> <em>(a t\u00e1rgyban k\u00e9rj\u00fck minden esetben felt\u00fcntetni a szak r\u00f6vid\u00edtett megnevez\u00e9s\u00e9t is)<\/em><\/div>\n<div>\u00a0<\/div>\n<div>\n<hr \/>\n<\/div>\n<div>\u00a0<\/div>\n<div>Amennyiben az adott szak \u00fcgyint\u00e9z\u0151je p\u00e1r napon bel\u00fcl nem tud v\u00e1laszt k\u00fcldeni, a k\u00f6vetkez\u0151 e-mail c\u00edmre tov\u00e1bb\u00edthatja megkeres\u00e9s\u00e9t:<\/div>\n<div><a href=\"mailto:mental-tanulmanyi@public.semmelweis-univ.hu\">mental.tanulmanyi@semmelweis.hu<\/a> <em>(a t\u00e1rgyban k\u00e9rj\u00fck minden esetben felt\u00fcntetni a szak r\u00f6vid\u00edtett megnevez\u00e9s\u00e9t is) <\/em><\/div>\n","protected":false},"excerpt":{"rendered":"<p>Tanulm\u00e1nyi \u00fcgyint\u00e9z\u00e9s \u00e9s el\u00e9rhet\u0151s\u00e9g: \u00dcgyint\u00e9z\u00e9si id\u0151 az adott szak k\u00e9pz\u00e9si napj\u00e1n (h\u00e9tk\u00f6znap) a k\u00e9pz\u00e9si sz\u00fcnetekben 08:30-13:30 K\u00e9pz\u00e9si napon k\u00edv\u00fcl szem\u00e9lyes \u00fcgyint\u00e9z\u00e9sre csak el\u0151zetesen e-mailen egyeztetett id\u0151pontban van m\u00f3d. K\u00e9rj\u00fck, hogy az id\u0151pontk\u00e9r\u0151 e-mailben adj\u00e1k meg pontosan, milyen \u00fcgyben k\u00e9rnek seg\u00edts\u00e9get, ezzel \u00d6n\u00f6k is seg\u00edtik a gyorsabb \u00fcgyint\u00e9z\u00e9st.\u00a0 A t\u00e1rgyban k\u00e9rj\u00fck minden esetben felt\u00fcntetni a szak &hellip;<\/p>\n","protected":false},"author":101614,"featured_media":0,"parent":108,"menu_order":13,"comment_status":"closed","ping_status":"closed","template":"","meta":{"_acf_changed":false,"footnotes":""},"categories":[],"tags":[],"class_list":["post-2290","page","type-page","status-publish","hentry"],"acf":[],"_links":{"self":[{"href":"https:\/\/semmelweis.hu\/mental\/wp-json\/wp\/v2\/pages\/2290","targetHints":{"allow":["GET"]}}],"collection":[{"href":"https:\/\/semmelweis.hu\/mental\/wp-json\/wp\/v2\/pages"}],"about":[{"href":"https:\/\/semmelweis.hu\/mental\/wp-json\/wp\/v2\/types\/page"}],"author":[{"embeddable":true,"href":"https:\/\/semmelweis.hu\/mental\/wp-json\/wp\/v2\/users\/101614"}],"replies":[{"embeddable":true,"href":"https:\/\/semmelweis.hu\/mental\/wp-json\/wp\/v2\/comments?post=2290"}],"version-history":[{"count":15,"href":"https:\/\/semmelweis.hu\/mental\/wp-json\/wp\/v2\/pages\/2290\/revisions"}],"predecessor-version":[{"id":9045,"href":"https:\/\/semmelweis.hu\/mental\/wp-json\/wp\/v2\/pages\/2290\/revisions\/9045"}],"up":[{"embeddable":true,"href":"https:\/\/semmelweis.hu\/mental\/wp-json\/wp\/v2\/pages\/108"}],"wp:attachment":[{"href":"https:\/\/semmelweis.hu\/mental\/wp-json\/wp\/v2\/media?parent=2290"}],"wp:term":[{"taxonomy":"category","embeddable":true,"href":"https:\/\/semmelweis.hu\/mental\/wp-json\/wp\/v2\/categories?post=2290"},{"taxonomy":"post_tag","embeddable":true,"href":"https:\/\/semmelweis.hu\/mental\/wp-json\/wp\/v2\/tags?post=2290"}],"curies":[{"name":"wp","href":"https:\/\/api.w.org\/{rel}","templated":true}]}}