{"id":21,"date":"2018-06-08T00:00:00","date_gmt":"2018-06-07T22:00:00","guid":{"rendered":"http:\/\/semmelweis.hu\/mental\/kiadvanyok\/"},"modified":"2025-10-08T16:11:58","modified_gmt":"2025-10-08T14:11:58","slug":"kiadvanyok","status":"publish","type":"page","link":"https:\/\/semmelweis.hu\/mental\/az-intezet\/kiadvanyok\/","title":{"rendered":"Kiadv\u00e1nyok"},"content":{"rendered":"<p>A <strong>P\u00e1rbesz\u00e9d (Dial\u00f3gus) Alap\u00edtv\u00e1ny<\/strong> \u00e9s a Ment\u00e1lhigi\u00e9n\u00e9 Int\u00e9zet a hallgat\u00f3k sz\u00e1m\u00e1ra gondoskodik <strong><a href=\"https:\/\/semmelweis.hu\/mental\/az-intezet\/kiadvanyok\/konyvek\/\">tank\u00f6nyvek \u00e1rus\u00edt\u00e1s\u00e1r\u00f3l<\/a><\/strong>.<\/p>\n<p>Az Int\u00e9zetben folyik a nemzetk\u00f6zi <strong><a href=\"https:\/\/semmelweis.hu\/mental\/az-intezet\/kiadvanyok\/ejmh\/\">European Journal of Mental Health (EJMH)<\/a><\/strong>, illetve a hazai ment\u00e1lhigi\u00e9n\u00e9s, lelkigondoz\u00f3i szakmai k\u00f6z\u00f6ns\u00e9gnek sz\u00f3l\u00f3 <strong><a href=\"https:\/\/semmelweis.hu\/mental\/az-intezet\/kiadvanyok\/embertars\/\">Embert\u00e1rs<\/a><\/strong> foly\u00f3iratok gondoz\u00e1sa is. Az Embert\u00e1rs foly\u00f3irat kor\u00e1bbi sz\u00e1mai (2003-2010) Int\u00e9zet\u00fcnkben megv\u00e1s\u00e1rolhat\u00f3ak. \u00c1rlista let\u00f6lthet\u0151 <a href=\"https:\/\/semmelweis.hu\/mental\/files\/2018\/06\/Embertars_arak_2016szeptember.doc\" target=\"_blank\" rel=\"noopener noreferrer\">itt<\/a>.<\/p>\n<p>Int\u00e9zet\u00fcnk k\u00fcl\u00f6nb\u00f6z\u0151 projektek \u00e9s p\u00e1ly\u00e1zatok t\u00e1mogat\u00e1s\u00e1val <strong><a href=\"https:\/\/semmelweis.hu\/mental\/az-intezet\/kiadvanyok\/e-konyvek\/\">online el\u00e9rhet\u0151 ingyenes kiadv\u00e1nyok<\/a><\/strong> gondoz\u00e1s\u00e1\u00e9rt is felel.<\/p>\n<style>\n           #page-grid .card-body > .line-clamp-box.excerpt{\n        width: inherit;\n        max-width: inherit;\n        display:flex;\n        min-height: 2.4em;\n        flex-direction: column;\n        justify-content: space-around;\n        background-color: #D6E4EA;\n        min-height: 3.4rem;\n        font-family: \"Montserrat\", sans-serif;\n    }\n\n    #page-grid a:hover .card-body > .line-clamp-box.excerpt {\n        background-color: #fff;\n        color: #313B40;\n    }\n\n    #page-grid .card-body .line-clamp-box.excerpt section{\n        max-width: inherit;\n        display: -webkit-box;\n        -webkit-line-clamp: 2;\n        -webkit-box-orient: vertical;\n        overflow: hidden;\n        text-overflow: ellipsis;\n        hyphens: auto;\n        margin: auto;\n        \n    }\n    .line-clamp-box.excerpt section, .line-clamp-box.excerpt section p{\n        font-size:0.8em;\n    }\n    \n<\/style>\n    <section id=\"page-grid\">\n        \n        <div class=\"row row-cols-1 row-cols-md-2 row-cols-lg-2 no-gutters mx-0 \">    <div class =\"col  mb-2 card-wrapper\">\n        <a class=\"d-flex flex-fill card-link-warapper m-md-1\" href=\"https:\/\/semmelweis.hu\/mental\/az-intezet\/kiadvanyok\/konyvek\/\">\n            <div class=\"card border border-secondary se-border flex-fill\">\n                <div class=\"row no-gutters mx-0 d-flex flex-nowrap flex-md-wrap align-items-center\">\n                    <div class =\"  col-5 col-md-12  d-none  d-md-none d-md-none  bg-image  card-image justify-content-center\">\n                        <img class='wp-post-image img-fluid landscape' src='https:\/\/semmelweis.hu\/mental\/wp-content\/themes\/se18\/dist\/images\/svg\/bg-image.svg' \/>\n                    <\/div>\n                    <div class=\"card-body  col flex-column  col-md-12 p-0\">\n                        <div class=\"line-clamp-box p-3\">\n                            <h5 class=\"ml-0 ml-sm-1 mt-2 align-items-center\"  >K\u00f6nyvek<\/h5>\n                        <\/div>\n                        \n                    <\/div>\n                <\/div>\n\n            <\/div>\n        <\/a>\n    <\/div>    <div class =\"col  mb-2 card-wrapper\">\n        <a class=\"d-flex flex-fill card-link-warapper m-md-1\" href=\"https:\/\/semmelweis.hu\/mental\/az-intezet\/kiadvanyok\/e-konyvek\/\">\n            <div class=\"card border border-secondary se-border flex-fill\">\n                <div class=\"row no-gutters mx-0 d-flex flex-nowrap flex-md-wrap align-items-center\">\n                    <div class =\"  col-5 col-md-12  d-none  d-md-none d-md-none  bg-image  card-image justify-content-center\">\n                        <img class='wp-post-image img-fluid landscape' src='https:\/\/semmelweis.hu\/mental\/wp-content\/themes\/se18\/dist\/images\/svg\/bg-image.svg' \/>\n                    <\/div>\n                    <div class=\"card-body  col flex-column  col-md-12 p-0\">\n                        <div class=\"line-clamp-box p-3\">\n                            <h5 class=\"ml-0 ml-sm-1 mt-2 align-items-center\"  >E-k\u00f6nyvek<\/h5>\n                        <\/div>\n                        \n                    <\/div>\n                <\/div>\n\n            <\/div>\n        <\/a>\n    <\/div>    <div class =\"col  mb-2 card-wrapper\">\n        <a class=\"d-flex flex-fill card-link-warapper m-md-1\" href=\"https:\/\/semmelweis.hu\/mental\/az-intezet\/kiadvanyok\/ejmh\/\">\n            <div class=\"card border border-secondary se-border flex-fill\">\n                <div class=\"row no-gutters mx-0 d-flex flex-nowrap flex-md-wrap align-items-center\">\n                    <div class =\"  col-5 col-md-12  d-none  d-md-none d-md-none  bg-image  card-image justify-content-center\">\n                        <img class='wp-post-image img-fluid landscape' src='https:\/\/semmelweis.hu\/mental\/wp-content\/themes\/se18\/dist\/images\/svg\/bg-image.svg' \/>\n                    <\/div>\n                    <div class=\"card-body  col flex-column  col-md-12 p-0\">\n                        <div class=\"line-clamp-box p-3\">\n                            <h5 class=\"ml-0 ml-sm-1 mt-2 align-items-center\"  >EJMH<\/h5>\n                        <\/div>\n                        \n                    <\/div>\n                <\/div>\n\n            <\/div>\n        <\/a>\n    <\/div>    <div class =\"col  mb-2 card-wrapper\">\n        <a class=\"d-flex flex-fill card-link-warapper m-md-1\" href=\"https:\/\/semmelweis.hu\/mental\/az-intezet\/kiadvanyok\/embertars\/\">\n            <div class=\"card border border-secondary se-border flex-fill\">\n                <div class=\"row no-gutters mx-0 d-flex flex-nowrap flex-md-wrap align-items-center\">\n                    <div class =\"  col-5 col-md-12  d-none  d-md-none d-md-none  bg-image  card-image justify-content-center\">\n                        <img class='wp-post-image img-fluid landscape' src='https:\/\/semmelweis.hu\/mental\/wp-content\/themes\/se18\/dist\/images\/svg\/bg-image.svg' \/>\n                    <\/div>\n                    <div class=\"card-body  col flex-column  col-md-12 p-0\">\n                        <div class=\"line-clamp-box p-3\">\n                            <h5 class=\"ml-0 ml-sm-1 mt-2 align-items-center\"  >Embert\u00e1rs<\/h5>\n                        <\/div>\n                        \n                    <\/div>\n                <\/div>\n\n            <\/div>\n        <\/a>\n    <\/div>        <\/div>\n    <\/section>\n","protected":false},"excerpt":{"rendered":"<p>A P\u00e1rbesz\u00e9d (Dial\u00f3gus) Alap\u00edtv\u00e1ny \u00e9s a Ment\u00e1lhigi\u00e9n\u00e9 Int\u00e9zet a hallgat\u00f3k sz\u00e1m\u00e1ra gondoskodik <a href=\"https:\/\/semmelweis.hu\/mental\/az-intezet\/kiadvanyok\/konyvek\/\">tank\u00f6nyvek \u00e1rus\u00edt\u00e1s\u00e1r\u00f3l<\/a>.<br \/>\nAz Int\u00e9zetben folyik a nemzetk\u00f6zi <a href=\"https:\/\/semmelweis.hu\/mental\/az-intezet\/kiadvanyok\/ejmh\/\">European Journal of Mental Health (EJMH)<\/a>, illetve a hazai ment\u00e1lhigi\u00e9n\u00e9s, lelkigondoz\u00f3i szakmai k\u00f6z\u00f6ns\u00e9gnek sz\u00f3l\u00f3 <a href=\"https:\/\/semmelweis.hu\/mental\/az-intezet\/kiadvanyok\/embertars\/\">Embert\u00e1rs<\/a> foly\u00f3iratok gondoz\u00e1sa is. Az Embert\u00e1rs foly\u00f3irat kor\u00e1bbi sz\u00e1mai (2003-2010) Int\u00e9zet\u00fcnkben megv\u00e1s\u00e1rolhat\u00f3ak. \u00c1rlista let\u00f6lthet\u0151 <a href=\"https:\/\/semmelweis.hu\/mental\/files\/2018\/06\/Embertars_arak_2016szeptember.doc\" target=\"_blank\" rel=\"noopener noreferrer\">itt<\/a>.<br \/>\nInt\u00e9zet\u00fcnk k\u00fcl\u00f6nb\u00f6z\u0151 projektek \u00e9s p\u00e1ly\u00e1zatok t\u00e1mogat\u00e1s\u00e1val <a href=\"https:\/\/semmelweis.hu\/mental\/az-intezet\/kiadvanyok\/e-konyvek\/\">online el\u00e9rhet\u0151 ingyenes kiadv\u00e1nyok<\/a> gondoz\u00e1s\u00e1\u00e9rt is felel.<\/p>\n","protected":false},"author":101790,"featured_media":0,"parent":372,"menu_order":7,"comment_status":"closed","ping_status":"closed","template":"","meta":{"_acf_changed":false,"footnotes":""},"categories":[],"tags":[],"class_list":["post-21","page","type-page","status-publish","hentry"],"acf":[],"_links":{"self":[{"href":"https:\/\/semmelweis.hu\/mental\/wp-json\/wp\/v2\/pages\/21","targetHints":{"allow":["GET"]}}],"collection":[{"href":"https:\/\/semmelweis.hu\/mental\/wp-json\/wp\/v2\/pages"}],"about":[{"href":"https:\/\/semmelweis.hu\/mental\/wp-json\/wp\/v2\/types\/page"}],"author":[{"embeddable":true,"href":"https:\/\/semmelweis.hu\/mental\/wp-json\/wp\/v2\/users\/101790"}],"replies":[{"embeddable":true,"href":"https:\/\/semmelweis.hu\/mental\/wp-json\/wp\/v2\/comments?post=21"}],"version-history":[{"count":9,"href":"https:\/\/semmelweis.hu\/mental\/wp-json\/wp\/v2\/pages\/21\/revisions"}],"predecessor-version":[{"id":8112,"href":"https:\/\/semmelweis.hu\/mental\/wp-json\/wp\/v2\/pages\/21\/revisions\/8112"}],"up":[{"embeddable":true,"href":"https:\/\/semmelweis.hu\/mental\/wp-json\/wp\/v2\/pages\/372"}],"wp:attachment":[{"href":"https:\/\/semmelweis.hu\/mental\/wp-json\/wp\/v2\/media?parent=21"}],"wp:term":[{"taxonomy":"category","embeddable":true,"href":"https:\/\/semmelweis.hu\/mental\/wp-json\/wp\/v2\/categories?post=21"},{"taxonomy":"post_tag","embeddable":true,"href":"https:\/\/semmelweis.hu\/mental\/wp-json\/wp\/v2\/tags?post=21"}],"curies":[{"name":"wp","href":"https:\/\/api.w.org\/{rel}","templated":true}]}}