{"id":20,"date":"2018-06-08T00:00:00","date_gmt":"2018-06-07T22:00:00","guid":{"rendered":"http:\/\/semmelweis.hu\/mental\/kutatas-fejlesztes\/"},"modified":"2025-10-10T12:39:17","modified_gmt":"2025-10-10T10:39:17","slug":"kutatas-fejlesztes","status":"publish","type":"page","link":"https:\/\/semmelweis.hu\/mental\/kutatas-fejlesztes\/","title":{"rendered":"Kutat\u00e1s, fejleszt\u00e9s"},"content":{"rendered":"<p style=\"text-align: justify\">A Ment\u00e1lhigi\u00e9n\u00e9 Int\u00e9zet tudom\u00e1nyos kutat\u00e1si tev\u00e9kenys\u00e9g\u00e9nek k\u00f6z\u00e9ppontj\u00e1ban az egy\u00e9ni, csal\u00e1di, k\u00f6z\u00f6ss\u00e9gi \u00e9s a t\u00e1rsadalmi szint\u0171 ment\u00e1lhigi\u00e9n\u00e9 alapk\u00e9rd\u00e9sei, valamint a seg\u00edt\u0151 foglalkoz\u00e1sok gyakorlat\u00e1hoz kapcsol\u00f3d\u00f3 k\u00e9rd\u00e9sek \u00e1llnak.<\/p>\n<p style=\"text-align: justify\">Kiemelt c\u00e9lunk azoknak a ter\u00fcleteknek a\u00a0tudom\u00e1nyos\u00a0ig\u00e9ny\u0171 megismer\u00e9se \u00e9s fejleszt\u00e9se, melyek\u00a0a lelki eg\u00e9szs\u00e9g meg\u0151rz\u00e9se, t\u00e1mogat\u00e1sa \u00e9s fejleszt\u00e9se szempontj\u00e1b\u00f3l\u00a0k\u00f6zponti jelent\u0151s\u00e9g\u0171ek :<\/p>\n<ul style=\"text-align: justify\">\n<li>egy\u00e9ni szinten a szem\u00e9lyes j\u00f3ll\u00e9t \u00e9s lelki eg\u00e9szs\u00e9g \u00f6sszetev\u0151i, felt\u00e9telei, az ezzel \u00f6sszef\u00fcgg\u0151 szem\u00e9lyis\u00e9gbeli, csal\u00e1di \u00e9s t\u00e1gabb k\u00f6rnyezeti folyamatok kutat\u00e1sa a teljes \u00e9let\u00faton;<\/li>\n<li>csal\u00e1di szinten a csal\u00e1di strukt\u00far\u00e1k, a kiegyens\u00falyozott \u00e9s a probl\u00e9m\u00e1kkal terhelt csal\u00e1di m\u0171k\u00f6d\u00e9s, valamint ezek egy\u00e9ni, di\u00e1dikus \u00e9s t\u00e1gabb k\u00f6z\u00f6ss\u00e9gi \u00e9s k\u00f6rnyezeti \u00f6sszef\u00fcgg\u00e9seinek rendszerszint\u0171 vizsg\u00e1lata;<\/li>\n<li>k\u00f6z\u00f6ss\u00e9gi szinten az els\u0151dleges \u00e9s m\u00e1sodlagos kapcsolati rendszerek, k\u00f6z\u00f6ss\u00e9gek \u00e9s t\u00e1rsadalmi folyamatok vizsg\u00e1lata;<\/li>\n<li>m\u00f3dszertani szempontb\u00f3l a lelki eg\u00e9szs\u00e9g le\u00edr\u00e1s\u00e1ra alkalmazhat\u00f3 kvantitat\u00edv \u00e9s kvalitat\u00edv elj\u00e1r\u00e1sok fejleszt\u00e9se, \u00e9s a lelki eg\u00e9szs\u00e9get t\u00e1mogat\u00f3 beavatkoz\u00e1sok, seg\u00edt\u0151 elj\u00e1r\u00e1sok le\u00edr\u00e1sa, hat\u00e9konys\u00e1guk ellen\u0151rz\u00e9se.<\/li>\n<\/ul>\n<div class=\"keretes w-100\"><strong>Tov\u00e1bbi inform\u00e1ci\u00f3k:<\/strong><\/p>\n<ul style=\"list-style-type: square\">\n<li class=\"page_item page-item-7774\" style=\"text-align: justify\"><a href=\"https:\/\/semmelweis.hu\/mental\/kutatas-fejlesztes\/kerdoivfejlesztesek-validalasok\/\" target=\"_blank\" rel=\"noopener\">K\u00e9rd\u0151\u00edvfejleszt\u00e9sek, valid\u00e1l\u00e1sok<\/a><\/li>\n<li class=\"page_item page-item-155 page_item_has_children\" style=\"text-align: justify\"><a href=\"https:\/\/semmelweis.hu\/mental\/kutatas-fejlesztes\/aktualis-kutatasok\/\" target=\"_blank\" rel=\"noopener\">Aktu\u00e1lis kutat\u00e1sok<\/a><\/li>\n<li class=\"page_item page-item-4904\" style=\"text-align: justify\"><a href=\"https:\/\/semmelweis.hu\/mental\/kutatas-fejlesztes\/legfontosabb-publikaciok\/\" target=\"_blank\" rel=\"noopener\">Legfontosabb publik\u00e1ci\u00f3k<\/a><\/li>\n<\/ul>\n<\/div>\n","protected":false},"excerpt":{"rendered":"<p>A Ment\u00e1lhigi\u00e9n\u00e9 Int\u00e9zet tudom\u00e1nyos kutat\u00e1si tev\u00e9kenys\u00e9g\u00e9nek k\u00f6z\u00e9ppontj\u00e1ban az egy\u00e9ni, csal\u00e1di, k\u00f6z\u00f6ss\u00e9gi \u00e9s a t\u00e1rsadalmi szint\u0171 ment\u00e1lhigi\u00e9n\u00e9 alapk\u00e9rd\u00e9sei, valamint a seg\u00edt\u0151 foglalkoz\u00e1sok gyakorlat\u00e1hoz kapcsol\u00f3d\u00f3 k\u00e9rd\u00e9sek \u00e1llnak. Kiemelt c\u00e9lunk azoknak a ter\u00fcleteknek a\u00a0tudom\u00e1nyos\u00a0ig\u00e9ny\u0171 megismer\u00e9se \u00e9s fejleszt\u00e9se, melyek\u00a0a lelki eg\u00e9szs\u00e9g meg\u0151rz\u00e9se, t\u00e1mogat\u00e1sa \u00e9s fejleszt\u00e9se szempontj\u00e1b\u00f3l\u00a0k\u00f6zponti jelent\u0151s\u00e9g\u0171ek : egy\u00e9ni szinten a szem\u00e9lyes j\u00f3ll\u00e9t \u00e9s lelki eg\u00e9szs\u00e9g \u00f6sszetev\u0151i, felt\u00e9telei, az &hellip;<\/p>\n","protected":false},"author":101790,"featured_media":0,"parent":0,"menu_order":7,"comment_status":"closed","ping_status":"closed","template":"","meta":{"_acf_changed":false,"footnotes":""},"categories":[],"tags":[],"class_list":["post-20","page","type-page","status-publish","hentry"],"acf":[],"_links":{"self":[{"href":"https:\/\/semmelweis.hu\/mental\/wp-json\/wp\/v2\/pages\/20","targetHints":{"allow":["GET"]}}],"collection":[{"href":"https:\/\/semmelweis.hu\/mental\/wp-json\/wp\/v2\/pages"}],"about":[{"href":"https:\/\/semmelweis.hu\/mental\/wp-json\/wp\/v2\/types\/page"}],"author":[{"embeddable":true,"href":"https:\/\/semmelweis.hu\/mental\/wp-json\/wp\/v2\/users\/101790"}],"replies":[{"embeddable":true,"href":"https:\/\/semmelweis.hu\/mental\/wp-json\/wp\/v2\/comments?post=20"}],"version-history":[{"count":9,"href":"https:\/\/semmelweis.hu\/mental\/wp-json\/wp\/v2\/pages\/20\/revisions"}],"predecessor-version":[{"id":8132,"href":"https:\/\/semmelweis.hu\/mental\/wp-json\/wp\/v2\/pages\/20\/revisions\/8132"}],"wp:attachment":[{"href":"https:\/\/semmelweis.hu\/mental\/wp-json\/wp\/v2\/media?parent=20"}],"wp:term":[{"taxonomy":"category","embeddable":true,"href":"https:\/\/semmelweis.hu\/mental\/wp-json\/wp\/v2\/categories?post=20"},{"taxonomy":"post_tag","embeddable":true,"href":"https:\/\/semmelweis.hu\/mental\/wp-json\/wp\/v2\/tags?post=20"}],"curies":[{"name":"wp","href":"https:\/\/api.w.org\/{rel}","templated":true}]}}