{"id":19,"date":"2018-06-08T00:00:00","date_gmt":"2018-06-07T22:00:00","guid":{"rendered":"http:\/\/semmelweis.hu\/mental\/munkatarsak\/"},"modified":"2026-03-04T10:18:47","modified_gmt":"2026-03-04T09:18:47","slug":"munkatarsak","status":"publish","type":"page","link":"https:\/\/semmelweis.hu\/mental\/az-intezet\/munkatarsak\/","title":{"rendered":"Munkat\u00e1rsak"},"content":{"rendered":"<p><strong>A Ment\u00e1lhigi\u00e9n\u00e9 Int\u00e9zet munkat\u00e1rsai<\/strong><\/p>\n<p><em><strong>Int\u00e9zetigazgat\u00f3: <\/strong><\/em><\/p>\n<p><a href=\"https:\/\/semmelweis.hu\/mental\/az-intezet\/munkatarsak\/dr-pethesne-david-beata-phd-habil\/\" target=\"_blank\" rel=\"noopener noreferrer\">Prof. Dr. Pethesn\u00e9 D\u00e1vid Be\u00e1ta habil., egyetemi tan\u00e1r<\/a><\/p>\n<p><strong><em>Igazgat\u00f3 helyettesek: <\/em><\/strong><\/p>\n<p><a href=\"https:\/\/semmelweis.hu\/mental\/az-intezet\/munkatarsak\/dr-pilinszki-attila\/\" target=\"_blank\" rel=\"noopener noreferrer\">Dr. Pilinszki Attila, egyetemi docens<\/a><\/p>\n<p><a href=\"https:\/\/semmelweis.hu\/mental\/az-intezet\/munkatarsak\/dr-torok-gabor\/\" target=\"_blank\" rel=\"noopener noreferrer\">Dr. T\u00f6r\u00f6k G\u00e1bor, egyetemi adjunktus<\/a><\/p>\n<p><em><strong>Titk\u00e1rs\u00e1g:<\/strong><\/em><\/p>\n<p><a href=\"https:\/\/semmelweis.hu\/mental\/az-intezet\/munkatarsak\/lente-boglarka\/\" target=\"_blank\" rel=\"noopener noreferrer\">Lente Bogl\u00e1rka<\/a><\/p>\n<p><strong><em>Gazdas\u00e1gi \u00e9s szem\u00e9ly\u00fcgyek\u00e9rt felel:<\/em><\/strong><\/p>\n<p><a href=\"https:\/\/semmelweis.hu\/mental\/az-intezet\/munkatarsak\/zsuzsandor-agnes\/\" target=\"_blank\" rel=\"noopener\">Zsuzsandor \u00c1gnes<\/a><\/p>\n<p><em><strong>Oktat\u00f3-kutat\u00f3 munkat\u00e1rsak:<\/strong><\/em><\/p>\n<p><a href=\"https:\/\/semmelweis.hu\/mental\/az-intezet\/munkatarsak\/prof-dr-tomcsanyi-teodora\/\" target=\"_blank\" rel=\"noopener noreferrer\">Prof. Dr. Tomcs\u00e1nyi Teod\u00f3ra, Professor Emerita<\/a><\/p>\n<p><a href=\"https:\/\/semmelweis.hu\/mental\/az-intezet\/munkatarsak\/prof-dr-nagy-endre\/\" target=\"_blank\" rel=\"noopener noreferrer\">Prof. Dr. Nagy Endre, Professor Emeritus<\/a><\/p>\n<p><a href=\"https:\/\/semmelweis.hu\/mental\/az-intezet\/munkatarsak\/dr-albert-fruzsina\/\" target=\"_blank\" rel=\"noopener noreferrer\">Prof. Dr. Albert Fruzsina, habil., egyetemi tan\u00e1r<\/a><\/p>\n<p><a href=\"https:\/\/semmelweis.hu\/mental\/az-intezet\/munkatarsak\/dr-asztalos-bernadett\/\" target=\"_blank\" rel=\"noopener noreferrer\">Dr. Asztalos Bernadett, egyetemi adjunktus<\/a><\/p>\n<p><a href=\"https:\/\/semmelweis.hu\/mental\/az-intezet\/munkatarsak\/bone-veronika\/\" target=\"_blank\" rel=\"noopener noreferrer\">Dr. B\u00f3n\u00e9 Veronika, tudom\u00e1nyos munkat\u00e1rs<\/a><\/p>\n<p><a href=\"https:\/\/semmelweis.hu\/mental\/az-intezet\/munkatarsak\/dr-danis-ildiko-ph-d\/\" target=\"_blank\" rel=\"noopener noreferrer\">Dr. Danis Ildik\u00f3, tudom\u00e1nyos f\u0151munkat\u00e1rs<\/a><\/p>\n<p><a href=\"https:\/\/semmelweis.hu\/mental\/az-intezet\/munkatarsak\/jaray-marton\/\" target=\"_blank\" rel=\"noopener noreferrer\">Dr. J\u00e1ray M\u00e1rton, egyetemi tan\u00e1rseg\u00e9d<\/a><\/p>\n<p><a href=\"https:\/\/semmelweis.hu\/mental\/dr-joob-mate\/\" target=\"_blank\" rel=\"noopener\">Dr. Jo\u00f3b M\u00e1t\u00e9, habilit\u00e1lt egyetemi docens<\/a><\/p>\n<p><a href=\"https:\/\/semmelweis.hu\/mental\/az-intezet\/munkatarsak\/dr-komolafe-cinderella\/\" target=\"_blank\" rel=\"noopener\">Dr. Komolafe Cinderella, tudom\u00e1nyos munkat\u00e1rs<\/a><\/p>\n<p><a href=\"https:\/\/semmelweis.hu\/mental\/az-intezet\/munkatarsak\/kosztka-julia\/\" target=\"_blank\" rel=\"noopener\">Kosztka J\u00falia, egyetemi adjunktus<\/a><\/p>\n<p><a href=\"https:\/\/semmelweis.hu\/mental\/az-intezet\/munkatarsak\/dr-trobert-anett-maria\/\" target=\"_blank\" rel=\"noopener noreferrer\">Dr. Leleszi-Tr\u00f3bert Anett, egyetemi adjunktus<\/a><\/p>\n<p><a href=\"https:\/\/semmelweis.hu\/mental\/meszaros-eleonora\/\" target=\"_blank\" rel=\"noopener\">M\u00e9sz\u00e1ros Eleon\u00f3ra, mesteroktat\u00f3<\/a><\/p>\n<p><a href=\"https:\/\/semmelweis.hu\/mental\/papp_zsuzsanna\/\" target=\"_blank\" rel=\"noopener noreferrer\">Dr. Papp Zsuzsanna Katalin, egyetemi adjunktus<\/a><\/p>\n<p><a href=\"https:\/\/semmelweis.hu\/mental\/az-intezet\/munkatarsak\/dr-semsey-gabor\/\" target=\"_blank\" rel=\"noopener\">Dr. Semsey G\u00e1bor, mesteroktat\u00f3<\/a><\/p>\n<p><a href=\"https:\/\/semmelweis.hu\/mental\/az-intezet\/munkatarsak\/dr-somosine-tesenyi-timea\/\" target=\"_blank\" rel=\"noopener noreferrer\">Dr. Somosin\u00e9 T\u00e9senyi T\u00edmea, egyetemi adjunktus<\/a><\/p>\n<p><a href=\"https:\/\/semmelweis.hu\/mental\/suki-szijjarto-szilvia-agnes\/\" target=\"_blank\" rel=\"noopener\">S\u00fcki-Szijj\u00e1rt\u00f3 Szilvia \u00c1gnes, mesteroktat\u00f3<\/a><\/p>\n<p><a href=\"https:\/\/semmelweis.hu\/mental\/az-intezet\/munkatarsak\/jaki-zsuzsanna\/\" target=\"_blank\" rel=\"noopener noreferrer\">Dr. Szab\u00f3-J\u00e1ki Zsuzsanna, egyetemi adjunktus<\/a><\/p>\n<p><a href=\"https:\/\/semmelweis.hu\/mental\/dr-torok-szabolcs\/\" target=\"_blank\" rel=\"noopener\">Dr. T\u00f6r\u00f6k Szabolcs, habil., egyetemi tan\u00e1r<\/a><\/p>\n<p><a href=\"https:\/\/semmelweis.hu\/mental\/ungvary-renata\/\" target=\"_blank\" rel=\"noopener\">Wirthn\u00e9 Dr. Ungv\u00e1ry Ren\u00e1ta, egyetemi adjunktus<\/a><\/p>\n<p><em><strong>Adminisztrat\u00edv feladatok\u00e9rt felelnek:<\/strong><\/em><\/p>\n<div id=\"GroupWiseSection_1628593817000_biro.attila@public.semmelweis-univ.hu_72C626011A5900009E5C000000000000_\" class=\"GroupWiseMessageBody active\">\n<div><a href=\"https:\/\/semmelweis.hu\/mental\/biro-attila\/\" target=\"_blank\" rel=\"noopener\">B\u00edr\u00f3 Attila, rendszergazda<\/a><\/div>\n<div>\u00a0<\/div>\n<\/div>\n<p><a href=\"https:\/\/semmelweis.hu\/mental\/2025\/03\/17\/bodo-klaudia\/\" target=\"_blank\" rel=\"noopener\">Bod\u00f3 Klaudia<\/a><\/p>\n<p><a href=\"https:\/\/semmelweis.hu\/mental\/az-intezet\/munkatarsak\/lorinczbeata\/\" target=\"_blank\" rel=\"noopener\">Dank\u00f3-L\u0151rincz Be\u00e1ta, adminisztrat\u00edv koordin\u00e1tor, oktat\u00e1sszervez\u0151<\/a> (tart\u00f3san t\u00e1vol)<\/p>\n<p><a href=\"https:\/\/semmelweis.hu\/mental\/az-intezet\/munkatarsak\/fogarasi-katalin-krisztina\/\" target=\"_blank\" rel=\"noopener\">Fogarasi Katalin Krisztina, adminisztrat\u00edv koordin\u00e1tor, oktat\u00e1sszervez\u0151<\/a><\/p>\n<p><a href=\"https:\/\/semmelweis.hu\/mental\/fulopne-fejos-henriett\/\" target=\"_blank\" rel=\"noopener\">F\u00fcl\u00f6pn\u00e9 Fej\u0151s Henriett, adminisztrat\u00edv asszisztens, oktat\u00e1sszervez\u0151<\/a><\/p>\n<p><a href=\"https:\/\/semmelweis.hu\/mental\/gardonyi-tibor-laszlone-gyongyi\/\" target=\"_blank\" rel=\"noopener\">G\u00e1rdonyi Tibor L\u00e1szl\u00f3n\u00e9 (Gy\u00f6ngyi), adminisztrat\u00edv koordin\u00e1tor, tanulm\u00e1nyi \u00fcgyint\u00e9z\u0151<\/a><\/p>\n<p><a href=\"https:\/\/semmelweis.hu\/mental\/horvathne-varga-erika\/\" target=\"_blank\" rel=\"noopener\">Horv\u00e1thn\u00e9 Varga Erika M\u00e1ria, adminisztrat\u00edv asszisztens, oktat\u00e1sszervez\u0151<\/a><\/p>\n<p><a href=\"https:\/\/semmelweis.hu\/mental\/munkatarsak-kormos-zsuzsanna\/\" target=\"_blank\" rel=\"noopener\">Kormos Zsuzsa, tanulm\u00e1nyi \u00fcgyint\u00e9z\u0151<\/a><\/p>\n<p><a href=\"https:\/\/semmelweis.hu\/mental\/az-intezet\/munkatarsak\/manyai-vegh-juti\/\" target=\"_blank\" rel=\"noopener\">M\u00e1nyai-V\u00e9gh Juti, adminisztrat\u00edv asszisztens, oktat\u00e1sszervez\u0151<\/a><\/p>\n<p><a href=\"https:\/\/semmelweis.hu\/mental\/munkatarsak-meszaros-eva\/\" target=\"_blank\" rel=\"noopener\">M\u00e9sz\u00e1ros \u00c9va, tanulm\u00e1nyi \u00fcgyint\u00e9z\u0151<\/a><\/p>\n<p><a href=\"https:\/\/semmelweis.hu\/mental\/az-intezet\/munkatarsak\/nagy-bozsoky-anna\/\" target=\"_blank\" rel=\"noopener\">Nagy-Bozsoky Anna, adminisztrat\u00edv asszisztens, oktat\u00e1sszervez\u0151<\/a><\/p>\n<p><a href=\"https:\/\/semmelweis.hu\/mental\/sarmasy-orsolya\/\" target=\"_blank\" rel=\"noopener\">S\u00e1rm\u00e1sy Orsolya, adminisztrat\u00edv koordin\u00e1tor, EJMH szerkeszt\u0151s\u00e9gi titk\u00e1r<\/a><\/p>\n<p><a href=\"https:\/\/semmelweis.hu\/mental\/munkatarsak-sooki-blanka\/\" target=\"_blank\" rel=\"noopener\">So\u00f3ki Blanka, adminisztrat\u00edv asszisztens, oktat\u00e1sszervez\u0151<\/a><\/p>\n<p><a href=\"https:\/\/semmelweis.hu\/mental\/az-intezet\/munkatarsak\/szeplaki-kollod-borbala\/\" target=\"_blank\" rel=\"noopener\">Sz\u00e9plaki-K\u00f6ll\u0151d Borb\u00e1la, adminisztrat\u00edv koordin\u00e1tor, oktat\u00e1sszervez\u0151<\/a><\/p>\n<p><a href=\"https:\/\/semmelweis.hu\/mental\/winkler-melinda\/\" target=\"_blank\" rel=\"noopener\">Winkler Melinda, adminisztrat\u00edv koordin\u00e1tor, EJMH szerkeszt\u0151i asszisztens<\/a><\/p>\n","protected":false},"excerpt":{"rendered":"<p>A Ment\u00e1lhigi\u00e9n\u00e9 Int\u00e9zet munkat\u00e1rsai Int\u00e9zetigazgat\u00f3: <a href=\"https:\/\/semmelweis.hu\/mental\/az-intezet\/munkatarsak\/dr-pethesne-david-beata-phd-habil\/\" target=\"_blank\" rel=\"noopener noreferrer\">Prof. Dr. Pethesn\u00e9 D\u00e1vid Be\u00e1ta habil., egyetemi tan\u00e1r<\/a> Igazgat\u00f3 helyettesek: <a href=\"https:\/\/semmelweis.hu\/mental\/az-intezet\/munkatarsak\/dr-pilinszki-attila\/\" target=\"_blank\" rel=\"noopener noreferrer\">Dr. Pilinszki Attila, egyetemi docens<\/a> <a href=\"https:\/\/semmelweis.hu\/mental\/az-intezet\/munkatarsak\/dr-torok-gabor\/\" target=\"_blank\" rel=\"noopener noreferrer\">Dr. T\u00f6r\u00f6k G\u00e1bor, egyetemi adjunktus<\/a> Titk\u00e1rs\u00e1g: <a href=\"https:\/\/semmelweis.hu\/mental\/az-intezet\/munkatarsak\/lente-boglarka\/\" target=\"_blank\" rel=\"noopener noreferrer\">Lente Bogl\u00e1rka<\/a> Gazdas\u00e1gi \u00e9s szem\u00e9ly\u00fcgyek\u00e9rt felel: <a href=\"https:\/\/semmelweis.hu\/mental\/az-intezet\/munkatarsak\/zsuzsandor-agnes\/\" target=\"_blank\" rel=\"noopener\">Zsuzsandor \u00c1gnes<\/a> Oktat\u00f3-kutat\u00f3 munkat\u00e1rsak: <a href=\"https:\/\/semmelweis.hu\/mental\/az-intezet\/munkatarsak\/prof-dr-tomcsanyi-teodora\/\" target=\"_blank\" rel=\"noopener noreferrer\">Prof. Dr. Tomcs\u00e1nyi Teod\u00f3ra, Professor Emerita<\/a> <a href=\"https:\/\/semmelweis.hu\/mental\/az-intezet\/munkatarsak\/prof-dr-nagy-endre\/\" target=\"_blank\" rel=\"noopener noreferrer\">Prof. Dr. Nagy Endre, Professor Emeritus<\/a> <a href=\"https:\/\/semmelweis.hu\/mental\/az-intezet\/munkatarsak\/dr-albert-fruzsina\/\" target=\"_blank\" rel=\"noopener noreferrer\">Prof. Dr. Albert Fruzsina, habil., egyetemi tan\u00e1r<\/a> <a href=\"https:\/\/semmelweis.hu\/mental\/az-intezet\/munkatarsak\/dr-asztalos-bernadett\/\" target=\"_blank\" rel=\"noopener noreferrer\">Dr. Asztalos Bernadett, egyetemi adjunktus<\/a> <a href=\"https:\/\/semmelweis.hu\/mental\/az-intezet\/munkatarsak\/bone-veronika\/\" target=\"_blank\" rel=\"noopener noreferrer\">Dr. B\u00f3n\u00e9 Veronika, tudom\u00e1nyos munkat\u00e1rs<\/a> <a href=\"https:\/\/semmelweis.hu\/mental\/az-intezet\/munkatarsak\/dr-danis-ildiko-ph-d\/\" target=\"_blank\" rel=\"noopener noreferrer\">Dr. Danis Ildik\u00f3, tudom\u00e1nyos f\u0151munkat\u00e1rs<\/a> <a href=\"https:\/\/semmelweis.hu\/mental\/az-intezet\/munkatarsak\/jaray-marton\/\" target=\"_blank\" rel=\"noopener noreferrer\">Dr. J\u00e1ray M\u00e1rton, egyetemi tan\u00e1rseg\u00e9d<\/a> <a href=\"https:\/\/semmelweis.hu\/mental\/dr-joob-mate\/\" target=\"_blank\" rel=\"noopener\">Dr. Jo\u00f3b M\u00e1t\u00e9, habilit\u00e1lt egyetemi docens<\/a> <a href=\"https:\/\/semmelweis.hu\/mental\/az-intezet\/munkatarsak\/dr-komolafe-cinderella\/\" target=\"_blank\" rel=\"noopener\">Dr. Komolafe Cinderella, tudom\u00e1nyos munkat\u00e1rs<\/a> <a href=\"https:\/\/semmelweis.hu\/mental\/az-intezet\/munkatarsak\/kosztka-julia\/\" target=\"_blank\" rel=\"noopener\">Kosztka J\u00falia, egyetemi adjunktus<\/a> <a href=\"https:\/\/semmelweis.hu\/mental\/az-intezet\/munkatarsak\/dr-trobert-anett-maria\/\" target=\"_blank\" rel=\"noopener noreferrer\">Dr. Leleszi-Tr\u00f3bert Anett, egyetemi adjunktus<\/a> <a href=\"https:\/\/semmelweis.hu\/mental\/meszaros-eleonora\/\" target=\"_blank\" rel=\"noopener\">M\u00e9sz\u00e1ros Eleon\u00f3ra, mesteroktat\u00f3<\/a> <a href=\"https:\/\/semmelweis.hu\/mental\/papp_zsuzsanna\/\" target=\"_blank\" rel=\"noopener noreferrer\">Dr. Papp Zsuzsanna Katalin, egyetemi adjunktus<\/a> <a href=\"https:\/\/semmelweis.hu\/mental\/az-intezet\/munkatarsak\/dr-semsey-gabor\/\" target=\"_blank\" rel=\"noopener\">Dr. Semsey G\u00e1bor, mesteroktat\u00f3<\/a> <a href=\"https:\/\/semmelweis.hu\/mental\/az-intezet\/munkatarsak\/dr-somosine-tesenyi-timea\/\" target=\"_blank\" rel=\"noopener noreferrer\">Dr. Somosin\u00e9 T\u00e9senyi T\u00edmea, egyetemi adjunktus<\/a> <a href=\"https:\/\/semmelweis.hu\/mental\/suki-szijjarto-szilvia-agnes\/\" target=\"_blank\" rel=\"noopener\">S\u00fcki-Szijj\u00e1rt\u00f3 Szilvia \u00c1gnes, mesteroktat\u00f3<\/a> <a href=\"https:\/\/semmelweis.hu\/mental\/az-intezet\/munkatarsak\/jaki-zsuzsanna\/\" target=\"_blank\" rel=\"noopener noreferrer\">Dr. Szab\u00f3-J\u00e1ki Zsuzsanna, egyetemi adjunktus<\/a> <a href=\"https:\/\/semmelweis.hu\/mental\/dr-torok-szabolcs\/\" target=\"_blank\" rel=\"noopener\">Dr. T\u00f6r\u00f6k Szabolcs, habil., egyetemi tan\u00e1r<\/a> <a href=\"https:\/\/semmelweis.hu\/mental\/ungvary-renata\/\" target=\"_blank\" rel=\"noopener\">Wirthn\u00e9 Dr. Ungv\u00e1ry Ren\u00e1ta, egyetemi adjunktus<\/a> Adminisztrat\u00edv feladatok\u00e9rt felelnek: <a href=\"https:\/\/semmelweis.hu\/mental\/biro-attila\/\" target=\"_blank\" rel=\"noopener\">B\u00edr\u00f3 Attila, rendszergazda<\/a> \u00a0 <a href=\"https:\/\/semmelweis.hu\/mental\/2025\/03\/17\/bodo-klaudia\/\" target=\"_blank\" rel=\"noopener\">Bod\u00f3 Klaudia<\/a> <a href=\"https:\/\/semmelweis.hu\/mental\/az-intezet\/munkatarsak\/lorinczbeata\/\" target=\"_blank\" rel=\"noopener\">Dank\u00f3-L\u0151rincz Be\u00e1ta, adminisztrat\u00edv koordin\u00e1tor, oktat\u00e1sszervez\u0151<\/a> (tart\u00f3san t\u00e1vol) <a href=\"https:\/\/semmelweis.hu\/mental\/az-intezet\/munkatarsak\/fogarasi-katalin-krisztina\/\" target=\"_blank\" rel=\"noopener\">Fogarasi Katalin Krisztina, adminisztrat\u00edv koordin\u00e1tor, oktat\u00e1sszervez\u0151<\/a> <a href=\"https:\/\/semmelweis.hu\/mental\/fulopne-fejos-henriett\/\" target=\"_blank\" rel=\"noopener\">F\u00fcl\u00f6pn\u00e9 Fej\u0151s Henriett, adminisztrat\u00edv asszisztens, oktat\u00e1sszervez\u0151<\/a> <a href=\"https:\/\/semmelweis.hu\/mental\/gardonyi-tibor-laszlone-gyongyi\/\" target=\"_blank\" rel=\"noopener\">G\u00e1rdonyi Tibor L\u00e1szl\u00f3n\u00e9 (Gy\u00f6ngyi), adminisztrat\u00edv koordin\u00e1tor, tanulm\u00e1nyi \u00fcgyint\u00e9z\u0151<\/a> <a href=\"https:\/\/semmelweis.hu\/mental\/horvathne-varga-erika\/\" target=\"_blank\" rel=\"noopener\">Horv\u00e1thn\u00e9 Varga Erika M\u00e1ria, adminisztrat\u00edv asszisztens, oktat\u00e1sszervez\u0151<\/a> <a href=\"https:\/\/semmelweis.hu\/mental\/munkatarsak-kormos-zsuzsanna\/\" target=\"_blank\" rel=\"noopener\">Kormos Zsuzsa, tanulm\u00e1nyi \u00fcgyint\u00e9z\u0151<\/a> <a href=\"https:\/\/semmelweis.hu\/mental\/az-intezet\/munkatarsak\/manyai-vegh-juti\/\" target=\"_blank\" rel=\"noopener\">M\u00e1nyai-V\u00e9gh Juti, adminisztrat\u00edv asszisztens, oktat\u00e1sszervez\u0151<\/a> <a href=\"https:\/\/semmelweis.hu\/mental\/munkatarsak-meszaros-eva\/\" target=\"_blank\" rel=\"noopener\">M\u00e9sz\u00e1ros \u00c9va, tanulm\u00e1nyi \u00fcgyint\u00e9z\u0151<\/a> <a href=\"https:\/\/semmelweis.hu\/mental\/az-intezet\/munkatarsak\/nagy-bozsoky-anna\/\" target=\"_blank\" rel=\"noopener\">Nagy-Bozsoky Anna, adminisztrat\u00edv asszisztens, oktat\u00e1sszervez\u0151<\/a> <a href=\"https:\/\/semmelweis.hu\/mental\/sarmasy-orsolya\/\" target=\"_blank\" rel=\"noopener\">S\u00e1rm\u00e1sy Orsolya, adminisztrat\u00edv koordin\u00e1tor, EJMH szerkeszt\u0151s\u00e9gi titk\u00e1r<\/a> <a href=\"https:\/\/semmelweis.hu\/mental\/munkatarsak-sooki-blanka\/\" target=\"_blank\" rel=\"noopener\">So\u00f3ki Blanka, adminisztrat\u00edv asszisztens, oktat\u00e1sszervez\u0151<\/a> <a href=\"https:\/\/semmelweis.hu\/mental\/az-intezet\/munkatarsak\/szeplaki-kollod-borbala\/\" target=\"_blank\" rel=\"noopener\">Sz\u00e9plaki-K\u00f6ll\u0151d Borb\u00e1la, adminisztrat\u00edv koordin\u00e1tor, oktat\u00e1sszervez\u0151<\/a> &hellip;<\/p>\n","protected":false},"author":101614,"featured_media":0,"parent":372,"menu_order":6,"comment_status":"closed","ping_status":"closed","template":"","meta":{"_acf_changed":false,"footnotes":""},"categories":[],"tags":[],"class_list":["post-19","page","type-page","status-publish","hentry"],"acf":[],"_links":{"self":[{"href":"https:\/\/semmelweis.hu\/mental\/wp-json\/wp\/v2\/pages\/19","targetHints":{"allow":["GET"]}}],"collection":[{"href":"https:\/\/semmelweis.hu\/mental\/wp-json\/wp\/v2\/pages"}],"about":[{"href":"https:\/\/semmelweis.hu\/mental\/wp-json\/wp\/v2\/types\/page"}],"author":[{"embeddable":true,"href":"https:\/\/semmelweis.hu\/mental\/wp-json\/wp\/v2\/users\/101614"}],"replies":[{"embeddable":true,"href":"https:\/\/semmelweis.hu\/mental\/wp-json\/wp\/v2\/comments?post=19"}],"version-history":[{"count":15,"href":"https:\/\/semmelweis.hu\/mental\/wp-json\/wp\/v2\/pages\/19\/revisions"}],"predecessor-version":[{"id":9097,"href":"https:\/\/semmelweis.hu\/mental\/wp-json\/wp\/v2\/pages\/19\/revisions\/9097"}],"up":[{"embeddable":true,"href":"https:\/\/semmelweis.hu\/mental\/wp-json\/wp\/v2\/pages\/372"}],"wp:attachment":[{"href":"https:\/\/semmelweis.hu\/mental\/wp-json\/wp\/v2\/media?parent=19"}],"wp:term":[{"taxonomy":"category","embeddable":true,"href":"https:\/\/semmelweis.hu\/mental\/wp-json\/wp\/v2\/categories?post=19"},{"taxonomy":"post_tag","embeddable":true,"href":"https:\/\/semmelweis.hu\/mental\/wp-json\/wp\/v2\/tags?post=19"}],"curies":[{"name":"wp","href":"https:\/\/api.w.org\/{rel}","templated":true}]}}