{"id":17,"date":"2018-06-08T00:00:00","date_gmt":"2018-06-07T22:00:00","guid":{"rendered":"http:\/\/semmelweis.hu\/mental\/kapcsolat\/"},"modified":"2026-03-26T13:06:49","modified_gmt":"2026-03-26T12:06:49","slug":"kapcsolat","status":"publish","type":"page","link":"https:\/\/semmelweis.hu\/mental\/az-intezet\/kapcsolat\/","title":{"rendered":"Kapcsolat"},"content":{"rendered":"<p><img decoding=\"async\" class=\"alignright\" src=\"https:\/\/semmelweis.hu\/mental\/files\/2018\/06\/http-www.mental.usn_.hu-regi-images_deco-net2-1.jpg\" alt=\"Ment\u00e1lhigi\u00e9n\u00e9 Int\u00e9zet\" border=\"0\" \/><\/p>\n<p><span style=\"font-size: 18pt\"><strong>Semmelweis Egyetem Eg\u00e9szs\u00e9g\u00fcgyi K\u00f6zszolg\u00e1lati Kar <\/strong><\/span><span style=\"font-size: 18pt\"><strong>Ment\u00e1lhigi\u00e9n\u00e9 Int\u00e9zet<\/strong><\/span><\/p>\n<p><strong>C\u00edm:<\/strong> 1089 Budapest, Nagyv\u00e1rad t\u00e9r 4. 19. emelet<br \/><strong>Postac\u00edm:<\/strong> 1428 Budapest, Pf. 2.<br \/><strong>Telefon:<\/strong> +36 (1) 459-1500 \/ 56538<br \/><strong>Titk\u00e1rs\u00e1g:<\/strong> +36 (1) 266-0878<br \/><strong>Fax:<\/strong> +36 (1) 214-5685<strong><br \/>E-mail:<\/strong> info.mental@semmelweis.hu<\/p>\n<p><strong>Tanulm\u00e1nyi \u00fcgyek: <\/strong>+36 (1) 266-1022;<br \/>mental.tanulmanyi@semmelweis.hu<\/p>\n<p><strong>Szakok el\u00e9rhet\u0151s\u00e9gei:<\/strong><\/p>\n<ul>\n<li><strong>Szoci\u00e1lis munka mesterk\u00e9pz\u00e9s:<\/strong> +36 (1) 459-1500 mell\u00e9k: 56523; <em>Sz\u00e9plaki-K\u00f6ll\u0151d Borb\u00e1la, oktat\u00e1ssszervez\u0151:<\/em> szeplaki.kollod.borbala@semmelweis.hu<\/li>\n<li><strong>Interdiszciplin\u00e1ris csal\u00e1dtudom\u00e1nyi mesterk\u00e9pz\u00e9si szak:<\/strong> <span style=\"font-size: 1rem\">+36 (1) 459-1500 mell\u00e9k: 56541; <em>Nagy-Bozsoky Anna, oktat\u00e1sszervez\u0151: <\/em><a href=\"mailto:nagy.bozsoky.anna@semmelweis.hu\">nagy.bozsoky.anna@semmelweis.hu<\/a><\/span><\/li>\n<li><strong>Ment\u00e1lhigi\u00e9n\u00e9 szakir\u00e1ny\u00fa tov\u00e1bbk\u00e9pz\u00e9s:<\/strong> +36 (1) 459-1500 mell\u00e9k: 56523; <em>F\u00fcl\u00f6pn\u00e9 Fej\u0151s Henriett, oktat\u00e1sszervez\u0151:<\/em> <a href=\"mailto:fulop.henriett@semmelweis.hu\">fulop.henriett@semmelweis.hu<\/a><\/li>\n<li><strong style=\"font-size: 1rem\">Munkahelyi ment\u00e1lhigi\u00e9n\u00e9 szakir\u00e1ny\u00fa tov\u00e1bbk\u00e9pz\u00e9se:<\/strong><span style=\"font-size: 1rem\">\u00a0<\/span><span style=\"font-size: 1rem\">+36 (1) 459-1500 mell\u00e9k: 56541; <em>Nagy-Bozsoky Anna, oktat\u00e1sszervez\u0151:<\/em> <a href=\"mailto:nagy.bozsoky.anna@semmelweis.hu\">nagy.bozsoky.anna@semmelweis.hu<\/a><\/span><\/li>\n<li><strong style=\"font-size: 1rem\">Lelkigondoz\u00f3 szakir\u00e1ny\u00fa tov\u00e1bbk\u00e9pz\u00e9s:<\/strong><span style=\"font-size: 1rem\"><span style=\"font-size: 1rem\"> +36 (1) 459-1500 mell\u00e9k: 56541; <em>Fogarasi Katalin Krisztina, oktat\u00e1sszervez\u0151:<\/em><\/span><\/span>\n<div class=\"x_elementToProof\" data-olk-copy-source=\"MessageBody\"><a href=\"mailto:fogarasi.katalin.krisztina@semmelweis.hu\">fogarasi.katalin.krisztina@semmelweis.hu<\/a><\/div>\n<\/li>\n<li><strong>Ment\u00e1lhigi\u00e9n\u00e9s h\u00e1zass\u00e1g- \u00e9s csal\u00e1d-lelkigondoz\u00f3 szakir\u00e1ny\u00fa tov\u00e1bbk\u00e9pz\u00e9s:<\/strong> +36 (1) 459-1500 mell\u00e9k: 56541; <span style=\"font-size: 1rem\"><span style=\"font-size: 1rem\"><em>Fogarasi Katalin Krisztina, oktat\u00e1sszervez\u0151:<\/em><\/span><\/span>\n<div class=\"x_elementToProof\" data-olk-copy-source=\"MessageBody\"><a href=\"mailto:fogarasi.katalin.krisztina@semmelweis.hu\">fogarasi.katalin.krisztina@semmelweis.hu<\/a><\/div>\n<\/li>\n<li><strong>Integr\u00e1lt sz\u00fcl\u0151-csecsem\u0151\/kisgyermek konzult\u00e1ci\u00f3 szakir\u00e1ny\u00fa tov\u00e1bbk\u00e9pz\u00e9s:<\/strong>\u00a0<em>Dr. Danis Ildik\u00f3, szakfelel\u0151s:<\/em> <a href=\"mailto:danis.ildiko@public.semmelweis-univ.hu\">danis.ildiko@semmelweis.hu<\/a><\/li>\n<li><strong>Lakt\u00e1ci\u00f3s szaktan\u00e1csad\u00f3 szakir\u00e1ny\u00fa tov\u00e1bbk\u00e9pz\u00e9s:<\/strong> +36 (1) 459-1500 mell\u00e9k: 56541; <em>So\u00f3ki Blanka, oktat\u00e1sszervez\u0151<\/em>: sooki.blanka.boglarka@semmelweis.hu<\/li>\n<li><strong>K\u00f6z\u00f6ss\u00e9gi \u00e9s csal\u00e1di medi\u00e1ci\u00f3 szakir\u00e1ny\u00fa tov\u00e1bbk\u00e9pz\u00e9s: <\/strong>+36 (1) 459-1500 mell\u00e9k: 56523;<span style=\"font-size: 1rem\">\u00a0<\/span><em>Horv\u00e1thn\u00e9 Varga Erika, oktat\u00e1sszervez\u0151:<\/em> <a href=\"varga.erika4@public.semmelweis-univ.hu\">varga.erika4@semmelweis.hu<\/a><\/li>\n<li><strong>Akt\u00edv id\u0151s\u00f6d\u00e9s szakir\u00e1ny\u00fa tov\u00e1bbk\u00e9pz\u00e9s: <\/strong>+36 (1) 459-1500 mell\u00e9k: 56541; <em>So\u00f3ki Blanka, oktat\u00e1sszervez\u0151<\/em>: sooki.blanka.boglarka@semmelweis.hu<\/li>\n<\/ul>\n<p><strong>Tank\u00f6nyv v\u00e1s\u00e1rl\u00e1s:<\/strong> <a href=\"mailto:parbeszedalapitvany@gmail.com\">parbeszedalapitvany@gmail.com<\/a><\/p>\n<p>&nbsp;<\/p>\n<p><strong>K\u00f6zleked\u00e9s:<\/strong><\/p>\n<p>Int\u00e9zet\u00fcnk a <strong>Nagyv\u00e1rad t\u00e9ri metr\u00f3 meg\u00e1ll\u00f3hoz k\u00f6zel<\/strong> tal\u00e1lhat\u00f3, \u00edgy t\u00f6bb ir\u00e1nyb\u00f3l, t\u00f6bbf\u00e9le t\u00f6megk\u00f6zleked\u00e9si eszk\u00f6zzel is k\u00f6nnyen megk\u00f6zel\u00edthet\u0151.\u00a0<br \/>\u00datvonaltervez\u00e9s\u00a0<a href=\"http:\/\/213.16.82.118\/tervezo\/\" target=\"_blank\" rel=\"noopener noreferrer\">t\u00f6megk\u00f6zleked\u00e9ssel<\/a><br \/>\u00datvonaltervez\u00e9s\u00a0<a href=\"http:\/\/www.utvonalterv.hu\/\" target=\"_blank\" rel=\"noopener noreferrer\">aut\u00f3val<\/a> (<span class=\"boldFont\">GPS koordin\u00e1t\u00e1k: <\/span>LAT: 47\u00b028&#8217;45&#8243;N; LON: 19\u00b05&#8217;30&#8243;E)<\/p>\n\n<!-- iframe plugin v.4.9 wordpress.org\/plugins\/iframe\/ -->\n<iframe loading=\"lazy\" style=\"border: 0;\" src=\"https:\/\/www.google.com\/maps\/embed?pb=!1m14!1m8!1m3!1d5393.248216625077!2d19.091234!3d47.477754!3m2!1i1024!2i768!4f13.1!3m3!1m2!1s0x4741dce663d65943%3A0xf5391fc3337d063b!2zQnVkYXBlc3QsIE5hZ3l2w6FyYWQgdMOpciA0LCAxMDg5!5e0!3m2!1shu!2shu!4v1552399828554\" width=\"100%\" height=\"300\" frameborder=\"0\" allowfullscreen=\"allowfullscreen\" scrolling=\"yes\" class=\"iframe-class\"><\/iframe>\n\n","protected":false},"excerpt":{"rendered":"<p>Semmelweis Egyetem Eg\u00e9szs\u00e9g\u00fcgyi K\u00f6zszolg\u00e1lati Kar Ment\u00e1lhigi\u00e9n\u00e9 Int\u00e9zet C\u00edm: 1089 Budapest, Nagyv\u00e1rad t\u00e9r 4. 19. emeletPostac\u00edm: 1428 Budapest, Pf. 2.Telefon: +36 (1) 459-1500 \/ 56538Titk\u00e1rs\u00e1g: +36 (1) 266-0878Fax: +36 (1) 214-5685E-mail: info.mental@semmelweis.hu Tanulm\u00e1nyi \u00fcgyek: +36 (1) 266-1022;mental.tanulmanyi@semmelweis.hu Szakok el\u00e9rhet\u0151s\u00e9gei: Szoci\u00e1lis munka mesterk\u00e9pz\u00e9s: +36 (1) 459-1500 mell\u00e9k: 56523; Sz\u00e9plaki-K\u00f6ll\u0151d Borb\u00e1la, oktat\u00e1ssszervez\u0151: szeplaki.kollod.borbala@semmelweis.hu Interdiszciplin\u00e1ris csal\u00e1dtudom\u00e1nyi mesterk\u00e9pz\u00e9si szak: +36 &hellip;<\/p>\n","protected":false},"author":101790,"featured_media":0,"parent":372,"menu_order":1,"comment_status":"closed","ping_status":"closed","template":"","meta":{"_acf_changed":false,"footnotes":""},"categories":[],"tags":[],"class_list":["post-17","page","type-page","status-publish","hentry"],"acf":[],"_links":{"self":[{"href":"https:\/\/semmelweis.hu\/mental\/wp-json\/wp\/v2\/pages\/17","targetHints":{"allow":["GET"]}}],"collection":[{"href":"https:\/\/semmelweis.hu\/mental\/wp-json\/wp\/v2\/pages"}],"about":[{"href":"https:\/\/semmelweis.hu\/mental\/wp-json\/wp\/v2\/types\/page"}],"author":[{"embeddable":true,"href":"https:\/\/semmelweis.hu\/mental\/wp-json\/wp\/v2\/users\/101790"}],"replies":[{"embeddable":true,"href":"https:\/\/semmelweis.hu\/mental\/wp-json\/wp\/v2\/comments?post=17"}],"version-history":[{"count":13,"href":"https:\/\/semmelweis.hu\/mental\/wp-json\/wp\/v2\/pages\/17\/revisions"}],"predecessor-version":[{"id":5239,"href":"https:\/\/semmelweis.hu\/mental\/wp-json\/wp\/v2\/pages\/17\/revisions\/5239"}],"up":[{"embeddable":true,"href":"https:\/\/semmelweis.hu\/mental\/wp-json\/wp\/v2\/pages\/372"}],"wp:attachment":[{"href":"https:\/\/semmelweis.hu\/mental\/wp-json\/wp\/v2\/media?parent=17"}],"wp:term":[{"taxonomy":"category","embeddable":true,"href":"https:\/\/semmelweis.hu\/mental\/wp-json\/wp\/v2\/categories?post=17"},{"taxonomy":"post_tag","embeddable":true,"href":"https:\/\/semmelweis.hu\/mental\/wp-json\/wp\/v2\/tags?post=17"}],"curies":[{"name":"wp","href":"https:\/\/api.w.org\/{rel}","templated":true}]}}