{"id":161,"date":"2018-06-08T00:00:00","date_gmt":"2018-06-07T22:00:00","guid":{"rendered":"http:\/\/semmelweis.hu\/mental\/e-konyvek\/"},"modified":"2021-08-02T09:09:02","modified_gmt":"2021-08-02T07:09:02","slug":"e-konyvek","status":"publish","type":"page","link":"https:\/\/semmelweis.hu\/mental\/az-intezet\/kiadvanyok\/e-konyvek\/","title":{"rendered":"E-k\u00f6nyvek"},"content":{"rendered":"<p style=\"text-align: center\"><strong>Szabadon let\u00f6lthet\u0151 kiadv\u00e1nyaink<\/strong><\/p>\n<p>&nbsp;<\/p>\n<p><img loading=\"lazy\" decoding=\"async\" class=\"alignnone size-medium wp-image-4613 aligncenter\" src=\"https:\/\/semmelweis.hu\/mental\/files\/2021\/06\/illusztr\u00e1ci\u00f3-205x300.jpg\" alt=\"\" width=\"205\" height=\"300\" srcset=\"https:\/\/semmelweis.hu\/mental\/files\/2021\/06\/illusztr\u00e1ci\u00f3-205x300.jpg 205w, https:\/\/semmelweis.hu\/mental\/files\/2021\/06\/illusztr\u00e1ci\u00f3.jpg 559w\" sizes=\"auto, (max-width: 205px) 100vw, 205px\" \/><\/p>\n<hr \/>\n<p style=\"text-align: center\"><a href=\"https:\/\/semmelweis.hu\/mental\/files\/2021\/06\/21.sz%C3%A1zadi-babaszoba_kutat%C3%A1si-kiadv%C3%A1ny.pdf\">Danis, I. (Szerk.) (2021). 21. sz\u00e1zadi babaszoba. Egy\u00e9ni, csal\u00e1di \u00e9s t\u00e1gabb k\u00f6rnyezeti t\u00e9nyez\u0151k a kora gyermekkori lelki eg\u00e9szs\u00e9g h\u00e1tter\u00e9ben \u2013 felt\u00e1r\u00f3 kutat\u00e1s. Elm\u00e9leti h\u00e1tt\u00e9r, m\u00f3dszertan, t\u00e1rsadalmi indokolts\u00e1g. Semmelweis Egyetem EKK Ment\u00e1lhigi\u00e9n\u00e9 Int\u00e9zet, Budapest. <strong>(PDF)<\/strong><\/a><\/p>\n<p style=\"text-align: center\">\u00a0<\/p>\n<p><img loading=\"lazy\" decoding=\"async\" class=\" wp-image-4890 aligncenter\" src=\"https:\/\/semmelweis.hu\/mental\/files\/2021\/07\/Kora-gyerekkori-k\u00f6tetek-300x208.jpg\" alt=\"\" width=\"424\" height=\"294\" srcset=\"https:\/\/semmelweis.hu\/mental\/files\/2021\/07\/Kora-gyerekkori-k\u00f6tetek-300x208.jpg 300w, https:\/\/semmelweis.hu\/mental\/files\/2021\/07\/Kora-gyerekkori-k\u00f6tetek-1024x711.jpg 1024w, https:\/\/semmelweis.hu\/mental\/files\/2021\/07\/Kora-gyerekkori-k\u00f6tetek-768x533.jpg 768w, https:\/\/semmelweis.hu\/mental\/files\/2021\/07\/Kora-gyerekkori-k\u00f6tetek-1536x1066.jpg 1536w, https:\/\/semmelweis.hu\/mental\/files\/2021\/07\/Kora-gyerekkori-k\u00f6tetek-175x120.jpg 175w, https:\/\/semmelweis.hu\/mental\/files\/2021\/07\/Kora-gyerekkori-k\u00f6tetek-753x523.jpg 753w\" sizes=\"auto, (max-width: 424px) 100vw, 424px\" \/><\/p>\n<hr \/>\n<p style=\"text-align: center\"><a href=\"https:\/\/semmelweis.hu\/mental\/files\/2020\/12\/Kora-gyermekkori-lelki-egeszseg_I-kotet.pdf\">Danis, I., N\u00e9meth, T., Pr\u00f3nay, B., G\u00f3cz\u00e1n-Szab\u00f3, I., H\u00e9derv\u00e1ri-Heller, \u00c9. (Szerk.) (2020). A kora gyermekkori lelki eg\u00e9szs\u00e9g t\u00e1mogat\u00e1s\u00e1nak elm\u00e9lete \u00e9s gyakorlata I. Fejl\u0151d\u00e9selm\u00e9letek \u00e9s empirikus eredm\u00e9nyek. Semmelweis Egyetem EKK Ment\u00e1lhigi\u00e9n\u00e9 Int\u00e9zet, Budapest. <strong>(PDF)<\/strong><\/a><\/p>\n<p style=\"text-align: center\"><a href=\"https:\/\/semmelweis.hu\/mental\/files\/2020\/12\/Kora-gyermekkori-lelki-egeszseg_II-kotet.pdf\">Danis, I., N\u00e9meth, T., Pr\u00f3nay, B., G\u00f3cz\u00e1n-Szab\u00f3, I., H\u00e9derv\u00e1ri-Heller, \u00c9. (Szerk.) (2020). A kora gyermekkori lelki eg\u00e9szs\u00e9g t\u00e1mogat\u00e1s\u00e1nak elm\u00e9lete \u00e9s gyakorlata II. M\u00f3dszerek, ir\u00e1nyzatok, modellprogramok. Semmelweis Egyetem EKK Ment\u00e1lhigi\u00e9n\u00e9 Int\u00e9zet, Budapest. <strong>(PDF)<\/strong><\/a><\/p>\n<p style=\"text-align: center\"><a href=\"https:\/\/semmelweis.hu\/mental\/files\/2021\/08\/Recenzi\u00f3-Kora-gyermekkor_Zsindely-Katalin_2021.pdf\">Topol\u00e1nszkyn\u00e9 Zsindely Katalin recenzi\u00f3ja \u00e9s aj\u00e1nl\u00f3ja_2021 <strong>(PDF)<\/strong><\/a><\/p>\n<p>&nbsp;<\/p>\n<p><a href=\"https:\/\/semmelweis.hu\/mental\/files\/2018\/06\/alom_terv_tett_finish_new.pdf\" target=\"_blank\" rel=\"noopener noreferrer\"><img loading=\"lazy\" decoding=\"async\" class=\"size-medium wp-image-404 aligncenter\" src=\"https:\/\/semmelweis.hu\/mental\/files\/2018\/06\/alomterv2-211x300.jpg\" alt=\"\" width=\"211\" height=\"300\" srcset=\"https:\/\/semmelweis.hu\/mental\/files\/2018\/06\/alomterv2-211x300.jpg 211w, https:\/\/semmelweis.hu\/mental\/files\/2018\/06\/alomterv2.jpg 271w\" sizes=\"auto, (max-width: 211px) 100vw, 211px\" \/><\/a><\/p>\n<hr \/>\n<p style=\"text-align: center\"><a href=\"https:\/\/semmelweis.hu\/mental\/files\/2018\/06\/alom_terv_tett_finish_new.pdf\">Asztalos, B., J\u00e1ray, M., Szentj\u00f3bi, O. (szerk.) (2017). \u00c1lom, terv, tett : Gyakorlati \u00fatmutat\u00f3 \u00e9s p\u00e9ldat\u00e1r ment\u00e1lhigi\u00e9n\u00e9s projektekhez. Antropos Ment\u00e1lhygi\u00e9n\u00e9s Egyes\u00fclet, Budapest. <strong>(PDF) <\/strong><\/a><strong><a href=\"https:\/\/semmelweis.hu\/mental\/files\/2018\/06\/alom_terv_tett.zip\">(EPUB<\/a>) <\/strong><strong>(<a href=\"https:\/\/semmelweis.hu\/mental\/files\/2018\/06\/alom_terv_tett_mobi.zip\">MOBI)<\/a><\/strong><\/p>\n<p>&nbsp;<\/p>\n<p>&nbsp;<\/p>\n<p style=\"text-align: center\">\u00a0<\/p>\n","protected":false},"excerpt":{"rendered":"<p>Szabadon let\u00f6lthet\u0151 kiadv\u00e1nyaink<br \/>\n&nbsp;<\/p>\n<p><a href=\"https:\/\/semmelweis.hu\/mental\/files\/2021\/06\/21.sz%C3%A1zadi-babaszoba_kutat%C3%A1si-kiadv%C3%A1ny.pdf\">Danis, I. (Szerk.) (2021). 21. sz\u00e1zadi babaszoba. Egy\u00e9ni, csal\u00e1di \u00e9s t\u00e1gabb k\u00f6rnyezeti t\u00e9nyez\u0151k a kora gyermekkori lelki eg\u00e9szs\u00e9g h\u00e1tter\u00e9ben \u2013 felt\u00e1r\u00f3 kutat\u00e1s. Elm\u00e9leti h\u00e1tt\u00e9r, m\u00f3dszertan, t\u00e1rsadalmi indokolts\u00e1g. Semmelweis Egyetem EKK Ment\u00e1lhigi\u00e9n\u00e9 Int\u00e9zet, Budapest. (PDF)<\/a><br \/>\n\u00a0<\/p>\n<p><a href=\"https:\/\/semmelweis.hu\/mental\/files\/2020\/12\/Kora-gyermekkori-lelki-egeszseg_I-kotet.pdf\">Danis, I., N\u00e9meth, T., Pr\u00f3nay, B., G\u00f3cz\u00e1n-Szab\u00f3, I., H\u00e9derv\u00e1ri-Heller, \u00c9. (Szerk.) (2020). A kora gyermekkori lelki eg\u00e9szs\u00e9g t\u00e1mogat\u00e1s\u00e1nak elm\u00e9lete \u00e9s gyakorlata I. Fejl\u0151d\u00e9selm\u00e9letek \u00e9s empirikus eredm\u00e9nyek. Semmelweis Egyetem EKK Ment\u00e1lhigi\u00e9n\u00e9 Int\u00e9zet, Budapest. (PDF)<\/a><br \/>\n<a href=\"https:\/\/semmelweis.hu\/mental\/files\/2020\/12\/Kora-gyermekkori-lelki-egeszseg_II-kotet.pdf\">Danis, I., N\u00e9meth, T., Pr\u00f3nay, B., G\u00f3cz\u00e1n-Szab\u00f3, I., H\u00e9derv\u00e1ri-Heller, \u00c9. (Szerk.) (2020). A kora gyermekkori lelki eg\u00e9szs\u00e9g t\u00e1mogat\u00e1s\u00e1nak elm\u00e9lete \u00e9s gyakorlata II. M\u00f3dszerek, ir\u00e1nyzatok, modellprogramok. Semmelweis Egyetem EKK Ment\u00e1lhigi\u00e9n\u00e9 Int\u00e9zet, Budapest. (PDF)<\/a><br \/>\n<a href=\"https:\/\/semmelweis.hu\/mental\/files\/2021\/08\/Recenzi\u00f3-Kora-gyermekkor_Zsindely-Katalin_2021.pdf\">Topol\u00e1nszkyn\u00e9 Zsindely Katalin recenzi\u00f3ja \u00e9s aj\u00e1nl\u00f3ja_2021 (PDF)<\/a><br \/>\n&nbsp;<br \/>\n<a href=\"https:\/\/semmelweis.hu\/mental\/files\/2018\/06\/alom_terv_tett_finish_new.pdf\" target=\"_blank\" rel=\"noopener noreferrer\"><\/a><\/p>\n<p><a href=\"https:\/\/semmelweis.hu\/mental\/files\/2018\/06\/alom_terv_tett_finish_new.pdf\">Asztalos, B., J\u00e1ray, M., Szentj\u00f3bi, O. (szerk.) (2017). \u00c1lom, terv, tett : Gyakorlati \u00fatmutat\u00f3 \u00e9s p\u00e9ldat\u00e1r ment\u00e1lhigi\u00e9n\u00e9s projektekhez. Antropos Ment\u00e1lhygi\u00e9n\u00e9s Egyes\u00fclet, Budapest. (PDF) <\/a><a href=\"https:\/\/semmelweis.hu\/mental\/files\/2018\/06\/alom_terv_tett.zip\">(EPUB<\/a>) (<a href=\"https:\/\/semmelweis.hu\/mental\/files\/2018\/06\/alom_terv_tett_mobi.zip\">MOBI)<\/a><br \/>\n&nbsp;<br \/>\n&nbsp;<br \/>\n\u00a0<\/p>\n","protected":false},"author":101790,"featured_media":0,"parent":21,"menu_order":2,"comment_status":"closed","ping_status":"closed","template":"","meta":{"_acf_changed":false,"footnotes":""},"categories":[],"tags":[],"class_list":["post-161","page","type-page","status-publish","hentry"],"acf":[],"_links":{"self":[{"href":"https:\/\/semmelweis.hu\/mental\/wp-json\/wp\/v2\/pages\/161","targetHints":{"allow":["GET"]}}],"collection":[{"href":"https:\/\/semmelweis.hu\/mental\/wp-json\/wp\/v2\/pages"}],"about":[{"href":"https:\/\/semmelweis.hu\/mental\/wp-json\/wp\/v2\/types\/page"}],"author":[{"embeddable":true,"href":"https:\/\/semmelweis.hu\/mental\/wp-json\/wp\/v2\/users\/101790"}],"replies":[{"embeddable":true,"href":"https:\/\/semmelweis.hu\/mental\/wp-json\/wp\/v2\/comments?post=161"}],"version-history":[{"count":11,"href":"https:\/\/semmelweis.hu\/mental\/wp-json\/wp\/v2\/pages\/161\/revisions"}],"predecessor-version":[{"id":5086,"href":"https:\/\/semmelweis.hu\/mental\/wp-json\/wp\/v2\/pages\/161\/revisions\/5086"}],"up":[{"embeddable":true,"href":"https:\/\/semmelweis.hu\/mental\/wp-json\/wp\/v2\/pages\/21"}],"wp:attachment":[{"href":"https:\/\/semmelweis.hu\/mental\/wp-json\/wp\/v2\/media?parent=161"}],"wp:term":[{"taxonomy":"category","embeddable":true,"href":"https:\/\/semmelweis.hu\/mental\/wp-json\/wp\/v2\/categories?post=161"},{"taxonomy":"post_tag","embeddable":true,"href":"https:\/\/semmelweis.hu\/mental\/wp-json\/wp\/v2\/tags?post=161"}],"curies":[{"name":"wp","href":"https:\/\/api.w.org\/{rel}","templated":true}]}}