{"id":160,"date":"2018-06-08T00:00:00","date_gmt":"2018-06-07T22:00:00","guid":{"rendered":"http:\/\/semmelweis.hu\/mental\/embertars\/"},"modified":"2025-10-08T16:15:41","modified_gmt":"2025-10-08T14:15:41","slug":"embertars","status":"publish","type":"page","link":"https:\/\/semmelweis.hu\/mental\/az-intezet\/kiadvanyok\/embertars\/","title":{"rendered":"Embert\u00e1rs"},"content":{"rendered":"<p style=\"text-align: justify\"><a href=\"https:\/\/semmelweis.hu\/mental\/files\/2018\/06\/kep-a-honlapra-Embertars-302x98.jpg\"><img loading=\"lazy\" decoding=\"async\" class=\"size-medium wp-image-756 aligncenter\" src=\"https:\/\/semmelweis.hu\/mental\/files\/2018\/06\/kep-a-honlapra-Embertars-302x98-300x97.jpg\" alt=\"\" width=\"300\" height=\"97\" srcset=\"https:\/\/semmelweis.hu\/mental\/files\/2018\/06\/kep-a-honlapra-Embertars-302x98-300x97.jpg 300w, https:\/\/semmelweis.hu\/mental\/files\/2018\/06\/kep-a-honlapra-Embertars-302x98.jpg 302w\" sizes=\"auto, (max-width: 300px) 100vw, 300px\" \/><\/a><\/p>\n<p style=\"text-align: justify\">2003-ban indult \u00fatj\u00e1ra az\u00a0<strong><em>Embert\u00e1rs<\/em>\u00a0<\/strong>c\u00edm\u0171 magyar nyelv\u0171 negyed\u00e9ves foly\u00f3irat, amelynek c\u00e9lja f\u00f3rumot teremteni a k\u00fcl\u00f6nb\u00f6z\u0151 seg\u00edt\u0151 foglalkoz\u00e1s\u00fa szakembereknek \u2013 els\u0151sorban a lelkigondoz\u00e1s, a pedag\u00f3gia, az eg\u00e9szs\u00e9g\u00fcgy, a szoci\u00e1lis szf\u00e9ra, a ment\u00e1lhigi\u00e9n\u00e9 \u00e9s a karitat\u00edv tev\u00e9kenys\u00e9gek ter\u00fclet\u00e9n. A foly\u00f3irat els\u0151dleges c\u00e9lja a vil\u00e1gi \u00e9s egyh\u00e1zi civil kezdem\u00e9nyez\u00e9sek szakmai tev\u00e9kenys\u00e9g\u00e9nek megismertet\u00e9se egym\u00e1ssal, a term\u00e9keny\u00edt\u0151 dial\u00f3gus lehet\u0151v\u00e9 t\u00e9tele. Az egyh\u00e1zak \u00e9s a vil\u00e1gi int\u00e9zm\u00e9nyek p\u00e1rbesz\u00e9d\u00e9ben Magyarorsz\u00e1gon \u00fatt\u00f6r\u0151 v\u00e1llalkoz\u00e1snak tekinthet\u0151 az\u00a0<em>Embert\u00e1rs<\/em>\u00a0c\u00edm\u0171 foly\u00f3irat megsz\u00fclet\u00e9se. A szerkeszt\u0151bizotts\u00e1g tagjai a Ment\u00e1lhigi\u00e9n\u00e9 Int\u00e9zet munkat\u00e1rsai, \u00e9s a foly\u00f3irat a k\u00e9pz\u00e9seinken v\u00e9gzett hallgat\u00f3k sz\u00e1m\u00e1ra is szakmai f\u00f3rumot biztos\u00edt.<\/p>\n<p style=\"text-align: justify\">Az <em>Embert\u00e1rs<\/em> teljes tartalomjegyz\u00e9ke el\u00e9rhet\u0151 \u00e9s kereshet\u0151 a <a href=\"http:\/\/www.matarka.hu\/szam_list.php?fsz=1769\" target=\"_blank\" rel=\"noopener noreferrer\">www.matarka.hu<\/a> weboldalon.<\/p>\n<p style=\"text-align: justify\">A 2011-2014 k\u00f6z\u00f6tti sz\u00e1mok tartalma online ingyenesen el\u00e9rhet\u0151 az al\u00e1bbi linkeken: <a href=\"http:\/\/ujember.hu\/kiadvanyaink\/\" target=\"_blank\" rel=\"noopener noreferrer\">http:\/\/ujember.hu\/kiadvanyaink\/<\/a> vagy <a href=\"http:\/\/www.embertars.hu\" target=\"_blank\" rel=\"noopener noreferrer\">www.embertars.hu<\/a><\/p>\n<p style=\"text-align: justify\">2016-t\u00f3l online is el\u00e9rhet\u0151: <a href=\"http:\/\/jezsuitakiado.hu\/index.php\/embertars\" target=\"_blank\" rel=\"noopener noreferrer\">http:\/\/jezsuitakiado.hu\/index.php\/embertars<\/a><\/p>\n<p style=\"text-align: justify\">El\u0151fizet\u00e9s digit\u00e1lis verzi\u00f3ra: <a href=\"http:\/\/www.digitalstand.hu\/embertars\" target=\"_blank\" rel=\"noopener noreferrer\">www.digitalstand.hu\/embertars<\/a><\/p>\n<p style=\"text-align: justify\">A foly\u00f3iratr\u00f3l a <a href=\"https:\/\/www.facebook.com\/embertars?fref=nf\" target=\"_blank\" rel=\"noopener noreferrer\">Facebook<\/a>-on kereszt\u00fcl is t\u00e1j\u00e9koz\u00f3dhat!<\/p>\n<p style=\"text-align: justify\">Az Embert\u00e1rs foly\u00f3irat kor\u00e1bbi sz\u00e1mai (2003-2010) Int\u00e9zet\u00fcnkben megv\u00e1s\u00e1rolhat\u00f3k. \u00c1rlista let\u00f6lthet\u0151 <a href=\"https:\/\/semmelweis.hu\/mental\/files\/2018\/06\/Embertars_arak_2016szeptember.doc\" target=\"_blank\" rel=\"noopener noreferrer\">itt<\/a>.<\/p>\n","protected":false},"excerpt":{"rendered":"<p><a href=\"https:\/\/semmelweis.hu\/mental\/files\/2018\/06\/kep-a-honlapra-Embertars-302x98.jpg\"><\/a> 2003-ban indult \u00fatj\u00e1ra az\u00a0Embert\u00e1rs\u00a0c\u00edm\u0171 magyar nyelv\u0171 negyed\u00e9ves foly\u00f3irat, amelynek c\u00e9lja f\u00f3rumot teremteni a k\u00fcl\u00f6nb\u00f6z\u0151 seg\u00edt\u0151 foglalkoz\u00e1s\u00fa szakembereknek \u2013 els\u0151sorban a lelkigondoz\u00e1s, a pedag\u00f3gia, az eg\u00e9szs\u00e9g\u00fcgy, a szoci\u00e1lis szf\u00e9ra, a ment\u00e1lhigi\u00e9n\u00e9 \u00e9s a karitat\u00edv tev\u00e9kenys\u00e9gek ter\u00fclet\u00e9n. A foly\u00f3irat els\u0151dleges c\u00e9lja a vil\u00e1gi \u00e9s egyh\u00e1zi civil kezdem\u00e9nyez\u00e9sek szakmai tev\u00e9kenys\u00e9g\u00e9nek megismertet\u00e9se egym\u00e1ssal, a term\u00e9keny\u00edt\u0151 dial\u00f3gus lehet\u0151v\u00e9 t\u00e9tele. Az &hellip;<\/p>\n","protected":false},"author":101790,"featured_media":0,"parent":21,"menu_order":4,"comment_status":"closed","ping_status":"closed","template":"","meta":{"_acf_changed":false,"footnotes":""},"categories":[],"tags":[],"class_list":["post-160","page","type-page","status-publish","hentry"],"acf":[],"_links":{"self":[{"href":"https:\/\/semmelweis.hu\/mental\/wp-json\/wp\/v2\/pages\/160","targetHints":{"allow":["GET"]}}],"collection":[{"href":"https:\/\/semmelweis.hu\/mental\/wp-json\/wp\/v2\/pages"}],"about":[{"href":"https:\/\/semmelweis.hu\/mental\/wp-json\/wp\/v2\/types\/page"}],"author":[{"embeddable":true,"href":"https:\/\/semmelweis.hu\/mental\/wp-json\/wp\/v2\/users\/101790"}],"replies":[{"embeddable":true,"href":"https:\/\/semmelweis.hu\/mental\/wp-json\/wp\/v2\/comments?post=160"}],"version-history":[{"count":9,"href":"https:\/\/semmelweis.hu\/mental\/wp-json\/wp\/v2\/pages\/160\/revisions"}],"predecessor-version":[{"id":8114,"href":"https:\/\/semmelweis.hu\/mental\/wp-json\/wp\/v2\/pages\/160\/revisions\/8114"}],"up":[{"embeddable":true,"href":"https:\/\/semmelweis.hu\/mental\/wp-json\/wp\/v2\/pages\/21"}],"wp:attachment":[{"href":"https:\/\/semmelweis.hu\/mental\/wp-json\/wp\/v2\/media?parent=160"}],"wp:term":[{"taxonomy":"category","embeddable":true,"href":"https:\/\/semmelweis.hu\/mental\/wp-json\/wp\/v2\/categories?post=160"},{"taxonomy":"post_tag","embeddable":true,"href":"https:\/\/semmelweis.hu\/mental\/wp-json\/wp\/v2\/tags?post=160"}],"curies":[{"name":"wp","href":"https:\/\/api.w.org\/{rel}","templated":true}]}}